{"id":3645,"date":"2025-06-16T11:20:07","date_gmt":"2025-06-16T03:20:07","guid":{"rendered":"https:\/\/www.ruiqigo.com\/?post_type=product&#038;p=3645"},"modified":"2025-06-19T09:22:49","modified_gmt":"2025-06-19T01:22:49","slug":"sensitive-toothpaste","status":"publish","type":"product","link":"https:\/\/www.ruiqigo.com\/it\/product\/sensitive-toothpaste","title":{"rendered":"Dentifricio per denti sensibili"},"content":{"rendered":"<h2 class=\"wp-block-heading\">Formule comuni per la produzione di dentifricio per pelli sensibili<\/h2>\n\n\n\n<p>Utilizza principalmente nitrato di potassio e nanoidrossiapatite come principi attivi per ridurre la sensibilit\u00e0 dei denti, attenuare efficacemente il forte dolore causato dalla stimolazione impedendo ai segnali del dolore di raggiungere le terminazioni nervose e formare uno strato protettivo denso sulla superficie del dente, che non solo pu\u00f2 resistere agli stimoli esterni, ma anche promuovere la remineralizzazione dello smalto, migliorare la capacit\u00e0 dei denti di resistere all&#039;erosione acida, alleviare sostanzialmente il problema della sensibilit\u00e0 dei denti e fornire una protezione completa della salute orale.<\/p>\n\n\n\n<h2 class=\"wp-block-heading\">Dentifricio sensibile: scenari applicabili<\/h2>\n\n\n\n<p>Il dentifricio per denti sensibili \u00e8 adatto a una variet\u00e0 di situazioni, risolvendo i problemi di sensibilit\u00e0 dentale e prendendosi cura della salute orale, in particolare nelle seguenti situazioni: quando la sensibilit\u00e0 dentale \u00e8 causata dall&#039;erosione dello smalto, l&#039;uso di un dentifricio per denti sensibili pu\u00f2 alleviare il dolore causato dall&#039;irritazione paralizzando i nervi e formando uno strato protettivo. Per i pazienti con gengive ritirate, pu\u00f2 alleviare il fastidio e proteggere le aree esposte. Dopo lo sbiancamento dei denti, pu\u00f2 neutralizzare questo effetto collaterale, consentendo di continuare a utilizzare prodotti sbiancanti.<\/p>\n\n\n\n<h2 class=\"wp-block-heading\">Per chi \u00e8 adatto il dentifricio per denti sensibili?<\/h2>\n\n\n\n<p>Il dentifricio per denti sensibili \u00e8 adatto a specifici gruppi di persone che soffrono di problemi di sensibilit\u00e0 dentale ed \u00e8 particolarmente consigliato ai seguenti consumatori:<\/p>\n\n\n\n<p>1. Persone che soffrono spesso di sensibilit\u00e0 dentale.<\/p>\n\n\n\n<p>2. Persone con problemi di usura dello smalto dei denti.<\/p>\n\n\n\n<p>3. Persone sensibili a causa della recessione gengivale e delle radici dei denti esposte.<\/p>\n\n\n\n<p>4. Persone soggette a sensibilit\u00e0 dentale a causa di fattori genetici o del naturale assottigliamento dello smalto dei denti dovuto all&#039;et\u00e0.<\/p>\n\n\n\n<p>5. Persone che vogliono prevenire attivamente la sensibilit\u00e0 dentale e mantenere la salute orale a lungo termine.<\/p>\n\n\n\n<h2 class=\"wp-block-heading\">Processo di produzione del dentifricio per pelli sensibili<\/h2>\n\n\n\n<p>In qualit\u00e0 di produttori professionali di dentifricio per pelli sensibili, implementiamo i seguenti processi di produzione standardizzati e sofisticati per garantire la qualit\u00e0 e l&#039;efficacia del prodotto:<\/p>\n\n\n\n<p>1) Selezionare rigorosamente materie prime quali nitrato di potassio, nanoidrossiapatite (n-Ha) e fluoro per garantire che gli ingredienti soddisfino gli standard di igiene orale.<\/p>\n\n\n\n<p>2) Controllo del rapporto: misurare e miscelare accuratamente i principi attivi e gli ingredienti ausiliari.<\/p>\n\n\n\n<p>3) Miscelazione uniforme: utilizzare attrezzature di miscelazione avanzate per garantire una dispersione uniforme e formare una struttura di pasta stabile per mantenere un&#039;efficacia costante.<\/p>\n\n\n\n<p>4) Utilizzare la tecnologia di dispersione a bassa temperatura per attivare completamente n-Ha e altri minerali, aiutandoli a riparare meglio i difetti dello smalto e a formare una barriera protettiva contro i fattori scatenanti sensibili.<\/p>\n\n\n\n<p>5) Riempire un ambiente pulito e sterile per prevenire la contaminazione, mantenendo al contempo l&#039;attivit\u00e0 degli ingredienti, garantendo la sicurezza del prodotto e la sua durata di conservazione.<\/p>","protected":false},"excerpt":{"rendered":"Sensitive Toothpaste Manufacturing Common Formulas It mainly uses potassium nitrate and nano-hydroxyapatite active ingredients to reduce tooth sensitivity, effectively reduce the severe pain caused by stimulation by blocking pain signals from reaching nerve endings, and form a dense protective layer on the tooth surface, which can not only resist external stimuli, but also promote enamel [&hellip;]","protected":false},"featured_media":3646,"menu_order":0,"template":"","meta":[],"product-tag":[],"products":[71],"class_list":["post-3645","product","type-product","status-publish","has-post-thumbnail","hentry","products-toothpaste"],"acf":[],"_links":{"self":[{"href":"https:\/\/www.ruiqigo.com\/it\/wp-json\/wp\/v2\/product\/3645","targetHints":{"allow":["GET"]}}],"collection":[{"href":"https:\/\/www.ruiqigo.com\/it\/wp-json\/wp\/v2\/product"}],"about":[{"href":"https:\/\/www.ruiqigo.com\/it\/wp-json\/wp\/v2\/types\/product"}],"version-history":[{"count":0,"href":"https:\/\/www.ruiqigo.com\/it\/wp-json\/wp\/v2\/product\/3645\/revisions"}],"wp:featuredmedia":[{"embeddable":true,"href":"https:\/\/www.ruiqigo.com\/it\/wp-json\/wp\/v2\/media\/3646"}],"wp:attachment":[{"href":"https:\/\/www.ruiqigo.com\/it\/wp-json\/wp\/v2\/media?parent=3645"}],"wp:term":[{"taxonomy":"product-tag","embeddable":true,"href":"https:\/\/www.ruiqigo.com\/it\/wp-json\/wp\/v2\/product-tag?post=3645"},{"taxonomy":"products","embeddable":true,"href":"https:\/\/www.ruiqigo.com\/it\/wp-json\/wp\/v2\/products?post=3645"}],"curies":[{"name":"parola chiave","href":"https:\/\/api.w.org\/{rel}","templated":true}]}}