{"id":3659,"date":"2025-06-17T11:21:26","date_gmt":"2025-06-17T03:21:26","guid":{"rendered":"https:\/\/www.ruiqigo.com\/?post_type=product&#038;p=3659"},"modified":"2025-06-19T09:15:23","modified_gmt":"2025-06-19T01:15:23","slug":"cleansing-conditioner","status":"publish","type":"product","link":"https:\/\/www.ruiqigo.com\/it\/product\/cleansing-conditioner","title":{"rendered":"Balsamo detergente"},"content":{"rendered":"<h2 class=\"wp-block-heading\">Formule comuni per la produzione di balsami detergenti<\/h2>\n\n\n\n<p>Il balsamo detergente \u00e8 accuratamente formulato con una variet\u00e0 di ingredienti naturali chiave per ottenere una detersione delicata e una cura nutriente. L&#039;olio essenziale di rosmarino ha propriet\u00e0 rinfrescanti, che non solo possono combattere la secchezza e il prurito del cuoio capelluto, purificarlo, ma anche risolvere i problemi di forfora e creare un ambiente pi\u00f9 sano per il cuoio capelluto; l&#039;olio di argan \u00e8 ricco di acidi grassi e vitamine, che possono penetrare in profondit\u00e0 nei capelli per reintegrare l&#039;idratazione, lisciare l&#039;effetto crespo, esaltare la lucentezza naturale dei capelli e renderli morbidi e facili da gestire; l&#039;olio di jojoba ha una composizione simile al sebo naturale del cuoio capelluto. \u00c8 un idratante leggero che pu\u00f2 condizionare senza appesantire i capelli, aiutare a riparare i capelli danneggiati e migliorarne l&#039;elasticit\u00e0. Questi ingredienti accuratamente selezionati lavorano insieme per creare un balsamo detergente in grado di pulire, condizionare, riparare e proteggere efficacemente i capelli, lasciandoli puliti, rinfrescati e con una naturale brillantezza.<\/p>\n\n\n\n<h2 class=\"wp-block-heading\">Scenari applicabili del balsamo detergente<\/h2>\n\n\n\n<p>I balsami chiarificanti sono perfetti per ogni routine di cura dei capelli. Per l&#039;uso quotidiano, sono perfetti per chi desidera una detersione delicata senza privare i capelli dei loro oli naturali; per l&#039;uso dopo l&#039;attivit\u00e0 fisica, possono rinfrescare i capelli sudati e grassi nutrendoli; sono ottimi anche per capelli danneggiati o colorati, poich\u00e9 la loro formula delicata protegge le ciocche fragili. Che si tratti di un lavaggio veloce a casa, in viaggio o dopo l&#039;esposizione agli agenti atmosferici, i balsami chiarificanti regalano capelli puliti, lisci e facili da gestire in ogni situazione.<\/p>\n\n\n\n<h2 class=\"wp-block-heading\">Per chi \u00e8 adatto il balsamo detergente?<\/h2>\n\n\n\n<p>Il Balsamo Chiarificante \u00e8 adatto a tutti. Per chi ha capelli secchi e danneggiati a causa di colorazioni frequenti, styling a caldo o fattori ambientali, la sua formula idratante e riparatrice pu\u00f2 aiutare a ripristinare elasticit\u00e0 e forza; chi ha capelli grassi pu\u00f2 utilizzare le sue propriet\u00e0 detergenti delicate, non irritanti e rinfrescanti per il cuoio capelluto per ridurre l&#039;untuosit\u00e0; chi ha capelli sani pu\u00f2 anche usarlo per mantenere l&#039;idratazione e la gestibilit\u00e0. Che tu abbia capelli fragili dopo trattamenti chimici, capelli grassi che necessitano di una delicata rinfrescata o semplicemente desideri mantenerli nelle migliori condizioni, il Balsamo Chiarificante pu\u00f2 fornire una cura personalizzata per renderli pi\u00f9 lisci e vitali.<\/p>\n\n\n\n<h2 class=\"wp-block-heading\">Processo di produzione del balsamo detergente<\/h2>\n\n\n\n<p>La produzione di balsami detergenti richiede un processo rigoroso per garantirne la qualit\u00e0. Ingredienti naturali come l&#039;olio di argan e l&#039;olio di jojoba vengono accuratamente selezionati per garantirne la purezza e l&#039;efficacia. Durante la fase di sviluppo della formulazione, questi ingredienti vengono combinati con tensioattivi e balsami delicati. Durante il processo di produzione, temperatura e tempo sono rigorosamente controllati per ottimizzare la sinergia degli ingredienti e preservare l&#039;attivit\u00e0 degli ingredienti nutrienti. Infine, vengono utilizzati materiali di confezionamento ecocompatibili e atossici per garantire l&#039;integrit\u00e0 del prodotto e la sicurezza dell&#039;utente. Ogni fase, dalla selezione degli ingredienti al confezionamento, \u00e8 finalizzata alla creazione di un balsamo detergente in grado di detergere, nutrire e proteggere efficacemente i capelli, rispettando elevati standard di qualit\u00e0 e sostenibilit\u00e0.<\/p>\n\n\n\n<p><\/p>","protected":false},"excerpt":{"rendered":"Cleansing conditioner manufacturing common formulas The cleansing conditioner is carefully formulated with a variety of key natural ingredients to achieve gentle cleansing and nourishing care. Rosemary essential oil has refreshing properties, which can not only fight dryness and itching of the scalp, purify the scalp, but also solve dandruff problems and create a healthier scalp [&hellip;]","protected":false},"featured_media":3660,"menu_order":0,"template":"","meta":[],"product-tag":[],"products":[52],"class_list":["post-3659","product","type-product","status-publish","has-post-thumbnail","hentry","products-conditioner"],"acf":[],"_links":{"self":[{"href":"https:\/\/www.ruiqigo.com\/it\/wp-json\/wp\/v2\/product\/3659","targetHints":{"allow":["GET"]}}],"collection":[{"href":"https:\/\/www.ruiqigo.com\/it\/wp-json\/wp\/v2\/product"}],"about":[{"href":"https:\/\/www.ruiqigo.com\/it\/wp-json\/wp\/v2\/types\/product"}],"version-history":[{"count":0,"href":"https:\/\/www.ruiqigo.com\/it\/wp-json\/wp\/v2\/product\/3659\/revisions"}],"wp:featuredmedia":[{"embeddable":true,"href":"https:\/\/www.ruiqigo.com\/it\/wp-json\/wp\/v2\/media\/3660"}],"wp:attachment":[{"href":"https:\/\/www.ruiqigo.com\/it\/wp-json\/wp\/v2\/media?parent=3659"}],"wp:term":[{"taxonomy":"product-tag","embeddable":true,"href":"https:\/\/www.ruiqigo.com\/it\/wp-json\/wp\/v2\/product-tag?post=3659"},{"taxonomy":"products","embeddable":true,"href":"https:\/\/www.ruiqigo.com\/it\/wp-json\/wp\/v2\/products?post=3659"}],"curies":[{"name":"parola chiave","href":"https:\/\/api.w.org\/{rel}","templated":true}]}}