{"id":366,"date":"2024-07-08T09:50:29","date_gmt":"2024-07-08T01:50:29","guid":{"rendered":"https:\/\/ruiqigo.com\/?post_type=product&#038;p=366"},"modified":"2024-10-28T15:36:38","modified_gmt":"2024-10-28T07:36:38","slug":"vanilla-body-wash","status":"publish","type":"product","link":"https:\/\/www.ruiqigo.com\/it\/product\/vanilla-body-wash","title":{"rendered":"Bagnoschiuma alla vaniglia"},"content":{"rendered":"<h3 class=\"wp-block-heading\">Produzione di detergente per il corpo alla vaniglia Formule comuni<\/h3>\n\n\n\n<p>L&#039;ingrediente principale di questo Vanilla Body Wash \u00e8 l&#039;olio essenziale naturale di vaniglia. L&#039;olio essenziale di vaniglia \u00e8 ricco di fitonutrienti naturali come vitamine e minerali, che non solo rendono il momento del bagno profumato, ma nutrono anche la pelle. Allo stesso tempo, abbiamo anche aggiunto farina d&#039;avena, camomilla e altri estratti vegetali naturali nella formula, possono pulire delicatamente la pelle, ma anche per la pelle per portare un effetto di maggiore mantenimento. Tutti gli ingredienti sono rigorosamente selezionati per garantire la sicurezza e l&#039;efficacia del prodotto, per presentarti prodotti da bagno naturali di alta qualit\u00e0.<\/p>\n\n\n\n<h3 class=\"wp-block-heading\">Detergente corpo alla vaniglia Scenari applicabili<\/h3>\n\n\n\n<p>Questo detergente per il corpo alla vaniglia \u00e8 adatto a tutte le stagioni e a tutti i climi. Nella calda estate, la sua fragranza fresca e piacevole pu\u00f2 regalare un relax totale, ma pu\u00f2 anche mantenere la pelle fresca e pulita; nel freddo e secco inverno, i suoi ricchi ingredienti nutrienti possono fornire una cura completa per la pelle, alleviando secchezza e altri problemi.<\/p>\n\n\n\n<h3 class=\"wp-block-heading\">Per chi \u00e8 adatto il detergente corpo alla vaniglia?<\/h3>\n\n\n\n<p>Con le sue propriet\u00e0 lenitive e idratanti, il bagnoschiuma alla vaniglia \u00e8 adatto a tutti i tipi di pelle, in particolare per gli utenti che cercano un&#039;esperienza aromatica naturale. Per chi ha la pelle secca o ha bisogno di relax, gli effetti delicati e idratanti della vaniglia offrono il trattamento da bagno ideale. \u00c8 adatto anche per chi \u00e8 attento all&#039;ambiente, poich\u00e9 il prodotto \u00e8 confezionato in materiali ecocompatibili.<\/p>\n\n\n\n<h3 class=\"wp-block-heading\">Processo di produzione del bagnoschiuma alla vaniglia<\/h3>\n\n\n\n<p>Nella produzione di Vanilla Body Wash, vengono utilizzate bacche di vaniglia attentamente selezionate per estrarre la fragranza, e l&#039;aroma naturale e gli ingredienti per la cura della pelle della vaniglia vengono preservati attraverso un processo di estrazione a freddo. Durante il processo di produzione, il rapporto e il valore del pH della formula vengono rigorosamente controllati per garantire che il prodotto sia delicato e non irritante, mantenendo al contempo l&#039;equilibrio naturale del pH della pelle.<\/p>","protected":false},"excerpt":{"rendered":"Vanilla body wash manufacturing Common Formulas The core ingredient of this Vanilla Body Wash is natural vanilla essential oil. Vanilla essential oil is rich in natural phytonutrients such as vitamins and minerals, which not only make bath time scented, but also nourish the skin. At the same time, we also added oatmeal, chamomile and other [&hellip;]","protected":false},"featured_media":367,"menu_order":0,"template":"","meta":[],"product-tag":[],"products":[57],"class_list":["post-366","product","type-product","status-publish","has-post-thumbnail","hentry","products-body-wash"],"acf":[],"_links":{"self":[{"href":"https:\/\/www.ruiqigo.com\/it\/wp-json\/wp\/v2\/product\/366","targetHints":{"allow":["GET"]}}],"collection":[{"href":"https:\/\/www.ruiqigo.com\/it\/wp-json\/wp\/v2\/product"}],"about":[{"href":"https:\/\/www.ruiqigo.com\/it\/wp-json\/wp\/v2\/types\/product"}],"version-history":[{"count":0,"href":"https:\/\/www.ruiqigo.com\/it\/wp-json\/wp\/v2\/product\/366\/revisions"}],"wp:featuredmedia":[{"embeddable":true,"href":"https:\/\/www.ruiqigo.com\/it\/wp-json\/wp\/v2\/media\/367"}],"wp:attachment":[{"href":"https:\/\/www.ruiqigo.com\/it\/wp-json\/wp\/v2\/media?parent=366"}],"wp:term":[{"taxonomy":"product-tag","embeddable":true,"href":"https:\/\/www.ruiqigo.com\/it\/wp-json\/wp\/v2\/product-tag?post=366"},{"taxonomy":"products","embeddable":true,"href":"https:\/\/www.ruiqigo.com\/it\/wp-json\/wp\/v2\/products?post=366"}],"curies":[{"name":"parola chiave","href":"https:\/\/api.w.org\/{rel}","templated":true}]}}