{"id":3750,"date":"2025-07-03T11:06:55","date_gmt":"2025-07-03T03:06:55","guid":{"rendered":"https:\/\/www.ruiqigo.com\/?post_type=product&#038;p=3750"},"modified":"2025-07-03T11:06:56","modified_gmt":"2025-07-03T03:06:56","slug":"hand-cream-for-man","status":"publish","type":"product","link":"https:\/\/www.ruiqigo.com\/it\/product\/hand-cream-for-man","title":{"rendered":"Crema mani per uomo"},"content":{"rendered":"<h2 class=\"wp-block-heading\">Crema mani per uomo produzione Common Formule<\/h2>\n\n\n\n<p>Uno degli ingredienti chiave della formula della crema mani da uomo \u00e8 il burro di karit\u00e9, ricco di acidi grassi e in grado di formare una pellicola idratante che contrasta la secchezza causata da frequenti attivit\u00e0 manuali. \u00c8 inoltre arricchita con vitamina E, un potente antiossidante in grado di neutralizzare i radicali liberi, ridurre i danni ambientali e ritardare l&#039;invecchiamento. Questi ingredienti agiscono in sinergia per alleviare la ruvidit\u00e0 causata dal lavoro o dall&#039;esercizio fisico, migliorare l&#039;elasticit\u00e0 della pelle, lenire la secchezza, migliorare la consistenza della pelle, garantire un rapido assorbimento e non ungere. \u00c8 adatta alla cura quotidiana degli uomini, donando mani sane e morbide.<\/p>\n\n\n\n<h2 class=\"wp-block-heading\">Crema mani per uomo Scenari applicabili<\/h2>\n\n\n\n<p>Questa crema mani per uomo \u00e8 adatta a una variet\u00e0 di situazioni quotidiane. Dopo aver praticato sport all&#039;aria aperta come ciclismo e basket, le mani sono secche e disidratate. L&#039;applicazione di questa crema pu\u00f2 ripristinare rapidamente l&#039;idratazione. Durante il lavoro fisico, la sua formula protettiva pu\u00f2 aiutare le mani a resistere all&#039;attrito ed evitare ruvidit\u00e0 e screpolature. In un ambiente d&#039;ufficio secco o in condizioni meteorologiche avverse come vento freddo e sole cocente, pu\u00f2 trattenere l&#039;idratazione e prevenire le screpolature. Se gli uomini hanno bisogno di mani rinnovate, questa crema mani pu\u00f2 nutrirle all&#039;istante, mantenendole comode e completamente protette in ogni momento.<\/p>\n\n\n\n<h2 class=\"wp-block-heading\">Per chi \u00e8 adatta la crema mani per uomo<\/h2>\n\n\n\n<p>Questa crema mani da uomo \u00e8 adatta a uomini con diverse esigenze di cura delle mani. \u00c8 particolarmente indicata per chi si lava spesso le mani al lavoro, \u00e8 esposto a lungo al vento e al sole all&#039;aperto o ha mani secche e ruvide. Pu\u00f2 efficacemente reidratare, lenire il fastidio e formare uno strato protettivo. \u00c8 adatta a uomini di tutti i tipi di pelle e aiuta a mantenere le mani sane e confortevoli.<\/p>\n\n\n\n<h2 class=\"wp-block-heading\">Crema mani per uomo Processo produttivo<\/h2>\n\n\n\n<p>Il processo produttivo della crema mani per uomo si concentra sull&#039;efficacia e sulla compatibilit\u00e0 con la pelle maschile. Ingredienti ad alte prestazioni come il burro di karit\u00e9 e la vitamina E vengono accuratamente selezionati e conservati attraverso un&#039;estrazione precisa. La proporzione di idratanti, emollienti e agenti protettivi \u00e8 rigorosamente controllata per creare una texture non appiccicosa e di facile assorbimento, che soddisfa le preferenze degli uomini per un uso efficiente. Non vengono aggiunte fragranze o pigmenti aggiuntivi, il che pu\u00f2 ridurre le irritazioni anche se le mani sono spesso esposte ad ambienti aggressivi. Dalla lavorazione delle materie prime all&#039;emulsione e al controllo qualit\u00e0, ogni fase \u00e8 incentrata sulla creazione di una crema mani altamente nutriente e a lunga durata per le mani degli uomini.<\/p>\n\n\n\n<p><\/p>","protected":false},"excerpt":{"rendered":"Hand cream for man manufacturing Common Formulas One of the key ingredients in the men&#8217;s hand cream formula is shea butter, which is rich in fatty acids and can form a moisture-locking film to combat dryness caused by frequent hand activities. Vitamin E is added, which is a powerful antioxidant that can neutralize free radicals, [&hellip;]","protected":false},"featured_media":3753,"menu_order":0,"template":"","meta":[],"product-tag":[],"products":[58],"class_list":["post-3750","product","type-product","status-publish","has-post-thumbnail","hentry","products-hand-cream"],"acf":[],"_links":{"self":[{"href":"https:\/\/www.ruiqigo.com\/it\/wp-json\/wp\/v2\/product\/3750","targetHints":{"allow":["GET"]}}],"collection":[{"href":"https:\/\/www.ruiqigo.com\/it\/wp-json\/wp\/v2\/product"}],"about":[{"href":"https:\/\/www.ruiqigo.com\/it\/wp-json\/wp\/v2\/types\/product"}],"version-history":[{"count":0,"href":"https:\/\/www.ruiqigo.com\/it\/wp-json\/wp\/v2\/product\/3750\/revisions"}],"wp:featuredmedia":[{"embeddable":true,"href":"https:\/\/www.ruiqigo.com\/it\/wp-json\/wp\/v2\/media\/3753"}],"wp:attachment":[{"href":"https:\/\/www.ruiqigo.com\/it\/wp-json\/wp\/v2\/media?parent=3750"}],"wp:term":[{"taxonomy":"product-tag","embeddable":true,"href":"https:\/\/www.ruiqigo.com\/it\/wp-json\/wp\/v2\/product-tag?post=3750"},{"taxonomy":"products","embeddable":true,"href":"https:\/\/www.ruiqigo.com\/it\/wp-json\/wp\/v2\/products?post=3750"}],"curies":[{"name":"parola chiave","href":"https:\/\/api.w.org\/{rel}","templated":true}]}}