{"id":3781,"date":"2025-07-09T15:11:38","date_gmt":"2025-07-09T07:11:38","guid":{"rendered":"https:\/\/www.ruiqigo.com\/?post_type=product&#038;p=3781"},"modified":"2025-07-09T15:12:07","modified_gmt":"2025-07-09T07:12:07","slug":"glycolic-facial-toner","status":"publish","type":"product","link":"https:\/\/www.ruiqigo.com\/it\/product\/glycolic-facial-toner","title":{"rendered":"Tonico viso glicolico"},"content":{"rendered":"<h2 class=\"wp-block-heading\">Formule comuni per la produzione di toner viso glicolico<\/h2>\n\n\n\n<p>Come produttori professionali di tonici viso glicolici, selezioniamo attentamente ingredienti attivi ed estratti vegetali approvati dalla dermatologia per creare un tonico efficace che deterge, ringiovanisce e lenisce. I nostri prodotti sono delicati e non irritanti, aiutando la pelle a mantenere uno stato di salute ottimale e gettando solide basi per i trattamenti successivi.\u00a0<\/p>\n\n\n\n<p><strong>1. Acido glicolico: <\/strong>L&#039;acido glicolico pu\u00f2 penetrare rapidamente nella pelle, scomporre la cheratina accumulata, aiutare a liberare rapidamente i pori e, allo stesso tempo, attenuare le linee sottili. \u00c8 un ingrediente chiave per migliorare la pelle ruvida e opaca ed \u00e8 adatto per il trattamento quotidiano di ringiovanimento cutaneo.\u00a0<\/p>\n\n\n\n<p><strong>2. Pantenolo: <\/strong>Nota anche come vitamina B5, \u00e8 un potente ingrediente idratante e riparatore con eccellenti propriet\u00e0 idratanti e lenitive. Pu\u00f2 aiutare la pelle a mantenere l&#039;idratazione e ridurre il pizzicore e il fastidio causati da stimoli esterni.&nbsp;<\/p>\n\n\n\n<p><strong>3. Ialuronato di sodio: <\/strong>Si tratta di una crema idratante di alta qualit\u00e0 in grado di idratare rapidamente la pelle e trattenerla durante la cura della pelle, evitando la perdita di acqua e mantenendola idratata.&nbsp;<\/p>\n\n\n\n<p><strong>4. Estratto di amamelide: <\/strong>L&#039;estratto di amamelide ha effetti astringenti e lenitivi. Pu\u00f2 controllare il sebo della pelle e ridurre i pori dilatati, oltre a ridurre irritazioni e arrossamenti cutanei durante la cura della pelle.&nbsp;<\/p>\n\n\n\n<p><strong>5. Ialuronato di sodio: <\/strong>L&#039;ialuronato di sodio \u00e8 un ingrediente che pu\u00f2 aiutare la pelle a trattenere l&#039;idratazione a lungo, migliorandone la morbidezza e rendendola meno secca e tesa.&nbsp;<\/p>\n\n\n\n<h2 class=\"wp-block-heading\">Le funzioni del tonico viso glicolico<\/h2>\n\n\n\n<p><strong>1. Migliora il problema dei pori dilatati:<\/strong> L&#039;uso prolungato del tonico viso glicolico pu\u00f2 favorire la normalizzazione del metabolismo della cheratina e riequilibrare la distribuzione del sebo nella pelle, migliorando cos\u00ec la dilatazione dei pori sulla superficie cutanea e rendendo la pelle pi\u00f9 liscia e delicata.&nbsp;<\/p>\n\n\n\n<p><strong>2. Ridurre le linee sottili e la pelle ruvida:<\/strong> L&#039;acido glicolico pu\u00f2 stimolare leggermente la produzione di collagene, migliorare le linee sottili e la pelle ruvida ed \u00e8 molto adatto agli utenti che desiderano ottenere un effetto &quot;anti-invecchiamento&quot;.&nbsp;<\/p>\n\n\n\n<p><strong>3. Migliora la luminosit\u00e0 e la luminosit\u00e0 della pelle: <\/strong>La presenza di acido glicolico \u00e8 in grado di esfoliare lo strato di cellule morte della pelle, migliorandone significativamente la luminosit\u00e0 e rendendola pi\u00f9 radiosa.&nbsp;<\/p>\n\n\n\n<p><strong>4. Formula delicata e non irritante: <\/strong>Il tonico viso glicolico non contiene alcol, profumi artificiali e pigmenti, riducendo al minimo le irritazioni cutanee. \u00c8 adatto a tutti i tipi di pelle ed \u00e8 essenziale per la cura quotidiana della pelle.\u00a0<\/p>\n\n\n\n<p><strong>5. Significativo effetto sulla cura della pelle: <\/strong>L&#039;acido glicolico contenuto nel tonico viso glicolico pu\u00f2 accelerare il rinnovamento delle cellule epidermiche, favorire l&#039;esfoliazione naturale della cheratina, migliorare l&#039;efficienza metabolica, restituire alla pelle una lucentezza sana e l&#039;effetto curativo \u00e8 molto significativo.\u00a0<\/p>\n\n\n\n<h2 class=\"wp-block-heading\">Come usare il tonico viso glicolico<\/h2>\n\n\n\n<p>Consigliamo di utilizzare il tonico viso glicolico dopo la detersione per ottenere il massimo effetto di cura della pelle. Pu\u00f2 essere utilizzato mattina e sera per aiutare la pelle a metabolizzare le vecchie cellule morte e a ripristinare la sua traslucenza e luminosit\u00e0.&nbsp;<\/p>\n\n\n\n<p><strong>1. Pulizia: <\/strong>Utilizza un detergente delicato per detergere il viso, assicurandoti che non vi siano residui di impurit\u00e0 o sporco, in modo da creare una buona base per i successivi trattamenti della pelle.&nbsp;<\/p>\n\n\n\n<p><strong>2. Come utilizzare questo prodotto: <\/strong>Versare una quantit\u00e0 adeguata di tonico glicolico per il viso su un dischetto di cotone o sul palmo della mano e applicarlo delicatamente sul viso, evitando la pelle del contorno occhi.&nbsp;<\/p>\n\n\n\n<p><strong>3. Attendere l&#039;assorbimento: <\/strong>Attendere 1-2 minuti affinch\u00e9 la pelle lo assorba completamente prima di procedere alla fase successiva del trattamento.&nbsp;<\/p>\n\n\n\n<p><strong>4. Cure di follow-up: <\/strong>Pu\u00f2 essere utilizzato con essenza, lozione o crema per ottenere un effetto di profondo nutrimento della pelle e di riparazione che ne trattiene l&#039;idratazione.\u00a0<\/p>\n\n\n\n<p><strong>5. Prestare attenzione alla protezione solare:<\/strong> Se utilizzato durante il giorno, applicare una protezione solare per evitare reazioni di fotosensibilit\u00e0, che renderebbero la cura della pelle meno efficace.\u00a0<\/p>\n\n\n\n<h2 class=\"wp-block-heading\">Attenzione<\/h2>\n\n\n\n<p><strong>1. Test cutaneo: <\/strong>Si consiglia di effettuare un test cutaneo prima del primo utilizzo per evitare allergie. Chi utilizza il prodotto per la prima volta dovrebbe aumentare gradualmente la frequenza di utilizzo una volta che la pelle ha sviluppato una certa tolleranza, per ridurre le irritazioni cutanee.\u00a0<\/p>\n\n\n\n<p><strong>2. Evitare occhi e labbra: <\/strong>Quando si utilizza il tonico per il viso al glicolico, evitare il contorno occhi e labbra per evitare irritazioni e fastidi.&nbsp;<\/p>\n\n\n\n<p><strong>3. Rafforzare le misure di protezione solare:<\/strong> L&#039;acido glicolico aumenta la fotosensibilit\u00e0 della pelle. Assicurarsi di aumentare la protezione solare durante l&#039;uso per evitare scottature o scolorimento.&nbsp;<\/p>\n\n\n\n<p><strong>4. Le donne incinte devono usarlo con cautela: <\/strong>Prima di utilizzare un tonico viso al glicolico durante la gravidanza, consultare preventivamente un medico per garantire la sicurezza.\u00a0<\/p>\n\n\n\n<p><strong>5. Evitare di usare <\/strong>Prodotti irritanti: si sconsiglia di utilizzarli contemporaneamente a prodotti per la cura della pelle contenenti alte concentrazioni di vitamina C, retinolo e altri ingredienti, per non aumentare il carico e l&#039;irritazione sulla pelle.\u00a0<\/p>\n\n\n\n<h2 class=\"wp-block-heading\">Conclusione<\/h2>\n\n\n\n<p>Il tonico viso glicolico \u00e8 un tonico multi-effetto progettato per rivitalizzare e migliorare la qualit\u00e0 della pelle. Il suo ingrediente principale, l&#039;acido glicolico, pu\u00f2 dissolvere efficacemente le cellule morte, ridurre le dimensioni dei pori e le linee sottili e contribuire a creare una pelle luminosa e sana. La sua formula delicata \u00e8 adatta a diversi tipi di pelle, in particolare a chi ha pori dilatati e pelle ruvida e opaca.<\/p>","protected":false},"excerpt":{"rendered":"Glycolic Facial Toner Manufacturing Common Formulas As a professional glycolic facial toner manufacturer, we carefully select active ingredients and plant extracts approved by dermatology in our formula to create an efficient toner that cleanses, rejuvenates and soothes. Our products are mild and non-irritating, helping the skin maintain a healthy state and laying a solid foundation [&hellip;]","protected":false},"featured_media":3782,"menu_order":0,"template":"","meta":[],"product-tag":[],"products":[67],"class_list":["post-3781","product","type-product","status-publish","has-post-thumbnail","hentry","products-facial-toner"],"acf":[],"_links":{"self":[{"href":"https:\/\/www.ruiqigo.com\/it\/wp-json\/wp\/v2\/product\/3781","targetHints":{"allow":["GET"]}}],"collection":[{"href":"https:\/\/www.ruiqigo.com\/it\/wp-json\/wp\/v2\/product"}],"about":[{"href":"https:\/\/www.ruiqigo.com\/it\/wp-json\/wp\/v2\/types\/product"}],"version-history":[{"count":0,"href":"https:\/\/www.ruiqigo.com\/it\/wp-json\/wp\/v2\/product\/3781\/revisions"}],"wp:featuredmedia":[{"embeddable":true,"href":"https:\/\/www.ruiqigo.com\/it\/wp-json\/wp\/v2\/media\/3782"}],"wp:attachment":[{"href":"https:\/\/www.ruiqigo.com\/it\/wp-json\/wp\/v2\/media?parent=3781"}],"wp:term":[{"taxonomy":"product-tag","embeddable":true,"href":"https:\/\/www.ruiqigo.com\/it\/wp-json\/wp\/v2\/product-tag?post=3781"},{"taxonomy":"products","embeddable":true,"href":"https:\/\/www.ruiqigo.com\/it\/wp-json\/wp\/v2\/products?post=3781"}],"curies":[{"name":"parola chiave","href":"https:\/\/api.w.org\/{rel}","templated":true}]}}