{"id":3804,"date":"2025-07-11T09:54:39","date_gmt":"2025-07-11T01:54:39","guid":{"rendered":"https:\/\/www.ruiqigo.com\/?post_type=product&#038;p=3804"},"modified":"2025-07-11T09:54:40","modified_gmt":"2025-07-11T01:54:40","slug":"oil-based-makeup-remover","status":"publish","type":"product","link":"https:\/\/www.ruiqigo.com\/it\/product\/oil-based-makeup-remover","title":{"rendered":"Struccante a base di olio"},"content":{"rendered":"<h2 class=\"wp-block-heading\">Formule comuni per la produzione di struccanti a base di olio<\/h2>\n\n\n\n<p>Questo struccante a base di olio utilizza oli delicati come base e aggiunge ingredienti idratanti e antinfiammatori per garantire che il trucco venga completamente sciolto e dissolto, assicurando al contempo che la pelle non risulti disidratata o tirata dopo la rimozione del trucco.&nbsp;<\/p>\n\n\n\n<p><strong>1. Olio di arachidi: <\/strong>\u00c8 un ingrediente con buone propriet\u00e0 lenitive che riesce a sciogliere rapidamente il trucco e i residui tra le impronte digitali e a rimuovere efficacemente ombretti, eyeliner waterproof, vari tipi di trucco per le labbra, ecc.\u00a0<\/p>\n\n\n\n<p><strong>2. Olio di semi di pera: <\/strong>L&#039;olio di semi di pera contiene una variet\u00e0 di acidi grassi trasformati, che possono sciogliere efficacemente il trucco pesante, nutrendo al contempo l&#039;equilibrio dei grassi sulla superficie della pelle e riducendo i danni a catena causati dalla rimozione del trucco.\u00a0<\/p>\n\n\n\n<p><strong>3. Essenza vegetale a goccia d&#039;acqua: <\/strong>L&#039;essenza vegetale a base di gocce d&#039;acqua pu\u00f2 controllare efficacemente il sebo e inibire l&#039;infiammazione, ridurre la possibilit\u00e0 di sensazione di calore e segni rossi che possono comparire durante la rimozione del trucco e aggiungere protezione all&#039;effetto struccante.\u00a0<\/p>\n\n\n\n<p><strong>4. Olio di boccioli di ibisco: <\/strong>\u00c8 leggero e ha buone propriet\u00e0 di assorbimento. Pu\u00f2 aiutare altri oli vegetali a raggiungere gli strati pi\u00f9 profondi e ha l&#039;effetto di sciogliere e reintegrare il sebo, rendendo la pelle liscia dopo la rimozione del trucco.\u00a0<\/p>\n\n\n\n<h2 class=\"wp-block-heading\">Le funzioni dello struccante a base di olio<\/h2>\n\n\n\n<p><strong>1. Rimozione rapida del trucco: <\/strong>Il nostro struccante a base di olio rimuove rapidamente il trucco da occhi, labbra e altre parti del viso in un solo passaggio, senza dover ripetere la rimozione pi\u00f9 volte.&nbsp;<\/p>\n\n\n\n<p><strong>2. Texture leggera, facile da usare: <\/strong>Lo struccante a base di olio ha una consistenza oleosa e leggera, non \u00e8 denso, la quantit\u00e0 \u00e8 facile da controllare ed \u00e8 molto comodo da rimuovere.&nbsp;<\/p>\n\n\n\n<p><strong>3. La pelle non risulta tesa dopo l&#039;uso: <\/strong>Ingredienti per la cura della pelle grassa, come l&#039;olio di boccioli di ibisco, vengono aggiunti alla formula per nutrire la pelle durante la rimozione del trucco, riducendo la sensazione di disidratazione e di tensione della pelle dopo la rimozione.&nbsp;<\/p>\n\n\n\n<p><strong>4. Adatto per la rimozione di vari prodotti per il trucco: <\/strong>Che si tratti di rossetto, eyeliner o ombretto, \u00e8 possibile scomporli e rimuoverli facilmente ed efficacemente.&nbsp;<\/p>\n\n\n\n<h2 class=\"wp-block-heading\">Come usare lo struccante a base di olio<\/h2>\n\n\n\n<p>Lo struccante a base oleosa viene utilizzato come primo passaggio della detersione quotidiana per rimuovere a fondo il trucco da occhi, labbra e viso. \u00c8 consigliabile utilizzarlo con mani e viso asciutti, in modo da non solo rimuovere completamente il trucco, ma anche ridurre i danni alla pelle causati dall&#039;idrolisi.&nbsp;&nbsp;<\/p>\n\n\n\n<p><strong>1. Applicare una quantit\u00e0 adeguata di struccante su mani e viso asciutti:<\/strong> Prendi circa 2-3 dosi di struccante a base di olio sul palmo della mano, non c&#039;\u00e8 bisogno di aggiungere acqua.&nbsp;<\/p>\n\n\n\n<p><strong>2. Massaggiare delicatamente:<\/strong> Massaggiare delicatamente lo struccante con movimenti circolari su viso, occhi e labbra per 30-60 secondi, fino a completo scioglimento del trucco.&nbsp;<\/p>\n\n\n\n<p><strong>3. Aggiungere acqua per emulsionare: <\/strong>Immergi le mani in una quantit\u00e0 adeguata di acqua pulita e continua a massaggiare la zona truccata per emulsionare l&#039;olio e rimuovere accuratamente i residui di trucco e le macchie di olio.&nbsp;<\/p>\n\n\n\n<p><strong>4. Risciacquare con acqua pulita:<\/strong> Risciacquare abbondantemente il viso con acqua pulita per assicurarsi che non vi siano residui, quindi procedere con la detersione o l&#039;idratazione in base al tipo di pelle.&nbsp;<\/p>\n\n\n\n<h2 class=\"wp-block-heading\">Attenzione<\/h2>\n\n\n\n<p><strong>1. Evitare il contatto con la parte interna degli occhi: <\/strong>Chiudere gli occhi durante l&#039;uso ed evitare che il prodotto entri in contatto con gli occhi. In caso di contatto accidentale con gli occhi, sciacquare immediatamente con abbondante acqua.&nbsp;<\/p>\n\n\n\n<p><strong>2. Utilizzare un prodotto detergente dopo aver rimosso il trucco:<\/strong> Sebbene questo prodotto possa rimuovere il trucco pesante, si consiglia di utilizzare un detergente delicato dopo aver struccato, per pulire a fondo i pori e riequilibrare le condizioni della pelle.&nbsp;<\/p>\n\n\n\n<p><strong>3. La fase di emulsificazione non pu\u00f2 essere omessa:<\/strong> Durante l&#039;uso \u00e8 necessario effettuare la fase di emulsione per garantire che la struttura dell&#039;olio sia completamente decomposta ed evitare che residui ostruiscano i pori.&nbsp;<\/p>\n\n\n\n<p><strong>4. Prestare attenzione all&#039;idratazione e alla detersione dopo l&#039;uso: <\/strong>Dopo aver rimosso il trucco, si consiglia di utilizzare acqua idratante, lozione o crema idratante per nutrire la pelle nel tempo.<\/p>\n\n\n\n<h2 class=\"wp-block-heading\">Conclusione<\/h2>\n\n\n\n<p>Lo struccante a base oleosa utilizza oli vegetali naturali come base, combinando un eccellente potere struccante con un delicato effetto curativo per la pelle, offre una soluzione detergente quotidiana sicura, efficace e non astringente. Offre un&#039;esperienza di rimozione del trucco confortevole e alla formula sono aggiunti una variet\u00e0 di estratti vegetali e fattori lenitivi per proteggere ulteriormente la barriera cutanea.<\/p>","protected":false},"excerpt":{"rendered":"Oil Based Makeup Remover Manufacturing Common Formulas This oil based makeup remover uses mild oils as its base and adds moisture-locking and anti-inflammatory ingredients to ensure that makeup is completely broken down and melted away, while also ensuring that the skin will not be dehydrated or tight after makeup removal.&nbsp; 1. Peanut oil: It is [&hellip;]","protected":false},"featured_media":3805,"menu_order":0,"template":"","meta":[],"product-tag":[],"products":[66],"class_list":["post-3804","product","type-product","status-publish","has-post-thumbnail","hentry","products-makeup-remover"],"acf":[],"_links":{"self":[{"href":"https:\/\/www.ruiqigo.com\/it\/wp-json\/wp\/v2\/product\/3804","targetHints":{"allow":["GET"]}}],"collection":[{"href":"https:\/\/www.ruiqigo.com\/it\/wp-json\/wp\/v2\/product"}],"about":[{"href":"https:\/\/www.ruiqigo.com\/it\/wp-json\/wp\/v2\/types\/product"}],"version-history":[{"count":0,"href":"https:\/\/www.ruiqigo.com\/it\/wp-json\/wp\/v2\/product\/3804\/revisions"}],"wp:featuredmedia":[{"embeddable":true,"href":"https:\/\/www.ruiqigo.com\/it\/wp-json\/wp\/v2\/media\/3805"}],"wp:attachment":[{"href":"https:\/\/www.ruiqigo.com\/it\/wp-json\/wp\/v2\/media?parent=3804"}],"wp:term":[{"taxonomy":"product-tag","embeddable":true,"href":"https:\/\/www.ruiqigo.com\/it\/wp-json\/wp\/v2\/product-tag?post=3804"},{"taxonomy":"products","embeddable":true,"href":"https:\/\/www.ruiqigo.com\/it\/wp-json\/wp\/v2\/products?post=3804"}],"curies":[{"name":"parola chiave","href":"https:\/\/api.w.org\/{rel}","templated":true}]}}