{"id":3813,"date":"2025-07-11T17:07:46","date_gmt":"2025-07-11T09:07:46","guid":{"rendered":"https:\/\/www.ruiqigo.com\/?post_type=product&#038;p=3813"},"modified":"2025-07-11T17:07:46","modified_gmt":"2025-07-11T09:07:46","slug":"facial-mask-for-pimples","status":"publish","type":"product","link":"https:\/\/www.ruiqigo.com\/it\/product\/facial-mask-for-pimples","title":{"rendered":"Maschera viso per brufoli"},"content":{"rendered":"<h2 class=\"wp-block-heading\">Maschera facciale per brufoli: formule comuni per la produzione<\/h2>\n\n\n\n<p>In qualit\u00e0 di produttore professionale di maschere per il viso contro i brufoli, selezioniamo ingredienti con effetti scientificamente provati, come l&#039;acido salicilico e l&#039;olio di melaleuca, ecc., e partiamo dai tre aspetti principali: controllo del sebo, sterilizzazione e lenizione, per trattare in modo completo problemi della pelle come acne, comedoni chiusi e punti neri.&nbsp;<\/p>\n\n\n\n<p><strong>1. Acido salicilico: <\/strong>L&#039;acido salicilico \u00e8 un classico ingrediente liposolubile che scioglie la cheratina e riesce a penetrare in profondit\u00e0 nei pori per sciogliere i tappi di sebo e di cheratina, rimuovere punti neri e bianchi dalla pelle, prevenire l&#039;ostruzione dei pori e ridurre la comparsa di acne infiammatoria.&nbsp;<\/p>\n\n\n\n<p><strong>2. Olio essenziale di melaleuca: <\/strong>Ha forti propriet\u00e0 antibatteriche naturali e pu\u00f2 inibire efficacemente la crescita di batteri che causano l&#039;acne, come il Propionibacterium acnes. Ha anche buoni effetti astringenti e antinfiammatori, attenuando rossori e gonfiori causati dall&#039;acne.&nbsp;<\/p>\n\n\n\n<p><strong>3. Estratto di Centella asiatica: <\/strong>L&#039;estratto di Centella asiatica ha eccellenti propriet\u00e0 lenitive e riparatrici. Pu\u00f2 aiutare a ridurre rossori e prurito dopo irritazioni cutanee, favorire la guarigione delle cicatrici da acne e rafforzare la barriera protettiva della pelle.&nbsp;<\/p>\n\n\n\n<p><strong>4. Estratto di t\u00e8 verde: <\/strong>\u00c8 ricco di polifenoli del t\u00e8, ha effetti antiossidanti e seboregolatori, pu\u00f2 neutralizzare il sebo in eccesso, migliorare la freschezza generale della pelle e combattere i danni dell&#039;inquinamento esterno.&nbsp;<\/p>\n\n\n\n<h2 class=\"wp-block-heading\">Le funzioni della maschera facciale per i brufoli<\/h2>\n\n\n\n<p><strong>1. Effetto potente:<\/strong> Maschera viso per brufoli che combina funzioni purificanti dei pori, antibatteriche e antinfiammatorie, lenitive e riparatrici per risolvere i problemi di acne alla radice e prevenirne efficacemente la ricomparsa. \u00c8 adatta alla gestione quotidiana di tutti i tipi di pelle problematica.&nbsp;<\/p>\n\n\n\n<p><strong>2. Delicato e non irritante, adatto alle pelli sensibili a tendenza acneica: <\/strong>La nostra formula non contiene alcol n\u00e9 ingredienti irritanti ed \u00e8 adatta alle pelli sensibili o infiammatorie a tendenza acneica. Pur svolgendo un&#039;azione anti-acne, riduce al minimo il fastidio.&nbsp;<\/p>\n\n\n\n<p><strong>3. Texture in gel ad asciugatura rapida:<\/strong> La maschera viso per brufoli ha una texture in gel trasparente, che aderisce bene al viso e si asciuga rapidamente formando una pellicola protettiva. Dopo il lavaggio, la pelle \u00e8 pulita e non tira.&nbsp;<\/p>\n\n\n\n<p><strong>4. Adatto a diversi tipi di pelle: <\/strong>Questo prodotto \u00e8 adatto a pelli grasse, miste e a tendenza acneica. \u00c8 adatto sia a uomini che a donne, in particolare ad adolescenti e adulti con acne causata da stress e lavoro e riposo irregolari.&nbsp;<\/p>\n\n\n\n<p><strong>5. Pu\u00f2 essere utilizzato con una variet\u00e0 di procedure di cura della pelle:<\/strong> Come trattamento notturno o come fase di detersione quotidiana, la maschera viso contro i brufoli pu\u00f2 essere utilizzata con detergenti, tonici, essenze, lozioni, ecc., per potenziare l&#039;effetto sinergico dei prodotti anti-acne.<\/p>\n\n\n\n<h2 class=\"wp-block-heading\">Come usare la maschera per il viso contro i brufoli<\/h2>\n\n\n\n<p>Si consiglia di utilizzare la maschera viso per brufoli 2-3 volte a settimana come trattamento localizzato o per tutto il viso. Detergere accuratamente la pelle del viso prima dell&#039;uso e applicare un&#039;essenza o una lozione idratante dopo l&#039;uso per prolungare l&#039;effetto riparatore.&nbsp;<\/p>\n\n\n\n<p><strong>1. Struccaggio e pulizia del viso: <\/strong>Se quel giorno sei truccata, usa prima uno struccante delicato per rimuovere accuratamente il trucco, quindi usa un detergente con un potere pulente moderato per pulire il viso.<\/p>\n\n\n\n<p><strong>2. Asciugare il viso:<\/strong> Dopo la detersione, premere delicatamente con un asciugamano pulito per assorbire l&#039;umidit\u00e0, mantenere la pelle asciutta e facilitare l&#039;assorbimento degli ingredienti della maschera.<\/p>\n\n\n\n<p><strong>3. Prendi una quantit\u00e0 adeguata di maschera:<\/strong> Utilizzare un cucchiaio o un raschietto pulito per prelevare una quantit\u00e0 adeguata di mascherina, evitare il contatto diretto con le mani e ridurre l&#039;inquinamento.<\/p>\n\n\n\n<p><strong>4. Applicare uniformemente sul viso:<\/strong> Applicare la maschera in modo uniforme sulle zone pi\u00f9 soggette ad acne o su tutto il viso, evitando le zone delicate del contorno occhi e labbra.<\/p>\n\n\n\n<p><strong>5. Attendere 10-15 minuti:<\/strong> Mantieni il viso rilassato e attendi che la superficie della maschera si asciughi leggermente, ma non completamente.<\/p>\n\n\n\n<p><strong>6. Risciacquare con acqua pulita: <\/strong>Risciacquare abbondantemente la maschera con acqua tiepida, prestando attenzione a pulire i bordi, come l&#039;attaccatura dei capelli e le ali del naso.<\/p>\n\n\n\n<p><strong>7. Cura e idratazione successive della pelle:<\/strong> Utilizzare un tonico lenitivo, un&#039;essenza o una lozione riparatrice per idratare e nutrire la pelle e rafforzarne la barriera.<\/p>\n\n\n\n<h2 class=\"wp-block-heading\">Attenzione<\/h2>\n\n\n\n<p><strong>1. Evitare l&#039;uso su ferite aperte o pelle danneggiata: <\/strong>Se l&#039;acne si \u00e8 aperta o c&#039;\u00e8 una ferita evidente sulla pelle, si consiglia di utilizzarlo dopo la guarigione della ferita per evitare irritazioni o infezioni.&nbsp;<\/p>\n\n\n\n<p><strong>2. Si consiglia di effettuare un test allergico locale prima dell&#039;uso:<\/strong> Per il primo utilizzo, si consiglia di fare una piccola prova dietro l&#039;orecchio o sul mento e di osservare per 24 ore senza arrossamenti, gonfiori o irritazioni prima di applicarlo su tutto il viso.&nbsp;<\/p>\n\n\n\n<p><strong>3. Evitare l&#039;uso con acidi ad alta concentrazione:<\/strong> Se hai utilizzato prodotti esfolianti come gli acidi della frutta e l&#039;acido salicilico, usali a intervalli per evitare sovrapposizioni e causare un&#039;eccessiva sensibilit\u00e0 della pelle.&nbsp;<\/p>\n\n\n\n<p><strong>4. Rafforzare l&#039;idratazione e la riparazione dopo l&#039;uso: <\/strong>Per evitare che una detersione eccessiva causi secchezza, desquamazione e altri problemi, si consiglia di utilizzare acqua idratante delicata, essenze, ecc. per reintegrare l&#039;acqua in tempo.&nbsp;<\/p>\n\n\n\n<h2 class=\"wp-block-heading\">Conclusione<\/h2>\n\n\n\n<p>La maschera viso per brufoli raggiunge l&#039;obiettivo di eliminare l&#039;acne alla radice, idratare la pelle e prevenirne la ricomparsa grazie all&#039;effetto sinergico di una formula scientifica e di ingredienti vegetali multi-effetto. Questo prodotto ha una consistenza delicata, \u00e8 facile da usare, \u00e8 adatto a diversi tipi di pelle e a diverse persone e soddisfa le esigenze di cura quotidiana di gruppi di persone con acne, dagli adolescenti agli adulti.<\/p>","protected":false},"excerpt":{"rendered":"Facial Mask For Pimples Manufacturing Common Formulas As a professional facial mask for pimples manufacturer, we select ingredients with scientifically proven effects, such as salicylic acid and tea tree oil, etc., and start from the three major aspects of oil control, sterilization, and soothing to comprehensively deal with skin problems such as acne, closed comedones, [&hellip;]","protected":false},"featured_media":3814,"menu_order":0,"template":"","meta":[],"product-tag":[],"products":[69],"class_list":["post-3813","product","type-product","status-publish","has-post-thumbnail","hentry","products-facial-mask"],"acf":[],"_links":{"self":[{"href":"https:\/\/www.ruiqigo.com\/it\/wp-json\/wp\/v2\/product\/3813","targetHints":{"allow":["GET"]}}],"collection":[{"href":"https:\/\/www.ruiqigo.com\/it\/wp-json\/wp\/v2\/product"}],"about":[{"href":"https:\/\/www.ruiqigo.com\/it\/wp-json\/wp\/v2\/types\/product"}],"version-history":[{"count":0,"href":"https:\/\/www.ruiqigo.com\/it\/wp-json\/wp\/v2\/product\/3813\/revisions"}],"wp:featuredmedia":[{"embeddable":true,"href":"https:\/\/www.ruiqigo.com\/it\/wp-json\/wp\/v2\/media\/3814"}],"wp:attachment":[{"href":"https:\/\/www.ruiqigo.com\/it\/wp-json\/wp\/v2\/media?parent=3813"}],"wp:term":[{"taxonomy":"product-tag","embeddable":true,"href":"https:\/\/www.ruiqigo.com\/it\/wp-json\/wp\/v2\/product-tag?post=3813"},{"taxonomy":"products","embeddable":true,"href":"https:\/\/www.ruiqigo.com\/it\/wp-json\/wp\/v2\/products?post=3813"}],"curies":[{"name":"parola chiave","href":"https:\/\/api.w.org\/{rel}","templated":true}]}}