{"id":3827,"date":"2025-07-17T17:42:18","date_gmt":"2025-07-17T09:42:18","guid":{"rendered":"https:\/\/www.ruiqigo.com\/?post_type=product&#038;p=3827"},"modified":"2025-07-17T17:42:19","modified_gmt":"2025-07-17T09:42:19","slug":"eye-makeup-remover","status":"publish","type":"product","link":"https:\/\/www.ruiqigo.com\/it\/product\/eye-makeup-remover","title":{"rendered":"Struccante per occhi"},"content":{"rendered":"<h2 class=\"wp-block-heading\">Formule comuni per la produzione di struccanti per occhi<\/h2>\n\n\n\n<p>La nostra formula struccante per occhi seleziona con cura fattori detergenti delicati e ingredienti naturali per la cura, come squalano, glicerina, vitamina B5, ecc., per garantire che il prodotto lenisca e nutra la pelle degli occhi, rimuovendo efficacemente il trucco waterproof.&nbsp;<\/p>\n\n\n\n<p><strong>1. Squalano:<\/strong> Lo squalano \u00e8 un ingrediente nutriente naturale che aiuta a rimuovere i residui di trucco, mantenendo la barriera di idratazione intorno agli occhi durante la rimozione del trucco, prevenendo secchezza e linee sottili intorno agli occhi.&nbsp;<\/p>\n\n\n\n<p><strong>2. Estratto di camomilla: <\/strong>Ha un notevole effetto lenitivo e pu\u00f2 ridurre efficacemente rossore, gonfiore, secchezza e prurito causati dall&#039;irritazione del trucco, contribuendo ad alleviare l&#039;affaticamento e il fastidio degli occhi.&nbsp;<\/p>\n\n\n\n<p><strong>3. Vitamina B5:<\/strong> Noto anche come pantenolo, ha propriet\u00e0 riparatrici e antinfiammatorie, che possono migliorare la morbidezza della pelle e la resistenza della barriera cutanea, rendendo la pelle del contorno occhi pi\u00f9 forte e stabile.&nbsp;<\/p>\n\n\n\n<p><strong>4. Glicerina: <\/strong>La glicerina \u00e8 un ingrediente idratante molto efficace che pu\u00f2 aumentare il contenuto di acqua nella pelle e fornire l&#039;idratazione necessaria alla zona degli occhi dopo aver rimosso il trucco, prevenendo la sensazione di pelle che tira e desquamazione.&nbsp;<\/p>\n\n\n\n<h2 class=\"wp-block-heading\">Le funzioni dello struccante per gli occhi<\/h2>\n\n\n\n<p><strong>1. Rimozione rapida del trucco senza residui: <\/strong>Lo struccante per occhi adotta una tecnologia detergente bifasica, che pu\u00f2 sciogliere facilmente eyeliner, mascara e altri tipi di trucco resistenti all&#039;acqua e al sudore senza strofinare energicamente, rendendo la rimozione del trucco pi\u00f9 accurata e delicata.\u00a0<\/p>\n\n\n\n<p><strong>2. Texture delicata:<\/strong> Il nostro struccante occhi non contiene alcol, profumi o oli minerali. Ha una consistenza delicata ed \u00e8 specificamente studiato per la delicata zona del contorno occhi. Non irrita le ghiandole lacrimali n\u00e9 provoca offuscamento della vista durante l&#039;uso, ed \u00e8 altamente sicuro.\u00a0<\/p>\n\n\n\n<p><strong>3. Rimozione e cura del trucco:<\/strong> Questo prodotto \u00e8 ricco di ingredienti idratanti e lenitivi. Nutre la pelle del contorno occhi, rimuovendo al contempo il trucco ostinato e riducendo il rischio di rughe sottili causate da secchezza e tiraggio.\u00a0<\/p>\n\n\n\n<p><strong>4. Agitare bene e utilizzare, facile da usare: <\/strong>Il flacone presenta un design a strati olio-acqua, quindi \u00e8 sufficiente agitarlo bene e utilizzarlo immediatamente, risparmiando tempo e fatica. \u00c8 adatto per un uso frequente da parte di truccatori professionisti e utenti quotidiani.&nbsp;<\/p>\n\n\n\n<h2 class=\"wp-block-heading\">Come usare lo struccante per gli occhi<\/h2>\n\n\n\n<p>Si consiglia di utilizzare un dischetto di cotone per struccare delicatamente gli occhi senza tirare eccessivamente, soprattutto per chi utilizza eyeliner o mascara waterproof.<\/p>\n\n\n\n<p>1. Agitare delicatamente la bottiglia per mescolare l&#039;acqua e l&#039;olio.<\/p>\n\n\n\n<p>2. Versare lo struccante per occhi sul dischetto di cotone e tamponarlo accuratamente.<\/p>\n\n\n\n<p>3. Dopo aver chiuso gli occhi, applicare delicatamente il dischetto di cotone sugli occhi e lasciarlo agire per 5-10 secondi.<\/p>\n\n\n\n<p>4. Per rimuovere il trucco, tamponare delicatamente la zona truccata seguendo la texture della pelle degli occhi.<\/p>\n\n\n\n<p>5. Infine, risciacquare con acqua pulita e idratare gli occhi.<\/p>\n\n\n\n<h2 class=\"wp-block-heading\">Attenzione<\/h2>\n\n\n\n<p><strong>1. Agitare bene prima dell&#039;uso: <\/strong>Agitare bene prima dell&#039;uso per garantire che l&#039;olio e l&#039;acqua si mescolino perfettamente e migliorare l&#039;efficacia della rimozione del trucco.<\/p>\n\n\n\n<p><strong>2. Evitare il contatto con gli occhi: <\/strong>Si prega di fare attenzione a non far cadere lo struccante direttamente negli occhi durante l&#039;uso. In caso di contatto accidentale con gli occhi, sciacquare immediatamente con abbondante acqua pulita. In caso di situazioni gravi, consultare tempestivamente un medico.<\/p>\n\n\n\n<p><strong>3. Non usare una forza eccessiva: <\/strong>La pelle del contorno occhi \u00e8 relativamente delicata, quindi non strofinarla con forza. Usa dischetti di cotone morbidi per evitare un&#039;eccessiva frizione che potrebbe causare arrossamento e gonfiore degli occhi.<\/p>\n\n\n\n<p><strong>4. Riparazione dopo la rimozione: <\/strong>Dopo aver rimosso il trucco, idratare e riparare bene la pelle, applicando tempestivamente un&#039;essenza o una crema per gli occhi per mantenerla idratata e morbida.&nbsp;<\/p>\n\n\n\n<h2 class=\"wp-block-heading\">Conclusione<\/h2>\n\n\n\n<p>Questo struccante occhi combina rimozione e riparazione del trucco in un unico prodotto, ed \u00e8 adatto a diverse concentrazioni di trucco e a diversi scenari d&#039;uso. Grazie alla sua tecnologia scientifica e alla presenza di molteplici ingredienti delicati, offre sia un&#039;azione struccante efficace che la sicurezza per le pelli sensibili, offrendo un equilibrio perfetto tra pulizia e cura della pelle del contorno occhi. Che si tratti di un trucco leggero quotidiano, di un trucco pesante per il palcoscenico o di un trucco professionale, questo prodotto pu\u00f2 completare la rimozione del trucco in modo efficace e delicato, ed \u00e8 un elemento fondamentale per la cura degli occhi.<\/p>","protected":false},"excerpt":{"rendered":"Eye Makeup Remover Manufacturing Common Formulas Our eye makeup remover formula carefully selects gentle cleansing factors and natural care ingredients, such as squalane, glycerin, vitamin B5, etc., to ensure that the product soothes and nourishes the eye skin while effectively removing waterproof makeup.&nbsp; 1. Squalane: Squalane is a natural nourishing ingredient that can help relieve [&hellip;]","protected":false},"featured_media":3828,"menu_order":0,"template":"","meta":[],"product-tag":[],"products":[66],"class_list":["post-3827","product","type-product","status-publish","has-post-thumbnail","hentry","products-makeup-remover"],"acf":[],"_links":{"self":[{"href":"https:\/\/www.ruiqigo.com\/it\/wp-json\/wp\/v2\/product\/3827","targetHints":{"allow":["GET"]}}],"collection":[{"href":"https:\/\/www.ruiqigo.com\/it\/wp-json\/wp\/v2\/product"}],"about":[{"href":"https:\/\/www.ruiqigo.com\/it\/wp-json\/wp\/v2\/types\/product"}],"version-history":[{"count":0,"href":"https:\/\/www.ruiqigo.com\/it\/wp-json\/wp\/v2\/product\/3827\/revisions"}],"wp:featuredmedia":[{"embeddable":true,"href":"https:\/\/www.ruiqigo.com\/it\/wp-json\/wp\/v2\/media\/3828"}],"wp:attachment":[{"href":"https:\/\/www.ruiqigo.com\/it\/wp-json\/wp\/v2\/media?parent=3827"}],"wp:term":[{"taxonomy":"product-tag","embeddable":true,"href":"https:\/\/www.ruiqigo.com\/it\/wp-json\/wp\/v2\/product-tag?post=3827"},{"taxonomy":"products","embeddable":true,"href":"https:\/\/www.ruiqigo.com\/it\/wp-json\/wp\/v2\/products?post=3827"}],"curies":[{"name":"parola chiave","href":"https:\/\/api.w.org\/{rel}","templated":true}]}}