{"id":3840,"date":"2025-07-18T16:41:32","date_gmt":"2025-07-18T08:41:32","guid":{"rendered":"https:\/\/www.ruiqigo.com\/?post_type=product&#038;p=3840"},"modified":"2025-07-18T16:41:33","modified_gmt":"2025-07-18T08:41:33","slug":"facial-moisturizer-mask","status":"publish","type":"product","link":"https:\/\/www.ruiqigo.com\/it\/product\/facial-moisturizer-mask","title":{"rendered":"Maschera idratante per il viso"},"content":{"rendered":"<h2 class=\"wp-block-heading\">Formule comuni per la produzione di maschere idratanti per il viso<\/h2>\n\n\n\n<p>La nostra maschera idratante per il viso contiene ingredienti idratanti classici selezionati come acido ialuronico, ceramide, pantenolo, ecc., che possono idratare in profondit\u00e0 la pelle, rafforzarne la barriera cutanea, lenirla e stabilizzarla. \u00c8 adatta a un&#039;ampia gamma di persone.&nbsp;<\/p>\n\n\n\n<p><strong>1. Acido ialuronico: <\/strong>Questo \u00e8 un ingrediente che assorbe efficacemente l&#039;acqua. Pu\u00f2 aumentare rapidamente il contenuto di acqua nello strato corneo della pelle, nutrirla in profondit\u00e0 e renderla pi\u00f9 tonica e idratata.&nbsp;<\/p>\n\n\n\n<p><strong>2. Ceramide: <\/strong>Pu\u00f2 riparare la barriera cutanea danneggiata, migliorare la resistenza della pelle e prevenire efficacemente la perdita di idratazione. \u00c8 particolarmente indicato per chi ha una pelle sensibile e una barriera cutanea danneggiata.\u00a0\u00a0<\/p>\n\n\n\n<p><strong>3. Pantenolo: <\/strong>Il pantenolo pu\u00f2 migliorare la capacit\u00e0 di auto-guarigione della pelle, migliorare la secchezza cutanea e, allo stesso tempo, aumentare la sua capacit\u00e0 di trattenere l&#039;idratazione, rendendo la pelle idratata e luminosa a lungo.&nbsp;<\/p>\n\n\n\n<p><strong>4. Estratto di aloe vera: <\/strong>Ingrediente vegetale naturale con eccellenti effetti lenitivi e antinfiammatori, aiuta ad alleviare arrossamenti, gonfiori, secchezza, prurito e altri fastidi della pelle, migliorando il comfort cutaneo.&nbsp;<\/p>\n\n\n\n<h2 class=\"wp-block-heading\">Le funzioni della maschera idratante per il viso<\/h2>\n\n\n\n<p><strong>1. Idratazione rapida: <\/strong>Utilizzando una maschera idratante per il viso \u00e8 possibile ottenere una rapida idratazione in soli 10-15 minuti, migliorando significativamente la pelle secca.\u00a0<\/p>\n\n\n\n<p><strong>2. Delicato e anallergico:<\/strong> La formula di questo prodotto \u00e8 molto delicata e non contiene alcol, profumi allergenici e altri ingredienti. Pertanto, \u00e8 ideale anche per l&#039;idratazione quotidiana e per le pelli sensibili.&nbsp;<\/p>\n\n\n\n<p><strong>3. Migliora la capacit\u00e0 della pelle di trattenere l&#039;idratazione:<\/strong> Una maschera idratante per il viso pu\u00f2 riparare la barriera cutanea, riparare lo strato protettivo naturale trattenendo l&#039;idratazione e aiutare la pelle a mantenere uno stato di idratazione pi\u00f9 duraturo.\u00a0<\/p>\n\n\n\n<p><strong>4. Adatto a diversi tipi di pelle:<\/strong> La nostra maschera idratante per il viso ha una formula delicata e un effetto efficace, adatta a tutti i tipi di pelle, sia secca che grassa.&nbsp;<\/p>\n\n\n\n<h2 class=\"wp-block-heading\">Come usare la maschera idratante per il viso<\/h2>\n\n\n\n<p>Si consiglia di utilizzare la maschera idratante per il viso dopo aver deterso la pelle per massimizzarne l&#039;idratazione e l&#039;effetto trattenente.<\/p>\n\n\n\n<p>1. Dopo la detersione, rimuovere la maschera idratante per il viso e applicarla sul viso.<\/p>\n\n\n\n<p>2. Attendere 10-15 minuti affinch\u00e9 la pelle assorba l&#039;idratazione e l&#039;essenza.<\/p>\n\n\n\n<p>3. Rimuovere la maschera dal viso e tamponarla delicatamente per favorirne l&#039;assorbimento.<\/p>\n\n\n\n<p>4. Risciacquare con acqua pulita e continuare con il successivo trattamento di cura della pelle per rafforzare l&#039;effetto idratante.<\/p>\n\n\n\n<h2 class=\"wp-block-heading\">Attenzione<\/h2>\n\n\n\n<p><strong>1. Test di sensibilit\u00e0:<\/strong> Se si utilizza questo prodotto per la prima volta, si consiglia di eseguire prima un test di sensibilit\u00e0 cutanea dietro l&#039;orecchio o sul mento e poi di utilizzarlo completamente quando non si avverte pi\u00f9 alcun fastidio.&nbsp;<\/p>\n\n\n\n<p><strong>2. Non usare su pelle danneggiata:<\/strong> Se la pelle \u00e8 danneggiata, arrossata, gonfia o allergica, non utilizzare la maschera idratante per il viso per evitare irritazioni cutanee.\u00a0<\/p>\n\n\n\n<p><strong>3. Conservare in un luogo fresco e al riparo dalla luce:<\/strong> Conservare il prodotto in un luogo fresco e asciutto, lontano da alte temperature e dalla luce solare, per garantirne l&#039;attivit\u00e0 e l&#039;efficacia.\u00a0<\/p>\n\n\n\n<p><strong>4. Il tempo di utilizzo non dovrebbe essere troppo lungo: <\/strong>Il tempo di utilizzo consigliato si basa sulle istruzioni del prodotto e non deve essere troppo lungo per evitare effetti negativi.<\/p>\n\n\n\n<h2 class=\"wp-block-heading\">Conclusione<\/h2>\n\n\n\n<p>La maschera idratante viso \u00e8 un prodotto altamente efficace per la cura della pelle, in grado di reintegrare e trattenere rapidamente l&#039;idratazione. Abbiamo accuratamente selezionato ingredienti idratanti altamente efficaci per soddisfare le esigenze di idratazione di tutti i tipi di pelle. Che si tratti di un trattamento idratante quotidiano o di un&#039;idratazione di emergenza per pelli secche e sensibili, questa maschera \u00e8 un&#039;ottima scelta.<\/p>","protected":false},"excerpt":{"rendered":"Facial Moisturizer Mask Manufacturing Common Formulas Our facial moisturizer mask formula contains selected classic hydrating and moisturizing ingredients such as hyaluronic acid, ceramide, panthenol, etc., which can deeply hydrate the skin, strengthen the barrier, and soothe and stabilize the skin. It is suitable for a wide range of people.&nbsp; 1. Hyaluronic acid: This is an [&hellip;]","protected":false},"featured_media":3841,"menu_order":0,"template":"","meta":[],"product-tag":[],"products":[69],"class_list":["post-3840","product","type-product","status-publish","has-post-thumbnail","hentry","products-facial-mask"],"acf":[],"_links":{"self":[{"href":"https:\/\/www.ruiqigo.com\/it\/wp-json\/wp\/v2\/product\/3840","targetHints":{"allow":["GET"]}}],"collection":[{"href":"https:\/\/www.ruiqigo.com\/it\/wp-json\/wp\/v2\/product"}],"about":[{"href":"https:\/\/www.ruiqigo.com\/it\/wp-json\/wp\/v2\/types\/product"}],"version-history":[{"count":0,"href":"https:\/\/www.ruiqigo.com\/it\/wp-json\/wp\/v2\/product\/3840\/revisions"}],"wp:featuredmedia":[{"embeddable":true,"href":"https:\/\/www.ruiqigo.com\/it\/wp-json\/wp\/v2\/media\/3841"}],"wp:attachment":[{"href":"https:\/\/www.ruiqigo.com\/it\/wp-json\/wp\/v2\/media?parent=3840"}],"wp:term":[{"taxonomy":"product-tag","embeddable":true,"href":"https:\/\/www.ruiqigo.com\/it\/wp-json\/wp\/v2\/product-tag?post=3840"},{"taxonomy":"products","embeddable":true,"href":"https:\/\/www.ruiqigo.com\/it\/wp-json\/wp\/v2\/products?post=3840"}],"curies":[{"name":"parola chiave","href":"https:\/\/api.w.org\/{rel}","templated":true}]}}