{"id":3855,"date":"2025-07-23T16:19:49","date_gmt":"2025-07-23T08:19:49","guid":{"rendered":"https:\/\/www.ruiqigo.com\/?post_type=product&#038;p=3855"},"modified":"2025-07-23T16:19:49","modified_gmt":"2025-07-23T08:19:49","slug":"gentle-facial-cleanser","status":"publish","type":"product","link":"https:\/\/www.ruiqigo.com\/it\/product\/gentle-facial-cleanser","title":{"rendered":"Detergente delicato per il viso"},"content":{"rendered":"<h2 class=\"wp-block-heading\">Formule comuni per la produzione di detergenti delicati per il viso<\/h2>\n\n\n\n<p>Selezioniamo attentamente una variet\u00e0 di ingredienti vegetali e tensioattivi delicati da aggiungere alla formula delicata del detergente viso per garantire che la pelle sia completamente protetta e nutrita durante l&#039;accurata detersione. Gli ingredienti del prodotto sono concisi ed efficaci, principalmente tensioattivi aminoacidici, fattori lenitivi di origine vegetale e idratanti naturali.&nbsp;<\/p>\n\n\n\n<p><strong>1. Sodio cocoil glutammato: <\/strong>Si tratta di un tensioattivo delicato derivato da olio di cocco e amminoacidi. \u00c8 delicato, non contiene basi saponose, ha buone capacit\u00e0 schiumogene e detergenti, pu\u00f2 rimuovere efficacemente sporco e sebo in eccesso e non lascia il viso tirato o secco dopo la detersione.&nbsp;<\/p>\n\n\n\n<p><strong>2. Sodio cocoil glicinato:<\/strong> Appartiene inoltre al sistema degli amminoacidi, \u00e8 molto delicato, ha una schiuma ricca ed \u00e8 l&#039;ingrediente detergente principale di molti prodotti detergenti di alta gamma. Allo stesso tempo, ha un&#039;eccellente sensazione sulla pelle e propriet\u00e0 idratanti, che possono aiutare a mantenere la pelle idratata e morbida.\u00a0<\/p>\n\n\n\n<p><strong>3. Glicerina: <\/strong>La glicerina \u00e8 un ingrediente idratante classico che pu\u00f2 trattenere l&#039;idratazione e alleviare la secchezza durante la detersione, prevenendo la sensazione di tensione cutanea dovuta alla detersione. Pu\u00f2 anche aumentare il contenuto di acqua nello strato corneo ed \u00e8 un ingrediente idratante di base indispensabile per una detersione delicata.&nbsp;<\/p>\n\n\n\n<p><strong>4. Pantenolo: <\/strong>Il pantenolo pu\u00f2 penetrare in profondit\u00e0 nello strato corneo aiutando la pelle a trattenere l&#039;idratazione. Ha anche un effetto calmante e antinfiammatorio. Pu\u00f2 riparare i micro-danni e migliorare la morbidezza della pelle durante la detersione, rendendola pi\u00f9 liscia e delicata.&nbsp;<\/p>\n\n\n\n<p><strong>5. Estratto di aloe vera:<\/strong> Questo \u00e8 un ingrediente ricco di vari aminoacidi e vitamine. Ha notevoli effetti lenitivi, antiossidanti e riparatori. Pu\u00f2 alleviare piccole irritazioni causate dalla pulizia e migliorare la stabilit\u00e0 generale e la sensazione della pelle.&nbsp;<\/p>\n\n\n\n<h2 class=\"wp-block-heading\">Le funzioni del detergente viso delicato<\/h2>\n\n\n\n<p><strong>1. Delicato e non irritante: <\/strong>Un detergente viso delicato che non contiene profumi artificiali, basi di sapone o alcol, quindi \u00e8 molto delicato e riduce significativamente il rischio di sensibilit\u00e0 cutanea. \u00c8 adatto a neonati, donne in gravidanza e persone con barriera cutanea danneggiata, rendendo la pulizia pi\u00f9 sicura.\u00a0<\/p>\n\n\n\n<p><strong>2. Schiuma ricca e delicata:<\/strong> Il nostro detergente viso delicato ha una schiuma ricca e si applica facilmente senza troppi passaggi. La schiuma avvolge perfettamente lo sporco e la pulizia \u00e8 molto efficace, senza tirare la pelle.&nbsp;<\/p>\n\n\n\n<p><strong>3. Deterge e idrata contemporaneamente:<\/strong> Un detergente delicato per il viso non solo rimuove a fondo lo sporco dal viso, ma trattiene anche l&#039;acqua e i grassi necessari alla pelle, evitando la sensazione di tensione dopo la pulizia e garantendo una pulizia davvero delicata.\u00a0<\/p>\n\n\n\n<p><strong>4. Elevata adattabilit\u00e0:<\/strong> Il detergente delicato per il viso \u00e8 adatto a diversi tipi di pelle, tra cui pelle secca, pelle grassa, pelle mista e pelle sensibile, quindi ha un&#039;elevata adattabilit\u00e0.\u00a0<\/p>\n\n\n\n<h2 class=\"wp-block-heading\">Come usare un detergente delicato per il viso<\/h2>\n\n\n\n<p>L&#039;uso corretto di un detergente viso delicato pu\u00f2 garantire l&#039;efficacia della pulizia riducendo al minimo i danni alla pelle. Si consiglia di utilizzarlo una volta al giorno, mattina e sera, in combinazione con acqua tiepida per potenziare l&#039;effetto detergente e lenitivo.<\/p>\n\n\n\n<p>1. Bagna il viso con acqua tiepida, prendi una quantit\u00e0 adeguata di detergente per il viso sul palmo della mano, aggiungi acqua e strofina fino a formare la schiuma.<\/p>\n\n\n\n<p>2. Applicare la schiuma in modo uniforme sul viso e massaggiare delicatamente con movimenti circolari per 30 secondi fino a 1 minuto.<\/p>\n\n\n\n<p>3. Risciacquare abbondantemente il viso con acqua pulita.<\/p>\n\n\n\n<p>4. Utilizzare un asciugamano pulito per premere delicatamente il viso in modo da assorbire l&#039;umidit\u00e0 ed evitare di strofinare e tirare eccessivamente la pelle.&nbsp;<\/p>\n\n\n\n<h2 class=\"wp-block-heading\">Attenzione<\/h2>\n\n\n\n<p><strong>1. Test cutaneo: <\/strong>Si consiglia di effettuare un test locale dietro l&#039;orecchio o sulla mascella per la prima volta, prima di utilizzarlo su una zona ampia, per verificare che non irriti la pelle.\u00a0<\/p>\n\n\n\n<p><strong>2. Evitare il contatto con gli occhi: <\/strong>In caso di contatto accidentale con gli occhi, sciacquare immediatamente e abbondantemente con acqua per evitare irritazioni o fastidi.&nbsp;<\/p>\n\n\n\n<p><strong>3. Utilizzare con acqua calda:<\/strong> L&#039;acqua calda pu\u00f2 danneggiare lo strato di sebo della pelle, mentre l&#039;acqua fredda potrebbe non essere in grado di detergere efficacemente. Pertanto, consigliamo di usare acqua tiepida per lavare il viso, poich\u00e9 pu\u00f2 aiutare a sciogliere il sebo e proteggere la cuticola.\u00a0<\/p>\n\n\n\n<p><strong>4. Prestare attenzione all&#039;idratazione successiva: <\/strong>Dopo la detersione, dovresti usare il prima possibile un tonico e una crema idratante per la cura della pelle, in modo da trattenere l&#039;idratazione.&nbsp;<\/p>\n\n\n\n<h2 class=\"wp-block-heading\">Conclusione<\/h2>\n\n\n\n<p>Questo detergente viso delicato non solo raggiunge un equilibrio ideale tra potere detergente e delicatezza, ma si prende anche cura di ogni centimetro della tua pelle con ingredienti accuratamente selezionati. La nostra formula ipoallergenica, senza sapone e senza alcol, combinata con numerosi ingredienti lenitivi e idratanti, offre un&#039;esperienza di pulizia sicura per tutti i tipi di pelle.<\/p>","protected":false},"excerpt":{"rendered":"Gentle Facial Cleanser Manufacturing Common Formulas We carefully select a variety of plant-based ingredients and mild surfactants to add to the gentle facial cleanser formula to ensure that the skin is fully protected and nourished during the thorough cleansing process. The product ingredients are concise and effective, mainly amino acid surfactants, plant-extracted soothing factors, and [&hellip;]","protected":false},"featured_media":3856,"menu_order":0,"template":"","meta":[],"product-tag":[],"products":[65],"class_list":["post-3855","product","type-product","status-publish","has-post-thumbnail","hentry","products-facial-cleanser"],"acf":[],"_links":{"self":[{"href":"https:\/\/www.ruiqigo.com\/it\/wp-json\/wp\/v2\/product\/3855","targetHints":{"allow":["GET"]}}],"collection":[{"href":"https:\/\/www.ruiqigo.com\/it\/wp-json\/wp\/v2\/product"}],"about":[{"href":"https:\/\/www.ruiqigo.com\/it\/wp-json\/wp\/v2\/types\/product"}],"version-history":[{"count":0,"href":"https:\/\/www.ruiqigo.com\/it\/wp-json\/wp\/v2\/product\/3855\/revisions"}],"wp:featuredmedia":[{"embeddable":true,"href":"https:\/\/www.ruiqigo.com\/it\/wp-json\/wp\/v2\/media\/3856"}],"wp:attachment":[{"href":"https:\/\/www.ruiqigo.com\/it\/wp-json\/wp\/v2\/media?parent=3855"}],"wp:term":[{"taxonomy":"product-tag","embeddable":true,"href":"https:\/\/www.ruiqigo.com\/it\/wp-json\/wp\/v2\/product-tag?post=3855"},{"taxonomy":"products","embeddable":true,"href":"https:\/\/www.ruiqigo.com\/it\/wp-json\/wp\/v2\/products?post=3855"}],"curies":[{"name":"parola chiave","href":"https:\/\/api.w.org\/{rel}","templated":true}]}}