{"id":402,"date":"2024-07-08T10:46:59","date_gmt":"2024-07-08T02:46:59","guid":{"rendered":"https:\/\/ruiqigo.com\/?post_type=product&#038;p=402"},"modified":"2024-10-28T15:41:34","modified_gmt":"2024-10-28T07:41:34","slug":"tea-tree-body-wash","status":"publish","type":"product","link":"https:\/\/www.ruiqigo.com\/it\/product\/tea-tree-body-wash","title":{"rendered":"Bagnoschiuma all&#039;albero del t\u00e8"},"content":{"rendered":"<h3 class=\"wp-block-heading\">Produzione di detergenti per il corpo all&#039;albero del t\u00e8 Formule comuni<\/h3>\n\n\n\n<p>L&#039;ingrediente principale di questo Tea Tree Body Wash \u00e8 l&#039;olio essenziale naturale di Tea Tree. L&#039;olio di Tea Tree \u00e8 un ingrediente antibatterico e antinfiammatorio naturale che non solo deterge la pelle, ma ripara anche la pelle danneggiata e previene l&#039;insorgenza di problemi cutanei. Abbiamo anche aggiunto estratti vegetali come l&#039;olio di foglie di Melaleuca alternifolia e il mentolo per migliorare ulteriormente gli effetti detergenti e lenitivi, offrendo una cura pi\u00f9 completa alla pelle. Tutti gli ingredienti sono rigorosamente testati e selezionati per garantire la sicurezza e l&#039;efficacia dei prodotti, offrendoti un&#039;esperienza di bagno naturale di alta qualit\u00e0.<\/p>\n\n\n\n<h3 class=\"wp-block-heading\">Detergente corpo all&#039;albero del t\u00e8 Scenari applicabili<\/h3>\n\n\n\n<p>Questo detergente per il corpo all&#039;albero del t\u00e8 \u00e8 perfetto per le condizioni estive calde e umide. La sua rinfrescante fragranza all&#039;albero del t\u00e8 offre un&#039;esperienza di bagno rinfrescante e tonificante, aiutandoti a sentirti immediatamente fresco nel caldo dell&#039;estate. Allo stesso tempo, i suoi ingredienti antibatterici naturali sono efficaci nel prevenire i problemi della pelle trasmessi dal sudore, cos\u00ec puoi sempre mantenere la pelle fresca e pulita durante il caldo.<\/p>\n\n\n\n<h3 class=\"wp-block-heading\">Per chi \u00e8 adatto il detergente per il corpo Tea Tree?<\/h3>\n\n\n\n<p>Questo detergente per il corpo all&#039;albero del t\u00e8 \u00e8 ideale per chi cerca pulizia e igiene e si preoccupa della salute della propria pelle. I suoi ingredienti antibatterici naturali possono uccidere efficacemente i batteri nocivi, offrendo una pulizia pi\u00f9 sicura ed efficace per la pelle; allo stesso tempo, i suoi ricchi ingredienti nutrienti possono anche offrire una cura completa agli utenti di tutti i tipi di pelle, per aiutare a migliorare secchezza, sensibilit\u00e0 e altri problemi. Inoltre, la sua fragranza fresca pu\u00f2 anche regalare un piacevole momento del bagno a coloro che amano un&#039;esperienza fresca.<\/p>\n\n\n\n<h3 class=\"wp-block-heading\">Processo di produzione del detergente per il corpo all&#039;albero del t\u00e8<\/h3>\n\n\n\n<p>Nella produzione del nostro detergente corpo Tea tree, utilizziamo puro olio di Tea tree e un delicato processo di estrazione per garantire che i suoi ingredienti attivi vengano mantenuti. Durante il processo di produzione, controlliamo rigorosamente il livello di pH e la concentrazione di olio di Tea tree nelle nostre formulazioni per ottenere il miglior effetto di cura della pelle e la migliore esperienza di utilizzo. Inoltre, ci concentriamo sulla protezione ambientale e sulla sostenibilit\u00e0 per garantire che i nostri prodotti siano rispettosi dell&#039;ambiente.<\/p>","protected":false},"excerpt":{"rendered":"Tea tree body wash manufacturing Common Formulas The main ingredient in this Tea Tree Body Wash is natural tea tree essential oil. Tea Tree oil is a natural anti-bacterial and anti-inflammatory ingredient that not only cleanses the skin, but also repairs damaged skin and prevents skin problems from occurring. We have also added plant extracts [&hellip;]","protected":false},"featured_media":406,"menu_order":0,"template":"","meta":[],"product-tag":[],"products":[57],"class_list":["post-402","product","type-product","status-publish","has-post-thumbnail","hentry","products-body-wash"],"acf":[],"_links":{"self":[{"href":"https:\/\/www.ruiqigo.com\/it\/wp-json\/wp\/v2\/product\/402","targetHints":{"allow":["GET"]}}],"collection":[{"href":"https:\/\/www.ruiqigo.com\/it\/wp-json\/wp\/v2\/product"}],"about":[{"href":"https:\/\/www.ruiqigo.com\/it\/wp-json\/wp\/v2\/types\/product"}],"version-history":[{"count":0,"href":"https:\/\/www.ruiqigo.com\/it\/wp-json\/wp\/v2\/product\/402\/revisions"}],"wp:featuredmedia":[{"embeddable":true,"href":"https:\/\/www.ruiqigo.com\/it\/wp-json\/wp\/v2\/media\/406"}],"wp:attachment":[{"href":"https:\/\/www.ruiqigo.com\/it\/wp-json\/wp\/v2\/media?parent=402"}],"wp:term":[{"taxonomy":"product-tag","embeddable":true,"href":"https:\/\/www.ruiqigo.com\/it\/wp-json\/wp\/v2\/product-tag?post=402"},{"taxonomy":"products","embeddable":true,"href":"https:\/\/www.ruiqigo.com\/it\/wp-json\/wp\/v2\/products?post=402"}],"curies":[{"name":"parola chiave","href":"https:\/\/api.w.org\/{rel}","templated":true}]}}