{"id":403,"date":"2024-07-08T10:56:54","date_gmt":"2024-07-08T02:56:54","guid":{"rendered":"https:\/\/ruiqigo.com\/?post_type=product&#038;p=403"},"modified":"2024-10-28T11:35:04","modified_gmt":"2024-10-28T03:35:04","slug":"travel-size-body-wash","status":"publish","type":"product","link":"https:\/\/www.ruiqigo.com\/it\/product\/travel-size-body-wash","title":{"rendered":"Detergente corpo formato da viaggio"},"content":{"rendered":"<h3 class=\"wp-block-heading\">Produzione di detergenti per il corpo in formato da viaggio Formule comuni<\/h3>\n\n\n\n<p>Questo detergente corpo da viaggio \u00e8 formulato con ingredienti detergenti delicati, non irritanti e di origine vegetale che detergono in profondit\u00e0 la pelle, rimuovendo le impurit\u00e0 e proteggendo la barriera cutanea e mantenendone le buone condizioni. Inoltre, abbiamo aggiunto alla formula ingredienti nutrienti e idratanti come burro di karit\u00e9 ed estratto di t\u00e8 bianco, che forniscono una cura completa per la pelle e reintegrano i nutrienti necessari per mantenerla idratata e liscia durante tutto il percorso. Tutti gli ingredienti sono attentamente selezionati per garantire la sicurezza e l&#039;efficacia del prodotto, per offrirti un&#039;esperienza confortevole e sicura.<\/p>\n\n\n\n<h3 class=\"wp-block-heading\">Detergente corpo in formato da viaggio Scenari applicabili<\/h3>\n\n\n\n<p>Il detergente corpo in formato da viaggio \u00e8 un compagno di pulizia personalizzato per i viaggiatori. \u00c8 adatto per viaggi brevi, rinfrescante dopo lunghi voli, pulizia rapida dopo attivit\u00e0 all&#039;aperto, cura dell&#039;igiene personale durante i viaggi di lavoro, comodo bagno dopo l&#039;esercizio in palestra e protezione igienica durante i soggiorni in hotel. Il design leggero della confezione semplifica il trasporto e garantisce un&#039;esperienza di bagno confortevole in qualsiasi viaggio.<\/p>\n\n\n\n<h3 class=\"wp-block-heading\">Per chi \u00e8 adatto il costume da bagno da viaggio<\/h3>\n\n\n\n<p>Progettato per i viaggiatori frequenti, il detergente corpo Travel size \u00e8 adatto a viaggiatori, uomini d&#039;affari o amanti dell&#039;avventura che hanno bisogno di una comoda cura personale. La sua confezione portatile e la formula multifunzionale soddisfano l&#039;esigenza di detersione e idratazione in movimento, ed \u00e8 adatto a tutti i tipi di pelle, in particolare per gli utenti che cercano una soluzione semplice ed efficiente per la cura della pelle.<\/p>\n\n\n\n<h3 class=\"wp-block-heading\">Processo di produzione del bagnoschiuma da viaggio<\/h3>\n\n\n\n<p>Quando abbiamo prodotto il bagnoschiuma da viaggio, ci siamo concentrati sulla portabilit\u00e0 e la praticit\u00e0 del prodotto. Il design leggero della confezione assicura che sia facile da trasportare e non occupi troppo spazio nel bagaglio. Allo stesso tempo, la formulazione \u00e8 ottimizzata sia per una pulizia delicata che per un&#039;idratazione di lunga durata. Durante il processo di produzione vengono seguiti rigorosi standard di controllo qualit\u00e0 per garantire che ogni flacone di gel doccia offra un&#039;esperienza coerente.<\/p>","protected":false},"excerpt":{"rendered":"Travel size body wash manufacturing Common Formulas This travel size body wash is formulated with gentle, non-irritating, plant-based cleansing ingredients that deeply cleanse the skin, removing impurities while also protecting the skin barrier and maintaining good skin condition. In addition, we have added nourishing and moisturizing ingredients such as Shea Butter and White Tea Extract [&hellip;]","protected":false},"featured_media":410,"menu_order":0,"template":"","meta":[],"product-tag":[],"products":[57],"class_list":["post-403","product","type-product","status-publish","has-post-thumbnail","hentry","products-body-wash"],"acf":[],"_links":{"self":[{"href":"https:\/\/www.ruiqigo.com\/it\/wp-json\/wp\/v2\/product\/403","targetHints":{"allow":["GET"]}}],"collection":[{"href":"https:\/\/www.ruiqigo.com\/it\/wp-json\/wp\/v2\/product"}],"about":[{"href":"https:\/\/www.ruiqigo.com\/it\/wp-json\/wp\/v2\/types\/product"}],"version-history":[{"count":0,"href":"https:\/\/www.ruiqigo.com\/it\/wp-json\/wp\/v2\/product\/403\/revisions"}],"wp:featuredmedia":[{"embeddable":true,"href":"https:\/\/www.ruiqigo.com\/it\/wp-json\/wp\/v2\/media\/410"}],"wp:attachment":[{"href":"https:\/\/www.ruiqigo.com\/it\/wp-json\/wp\/v2\/media?parent=403"}],"wp:term":[{"taxonomy":"product-tag","embeddable":true,"href":"https:\/\/www.ruiqigo.com\/it\/wp-json\/wp\/v2\/product-tag?post=403"},{"taxonomy":"products","embeddable":true,"href":"https:\/\/www.ruiqigo.com\/it\/wp-json\/wp\/v2\/products?post=403"}],"curies":[{"name":"parola chiave","href":"https:\/\/api.w.org\/{rel}","templated":true}]}}