{"id":405,"date":"2024-07-08T11:19:22","date_gmt":"2024-07-08T03:19:22","guid":{"rendered":"https:\/\/ruiqigo.com\/?post_type=product&#038;p=405"},"modified":"2024-10-28T11:15:36","modified_gmt":"2024-10-28T03:15:36","slug":"retinol-hand-cream","status":"publish","type":"product","link":"https:\/\/www.ruiqigo.com\/it\/product\/retinol-hand-cream","title":{"rendered":"Crema mani al retinolo"},"content":{"rendered":"<h3 class=\"wp-block-heading\">Produzione di crema per le mani al retinolo Formule comuni<\/h3>\n\n\n\n<p>Gli ingredienti principali di questa crema per le mani al retinolo includono retinolo e olio di semi di jojoba. Il retinolo \u00e8 una vitamina liposolubile che stimola il rinnovamento cellulare e ripara la pelle danneggiata delle mani, mentre l&#039;olio di semi di jojoba \u00e8 ricco di una variet\u00e0 di acidi grassi naturali che nutrono in profondit\u00e0 la pelle e migliorano secchezza e ruvidit\u00e0. Inoltre, la formula aggiunge anche olio di mandorle dolci, olio di sesamo e altri ingredienti idratanti, in grado di reintegrare efficacemente le esigenze di idratazione della pelle, per mantenere l&#039;equilibrio ottimale acqua-olio.<\/p>\n\n\n\n<h3 class=\"wp-block-heading\">Crema per le mani al retinolo Scenari applicabili<\/h3>\n\n\n\n<p>Questa crema per le mani al retinolo \u00e8 ideale per l&#039;uso in climi secchi e freddi. Le fredde temperature invernali e il riscaldamento artificiale possono causare mani secche, screpolate e persino screpolate. I ricchi ingredienti idratanti di questa crema per le mani nutriranno in profondit\u00e0 le tue mani, reintegrando l&#039;idratazione di cui hanno bisogno, riparando le cellule danneggiate e ripristinandone la morbidezza e la luminosit\u00e0. Inoltre, pu\u00f2 anche fornire una barriera protettiva per le mani, prevenendo efficacemente il verificarsi di secchezza e crepe da gelo e altri problemi. Che sia in inverno o nella stagione secca e ventosa, questa crema per le mani pu\u00f2 offrirti una cura completa per le tue mani.<\/p>\n\n\n\n<h3 class=\"wp-block-heading\">Per chi \u00e8 adatta la crema per le mani al retinolo?<\/h3>\n\n\n\n<p>Questa crema per le mani al retinolo \u00e8 ideale per chi ha la pelle secca. Che le tue mani siano secche a causa di frequenti lavaggi o esposizione a sostanze chimiche, o che la tua pelle sia squamosa a causa del freddo invernale, questa crema per le mani ti fornir\u00e0 il nutrimento di cui hai bisogno. Penetra in profondit\u00e0 nella pelle per reintegrare i nutrienti necessari e riparare le cellule danneggiate, lasciando le mani morbide e lisce. Allo stesso tempo, si assorbe rapidamente senza lasciare una sensazione appiccicosa, rendendola adatta a tutti i tipi di pelle.<\/p>\n\n\n\n<h3 class=\"wp-block-heading\">Processo di produzione della crema per le mani al retinolo<\/h3>\n\n\n\n<p>Lo speciale processo di produzione di Retinol Hand Cream include l&#039;uso di una formula di retinolo stabilizzato per mantenere la sua attivit\u00e0 antiossidante e un processo di estrazione a bassa temperatura per ridurre al minimo la distruzione degli ingredienti. Il rigoroso controllo del pH e dell&#039;umidit\u00e0 ambientale durante la produzione garantisce la stabilit\u00e0 e l&#039;efficacia del retinolo. Inoltre, ingredienti idratanti aggiunti appositamente come glicerina e acido ialuronico sono proporzionati con precisione per ottenere un nutrimento profondo senza untuosit\u00e0 per tutti i tipi di pelle.<\/p>","protected":false},"excerpt":{"rendered":"Retinol hand cream manufacturing Common Formulas The core ingredients of this Retinol Hand Cream include Retinol and Jojoba Seed Oil. Retinol is a fat-soluble vitamin that stimulates cell renewal and repairs damaged skin on the hands, while Jojoba Seed Oil is rich in a variety of natural fatty acids that deeply nourish the skin and [&hellip;]","protected":false},"featured_media":414,"menu_order":0,"template":"","meta":[],"product-tag":[],"products":[58],"class_list":["post-405","product","type-product","status-publish","has-post-thumbnail","hentry","products-hand-cream"],"acf":[],"_links":{"self":[{"href":"https:\/\/www.ruiqigo.com\/it\/wp-json\/wp\/v2\/product\/405","targetHints":{"allow":["GET"]}}],"collection":[{"href":"https:\/\/www.ruiqigo.com\/it\/wp-json\/wp\/v2\/product"}],"about":[{"href":"https:\/\/www.ruiqigo.com\/it\/wp-json\/wp\/v2\/types\/product"}],"version-history":[{"count":0,"href":"https:\/\/www.ruiqigo.com\/it\/wp-json\/wp\/v2\/product\/405\/revisions"}],"wp:featuredmedia":[{"embeddable":true,"href":"https:\/\/www.ruiqigo.com\/it\/wp-json\/wp\/v2\/media\/414"}],"wp:attachment":[{"href":"https:\/\/www.ruiqigo.com\/it\/wp-json\/wp\/v2\/media?parent=405"}],"wp:term":[{"taxonomy":"product-tag","embeddable":true,"href":"https:\/\/www.ruiqigo.com\/it\/wp-json\/wp\/v2\/product-tag?post=405"},{"taxonomy":"products","embeddable":true,"href":"https:\/\/www.ruiqigo.com\/it\/wp-json\/wp\/v2\/products?post=405"}],"curies":[{"name":"parola chiave","href":"https:\/\/api.w.org\/{rel}","templated":true}]}}