{"id":418,"date":"2024-07-08T11:28:04","date_gmt":"2024-07-08T03:28:04","guid":{"rendered":"https:\/\/ruiqigo.com\/?post_type=product&#038;p=418"},"modified":"2024-10-28T11:59:47","modified_gmt":"2024-10-28T03:59:47","slug":"goat-milk-hand-cream","status":"publish","type":"product","link":"https:\/\/www.ruiqigo.com\/it\/product\/goat-milk-hand-cream","title":{"rendered":"Crema per le mani al latte di capra"},"content":{"rendered":"<h3 class=\"wp-block-heading\">Produzione di crema per le mani al latte di capra Formule comuni<\/h3>\n\n\n\n<p>Uno degli ingredienti principali di questa crema per le mani al latte di capra \u00e8 il latte di capra di alta qualit\u00e0. Il latte di capra \u00e8 ricco di proteine, vitamine e minerali che nutrono e riparano in profondit\u00e0 la pelle delle mani, migliorandone la secchezza e la ruvidit\u00e0. Inoltre, la formula aggiunge anche ialuronato di sodio e glicerina e altri ingredienti idratanti, che possono reintegrare efficacemente l&#039;idratazione della pelle, migliorarne l&#039;elasticit\u00e0 e la lucentezza. Questi ingredienti naturali e di alta qualit\u00e0 non sono solo sicuri e non irritanti, ma forniscono anche una cura completa per le mani, in modo che la pelle sia sempre morbida e liscia.<\/p>\n\n\n\n<h3 class=\"wp-block-heading\">Crema per le mani al latte di capra Scenari applicabili<\/h3>\n\n\n\n<p>Questa crema per le mani al latte di capra \u00e8 ideale per l&#039;uso in climi secchi e freddi. Le fredde temperature invernali e il riscaldamento artificiale possono causare mani secche, screpolate e persino screpolate. I ricchi ingredienti idratanti di questa crema per le mani nutrono e riparano in profondit\u00e0 la pelle delle mani, reintegrando l&#039;idratazione di cui hanno bisogno per essere morbide e lisce. Inoltre, fornisce anche una barriera protettiva per le mani, prevenendo efficacemente il verificarsi di secchezza e congelamento. Che si tratti di un inverno freddo o di una stagione secca e ventosa, questa crema per le mani dar\u00e0 alle tue mani la cura completa di cui hanno bisogno.<\/p>\n\n\n\n<h3 class=\"wp-block-heading\">Per chi \u00e8 adatta la crema per le mani al latte di capra?<\/h3>\n\n\n\n<p>Questa crema per le mani al latte di capra \u00e8 ideale per chi ha la pelle secca. Che le tue mani siano secche a causa di frequenti lavaggi o esposizione a sostanze chimiche, o che la tua pelle sia squamosa a causa del freddo invernale, questa crema per le mani fornir\u00e0 il nutrimento di cui hai bisogno. Nutre e ripara in profondit\u00e0 la pelle delle tue mani, reintegrando l&#039;idratazione e i nutrienti di cui hanno bisogno per essere morbide e lisce. Allo stesso tempo, si assorbe rapidamente senza lasciare una sensazione appiccicosa, rendendola adatta a tutti i tipi di pelle.<\/p>\n\n\n\n<h3 class=\"wp-block-heading\">Processo di produzione della crema per le mani al latte di capra<\/h3>\n\n\n\n<p>Lo speciale processo di produzione della crema per le mani al latte di capra si riflette nell&#039;attenta selezione e nel trattamento delle materie prime. Il latte di capra fresco di alta qualit\u00e0 viene utilizzato per estrarre i suoi ricchi nutrienti attraverso un trattamento a bassa temperatura e una tecnologia enzimatica, che garantisce che i principi attivi come l&#039;acido lattico e le vitamine vengano trattenuti nel latte di capra. Durante il processo di produzione, il rapporto di formula e il processo di emulsificazione sono rigorosamente controllati per garantire che la crema per le mani abbia una consistenza fine e venga assorbita rapidamente. Inoltre, non ci sono fragranze e colori aggiunti per ridurre l&#039;irritazione della pelle, rendendola adatta alle pelli sensibili.<\/p>","protected":false},"excerpt":{"rendered":"Goat milk hand cream manufacturing Common Formulas One of the core ingredients of this goat milk hand cream is high quality goat milk. Goat milk is rich in proteins, vitamins and minerals that deeply nourish and repair the skin on your hands, improving dryness and roughness. In addition, the formula also adds sodium hyaluronate and [&hellip;]","protected":false},"featured_media":419,"menu_order":0,"template":"","meta":[],"product-tag":[],"products":[58],"class_list":["post-418","product","type-product","status-publish","has-post-thumbnail","hentry","products-hand-cream"],"acf":[],"_links":{"self":[{"href":"https:\/\/www.ruiqigo.com\/it\/wp-json\/wp\/v2\/product\/418","targetHints":{"allow":["GET"]}}],"collection":[{"href":"https:\/\/www.ruiqigo.com\/it\/wp-json\/wp\/v2\/product"}],"about":[{"href":"https:\/\/www.ruiqigo.com\/it\/wp-json\/wp\/v2\/types\/product"}],"version-history":[{"count":0,"href":"https:\/\/www.ruiqigo.com\/it\/wp-json\/wp\/v2\/product\/418\/revisions"}],"wp:featuredmedia":[{"embeddable":true,"href":"https:\/\/www.ruiqigo.com\/it\/wp-json\/wp\/v2\/media\/419"}],"wp:attachment":[{"href":"https:\/\/www.ruiqigo.com\/it\/wp-json\/wp\/v2\/media?parent=418"}],"wp:term":[{"taxonomy":"product-tag","embeddable":true,"href":"https:\/\/www.ruiqigo.com\/it\/wp-json\/wp\/v2\/product-tag?post=418"},{"taxonomy":"products","embeddable":true,"href":"https:\/\/www.ruiqigo.com\/it\/wp-json\/wp\/v2\/products?post=418"}],"curies":[{"name":"parola chiave","href":"https:\/\/api.w.org\/{rel}","templated":true}]}}