{"id":423,"date":"2024-07-08T11:46:52","date_gmt":"2024-07-08T03:46:52","guid":{"rendered":"https:\/\/ruiqigo.com\/?post_type=product&#038;p=423"},"modified":"2024-11-12T22:37:58","modified_gmt":"2024-11-12T14:37:58","slug":"shea-butter-hand-cream","status":"publish","type":"product","link":"https:\/\/www.ruiqigo.com\/it\/product\/shea-butter-hand-cream","title":{"rendered":"Crema per le mani al burro di karit\u00e9"},"content":{"rendered":"<h3 class=\"wp-block-heading\">Produzione di crema per le mani al burro di karit\u00e9 Formule comuni<\/h3>\n\n\n\n<p>L&#039;ingrediente principale di questa crema per le mani al burro di karit\u00e9 \u00e8 il burro di karit\u00e9 naturale. Ricco di acidi grassi e vitamine, il burro di karit\u00e9 nutre e ripara in profondit\u00e0 la pelle secca e ruvida delle mani. Inoltre, la formula aggiunge anche nutrienti come il burro di karit\u00e9, che pu\u00f2 efficacemente reintegrare l&#039;idratazione della pelle, migliorare l&#039;elasticit\u00e0 e rendere le mani di nuovo morbide e flessibili. Questi ingredienti naturali di alta qualit\u00e0 non sono solo sicuri e non irritanti, ma forniscono anche una cura completa per le tue mani, in modo che la pelle sia sempre morbida e liscia.<\/p>\n\n\n\n<h3 class=\"wp-block-heading\">Crema per le mani al burro di karit\u00e9 Scenari applicabili<\/h3>\n\n\n\n<p>Questa crema per le mani al burro di karit\u00e9 \u00e8 particolarmente adatta per l&#039;uso in climi secchi e freddi. Le fredde temperature invernali e il riscaldamento artificiale possono causare mani secche, screpolate e persino screpolate. I ricchi ingredienti nutrienti di questa crema per le mani riparano in profondit\u00e0 la pelle, reintegrando l&#039;idratazione di cui ha bisogno per rendere le mani di nuovo morbide e lisce. Inoltre, pu\u00f2 anche fornire una barriera protettiva per le mani, prevenendo efficacemente il verificarsi di secchezza e screpolature da gelo e altri problemi. Che si tratti di un inverno freddo o di una stagione secca e ventosa, questa crema per le mani dar\u00e0 alle tue mani la cura totale di cui hanno bisogno.<\/p>\n\n\n\n<h3 class=\"wp-block-heading\">Per chi \u00e8 adatta la crema per le mani al burro di karit\u00e9?<\/h3>\n\n\n\n<p>Questa crema per le mani al burro di karit\u00e9 \u00e8 ideale per chi ha la pelle secca. Che le tue mani siano secche a causa di frequenti lavaggi o esposizione a sostanze chimiche, o che la tua pelle sia squamosa a causa del freddo invernale, questa crema per le mani fornir\u00e0 il nutrimento di cui hai bisogno. Nutre e ripara in profondit\u00e0 la pelle delle tue mani, reintegrando l&#039;idratazione e i nutrienti di cui hanno bisogno per essere morbide e lisce. Allo stesso tempo, si assorbe rapidamente senza lasciare una sensazione appiccicosa, rendendola adatta a tutti i tipi di pelle. Qualunque sia la condizione delle tue mani, questa crema per le mani dar\u00e0 loro la cura completa di cui hanno bisogno per essere idratate e sane.<\/p>\n\n\n\n<h3 class=\"wp-block-heading\">Processo di produzione della crema per le mani al burro di karit\u00e9<\/h3>\n\n\n\n<p>Shea Butter Hand Cream \u00e8 prodotto con particolare attenzione alla qualit\u00e0 degli ingredienti e alla scienza della formula. Burro di karit\u00e9 selezionato di alta qualit\u00e0, combinato con vitamina E e altri ingredienti idratanti naturali, l&#039;uso di un delicato processo di emulsione per garantire che la consistenza del prodotto sia delicata e di rapido assorbimento. L&#039;intero processo di produzione segue gli standard GMP per garantire la purezza e l&#039;efficacia del prodotto.<\/p>","protected":false},"excerpt":{"rendered":"Shea butter hand cream manufacturing Common Formulas The core ingredient of this Shea Butter Hand Cream is natural Shea Butter. Rich in fatty acids and vitamins, shea butter deeply nourishes and repairs dry and rough hand skin. In addition, the formula also adds nutrients such as shea butter, which can effectively replenish skin moisture, enhance [&hellip;]","protected":false},"featured_media":426,"menu_order":0,"template":"","meta":[],"product-tag":[],"products":[58],"class_list":["post-423","product","type-product","status-publish","has-post-thumbnail","hentry","products-hand-cream"],"acf":[],"_links":{"self":[{"href":"https:\/\/www.ruiqigo.com\/it\/wp-json\/wp\/v2\/product\/423","targetHints":{"allow":["GET"]}}],"collection":[{"href":"https:\/\/www.ruiqigo.com\/it\/wp-json\/wp\/v2\/product"}],"about":[{"href":"https:\/\/www.ruiqigo.com\/it\/wp-json\/wp\/v2\/types\/product"}],"version-history":[{"count":0,"href":"https:\/\/www.ruiqigo.com\/it\/wp-json\/wp\/v2\/product\/423\/revisions"}],"wp:featuredmedia":[{"embeddable":true,"href":"https:\/\/www.ruiqigo.com\/it\/wp-json\/wp\/v2\/media\/426"}],"wp:attachment":[{"href":"https:\/\/www.ruiqigo.com\/it\/wp-json\/wp\/v2\/media?parent=423"}],"wp:term":[{"taxonomy":"product-tag","embeddable":true,"href":"https:\/\/www.ruiqigo.com\/it\/wp-json\/wp\/v2\/product-tag?post=423"},{"taxonomy":"products","embeddable":true,"href":"https:\/\/www.ruiqigo.com\/it\/wp-json\/wp\/v2\/products?post=423"}],"curies":[{"name":"parola chiave","href":"https:\/\/api.w.org\/{rel}","templated":true}]}}