{"id":424,"date":"2024-07-08T11:52:15","date_gmt":"2024-07-08T03:52:15","guid":{"rendered":"https:\/\/ruiqigo.com\/?post_type=product&#038;p=424"},"modified":"2024-11-06T15:04:57","modified_gmt":"2024-11-06T07:04:57","slug":"coconut-massage-oil","status":"publish","type":"product","link":"https:\/\/www.ruiqigo.com\/it\/product\/coconut-massage-oil","title":{"rendered":"Olio da massaggio al cocco"},"content":{"rendered":"<h2 class=\"wp-block-heading\">Formule comuni per la produzione di olio da massaggio al cocco<\/h2>\n\n\n\n<p>Gli ingredienti principali di questo olio da massaggio al cocco sono olio di cocco puro naturale e olio di semi di girasole. L&#039;olio di cocco \u00e8 ricco di acidi grassi a catena media, che penetrano rapidamente in profondit\u00e0 nella pelle e forniscono potenti effetti idratanti e riparatori. L&#039;olio di semi di girasole \u00e8 ricco di vitamine e antiossidanti per aiutare ad alleviare il dolore muscolare e migliorare le condizioni della pelle. Come produttore professionale di olio da massaggio al cocco, questi ingredienti naturali di alta qualit\u00e0 non sono solo sicuri e non irritanti, ma sfruttano anche appieno gli effetti lubrificanti, massaggianti e lenitivi per portare una cura completa alla pelle, al corpo e alla mente.<\/p>\n\n\n\n<h2 class=\"wp-block-heading\">Scenari applicabili dell&#039;olio da massaggio al cocco<\/h2>\n\n\n\n<p>Questo olio da massaggio al cocco \u00e8 ideale per l&#039;uso in climi caldi e secchi. Durante i mesi estivi caldi e sudati, la pelle \u00e8 soggetta a secchezza e desquamazione, e i muscoli sono inclini a dolori e fastidi. Questo olio da massaggio penetra e si assorbe rapidamente senza lasciare una sensazione appiccicosa sulla pelle, fornendo anche un profondo nutrimento e alleviando la stanchezza, cos\u00ec puoi sentirti fresco e a tuo agio nel caldo della giornata. Protegge anche la pelle dai danni del sole, rendendo facile godere di una cura completa in una variet\u00e0 di ambienti.<\/p>\n\n\n\n<h2 class=\"wp-block-heading\">Per chi \u00e8 adatto l&#039;olio da massaggio al cocco?<\/h2>\n\n\n\n<p>Questo olio da massaggio al cocco \u00e8 adatto a tutti i tipi di pelle. Che tu abbia una pelle secca, sensibile o grassa, trarrai beneficio da questo olio da massaggio. Penetra e si assorbe rapidamente senza appesantire la pelle, mentre fornisce nutrimento profondo e sollievo da dolori e fastidi. Soprattutto per coloro che si allenano o svolgono lavori fisici, questo olio aiuta a rilassare i muscoli, alleviare la stanchezza e riportarli a uno stato di relax e comfort. Qualunque sia la condizione della tua pelle, questo olio da massaggio al cocco ti offrir\u00e0 coccole totali.<\/p>\n\n\n\n<h2 class=\"wp-block-heading\">Processo di produzione dell&#039;olio da massaggio al cocco<\/h2>\n\n\n\n<p>Lo speciale processo di produzione dell&#039;olio per massaggi al cocco enfatizza l&#039;estrazione di olio vegetale puro da noci di cocco di prima qualit\u00e0. La tecnologia di spremitura a freddo viene utilizzata per mantenere l&#039;integrit\u00e0 degli acidi grassi naturali e della vitamina E nell&#039;olio. Durante il processo di produzione, come produttore leader di olio per massaggi al cocco, la temperatura e la pressione sono rigorosamente controllate per evitare danni all&#039;olio dovuti ad alte temperature, garantendo la purezza e l&#039;effetto nutriente dell&#039;olio per massaggi. Inoltre, le impurit\u00e0 vengono rimosse tramite filtrazione fine per fornire un tocco liscio e un effetto idratante profondo.<\/p>\n\n\n\n<p><\/p>","protected":false},"excerpt":{"rendered":"Coconut massage oil manufacturing common formulas The main ingredients of this Coconut Massage Oil are naturally pure coconut oil and sunflower seed oil. Coconut oil is rich in medium-chain fatty acids, which penetrate deep into the skin quickly and provide powerful moisturizing and repairing effects. Sunflower Seed Oil is rich in vitamins and antioxidants to [&hellip;]","protected":false},"featured_media":430,"menu_order":0,"template":"","meta":[],"product-tag":[],"products":[59],"class_list":["post-424","product","type-product","status-publish","has-post-thumbnail","hentry","products-massage-oil"],"acf":[],"_links":{"self":[{"href":"https:\/\/www.ruiqigo.com\/it\/wp-json\/wp\/v2\/product\/424","targetHints":{"allow":["GET"]}}],"collection":[{"href":"https:\/\/www.ruiqigo.com\/it\/wp-json\/wp\/v2\/product"}],"about":[{"href":"https:\/\/www.ruiqigo.com\/it\/wp-json\/wp\/v2\/types\/product"}],"version-history":[{"count":0,"href":"https:\/\/www.ruiqigo.com\/it\/wp-json\/wp\/v2\/product\/424\/revisions"}],"wp:featuredmedia":[{"embeddable":true,"href":"https:\/\/www.ruiqigo.com\/it\/wp-json\/wp\/v2\/media\/430"}],"wp:attachment":[{"href":"https:\/\/www.ruiqigo.com\/it\/wp-json\/wp\/v2\/media?parent=424"}],"wp:term":[{"taxonomy":"product-tag","embeddable":true,"href":"https:\/\/www.ruiqigo.com\/it\/wp-json\/wp\/v2\/product-tag?post=424"},{"taxonomy":"products","embeddable":true,"href":"https:\/\/www.ruiqigo.com\/it\/wp-json\/wp\/v2\/products?post=424"}],"curies":[{"name":"parola chiave","href":"https:\/\/api.w.org\/{rel}","templated":true}]}}