{"id":425,"date":"2024-07-08T11:57:29","date_gmt":"2024-07-08T03:57:29","guid":{"rendered":"https:\/\/ruiqigo.com\/?post_type=product&#038;p=425"},"modified":"2024-11-06T15:07:05","modified_gmt":"2024-11-06T07:07:05","slug":"lavender-massage-oil","status":"publish","type":"product","link":"https:\/\/www.ruiqigo.com\/it\/product\/lavender-massage-oil","title":{"rendered":"Olio da massaggio alla lavanda"},"content":{"rendered":"<h3 class=\"wp-block-heading\">Formule comuni per la produzione di olio da massaggio alla lavanda<\/h3>\n\n\n\n<p>Gli ingredienti principali di questo olio da massaggio alla lavanda sono l&#039;olio essenziale di lavanda puro naturale e l&#039;olio di semi di girasole. L&#039;olio essenziale di lavanda \u00e8 ricco di ingredienti bioattivi e ha eccellenti propriet\u00e0 aromaterapeutiche, aiutando ad alleviare lo stress emotivo e migliorare il benessere mentale. Come produttore affidabile di olio da massaggio alla lavanda, sappiamo che l&#039;olio di semi di girasole \u00e8 ricco di vitamine e acido linoleico, che possono nutrire e riparare efficacemente la pelle e migliorare le condizioni della pelle secca e ruvida. Questi ingredienti di alta qualit\u00e0 non sono solo sicuri e non irritanti, ma danno anche pieno gioco ai molteplici effetti di rilassamento, lenimento e nutrimento quando vengono utilizzati, portando una cura completa alla pelle e alla mente.<\/p>\n\n\n\n<h3 class=\"wp-block-heading\">Scenari applicabili dell&#039;olio da massaggio alla lavanda<\/h3>\n\n\n\n<p>Questo olio da massaggio alla lavanda \u00e8 perfetto per le calde e afose giornate estive. Con il caldo e l&#039;afa, la pelle \u00e8 soggetta a secchezza e ruvidit\u00e0, oltre che a stanchezza e ansia. Questo olio da massaggio penetra rapidamente nella pelle senza lasciare una sensazione appiccicosa, offrendo anche un aroma rilassante e nutriente che ti manterr\u00e0 fresco e a tuo agio nel caldo. Inoltre, protegge la pelle dai danni del sole, rendendo facile godere di un&#039;esperienza riposante e piacevole in tutti gli ambienti.<\/p>\n\n\n\n<h3 class=\"wp-block-heading\">Per chi \u00e8 adatto l&#039;olio da massaggio alla lavanda?<\/h3>\n\n\n\n<p>Questo olio da massaggio alla lavanda \u00e8 adatto a utenti di tutti i tipi di pelle. Per coloro che sono stressati e irritabili, pu\u00f2 aiutare ad alleviare l&#039;ansia, migliorare lo stato mentale e rilassare il corpo e la mente attraverso l&#039;aromaterapia. Allo stesso tempo, pu\u00f2 anche nutrire in profondit\u00e0 la pelle, migliorare la secchezza e la ruvidit\u00e0 del problema, in modo che la pelle si ripristini morbida e liscia. Soprattutto per coloro che sono spesso in uno stato di lavoro ad alta intensit\u00e0, questo olio da massaggio pu\u00f2 aiutare a rilassare i muscoli, alleviare la stanchezza e portare loro una cura completa.<\/p>\n\n\n\n<h3 class=\"wp-block-heading\">Processo di produzione dell&#039;olio per massaggi alla lavanda<\/h3>\n\n\n\n<p>Lo speciale processo di produzione dell&#039;olio per massaggi alla lavanda include l&#039;estrazione dell&#039;olio essenziale da fiori di lavanda selezionati tramite distillazione a vapore, un processo che preserva l&#039;aroma naturale e le propriet\u00e0 curative della lavanda. Successivamente, gli oli essenziali vengono miscelati in proporzioni precise con oli vettore di alta qualit\u00e0 come l&#039;olio di mandorle dolci o l&#039;olio di vinaccioli per garantire che l&#039;olio per massaggi penetri e nutra. Come produttore affidabile di olio per massaggi alla lavanda, l&#039;intero processo di produzione avviene in un ambiente rigorosamente controllato, evitando luce e calore per mantenere la stabilit\u00e0 e la purezza dell&#039;olio.<\/p>","protected":false},"excerpt":{"rendered":"Lavender massage oil manufacturing common formulas The main ingredients of this lavender massage oil are natural pure lavender essential oil and sunflower seed oil. Lavender essential oil is rich in bio-active ingredients and has excellent aromatherapeutic properties, helping to relieve emotional stress and enhance mental well-being. As a trustworthy Lavender massage oil manufacturer, we know [&hellip;]","protected":false},"featured_media":434,"menu_order":0,"template":"","meta":[],"product-tag":[],"products":[59],"class_list":["post-425","product","type-product","status-publish","has-post-thumbnail","hentry","products-massage-oil"],"acf":[],"_links":{"self":[{"href":"https:\/\/www.ruiqigo.com\/it\/wp-json\/wp\/v2\/product\/425","targetHints":{"allow":["GET"]}}],"collection":[{"href":"https:\/\/www.ruiqigo.com\/it\/wp-json\/wp\/v2\/product"}],"about":[{"href":"https:\/\/www.ruiqigo.com\/it\/wp-json\/wp\/v2\/types\/product"}],"version-history":[{"count":0,"href":"https:\/\/www.ruiqigo.com\/it\/wp-json\/wp\/v2\/product\/425\/revisions"}],"wp:featuredmedia":[{"embeddable":true,"href":"https:\/\/www.ruiqigo.com\/it\/wp-json\/wp\/v2\/media\/434"}],"wp:attachment":[{"href":"https:\/\/www.ruiqigo.com\/it\/wp-json\/wp\/v2\/media?parent=425"}],"wp:term":[{"taxonomy":"product-tag","embeddable":true,"href":"https:\/\/www.ruiqigo.com\/it\/wp-json\/wp\/v2\/product-tag?post=425"},{"taxonomy":"products","embeddable":true,"href":"https:\/\/www.ruiqigo.com\/it\/wp-json\/wp\/v2\/products?post=425"}],"curies":[{"name":"parola chiave","href":"https:\/\/api.w.org\/{rel}","templated":true}]}}