{"id":468,"date":"2024-07-12T15:30:38","date_gmt":"2024-07-12T07:30:38","guid":{"rendered":"https:\/\/ruiqigo.com\/?post_type=product&#038;p=468"},"modified":"2024-11-06T13:38:55","modified_gmt":"2024-11-06T05:38:55","slug":"bubble-facial-mask","status":"publish","type":"product","link":"https:\/\/www.ruiqigo.com\/it\/product\/bubble-facial-mask","title":{"rendered":"Maschera viso a bolle"},"content":{"rendered":"<h2 class=\"wp-block-heading\">Formule comuni per la produzione di maschere facciali a bolle<\/h2>\n\n\n\n<p>Gli ingredienti principali di questa maschera facciale a bolle includono estratto di corteccia di salice bianco, estratto di amaranto e beta-glucano di avena. L&#039;estratto di corteccia di salice bianco \u00e8 ricco di acido ellagico e altri importanti ingredienti attivi, che possono assorbire efficacemente lo sporco nei pori e inibire la crescita di batteri nocivi, ottenendo cos\u00ec un effetto di pulizia profonda. L&#039;estratto di amaranto \u00e8 ricco di vitamina C e aminoacidi, che aiutano ad alleviare l&#039;irritazione causata dalla pulizia e mantengono la funzione barriera della pelle. Come produttore leader di maschere facciali a bolle, sappiamo che il beta-glucano di avena non solo crea bolle ricche e dense, ma assorbe anche l&#039;eccesso di sebo ed esfolia delicatamente le cellule morte della pelle, lasciando la pelle fresca e radiosa. Questi tre ingredienti principali si completano a vicenda per fornire alla tua pelle una pulizia profonda e una riparazione complete.<\/p>\n\n\n\n<h2 class=\"wp-block-heading\">Scenari applicabili alla maschera facciale a bolle<\/h2>\n\n\n\n<p>La maschera facciale a bolle \u00e8 ideale per la pelle della zona T che \u00e8 soggetta a punti neri, acne e pori dilatati a causa di untuosit\u00e0 prolungata o mancanza di pulizia. Applicata settimanalmente, dissolve in profondit\u00e0 vecchi detriti e inquinanti nei pori, lasciando la pelle fresca e rivitalizzata. Gli ingredienti lenitivi di questo detergente forniscono anche un sollievo immediato dopo la pulizia, rendendo il processo piacevole.<\/p>\n\n\n\n<h2 class=\"wp-block-heading\">Per chi \u00e8 adatta la maschera facciale Bubble?<\/h2>\n\n\n\n<p>Questa maschera facciale a bolle \u00e8 adatta a tutti i tipi di pelle, in particolare a quelle che necessitano di una pulizia profonda, cura dei pori e luminosit\u00e0 dell&#039;incarnato. Per pelli grasse e miste, controlla efficacemente la produzione di sebo e riduce la formazione di acne e punti neri. Per pelli secche e sensibili, la sua formula delicata e gli ingredienti idratanti leniscono la pelle e riducono le irritazioni.<\/p>\n\n\n\n<h2 class=\"wp-block-heading\">Processo di produzione della maschera facciale a bolle<\/h2>\n\n\n\n<p>Il nostro team di professionisti ha lavorato instancabilmente per creare una straordinaria maschera facciale a bolle. Innanzitutto, siamo molto rigorosi nella selezione delle materie prime per garantire la purezza e l&#039;attivit\u00e0 degli ingredienti principali come l&#039;estratto di corteccia di salice bianco e l&#039;estratto di amaranto. Quindi, nel processo di formulazione, come produttore affidabile di maschere facciali a bolle, controlliamo attentamente la quantit\u00e0 e la proporzione di ciascun ingrediente per massimizzare i loro effetti sinergici. La fase chiave della schiuma \u00e8 stata ottimizzata pi\u00f9 e pi\u00f9 volte per ottenere bolle ricche e cremose.<\/p>","protected":false},"excerpt":{"rendered":"Bubble facial mask manufacturing common formulas The core ingredients of this bubble facial mask include White Willow Bark Extract, Amaranth Extract and Oat Beta-Glucan. White Willow Bark Extract is rich in ellagic acid and other important active ingredients, which can effectively absorb dirt in the pores and inhibit the growth of harmful bacteria, thus achieving [&hellip;]","protected":false},"featured_media":469,"menu_order":0,"template":"","meta":[],"product-tag":[],"products":[69],"class_list":["post-468","product","type-product","status-publish","has-post-thumbnail","hentry","products-facial-mask"],"acf":[],"_links":{"self":[{"href":"https:\/\/www.ruiqigo.com\/it\/wp-json\/wp\/v2\/product\/468","targetHints":{"allow":["GET"]}}],"collection":[{"href":"https:\/\/www.ruiqigo.com\/it\/wp-json\/wp\/v2\/product"}],"about":[{"href":"https:\/\/www.ruiqigo.com\/it\/wp-json\/wp\/v2\/types\/product"}],"version-history":[{"count":0,"href":"https:\/\/www.ruiqigo.com\/it\/wp-json\/wp\/v2\/product\/468\/revisions"}],"wp:featuredmedia":[{"embeddable":true,"href":"https:\/\/www.ruiqigo.com\/it\/wp-json\/wp\/v2\/media\/469"}],"wp:attachment":[{"href":"https:\/\/www.ruiqigo.com\/it\/wp-json\/wp\/v2\/media?parent=468"}],"wp:term":[{"taxonomy":"product-tag","embeddable":true,"href":"https:\/\/www.ruiqigo.com\/it\/wp-json\/wp\/v2\/product-tag?post=468"},{"taxonomy":"products","embeddable":true,"href":"https:\/\/www.ruiqigo.com\/it\/wp-json\/wp\/v2\/products?post=468"}],"curies":[{"name":"parola chiave","href":"https:\/\/api.w.org\/{rel}","templated":true}]}}