{"id":473,"date":"2024-07-12T15:39:04","date_gmt":"2024-07-12T07:39:04","guid":{"rendered":"https:\/\/ruiqigo.com\/?post_type=product&#038;p=473"},"modified":"2024-11-06T13:36:00","modified_gmt":"2024-11-06T05:36:00","slug":"honey-facial-mask","status":"publish","type":"product","link":"https:\/\/www.ruiqigo.com\/it\/product\/honey-facial-mask","title":{"rendered":"Maschera viso al miele"},"content":{"rendered":"<h2 class=\"wp-block-heading\">Formule comuni per la produzione di maschere per il viso al miele<\/h2>\n\n\n\n<p>Gli ingredienti principali di questa maschera viso al miele includono estratto di miele, estratto di pappa reale ed estratto di amaranto. L&#039;estratto di miele \u00e8 ricco di zuccheri, aminoacidi e vitamine, che non solo ripristinano l&#039;idratazione della pelle, ma promuovono anche la sintesi del collagene, rendendo la pelle pi\u00f9 elastica e idratata. L&#039;estratto di pappa reale \u00e8 ricco di una variet\u00e0 di vitamine e minerali, pu\u00f2 migliorare efficacemente la consistenza della pelle, aumentare la capacit\u00e0 antiossidante della pelle, in modo da ottenere l&#039;effetto di una pelle bianca e luminosa. L&#039;estratto di amaranto, che \u00e8 ricco di vitamina C, non solo inibisce la produzione di melanina e allevia l&#039;iperpigmentazione, ma calma anche l&#039;infiammazione innescata dalla secchezza, consentendo alla pelle di ritrovare il suo stato sano e naturale.<\/p>\n\n\n\n<h2 class=\"wp-block-heading\">Scenari applicabili alla maschera viso al miele<\/h2>\n\n\n\n<p>La maschera viso al miele \u00e8 adatta a un&#039;ampia gamma di occasioni di cura della pelle, in particolare per l&#039;idratazione di emergenza durante la stagione secca o quando la pelle \u00e8 disidratata. \u00c8 adatta anche come routine di cura della pelle regolare per aiutare a mantenere l&#039;equilibrio di idratazione e la salute della pelle. Inoltre, per la pelle che \u00e8 stata in un ambiente con aria condizionata per un lungo periodo di tempo o dopo l&#039;esposizione al sole, questa maschera fornisce un effetto lenitivo e rigenerante.<\/p>\n\n\n\n<h2 class=\"wp-block-heading\">Per chi \u00e8 adatta la maschera viso al miele?<\/h2>\n\n\n\n<p>Questa maschera viso al miele \u00e8 adatta a tutti i tipi di pelle, in particolare a quella secca, disidratata e matura. \u00c8 la scelta ideale per i consumatori che desiderano migliorare il tono della pelle, ridurre l&#039;infiammazione e migliorare l&#039;elasticit\u00e0 della pelle. Inoltre, per la pelle sensibile, la sua formula delicata riduce l&#039;irritazione e fornisce lenimento e protezione.<\/p>\n\n\n\n<h2 class=\"wp-block-heading\">Processo di produzione della maschera facciale al miele<\/h2>\n\n\n\n<p>Nella produzione della nostra maschera viso al miele, in quanto degni produttori di maschere viso al miele, utilizziamo tecniche avanzate di estrazione e miscelazione per garantire la potenza e l&#039;attivit\u00e0 di tutti gli ingredienti. Attraverso un processo di estrazione a bassa temperatura, conserviamo gli enzimi e i nutrienti naturali presenti nel miele e nella pappa reale. Inoltre, utilizziamo la tecnologia di riempimento asettico per garantire la purezza e la stabilit\u00e0 dei nostri prodotti. In quanto produttori professionali di maschere viso al miele, il processo di produzione della maschera include anche un esclusivo processo di emulsificazione, che aiuta a creare la consistenza setosa della maschera, rendendola pi\u00f9 facile da applicare e assorbire nella pelle. Attraverso questi speciali processi di produzione, garantiamo l&#039;alta qualit\u00e0 e i risultati superiori della nostra maschera viso al miele.<\/p>","protected":false},"excerpt":{"rendered":"Honey facial mask manufacturing common formulas The core ingredients of this honey facial mask include honey extract, royal jelly extract and amaranth extract. Honey extract is rich in sugars, amino acids and vitamins, which not only replenishes skin moisture, but also promotes collagen synthesis, making skin more supple and moisturized. Royal jelly extract is rich [&hellip;]","protected":false},"featured_media":474,"menu_order":0,"template":"","meta":[],"product-tag":[],"products":[69],"class_list":["post-473","product","type-product","status-publish","has-post-thumbnail","hentry","products-facial-mask"],"acf":[],"_links":{"self":[{"href":"https:\/\/www.ruiqigo.com\/it\/wp-json\/wp\/v2\/product\/473","targetHints":{"allow":["GET"]}}],"collection":[{"href":"https:\/\/www.ruiqigo.com\/it\/wp-json\/wp\/v2\/product"}],"about":[{"href":"https:\/\/www.ruiqigo.com\/it\/wp-json\/wp\/v2\/types\/product"}],"version-history":[{"count":0,"href":"https:\/\/www.ruiqigo.com\/it\/wp-json\/wp\/v2\/product\/473\/revisions"}],"wp:featuredmedia":[{"embeddable":true,"href":"https:\/\/www.ruiqigo.com\/it\/wp-json\/wp\/v2\/media\/474"}],"wp:attachment":[{"href":"https:\/\/www.ruiqigo.com\/it\/wp-json\/wp\/v2\/media?parent=473"}],"wp:term":[{"taxonomy":"product-tag","embeddable":true,"href":"https:\/\/www.ruiqigo.com\/it\/wp-json\/wp\/v2\/product-tag?post=473"},{"taxonomy":"products","embeddable":true,"href":"https:\/\/www.ruiqigo.com\/it\/wp-json\/wp\/v2\/products?post=473"}],"curies":[{"name":"parola chiave","href":"https:\/\/api.w.org\/{rel}","templated":true}]}}