{"id":479,"date":"2024-07-12T16:01:49","date_gmt":"2024-07-12T08:01:49","guid":{"rendered":"https:\/\/ruiqigo.com\/?post_type=product&#038;p=479"},"modified":"2024-11-05T23:15:26","modified_gmt":"2024-11-05T15:15:26","slug":"avocado-facial-mask","status":"publish","type":"product","link":"https:\/\/www.ruiqigo.com\/it\/product\/avocado-facial-mask","title":{"rendered":"Maschera viso all&#039;avocado"},"content":{"rendered":"<h2 class=\"wp-block-heading\">Formule comuni per la produzione di maschere per il viso all&#039;avocado<\/h2>\n\n\n\n<p>Gli ingredienti principali di questa maschera viso all&#039;avocado sono la resina dell&#039;albero di avocado, l&#039;estratto di camelia sinensis e la vitamina E. Tra questi, la resina dell&#039;albero di avocado \u00e8 ricca di oli e acidi grassi, che possono nutrire in profondit\u00e0 la parte inferiore della pelle e migliorarne l&#039;elasticit\u00e0 e la morbidezza. Allo stesso tempo, pu\u00f2 anche prevenire efficacemente la perdita di acqua, in modo che la pelle si senta idratata e piena. L&#039;estratto di camelia \u00e8 ricco di vitamine antiossidanti, che possono ridurre efficacemente i danni dei radicali liberi alla pelle e migliorare il problema di opacit\u00e0 e gonfiore. Come produttore di maschere viso all&#039;avocado, per quanto riguarda la vitamina E, non solo promuove il metabolismo cellulare, migliora la capacit\u00e0 della pelle di resistere, ma riduce anche al minimo le linee sottili, rendendo la pelle pi\u00f9 morbida ed elastica.<\/p>\n\n\n\n<h2 class=\"wp-block-heading\">Scenari applicabili della maschera facciale all&#039;avocado<\/h2>\n\n\n\n<p>La maschera viso all&#039;avocado \u00e8 adatta a diverse occasioni, sia che tu stia eseguendo la tua cura quotidiana della pelle a casa o che ti stia godendo un trattamento professionale al salone, pu\u00f2 apportare miglioramenti significativi alla tua pelle. \u00c8 particolarmente adatta per l&#039;uso durante la stagione secca, l&#039;esposizione prolungata all&#039;aria condizionata o al riscaldamento o per la riparazione della pelle dopo l&#039;esposizione al sole.<\/p>\n\n\n\n<h2 class=\"wp-block-heading\">Per chi \u00e8 adatta la maschera viso all&#039;avocado?<\/h2>\n\n\n\n<p>Questa maschera \u00e8 adatta a tutti i tipi di pelle, in particolare a quella secca e disidratata. Per i consumatori che hanno bisogno di nutrimento e idratazione profondi, la maschera viso all&#039;avocado fornisce un nutrimento ricco e un effetto idratante di lunga durata. \u00c8 anche ideale per coloro che cercano una pelle sana e naturalmente luminosa.<\/p>\n\n\n\n<h2 class=\"wp-block-heading\">Processo di produzione della maschera facciale all&#039;avocado<\/h2>\n\n\n\n<p>Le nostre maschere per il viso all&#039;avocado sono realizzate utilizzando un processo di produzione unico per garantire l&#039;alta qualit\u00e0 e l&#039;efficacia dei nostri prodotti. Nel processo di produzione, in primo luogo, nella selezione delle materie prime, controlliamo rigorosamente la qualit\u00e0 degli ingredienti principali come la resina dell&#039;albero di avocado e l&#039;estratto di camelia per garantire la massimizzazione del loro valore nutrizionale e delle sostanze attive. Nel processo di formulazione, bilanciamo anche attentamente il rapporto di vari ingredienti in modo che possano svolgere il miglior effetto sinergico sulla pelle. Allo stesso tempo, come produttore affidabile di maschere per il viso all&#039;avocado, abbiamo anche progettato un processo di estrazione delicato e delicato per l&#039;avocado, un ingrediente naturale, per garantire che i suoi nutrienti non vengano danneggiati e che il sapore originale venga preservato al massimo.<\/p>","protected":false},"excerpt":{"rendered":"Avocado facial mask manufacturing common formulas The core ingredients of this avocado facial mask are avocado tree resin, camellia sinensis extract and vitamin E. Among them, avocado tree resin is rich in oils and fatty acids, which can deeply nourish the underbelly of the skin and enhance the elasticity and suppleness of the skin. At [&hellip;]","protected":false},"featured_media":480,"menu_order":0,"template":"","meta":[],"product-tag":[],"products":[69],"class_list":["post-479","product","type-product","status-publish","has-post-thumbnail","hentry","products-facial-mask"],"acf":[],"_links":{"self":[{"href":"https:\/\/www.ruiqigo.com\/it\/wp-json\/wp\/v2\/product\/479","targetHints":{"allow":["GET"]}}],"collection":[{"href":"https:\/\/www.ruiqigo.com\/it\/wp-json\/wp\/v2\/product"}],"about":[{"href":"https:\/\/www.ruiqigo.com\/it\/wp-json\/wp\/v2\/types\/product"}],"version-history":[{"count":0,"href":"https:\/\/www.ruiqigo.com\/it\/wp-json\/wp\/v2\/product\/479\/revisions"}],"wp:featuredmedia":[{"embeddable":true,"href":"https:\/\/www.ruiqigo.com\/it\/wp-json\/wp\/v2\/media\/480"}],"wp:attachment":[{"href":"https:\/\/www.ruiqigo.com\/it\/wp-json\/wp\/v2\/media?parent=479"}],"wp:term":[{"taxonomy":"product-tag","embeddable":true,"href":"https:\/\/www.ruiqigo.com\/it\/wp-json\/wp\/v2\/product-tag?post=479"},{"taxonomy":"products","embeddable":true,"href":"https:\/\/www.ruiqigo.com\/it\/wp-json\/wp\/v2\/products?post=479"}],"curies":[{"name":"parola chiave","href":"https:\/\/api.w.org\/{rel}","templated":true}]}}