{"id":484,"date":"2024-07-12T16:15:53","date_gmt":"2024-07-12T08:15:53","guid":{"rendered":"https:\/\/ruiqigo.com\/?post_type=product&#038;p=484"},"modified":"2024-11-05T23:16:03","modified_gmt":"2024-11-05T15:16:03","slug":"oat-facial-mask","status":"publish","type":"product","link":"https:\/\/www.ruiqigo.com\/it\/product\/oat-facial-mask","title":{"rendered":"Maschera viso all&#039;avena"},"content":{"rendered":"<h2 class=\"wp-block-heading\">Formule comuni per la produzione di maschere per il viso all&#039;avena<\/h2>\n\n\n\n<p>Gli ingredienti principali di questa maschera viso all&#039;avena sono l&#039;estratto di noccioli d&#039;avena, la proteina idrolizzata dell&#039;avena e il beta-glucano dell&#039;avena. Tra questi, l&#039;estratto di noccioli d&#039;avena \u00e8 ricco di saponine naturali, che esfoliano delicatamente le impurit\u00e0 e puliscono in profondit\u00e0 i pori. Allo stesso tempo, pu\u00f2 anche regolare la secrezione di sebo e controllare la generazione di punti neri e acne. La proteina idrolizzata dell&#039;avena pu\u00f2 penetrare in profondit\u00e0 nella pelle, ripristinando il ricco nutrimento proteico, migliorando cos\u00ec la ruvidit\u00e0 della pelle, rendendola pi\u00f9 delicata e morbida. Per quanto riguarda il beta-glucano dell&#039;avena, come degno produttore di maschere viso all&#039;avena, sappiamo che non solo assorbe efficacemente l&#039;acqua e migliora la capacit\u00e0 idratante della pelle, ma attiva anche le cellule e migliora la funzione di auto-riparazione della pelle, consentendoti di riacquistare la buona qualit\u00e0 di una pelle luminosa e cristallina.<\/p>\n\n\n\n<h2 class=\"wp-block-heading\">Scenari applicabili della maschera viso all&#039;avena<\/h2>\n\n\n\n<p>La maschera facciale all&#039;avena \u00e8 adatta a un&#039;ampia gamma di occasioni di cura della pelle ed \u00e8 particolarmente indicata quando la pelle ha bisogno di una pulizia profonda e nutrimento. Ad esempio, dopo una giornata di inquinamento esterno o durante il cambio di stagione, quando la pelle ha bisogno di cure speciali. Inoltre, per la pelle che indossa il trucco da molto tempo, la maschera facciale all&#039;avena offre un delicato effetto detergente e lenitivo.<\/p>\n\n\n\n<h2 class=\"wp-block-heading\">Per chi \u00e8 adatta la maschera viso all&#039;avena?<\/h2>\n\n\n\n<p>Questa maschera \u00e8 particolarmente adatta per le persone con cuticole pi\u00f9 spesse che hanno bisogno di schiarire il tono della pelle. Per i consumatori con pelle ruvida, pori dilatati o che soffrono di acne, la maschera facciale all&#039;avena pu\u00f2 fornire una soluzione efficace. \u00c8 anche una scelta ideale per i consumatori che cercano una cura della pelle naturale e ingredienti botanici.<\/p>\n\n\n\n<h2 class=\"wp-block-heading\">Processo di produzione della maschera facciale all&#039;avena<\/h2>\n\n\n\n<p>Il processo di produzione della maschera facciale all&#039;avena si concentra sulla conservazione dell&#039;attivit\u00e0 naturale e dell&#039;efficacia degli ingredienti. Utilizziamo la tecnologia di estrazione a bassa temperatura per estrarre i principi attivi dall&#039;avena per garantirne purezza e stabilit\u00e0. Durante il processo di produzione, controlliamo rigorosamente l&#039;ambiente di produzione per garantire la sterilit\u00e0 e la sicurezza dei nostri prodotti. Inoltre, come produttore leader di maschere facciali all&#039;avena, utilizziamo formulazioni e processi di emulsificazione unici per rendere le maschere cremose nella consistenza e facilmente assorbibili, offrendo un&#039;esperienza di cura della pelle delicata ma efficace.<\/p>","protected":false},"excerpt":{"rendered":"Oat facial mask manufacturing common formulas The core ingredients of this oat facial mask are oat kernel extract, hydrolyzed oat protein and oat beta-glucan. Among them, Oat Kernel Extract is rich in natural saponins, which gently exfoliates impurities and deeply cleanses pores. At the same time, it can also regulate sebum secretion and control the [&hellip;]","protected":false},"featured_media":485,"menu_order":0,"template":"","meta":[],"product-tag":[],"products":[69],"class_list":["post-484","product","type-product","status-publish","has-post-thumbnail","hentry","products-facial-mask"],"acf":[],"_links":{"self":[{"href":"https:\/\/www.ruiqigo.com\/it\/wp-json\/wp\/v2\/product\/484","targetHints":{"allow":["GET"]}}],"collection":[{"href":"https:\/\/www.ruiqigo.com\/it\/wp-json\/wp\/v2\/product"}],"about":[{"href":"https:\/\/www.ruiqigo.com\/it\/wp-json\/wp\/v2\/types\/product"}],"version-history":[{"count":0,"href":"https:\/\/www.ruiqigo.com\/it\/wp-json\/wp\/v2\/product\/484\/revisions"}],"wp:featuredmedia":[{"embeddable":true,"href":"https:\/\/www.ruiqigo.com\/it\/wp-json\/wp\/v2\/media\/485"}],"wp:attachment":[{"href":"https:\/\/www.ruiqigo.com\/it\/wp-json\/wp\/v2\/media?parent=484"}],"wp:term":[{"taxonomy":"product-tag","embeddable":true,"href":"https:\/\/www.ruiqigo.com\/it\/wp-json\/wp\/v2\/product-tag?post=484"},{"taxonomy":"products","embeddable":true,"href":"https:\/\/www.ruiqigo.com\/it\/wp-json\/wp\/v2\/products?post=484"}],"curies":[{"name":"parola chiave","href":"https:\/\/api.w.org\/{rel}","templated":true}]}}