{"id":489,"date":"2024-07-12T16:33:47","date_gmt":"2024-07-12T08:33:47","guid":{"rendered":"https:\/\/ruiqigo.com\/?post_type=product&#038;p=489"},"modified":"2024-11-05T23:09:49","modified_gmt":"2024-11-05T15:09:49","slug":"herb-facial-mask","status":"publish","type":"product","link":"https:\/\/www.ruiqigo.com\/it\/product\/herb-facial-mask","title":{"rendered":"Maschera viso alle erbe"},"content":{"rendered":"<h2 class=\"wp-block-heading\">Formule comuni per la produzione di maschere per il viso alle erbe<\/h2>\n\n\n\n<p>La maschera viso alle erbe contiene acqua di amamelide nordamericana, estratto di cetriolo ed estratto di amaranto, ricco di molteplici estratti di erbe. L&#039;acqua di amamelide nordamericana \u00e8 nota per le sue propriet\u00e0 lenitive e astringenti, che aiutano a bilanciare il sebo della pelle, a minimizzare i pori dilatati e a restituire freschezza e raffinatezza alla pelle. L&#039;estratto di cetriolo \u00e8 ricco di acqua e vitamine, che forniscono un&#039;idratazione immediata alla pelle, con un effetto rinfrescante e lenitivo. Come produttore affidabile di maschere viso alle erbe, sappiamo che l&#039;estratto di amaranto ha propriet\u00e0 antinfiammatorie e antiossidanti che riducono il rossore, promuovono la salute della pelle e migliorano la capacit\u00e0 della pelle di proteggersi.<\/p>\n\n\n\n<h2 class=\"wp-block-heading\">Scenari applicabili alla maschera facciale alle erbe<\/h2>\n\n\n\n<p>La maschera viso Herb \u00e8 adatta a un&#039;ampia gamma di occasioni di cura della pelle, specialmente quando cambiano le stagioni, quando la pelle \u00e8 esposta a stimoli esterni o quando \u00e8 stata in un ambiente con aria condizionata per lungo tempo. \u00c8 anche ideale per l&#039;uso in una routine di cura della pelle quotidiana per fornire regolarmente lenimento e idratazione alla pelle. Inoltre, la maschera Herbal fornisce propriet\u00e0 calmanti e ricostituenti essenziali alla pelle dopo un lungo viaggio o attivit\u00e0 all&#039;aperto.<\/p>\n\n\n\n<h2 class=\"wp-block-heading\">Per chi \u00e8 adatta la maschera viso alle erbe?<\/h2>\n\n\n\n<p>Questa maschera \u00e8 adatta a tutti i tipi di pelle, in particolare per pelli sensibili o soggette a stimoli esterni. Per i consumatori che cercano una cura naturale della pelle e vogliono ridurre al minimo l&#039;esposizione chimica, la maschera alle erbe offre un&#039;opzione delicata ma efficace per la cura della pelle. \u00c8 adatta anche a coloro che hanno bisogno di alleviare l&#039;affaticamento della pelle e ringiovanirla.<\/p>\n\n\n\n<h2 class=\"wp-block-heading\">Processo di produzione della maschera facciale alle erbe<\/h2>\n\n\n\n<p>Utilizziamo un esclusivo processo di macinazione sotto vuoto a bassa temperatura con rigoroso controllo della temperatura e del tempo per massimizzare la ritenzione dei ricchi nutrienti delle erbe. Selezioniamo attentamente ingredienti vegetali naturali di alta qualit\u00e0 e utilizziamo una formula senza additivi per garantire che la maschera facciale alle erbe sia sicura e delicata e che si prenda veramente cura della salute della pelle. Come degno produttore di maschere facciali alle erbe, utilizziamo anche un design di imballaggio senza plastica, evidenziando il concetto di protezione ambientale.<\/p>","protected":false},"excerpt":{"rendered":"Herb facial mask manufacturing common formulas Herb facial mask contains North American Witch Hazel Water, Cucumber Extract, and Amaranth Extract, rich in multiple herbal extracts. North American Witch Hazel Water is known for its soothing and astringent properties, helping to balance the skin&#8217;s oil, minimize enlarged pores, and restore freshness and refinement to the skin. [&hellip;]","protected":false},"featured_media":490,"menu_order":0,"template":"","meta":[],"product-tag":[],"products":[69],"class_list":["post-489","product","type-product","status-publish","has-post-thumbnail","hentry","products-facial-mask"],"acf":[],"_links":{"self":[{"href":"https:\/\/www.ruiqigo.com\/it\/wp-json\/wp\/v2\/product\/489","targetHints":{"allow":["GET"]}}],"collection":[{"href":"https:\/\/www.ruiqigo.com\/it\/wp-json\/wp\/v2\/product"}],"about":[{"href":"https:\/\/www.ruiqigo.com\/it\/wp-json\/wp\/v2\/types\/product"}],"version-history":[{"count":0,"href":"https:\/\/www.ruiqigo.com\/it\/wp-json\/wp\/v2\/product\/489\/revisions"}],"wp:featuredmedia":[{"embeddable":true,"href":"https:\/\/www.ruiqigo.com\/it\/wp-json\/wp\/v2\/media\/490"}],"wp:attachment":[{"href":"https:\/\/www.ruiqigo.com\/it\/wp-json\/wp\/v2\/media?parent=489"}],"wp:term":[{"taxonomy":"product-tag","embeddable":true,"href":"https:\/\/www.ruiqigo.com\/it\/wp-json\/wp\/v2\/product-tag?post=489"},{"taxonomy":"products","embeddable":true,"href":"https:\/\/www.ruiqigo.com\/it\/wp-json\/wp\/v2\/products?post=489"}],"curies":[{"name":"parola chiave","href":"https:\/\/api.w.org\/{rel}","templated":true}]}}