{"id":507,"date":"2024-07-16T10:59:49","date_gmt":"2024-07-16T02:59:49","guid":{"rendered":"https:\/\/ruiqigo.com\/?post_type=product&#038;p=507"},"modified":"2024-11-05T23:02:10","modified_gmt":"2024-11-05T15:02:10","slug":"charcoal-cleanser","status":"publish","type":"product","link":"https:\/\/www.ruiqigo.com\/it\/product\/charcoal-cleanser","title":{"rendered":"Detergente al carbone"},"content":{"rendered":"<h2 class=\"wp-block-heading\">Formule comuni per la produzione di detergenti al carbone<\/h2>\n\n\n\n<p>Il carbone ha potenti propriet\u00e0 di adsorbimento che possono penetrare in profondit\u00e0 nei pori e rimuovere efficacemente l&#039;olio accumulato, la polvere e varie impurit\u00e0. Allo stesso tempo, come degno produttore di Charcoal Cleanser, pensiamo che il carbone abbia anche un&#039;ottima funzione battericida e antibatterica, pu\u00f2 inibire la crescita di batteri nocivi, per prevenire la formazione di brufoli e acne.<\/p>\n\n\n\n<h2 class=\"wp-block-heading\">Scenari applicabili al detergente al carbone<\/h2>\n\n\n\n<p>Il detergente viso al carbone \u00e8 adatto all&#039;uso in diverse situazioni, tra cui la pulizia quotidiana del viso, la pulizia profonda dopo la rimozione del trucco, la pulizia dopo l&#039;attivit\u00e0 fisica e in ambienti con scarsa qualit\u00e0 dell&#039;aria per aiutare a rimuovere gli inquinanti dalla pelle.<\/p>\n\n\n\n<h2 class=\"wp-block-heading\">Per chi \u00e8 adatto Charcoal Cleanser?<\/h2>\n\n\n\n<p>Questo detergente \u00e8 particolarmente adatto per pelli grasse, miste e acneiche. Charcoal Facial Cleanser \u00e8 la scelta ideale per i consumatori che cercano un effetto di pulizia profonda o per coloro che hanno bisogno di migliorare l&#039;aspetto dei pori dilatati.<\/p>\n\n\n\n<h2 class=\"wp-block-heading\">Processo di produzione del detergente al carbone<\/h2>\n\n\n\n<p>Durante la produzione di Charcoal Facial Cleanser, utilizziamo una tecnologia avanzata di macinazione e miscelazione per garantire la finezza e la distribuzione uniforme del toner. Controllando con precisione la dimensione delle particelle del toner, miglioriamo la capacit\u00e0 di assorbimento e l&#039;effetto detergente del prodotto. Come produttore affidabile di Charcoal Cleanser, utilizziamo la tecnologia di riempimento asettico per garantire la purezza e la sicurezza dei nostri prodotti.<\/p>","protected":false},"excerpt":{"rendered":"Charcoal Cleanser manufacturing common formulas Charcoal has powerful adsorption properties that can penetrate deep into the pores and effectively remove accumulated oil, dust and various impurities. At the same time, as a worthy Charcoal Cleanser manufacturer, we think charcoal also has a very good bactericidal and antibacterial function, can inhibit the growth of harmful bacteria, [&hellip;]","protected":false},"featured_media":521,"menu_order":0,"template":"","meta":[],"product-tag":[],"products":[65],"class_list":["post-507","product","type-product","status-publish","has-post-thumbnail","hentry","products-facial-cleanser"],"acf":[],"_links":{"self":[{"href":"https:\/\/www.ruiqigo.com\/it\/wp-json\/wp\/v2\/product\/507","targetHints":{"allow":["GET"]}}],"collection":[{"href":"https:\/\/www.ruiqigo.com\/it\/wp-json\/wp\/v2\/product"}],"about":[{"href":"https:\/\/www.ruiqigo.com\/it\/wp-json\/wp\/v2\/types\/product"}],"version-history":[{"count":0,"href":"https:\/\/www.ruiqigo.com\/it\/wp-json\/wp\/v2\/product\/507\/revisions"}],"wp:featuredmedia":[{"embeddable":true,"href":"https:\/\/www.ruiqigo.com\/it\/wp-json\/wp\/v2\/media\/521"}],"wp:attachment":[{"href":"https:\/\/www.ruiqigo.com\/it\/wp-json\/wp\/v2\/media?parent=507"}],"wp:term":[{"taxonomy":"product-tag","embeddable":true,"href":"https:\/\/www.ruiqigo.com\/it\/wp-json\/wp\/v2\/product-tag?post=507"},{"taxonomy":"products","embeddable":true,"href":"https:\/\/www.ruiqigo.com\/it\/wp-json\/wp\/v2\/products?post=507"}],"curies":[{"name":"parola chiave","href":"https:\/\/api.w.org\/{rel}","templated":true}]}}