{"id":525,"date":"2024-07-16T11:49:03","date_gmt":"2024-07-16T03:49:03","guid":{"rendered":"https:\/\/ruiqigo.com\/?post_type=product&#038;p=525"},"modified":"2024-11-05T23:06:02","modified_gmt":"2024-11-05T15:06:02","slug":"creamy-cleanser","status":"publish","type":"product","link":"https:\/\/www.ruiqigo.com\/it\/product\/creamy-cleanser","title":{"rendered":"Detergente cremoso"},"content":{"rendered":"<h2 class=\"wp-block-heading\">Formule comuni per la produzione di detergenti cremosi<\/h2>\n\n\n\n<p>Il prodotto contiene ialuronato di sodio, tocoferolo. L&#039;ialuronato di sodio \u00e8 un potente umettante che attrae e trattiene grandi quantit\u00e0 di umidit\u00e0, fornendo un&#039;idratazione duratura e migliorando l&#039;elasticit\u00e0 e la compattezza della pelle. Come produttore leader di detergenti cremosi, il tocoferolo (vitamina E) \u00e8 un antiossidante naturale che aiuta a proteggere la pelle dai radicali liberi, promuovendo al contempo la riparazione della pelle e mantenendo la salute della pelle.<\/p>\n\n\n\n<h2 class=\"wp-block-heading\">Scenari applicabili al detergente cremoso<\/h2>\n\n\n\n<p>Creamy Cleanser \u00e8 adatto per la pulizia quotidiana del viso, soprattutto al mattino dopo il risveglio e alla sera dopo la rimozione del trucco. \u00c8 adatto anche per l&#039;uso durante le stagioni secche o in ambienti con aria condizionata per aiutare a proteggere la pelle dalla perdita di idratazione. \u00c8 ideale anche per pelli sensibili che richiedono una pulizia delicata.<\/p>\n\n\n\n<h2 class=\"wp-block-heading\">Per chi \u00e8 adatto il detergente cremoso<\/h2>\n\n\n\n<p>Questo detergente \u00e8 adatto a tutti i tipi di pelle, in particolare a quella secca, disidratata o matura. Per i consumatori che hanno bisogno di idratazione e nutrimento extra, o per gli utenti con pelle sensibile che cercano un effetto detergente delicato, il Creamy Cleanser fornisce la soluzione ideale.<\/p>\n\n\n\n<h2 class=\"wp-block-heading\">Processo di produzione del detergente cremoso<\/h2>\n\n\n\n<p>Durante la produzione di Creamy Facial Cleanser, utilizziamo tecniche avanzate di estrazione ed emulsificazione per garantire la potenza e la stabilit\u00e0 di tutti gli ingredienti. Controllando con precisione la concentrazione di ialuronato di sodio e tocoferoli, garantiamo gli effetti idratanti e antiossidanti dei nostri prodotti. Come produttori di detergenti cremosi, utilizziamo la tecnologia di riempimento asettico per garantire la purezza e la sicurezza dei nostri prodotti. Inoltre, il nostro processo di produzione include un processo di formulazione unico che assicura che il detergente sia cremoso, facile da applicare e leggermente non irritante.<\/p>","protected":false},"excerpt":{"rendered":"Creamy cleanser manufacturing common formulas The product contains Sodium Hyaluronate, Tocopherol. Sodium Hyaluronate is a powerful humectant that attracts and locks in large amounts of moisture, providing long-lasting moisturization and improving the skin&#8217;s elasticity and firmness. As a leading Creamy cleanser manufacturer, Tocopherol (Vitamin E) is a natural antioxidant that helps protect the skin from [&hellip;]","protected":false},"featured_media":526,"menu_order":0,"template":"","meta":[],"product-tag":[],"products":[65],"class_list":["post-525","product","type-product","status-publish","has-post-thumbnail","hentry","products-facial-cleanser"],"acf":[],"_links":{"self":[{"href":"https:\/\/www.ruiqigo.com\/it\/wp-json\/wp\/v2\/product\/525","targetHints":{"allow":["GET"]}}],"collection":[{"href":"https:\/\/www.ruiqigo.com\/it\/wp-json\/wp\/v2\/product"}],"about":[{"href":"https:\/\/www.ruiqigo.com\/it\/wp-json\/wp\/v2\/types\/product"}],"version-history":[{"count":0,"href":"https:\/\/www.ruiqigo.com\/it\/wp-json\/wp\/v2\/product\/525\/revisions"}],"wp:featuredmedia":[{"embeddable":true,"href":"https:\/\/www.ruiqigo.com\/it\/wp-json\/wp\/v2\/media\/526"}],"wp:attachment":[{"href":"https:\/\/www.ruiqigo.com\/it\/wp-json\/wp\/v2\/media?parent=525"}],"wp:term":[{"taxonomy":"product-tag","embeddable":true,"href":"https:\/\/www.ruiqigo.com\/it\/wp-json\/wp\/v2\/product-tag?post=525"},{"taxonomy":"products","embeddable":true,"href":"https:\/\/www.ruiqigo.com\/it\/wp-json\/wp\/v2\/products?post=525"}],"curies":[{"name":"parola chiave","href":"https:\/\/api.w.org\/{rel}","templated":true}]}}