{"id":532,"date":"2024-07-18T11:39:16","date_gmt":"2024-07-18T03:39:16","guid":{"rendered":"https:\/\/ruiqigo.com\/?post_type=product&#038;p=532"},"modified":"2024-11-15T17:03:09","modified_gmt":"2024-11-15T09:03:09","slug":"green-tea-facial-toner","status":"publish","type":"product","link":"https:\/\/www.ruiqigo.com\/it\/product\/green-tea-facial-toner","title":{"rendered":"Tonico viso al t\u00e8 verde"},"content":{"rendered":"<h2 class=\"wp-block-heading\">Formule comuni per la produzione di tonico per il viso al t\u00e8 verde<\/h2>\n\n\n\n<p>L&#039;alginosio \u00e8 uno zucchero naturale noto per la sua eccellente capacit\u00e0 idratante, che aiuta a trattenere l&#039;idratazione e a migliorare la morbidezza e l&#039;elasticit\u00e0 della pelle. Come produttore professionale di tonico per il viso al t\u00e8 verde, l&#039;estratto di t\u00e8 \u00e8 ricco di polifenoli presenti nel t\u00e8 verde, in particolare catechine, che hanno potenti propriet\u00e0 antiossidanti e combattono efficacemente le aggressioni ambientali esterne sulla pelle, aiutando al contempo a bilanciare la secrezione di sebo della pelle.<\/p>\n\n\n\n<h2 class=\"wp-block-heading\">Scenari applicabili al tonico viso al t\u00e8 verde<\/h2>\n\n\n\n<p>Green Tea Facial Toner \u00e8 adatto a tutti gli aspetti della cura quotidiana della pelle. Usalo al mattino dopo la detersione per risvegliare ed energizzare la pelle, e alla sera per aiutare a ripristinare l&#039;equilibrio della pelle dopo una pulizia profonda. \u00c8 adatto anche per l&#039;uso dopo un&#039;esposizione prolungata a schermi elettronici o attivit\u00e0 all&#039;aperto, per aiutare a proteggere la pelle dagli stress ambientali e ripristinare la freschezza.<\/p>\n\n\n\n<h2 class=\"wp-block-heading\">Per chi \u00e8 adatto il tonico viso al t\u00e8 verde?<\/h2>\n\n\n\n<p>Questo toner \u00e8 adatto a tutti i tipi di pelle, in particolare a quella grassa e mista, cos\u00ec come ai consumatori che cercano una cura naturale della pelle e una protezione antiossidante. Per coloro che desiderano migliorare il tono della pelle e ridurre al minimo i segni di affaticamento cutaneo, Green Tea Facial Toner offre un&#039;opzione ideale per la cura della pelle con i suoi ingredienti delicati ma efficaci.<\/p>\n\n\n\n<h2 class=\"wp-block-heading\">Processo di produzione del tonico per il viso al t\u00e8 verde<\/h2>\n\n\n\n<p>Utilizziamo un esclusivo processo di infusione a bassa temperatura per estrarre i principi attivi dalle foglie di t\u00e8 verde per garantire il sapore originale degli ingredienti. Allo stesso tempo, utilizziamo la tecnologia di micro-nebulizzazione per creare goccioline d&#039;acqua fini e uniformi per un rapido assorbimento dei nutrienti nella pelle. In tutti gli aspetti della produzione, come produttore professionale di toner per il viso al t\u00e8 verde, controlliamo rigorosamente la qualit\u00e0 dei punti chiave per garantire una qualit\u00e0 del prodotto stabile e affidabile.<\/p>","protected":false},"excerpt":{"rendered":"Green tea facial toner manufacturing common formulas Alginose is a natural sugar known for its excellent moisturizing ability, helping to lock in moisture and enhance the skin&#8217;s softness and elasticity. As a professional Green tea facial toner manufacturer, tea extract is rich in polyphenols found in green tea, especially catechins, which have powerful antioxidant properties [&hellip;]","protected":false},"featured_media":538,"menu_order":0,"template":"","meta":[],"product-tag":[],"products":[67],"class_list":["post-532","product","type-product","status-publish","has-post-thumbnail","hentry","products-facial-toner"],"acf":[],"_links":{"self":[{"href":"https:\/\/www.ruiqigo.com\/it\/wp-json\/wp\/v2\/product\/532","targetHints":{"allow":["GET"]}}],"collection":[{"href":"https:\/\/www.ruiqigo.com\/it\/wp-json\/wp\/v2\/product"}],"about":[{"href":"https:\/\/www.ruiqigo.com\/it\/wp-json\/wp\/v2\/types\/product"}],"version-history":[{"count":0,"href":"https:\/\/www.ruiqigo.com\/it\/wp-json\/wp\/v2\/product\/532\/revisions"}],"wp:featuredmedia":[{"embeddable":true,"href":"https:\/\/www.ruiqigo.com\/it\/wp-json\/wp\/v2\/media\/538"}],"wp:attachment":[{"href":"https:\/\/www.ruiqigo.com\/it\/wp-json\/wp\/v2\/media?parent=532"}],"wp:term":[{"taxonomy":"product-tag","embeddable":true,"href":"https:\/\/www.ruiqigo.com\/it\/wp-json\/wp\/v2\/product-tag?post=532"},{"taxonomy":"products","embeddable":true,"href":"https:\/\/www.ruiqigo.com\/it\/wp-json\/wp\/v2\/products?post=532"}],"curies":[{"name":"parola chiave","href":"https:\/\/api.w.org\/{rel}","templated":true}]}}