{"id":533,"date":"2024-07-18T11:49:37","date_gmt":"2024-07-18T03:49:37","guid":{"rendered":"https:\/\/ruiqigo.com\/?post_type=product&#038;p=533"},"modified":"2024-11-15T17:02:20","modified_gmt":"2024-11-15T09:02:20","slug":"micellar-water-makeup-remover","status":"publish","type":"product","link":"https:\/\/www.ruiqigo.com\/it\/product\/micellar-water-makeup-remover","title":{"rendered":"Acqua micellare struccante"},"content":{"rendered":"<h2 class=\"wp-block-heading\">Formule comuni per la produzione di acqua micellare struccante<\/h2>\n\n\n\n<p>Gli ingredienti principali di Micellar Water Makeup Remover includono PEG-40 Hydrogenated Castor Oil, 1,1-Hexanediol, Phenoxyethanol, Aloe Barbadensis Leaf Water e Disodium EDTA, PEG-40 Hydrogenated Castor Oil \u00e8 un tensioattivo eccellente che dissolve i contaminanti, mentre 1,1-Hexanediol e Phenoxyethanol sono eccellenti agenti battericidi e antisettici che mantengono l&#039;igiene e la sicurezza del prodotto. Come produttore affidabile di Micellar water makeup remover, l&#039;aloe barbadensis leaf water \u00e8 ricca di vitamine, minerali e polisaccaridi che nutrono la pelle e migliorano la barriera cutanea, mentre il disodium EDTA \u00e8 un agente complessante che migliora la stabilit\u00e0 del prodotto. Questi ingredienti lavorano insieme per fornire una pulizia profonda e la cura della pelle.<\/p>\n\n\n\n<h2 class=\"wp-block-heading\">Scenari di applicazione dello struccante all&#039;acqua micellare<\/h2>\n\n\n\n<p>Questo struccante all&#039;acqua micellare \u00e8 perfetto per la cura quotidiana della pelle. Che si tratti di rimuovere il trucco quotidiano o di detergere la pelle grassa dalle impurit\u00e0 accumulate, \u00e8 facile da usare. Rimuove efficacemente anche il trucco waterproof, lasciando la pelle completamente pulita. Dopo l&#039;uso, la pelle non \u00e8 solo pulita e luminosa, ma anche lenita e nutrita, gettando una buona base per la tua attivit\u00e0 di cura della pelle.<\/p>\n\n\n\n<h2 class=\"wp-block-heading\">Per chi \u00e8 adatto lo struccante all&#039;acqua micellare?<\/h2>\n\n\n\n<p>Questo struccante all&#039;acqua micellare \u00e8 adatto a tutti i tipi di pelle. Sia la pelle grassa che quella secca possono trarne beneficio. Deterge delicatamente senza causare irritazioni o reazioni allergiche. Soprattutto per gli amanti della bellezza, rimuove facilmente tutti i tipi di trucco e lascia la pelle fresca e nuova. Allo stesso tempo, \u00e8 arricchito con una variet\u00e0 di sostanze botaniche naturali che nutrono e proteggono la pelle, cos\u00ec puoi goderti la cura mentre rimuovi il trucco.<\/p>\n\n\n\n<h2 class=\"wp-block-heading\">Processo di produzione dello struccante all&#039;acqua micellare<\/h2>\n\n\n\n<p>Utilizziamo una tecnologia micellare unica per creare questo struccante. Innanzitutto, combiniamo tensioattivi come l&#039;olio di ricino idrogenato PEG-40 con acqua per formare una struttura micellare stabile. Come produttore affidabile di struccanti all&#039;acqua micellare, queste micelle incapsulano efficacemente sporco e residui di trucco, dissolvendoli e rimuovendoli in modo delicato. Ingredienti per la cura della pelle come l&#039;acqua di foglie di Aloe Barbadensis e l&#039;EDTA disodico vengono quindi aggiunti per conferire al prodotto un nutrimento e una protezione ancora maggiori.<\/p>","protected":false},"excerpt":{"rendered":"Micellar water makeup remover manufacturing common formulas The core ingredients of Micellar Water Makeup Remover include PEG-40 Hydrogenated Castor Oil, 1,1-Hexanediol, Phenoxyethanol, Aloe Barbadensis Leaf Water and Disodium EDTA, PEG-40 Hydrogenated Castor Oil is an excellent surfactant that dissolves contaminants, while 1,1-Hexanediol and Phenoxyethanol are excellent bactericidal and antiseptic agents that maintain product hygiene and [&hellip;]","protected":false},"featured_media":542,"menu_order":0,"template":"","meta":[],"product-tag":[],"products":[66],"class_list":["post-533","product","type-product","status-publish","has-post-thumbnail","hentry","products-makeup-remover"],"acf":[],"_links":{"self":[{"href":"https:\/\/www.ruiqigo.com\/it\/wp-json\/wp\/v2\/product\/533","targetHints":{"allow":["GET"]}}],"collection":[{"href":"https:\/\/www.ruiqigo.com\/it\/wp-json\/wp\/v2\/product"}],"about":[{"href":"https:\/\/www.ruiqigo.com\/it\/wp-json\/wp\/v2\/types\/product"}],"version-history":[{"count":0,"href":"https:\/\/www.ruiqigo.com\/it\/wp-json\/wp\/v2\/product\/533\/revisions"}],"wp:featuredmedia":[{"embeddable":true,"href":"https:\/\/www.ruiqigo.com\/it\/wp-json\/wp\/v2\/media\/542"}],"wp:attachment":[{"href":"https:\/\/www.ruiqigo.com\/it\/wp-json\/wp\/v2\/media?parent=533"}],"wp:term":[{"taxonomy":"product-tag","embeddable":true,"href":"https:\/\/www.ruiqigo.com\/it\/wp-json\/wp\/v2\/product-tag?post=533"},{"taxonomy":"products","embeddable":true,"href":"https:\/\/www.ruiqigo.com\/it\/wp-json\/wp\/v2\/products?post=533"}],"curies":[{"name":"parola chiave","href":"https:\/\/api.w.org\/{rel}","templated":true}]}}