{"id":546,"date":"2024-07-18T12:00:46","date_gmt":"2024-07-18T04:00:46","guid":{"rendered":"https:\/\/ruiqigo.com\/?post_type=product&#038;p=546"},"modified":"2024-11-15T17:01:26","modified_gmt":"2024-11-15T09:01:26","slug":"oil-free-makeup-remover","status":"publish","type":"product","link":"https:\/\/www.ruiqigo.com\/it\/product\/oil-free-makeup-remover","title":{"rendered":"Struccante senza olio"},"content":{"rendered":"<h2 class=\"wp-block-heading\">Formule comuni per la produzione di struccanti senza olio<\/h2>\n\n\n\n<p>Gli ingredienti principali di questo prodotto includono Poroxam 184 ed estratto di Camellia sinensis. Peloxam 184 \u00e8 un tensioattivo non ionico con un&#039;eccellente capacit\u00e0 detergente e solubilizzante, che pu\u00f2 sciogliere efficacemente tutti i tipi di cosmetici. Come produttore affidabile di struccanti senza olio, Camellia Extract, d&#039;altra parte, \u00e8 ricco di antiossidanti e nutrienti che nutrono la pelle e alleviano la secchezza e la tensione causate dal processo di rimozione del trucco.<\/p>\n\n\n\n<h2 class=\"wp-block-heading\">Scenari applicabili allo struccante senza olio<\/h2>\n\n\n\n<p>Questo struccante senza olio pu\u00f2 essere utilizzato in vari scenari. Che si tratti di rimuovere il trucco quotidiano, di detergere in profondit\u00e0 le impurit\u00e0 accumulate dopo una buona notte di sonno o di pulire la pelle dalla protezione solare dopo una giornata attiva all&#039;aperto, fa un ottimo lavoro nel rimuovere il trucco. \u00c8 adatto anche a persone con esigenze cutanee particolari, come pelle sensibile, pelle secca, ecc., e fornisce una cura delicata per la pelle.<\/p>\n\n\n\n<h2 class=\"wp-block-heading\">Per chi \u00e8 adatto lo struccante senza olio?<\/h2>\n\n\n\n<p>Questo prodotto \u00e8 pensato per le donne colletti bianchi urbane che cercano una pelle sana. Sia le impiegate che le studentesse possono scegliere di usarlo in base alle proprie condizioni della pelle. Per la pelle grassa e mista, pu\u00f2 pulire efficacemente i pori e controllare il sebo; per la pelle secca o sensibile, pu\u00f2 anche fornire un delicato nutrimento per mantenere la barriera cutanea.<\/p>\n\n\n\n<h2 class=\"wp-block-heading\">Processo di produzione dello struccante senza olio<\/h2>\n\n\n\n<p>La nostra avanzata tecnologia micellare sfrutta le propriet\u00e0 uniche dei tensioattivi per emulsionare completamente le fasi acquose e oleose per formare minuscole particelle micellari durante il processo di produzione. Questa tecnologia non solo riduce significativamente il consumo di acqua ed energia, ma produce anche un prodotto fresco e morbido, senza appesantire la pelle. Come produttore affidabile di struccanti senza olio, abbiamo anche selezionato EDTA disodico biodegradabile come agente complessante, sostituendo gli ingredienti difficili da scomporre nei tradizionali struccanti per ridurre al minimo l&#039;impatto sull&#039;ambiente.<\/p>","protected":false},"excerpt":{"rendered":"Oil free makeup remover manufacturing common formulas The core ingredients of this product include Poroxam 184 and Camellia sinensis extract. Peloxam 184 is a non-ionic surfactant with excellent cleansing and solubilizing ability, which can effectively dissolve all kinds of cosmetics. As a reliable Oil free makeup remover manufacturer, camellia Extract, on the other hand, is [&hellip;]","protected":false},"featured_media":547,"menu_order":0,"template":"","meta":[],"product-tag":[],"products":[66],"class_list":["post-546","product","type-product","status-publish","has-post-thumbnail","hentry","products-makeup-remover"],"acf":[],"_links":{"self":[{"href":"https:\/\/www.ruiqigo.com\/it\/wp-json\/wp\/v2\/product\/546","targetHints":{"allow":["GET"]}}],"collection":[{"href":"https:\/\/www.ruiqigo.com\/it\/wp-json\/wp\/v2\/product"}],"about":[{"href":"https:\/\/www.ruiqigo.com\/it\/wp-json\/wp\/v2\/types\/product"}],"version-history":[{"count":0,"href":"https:\/\/www.ruiqigo.com\/it\/wp-json\/wp\/v2\/product\/546\/revisions"}],"wp:featuredmedia":[{"embeddable":true,"href":"https:\/\/www.ruiqigo.com\/it\/wp-json\/wp\/v2\/media\/547"}],"wp:attachment":[{"href":"https:\/\/www.ruiqigo.com\/it\/wp-json\/wp\/v2\/media?parent=546"}],"wp:term":[{"taxonomy":"product-tag","embeddable":true,"href":"https:\/\/www.ruiqigo.com\/it\/wp-json\/wp\/v2\/product-tag?post=546"},{"taxonomy":"products","embeddable":true,"href":"https:\/\/www.ruiqigo.com\/it\/wp-json\/wp\/v2\/products?post=546"}],"curies":[{"name":"parola chiave","href":"https:\/\/api.w.org\/{rel}","templated":true}]}}