{"id":556,"date":"2024-07-18T14:56:34","date_gmt":"2024-07-18T06:56:34","guid":{"rendered":"https:\/\/ruiqigo.com\/?post_type=product&#038;p=556"},"modified":"2024-11-06T14:39:21","modified_gmt":"2024-11-06T06:39:21","slug":"moisturizing-body-lotion","status":"publish","type":"product","link":"https:\/\/www.ruiqigo.com\/it\/product\/moisturizing-body-lotion","title":{"rendered":"Lozione idratante per il corpo"},"content":{"rendered":"<h3 class=\"wp-block-heading\">Produzione di lozioni idratanti per il corpo Formule comuni<\/h3>\n\n\n\n<p>L&#039;alginato ha una struttura molecolare unica che assorbe e blocca l&#039;umidit\u00e0 nella pelle, fornendo una potente idratazione. Rafforza inoltre la funzione barriera della pelle e migliora la resistenza della pelle alle avversit\u00e0. Come antiossidante naturale, il tocoferolo pu\u00f2 neutralizzare i radicali liberi, riparare i danni della pelle e migliorare la consistenza della pelle. Come produttore leader di lozioni idratanti per il corpo, sappiamo che ha anche eccellenti propriet\u00e0 idratanti e ammorbidenti, rendendo la pelle pi\u00f9 nutrita ed elastica. Come etilesilglicerina \u00e8 uno speciale derivato della glicerina con un&#039;eccellente penetrazione idratante, pu\u00f2 penetrare in profondit\u00e0 nello strato corneo per ricostituire l&#039;idratazione, aumentare il contenuto di acqua della pelle e migliorare lo stato secco e ruvido della pelle.<\/p>\n\n\n\n<h3 class=\"wp-block-heading\">Lozione idratante per il corpo Scenari applicabili<\/h3>\n\n\n\n<p>Questa lozione idratante per il corpo \u00e8 adatta a tutti i tipi di pelle, in particolare a quella secca e disidratata. Che si tratti di una cura quotidiana o di una cura speciale durante i cambiamenti climatici, pu\u00f2 efficacemente reintegrare l&#039;idratazione e i nutrienti della pelle necessari per mantenerla idratata e liscia.<\/p>\n\n\n\n<h3 class=\"wp-block-heading\">Per chi \u00e8 adatta la lozione idratante per il corpo?<\/h3>\n\n\n\n<p>Questa lozione per il corpo \u00e8 adatta a tutti i tipi di pelle, in particolare a quella secca, disidratata o matura. \u00c8 ideale per i consumatori che cercano ingredienti naturali e un elevato effetto idratante. Anche i consumatori con pelle sensibile possono trarne beneficio, poich\u00e9 la sua formula delicata riduce le irritazioni cutanee.<\/p>\n\n\n\n<h3 class=\"wp-block-heading\">Processo di produzione della lozione idratante per il corpo<\/h3>\n\n\n\n<p>Come produttore affidabile di lozioni idratanti per il corpo, il prodotto adotta un processo di estrazione molecolare microcristallina a bassa temperatura, che pu\u00f2 conservare efficacemente l&#039;efficacia originale degli ingredienti attivi naturali. Allo stesso tempo, adotta anche la tecnologia brevettata di inclusione molecolare, in modo che gli ingredienti idratanti possano essere assorbiti e penetrati pi\u00f9 facilmente per massimizzare gli effetti nutrienti e riparatori. L&#039;intero processo di produzione senza additivi chimici per garantire che il prodotto sia ecologico e sicuro.<\/p>\n\n\n\n<p><\/p>","protected":false},"excerpt":{"rendered":"Moisturizing body lotion manufacturing Common Formulas Alginate has a unique molecular structure that adsorbs and locks moisture into the skin, providing powerful moisturization. It also strengthens the skin&#8217;s barrier function and improves the skin&#8217;s resistance to adversity. As a natural antioxidant, tocopherol can neutralize free radicals, repair skin damage and improve skin texture. As a [&hellip;]","protected":false},"featured_media":557,"menu_order":0,"template":"","meta":[],"product-tag":[],"products":[70],"class_list":["post-556","product","type-product","status-publish","has-post-thumbnail","hentry","products-moisturizing-lotion"],"acf":[],"_links":{"self":[{"href":"https:\/\/www.ruiqigo.com\/it\/wp-json\/wp\/v2\/product\/556","targetHints":{"allow":["GET"]}}],"collection":[{"href":"https:\/\/www.ruiqigo.com\/it\/wp-json\/wp\/v2\/product"}],"about":[{"href":"https:\/\/www.ruiqigo.com\/it\/wp-json\/wp\/v2\/types\/product"}],"version-history":[{"count":0,"href":"https:\/\/www.ruiqigo.com\/it\/wp-json\/wp\/v2\/product\/556\/revisions"}],"wp:featuredmedia":[{"embeddable":true,"href":"https:\/\/www.ruiqigo.com\/it\/wp-json\/wp\/v2\/media\/557"}],"wp:attachment":[{"href":"https:\/\/www.ruiqigo.com\/it\/wp-json\/wp\/v2\/media?parent=556"}],"wp:term":[{"taxonomy":"product-tag","embeddable":true,"href":"https:\/\/www.ruiqigo.com\/it\/wp-json\/wp\/v2\/product-tag?post=556"},{"taxonomy":"products","embeddable":true,"href":"https:\/\/www.ruiqigo.com\/it\/wp-json\/wp\/v2\/products?post=556"}],"curies":[{"name":"parola chiave","href":"https:\/\/api.w.org\/{rel}","templated":true}]}}