{"id":566,"date":"2024-07-18T15:16:04","date_gmt":"2024-07-18T07:16:04","guid":{"rendered":"https:\/\/ruiqigo.com\/?post_type=product&#038;p=566"},"modified":"2024-11-06T14:05:41","modified_gmt":"2024-11-06T06:05:41","slug":"olive-oil-moisturizing-lotion","status":"publish","type":"product","link":"https:\/\/www.ruiqigo.com\/it\/product\/olive-oil-moisturizing-lotion","title":{"rendered":"Lozione idratante all&#039;olio d&#039;oliva"},"content":{"rendered":"<h3 class=\"wp-block-heading\">Produzione di lozioni idratanti all&#039;olio d&#039;oliva Formule comuni<\/h3>\n\n\n\n<p>Gli ingredienti attivi della lozione idratante all&#039;olio d&#039;oliva includono principalmente estratto di olio d&#039;oliva, acido ialuronico e fattore idratante. L&#039;estratto di olio d&#039;oliva \u00e8 ricco di acidi grassi insaturi come l&#039;acido oleico, che aiuta ad abbassare il colesterolo, protegge la salute del cuore e ha propriet\u00e0 antiossidanti. Come produttore leader di lozioni idratanti all&#039;olio d&#039;oliva, sappiamo che l&#039;acido ialuronico \u00e8 un ingrediente idratante superiore, trasporta pi\u00f9 di 500 volte il suo peso in acqua per idratare profondamente la pelle. Inoltre, il fattore idratante aiuta la pelle a trattenere l&#039;idratazione e mantiene l&#039;idratazione della pelle.<\/p>\n\n\n\n<h3 class=\"wp-block-heading\">Lozione idratante all&#039;olio d&#039;oliva Scenari applicabili<\/h3>\n\n\n\n<p>Olive Oil Moisturizing Lotion \u00e8 adatta a un&#039;ampia gamma di scenari, tra cui la cura quotidiana della pelle, gli ambienti secchi, le stanze con aria condizionata e dopo le attivit\u00e0 all&#039;aperto. \u00c8 particolarmente adatta alle persone che si trovano spesso in ambienti secchi. Usata due volte a settimana, aiuta la pelle a combattere meglio gli ambienti secchi, migliora la secchezza e i pori dilatati causati dall&#039;esposizione al sole e mantiene la pelle fresca e idratata.<\/p>\n\n\n\n<h3 class=\"wp-block-heading\">Per chi \u00e8 adatta la lozione idratante all&#039;olio d&#039;oliva?<\/h3>\n\n\n\n<p>La lozione idratante all&#039;olio d&#039;oliva \u00e8 adatta a tutti i tipi di persone, in particolare a coloro che hanno bisogno di una pelle extra idratata e nutriente. \u00c8 adatta a neonati, donne incinte e madri che allattano perch\u00e9 i nutrienti nell&#039;olio d&#039;oliva sono simili al latte materno, che vengono facilmente assorbiti e favoriscono la crescita e lo sviluppo dei nervi e delle ossa dei neonati. \u00c8 adatta anche alle donne che amano la bellezza perch\u00e9 contiene sostanze antiossidanti che possono eliminare le rughe del viso e prevenire l&#039;invecchiamento della pelle. Inoltre, per i pazienti con malattie cardiovascolari e cerebrovascolari, diabete, gastrite e ulcera gastrica, cos\u00ec come per le persone non sane, la lozione idratante all&#039;olio d&#039;oliva pu\u00f2 fornire effetti appropriati per la cura della pelle e la salute.<\/p>\n\n\n\n<h3 class=\"wp-block-heading\">Processo di produzione della lozione idratante all&#039;olio d&#039;oliva<\/h3>\n\n\n\n<p>La lozione idratante all&#039;olio d&#039;oliva adotta un&#039;esclusiva tecnologia di estrazione ad alta tecnologia e un&#039;attrezzatura di emulsificazione professionale originale importata. Durante il processo di produzione, viene prestata particolare attenzione al mantenimento dei nutrienti naturali dell&#039;olio d&#039;oliva senza riscaldamento e trattamento chimico per garantire che l&#039;estratto di olio d&#039;oliva nel prodotto mantenga la sua attivit\u00e0 naturale. Inoltre, come produttore leader di lozioni idratanti all&#039;olio d&#039;oliva, i prodotti sono stati approvati da dermatologi e test di mercato durante il processo di ricerca e sviluppo per garantirne la sicurezza e l&#039;efficacia.<\/p>","protected":false},"excerpt":{"rendered":"Olive oil moisturizing lotion manufacturing Common Formulas The active ingredients of Olive Oil Moisturizing Lotion mainly include Olive Oil Extract, Hyaluronic Acid and Moisturizing Factor. Olive Oil Extract is rich in unsaturated fatty acids such as Oleic Acid, which helps lower cholesterol, protects heart health and has antioxidant properties. As a leading Olive oil moisturizing [&hellip;]","protected":false},"featured_media":567,"menu_order":0,"template":"","meta":[],"product-tag":[],"products":[70],"class_list":["post-566","product","type-product","status-publish","has-post-thumbnail","hentry","products-moisturizing-lotion"],"acf":[],"_links":{"self":[{"href":"https:\/\/www.ruiqigo.com\/it\/wp-json\/wp\/v2\/product\/566","targetHints":{"allow":["GET"]}}],"collection":[{"href":"https:\/\/www.ruiqigo.com\/it\/wp-json\/wp\/v2\/product"}],"about":[{"href":"https:\/\/www.ruiqigo.com\/it\/wp-json\/wp\/v2\/types\/product"}],"version-history":[{"count":0,"href":"https:\/\/www.ruiqigo.com\/it\/wp-json\/wp\/v2\/product\/566\/revisions"}],"wp:featuredmedia":[{"embeddable":true,"href":"https:\/\/www.ruiqigo.com\/it\/wp-json\/wp\/v2\/media\/567"}],"wp:attachment":[{"href":"https:\/\/www.ruiqigo.com\/it\/wp-json\/wp\/v2\/media?parent=566"}],"wp:term":[{"taxonomy":"product-tag","embeddable":true,"href":"https:\/\/www.ruiqigo.com\/it\/wp-json\/wp\/v2\/product-tag?post=566"},{"taxonomy":"products","embeddable":true,"href":"https:\/\/www.ruiqigo.com\/it\/wp-json\/wp\/v2\/products?post=566"}],"curies":[{"name":"parola chiave","href":"https:\/\/api.w.org\/{rel}","templated":true}]}}