{"id":571,"date":"2024-07-18T15:56:32","date_gmt":"2024-07-18T07:56:32","guid":{"rendered":"https:\/\/ruiqigo.com\/?post_type=product&#038;p=571"},"modified":"2024-11-15T17:00:29","modified_gmt":"2024-11-15T09:00:29","slug":"marula-facial-oil","status":"publish","type":"product","link":"https:\/\/www.ruiqigo.com\/it\/product\/marula-facial-oil","title":{"rendered":"Olio viso Marula"},"content":{"rendered":"<h2 class=\"wp-block-heading\">Formule comuni per la produzione di olio per il viso di Marula<\/h2>\n\n\n\n<p>Burr&#039;s Hard Walnut Seed Oil \u00e8 ricco di antiossidanti e acidi grassi essenziali, questo olio nutre in profondit\u00e0 la pelle e ne migliora l&#039;elasticit\u00e0 e la capacit\u00e0 idratante. Olio di semi di jojoba: un eccellente idratante, l&#039;olio di semi di jojoba penetra rapidamente nella pelle per ridurre secchezza e ruvidit\u00e0, regolando al contempo l&#039;equilibrio del sebo della pelle. Come produttore leader di olio per il viso alla marula, sappiamo che l&#039;enteeritritolo estere agisce come un delicato emulsionante per aiutare a trattenere l&#039;idratazione e migliorare la funzione barriera della pelle.<\/p>\n\n\n\n<h2 class=\"wp-block-heading\">Scenari di applicazione dell&#039;olio per il viso Marula<\/h2>\n\n\n\n<p>Marula Facial Oil \u00e8 adatto a molteplici aspetti della tua routine di cura della pelle. Sia al mattino dopo la detersione che alla sera dopo aver rimosso il trucco, fornisce un&#039;idratazione duratura alla pelle. \u00c8 anche adatto all&#039;uso durante le stagioni secche o lunghi periodi di tempo in ambienti con aria condizionata per aiutare a proteggere la pelle dagli effetti negativi dell&#039;ambiente esterno.<\/p>\n\n\n\n<h2 class=\"wp-block-heading\">Per chi \u00e8 adatto l&#039;olio per il viso Marula?<\/h2>\n\n\n\n<p>Questo olio per il viso \u00e8 adatto a tutti i tipi di pelle, in particolare a quella secca, disidratata o sensibile. Marula Facial Oil \u00e8 ideale per i consumatori che cercano ingredienti naturali ed effetti idratanti efficaci. \u00c8 particolarmente adatto a coloro che hanno bisogno di migliorare la pelle secca, ruvida o matura.<\/p>\n\n\n\n<h2 class=\"wp-block-heading\">Processo di produzione dell&#039;olio per il viso di Marula<\/h2>\n\n\n\n<p>Nella produzione di Marula Facial Oil, utilizziamo una tecnologia avanzata di spremitura a freddo per estrarre Burr Hard Walnut Seed Oil e Jojoba Seed Oil per preservare i loro nutrienti naturali. Controllando con precisione il processo di emulsione e le condizioni di produzione, garantiamo che gli oli per il viso siano stabili e rispettosi della pelle. Inoltre, utilizziamo la tecnologia di riempimento asettico per garantire la purezza e la sicurezza dei nostri prodotti. Come produttore professionale di olio per il viso Marula, l&#039;intero processo di produzione segue rigorosi standard di controllo qualit\u00e0 per garantire che ogni flacone di olio per il viso fornisca sia un&#039;idratazione efficace che una cura delicata.<\/p>","protected":false},"excerpt":{"rendered":"Marula facial oil manufacturing common formulas Burr&#8217;s Hard Walnut Seed Oil is rich in antioxidants and essential fatty acids, this oil deeply nourishes the skin and improves its elasticity and moisturizing ability. Jojoba Seed Oil: An excellent moisturizer, Jojoba Seed Oil quickly penetrates the skin to reduce dryness and roughness while regulating the skin&#8217;s oil [&hellip;]","protected":false},"featured_media":572,"menu_order":0,"template":"","meta":[],"product-tag":[],"products":[62],"class_list":["post-571","product","type-product","status-publish","has-post-thumbnail","hentry","products-facial-oil"],"acf":[],"_links":{"self":[{"href":"https:\/\/www.ruiqigo.com\/it\/wp-json\/wp\/v2\/product\/571","targetHints":{"allow":["GET"]}}],"collection":[{"href":"https:\/\/www.ruiqigo.com\/it\/wp-json\/wp\/v2\/product"}],"about":[{"href":"https:\/\/www.ruiqigo.com\/it\/wp-json\/wp\/v2\/types\/product"}],"version-history":[{"count":0,"href":"https:\/\/www.ruiqigo.com\/it\/wp-json\/wp\/v2\/product\/571\/revisions"}],"wp:featuredmedia":[{"embeddable":true,"href":"https:\/\/www.ruiqigo.com\/it\/wp-json\/wp\/v2\/media\/572"}],"wp:attachment":[{"href":"https:\/\/www.ruiqigo.com\/it\/wp-json\/wp\/v2\/media?parent=571"}],"wp:term":[{"taxonomy":"product-tag","embeddable":true,"href":"https:\/\/www.ruiqigo.com\/it\/wp-json\/wp\/v2\/product-tag?post=571"},{"taxonomy":"products","embeddable":true,"href":"https:\/\/www.ruiqigo.com\/it\/wp-json\/wp\/v2\/products?post=571"}],"curies":[{"name":"parola chiave","href":"https:\/\/api.w.org\/{rel}","templated":true}]}}