{"id":582,"date":"2024-07-19T09:46:05","date_gmt":"2024-07-19T01:46:05","guid":{"rendered":"https:\/\/ruiqigo.com\/?post_type=product&#038;p=582"},"modified":"2024-11-15T16:58:31","modified_gmt":"2024-11-15T08:58:31","slug":"squalane-facial-oil","status":"publish","type":"product","link":"https:\/\/www.ruiqigo.com\/it\/product\/squalane-facial-oil","title":{"rendered":"Olio viso allo squalano"},"content":{"rendered":"<h2 class=\"wp-block-heading\">Formule comuni per la produzione di olio per il viso allo squalano<\/h2>\n\n\n\n<p>Lo squalano, un ingrediente naturale estratto dal fegato degli squali di profondit\u00e0, ha una struttura molecolare simile a quella del sebo umano, che viene rapidamente assorbito dalla pelle per formare una pellicola protettiva che trattiene efficacemente l&#039;idratazione e previene la perdita di acqua, riparando al contempo le barriere cutanee danneggiate e migliorando la capacit\u00e0 di autoprotezione della pelle. Come produttore leader di olio per il viso allo squalano, sappiamo che l&#039;olio di semi di jojoba, un olio vegetale naturale derivato dalla pianta di jojoba, \u00e8 ricco di vitamine e minerali, che possono nutrire in profondit\u00e0 la pelle, mantenere l&#039;equilibrio acqua-olio della pelle e ridurre la secchezza e le linee sottili.<\/p>\n\n\n\n<h2 class=\"wp-block-heading\">Scenari applicabili dell&#039;olio per il viso allo squalano<\/h2>\n\n\n\n<p>Squalane Facial Oil \u00e8 adatto a un&#039;ampia gamma di scenari di cura della pelle, sia per la manutenzione quotidiana che per trattamenti speciali. Nelle stagioni secche autunnali e invernali, Squalane Facial Oil pu\u00f2 fornire nutrimento extra alla pelle per prevenire secchezza e desquamazione; nei mesi estivi caldi e umidi, pu\u00f2 aiutare a trattenere l&#039;idratazione nella pelle e mantenerla fresca. Inoltre, \u00e8 anche un olio primer ideale prima di applicare il trucco per un aspetto pi\u00f9 lusinghiero e naturale.<\/p>\n\n\n\n<h2 class=\"wp-block-heading\">Per chi \u00e8 adatto l&#039;olio per il viso Squalane?<\/h2>\n\n\n\n<p>Squalane Facial Oil \u00e8 adatto a tutti i tipi di pelle, in particolare a pelle secca, sensibile e matura. Per le persone che spesso lavorano al computer, vivono una vita stressante e hanno cattive condizioni della pelle, Squalane Facial Oil pu\u00f2 fornire nutrimento profondo e riparazione per aiutare a migliorare le condizioni della pelle e ripristinare la salute della pelle.<\/p>\n\n\n\n<h2 class=\"wp-block-heading\">Processo di produzione dell&#039;olio per il viso allo squalano<\/h2>\n\n\n\n<p>Per garantire la qualit\u00e0 del prodotto Squalane Facial Oil, adottiamo una tecnologia di estrazione avanzata e un processo di produzione unico. In primo luogo, estraiamo lo squalano tramite tecnologia di distillazione molecolare per garantirne purezza e attivit\u00e0; in secondo luogo, mescoliamo lo squalano e l&#039;olio di semi di jojoba a bassa temperatura per evitare che le alte temperature distruggano i principi attivi; in terzo luogo, come produttore leader di olio per il viso Squalane, seguiamo lo standard di produzione asettico per garantire la sicurezza del prodotto senza contaminazione; e infine, utilizziamo un processo di filtrazione fine per rimuovere le impurit\u00e0, in modo che il prodotto sia pi\u00f9 delicato e facile da assorbire dalla pelle.<\/p>","protected":false},"excerpt":{"rendered":"Squalane facial oil manufacturing common formulas Squalane, a natural ingredient extracted from the liver of deep-sea sharks, has a molecular structure similar to that of human sebum, which is quickly absorbed by the skin to form a protective film that effectively locks in moisture and prevents water loss, while repairing damaged skin barriers and enhancing [&hellip;]","protected":false},"featured_media":587,"menu_order":0,"template":"","meta":[],"product-tag":[],"products":[62],"class_list":["post-582","product","type-product","status-publish","has-post-thumbnail","hentry","products-facial-oil"],"acf":[],"_links":{"self":[{"href":"https:\/\/www.ruiqigo.com\/it\/wp-json\/wp\/v2\/product\/582","targetHints":{"allow":["GET"]}}],"collection":[{"href":"https:\/\/www.ruiqigo.com\/it\/wp-json\/wp\/v2\/product"}],"about":[{"href":"https:\/\/www.ruiqigo.com\/it\/wp-json\/wp\/v2\/types\/product"}],"version-history":[{"count":0,"href":"https:\/\/www.ruiqigo.com\/it\/wp-json\/wp\/v2\/product\/582\/revisions"}],"wp:featuredmedia":[{"embeddable":true,"href":"https:\/\/www.ruiqigo.com\/it\/wp-json\/wp\/v2\/media\/587"}],"wp:attachment":[{"href":"https:\/\/www.ruiqigo.com\/it\/wp-json\/wp\/v2\/media?parent=582"}],"wp:term":[{"taxonomy":"product-tag","embeddable":true,"href":"https:\/\/www.ruiqigo.com\/it\/wp-json\/wp\/v2\/product-tag?post=582"},{"taxonomy":"products","embeddable":true,"href":"https:\/\/www.ruiqigo.com\/it\/wp-json\/wp\/v2\/products?post=582"}],"curies":[{"name":"parola chiave","href":"https:\/\/api.w.org\/{rel}","templated":true}]}}