{"id":591,"date":"2024-07-23T17:48:12","date_gmt":"2024-07-23T09:48:12","guid":{"rendered":"https:\/\/ruiqigo.com\/?post_type=product&#038;p=591"},"modified":"2024-10-31T17:03:51","modified_gmt":"2024-10-31T09:03:51","slug":"hydroxyapatite-toothpaste","status":"publish","type":"product","link":"https:\/\/www.ruiqigo.com\/it\/product\/hydroxyapatite-toothpaste","title":{"rendered":"Dentifricio all&#039;idrossiapatite"},"content":{"rendered":"<h2 class=\"wp-block-heading\">Formule comuni per la produzione di dentifricio all&#039;idrossiapatite<\/h2>\n\n\n\n<p><strong>Idrossiapatite<\/strong>, l&#039;ingrediente principale del dentifricio all&#039;idrossiapatite, \u00e8 un minerale biologicamente attivo che pu\u00f2 migliorare efficacemente la durezza dello smalto dei denti e la resistenza dei denti alla corrosione acida e alcalina. Come produttore leader di dentifricio all&#039;idrossiapatite, comprendiamo l&#039;importanza di questo ingrediente nel promuovere la salute orale. L&#039;idrossiapatite non solo rafforza lo smalto, ma mostra anche eccellenti propriet\u00e0 di assorbimento, consentendole di penetrare in profondit\u00e0 nelle fessure dei denti per rimuovere la placca e prevenire le malattie parodontali.<\/p>\n\n\n\n<p>Quando combinata con la silice idrata, l&#039;idrossiapatite forma una schiuma delicata che deterge delicatamente i denti, prendendosi cura sia dei denti che dei tessuti molli sensibili della cavit\u00e0 orale. Le nostre formulazioni assicurano un&#039;efficacia ottimale utilizzando idrossiapatite di alta qualit\u00e0, facendo s\u00ec che i nostri prodotti si distinguano sul mercato.<\/p>\n\n\n\n<p>In qualit\u00e0 di produttore di dentifricio all&#039;idrossiapatite di fiducia, ci impegniamo a sviluppare formule innovative ed efficaci che promuovano la salute e l&#039;igiene dentale. Che si tratti di un uso quotidiano o di problemi dentali specifici, i nostri prodotti dentifricio all&#039;idrossiapatite offrono eccezionali propriet\u00e0 detergenti e protettive.<\/p>\n\n\n\n<p><\/p>\n\n\n\n<h2 class=\"wp-block-heading\">Dentifricio all&#039;idrossiapatite Scenari applicabili<\/h2>\n\n\n\n<p>Il dentifricio all&#039;idrossiapatite \u00e8 adatto per l&#039;igiene orale quotidiana e pu\u00f2 prevenire efficacemente l&#039;usura dei denti, il sanguinamento delle gengive, la parodontite e altri problemi orali. <\/p>\n\n\n\n<p>Dopo il risveglio mattutino, dopo i pasti, prima di andare a letto, puoi usare questo prodotto per la pulizia orale. <\/p>\n\n\n\n<p>Allo stesso tempo, il prodotto adotta un aroma vegetale naturale, adatto per ufficio, scuola, famiglia e altri ambienti, cos\u00ec da permetterti di avere un alito fresco e un sorriso sicuro sempre e ovunque.<\/p>\n\n\n\n<p><\/p>\n\n\n\n<h2 class=\"wp-block-heading\">Per chi \u00e8 adatto il dentifricio all&#039;idrossiapatite?<\/h2>\n\n\n\n<p>Il dentifricio all&#039;idrossiapatite \u00e8 adatto a persone di tutte le et\u00e0, in particolare alle seguenti categorie di persone: <\/p>\n\n\n\n<p>1. persone affette da problemi orali, come sensibilit\u00e0 dei denti, sanguinamento delle gengive, cattivo odore in bocca, ecc.; <\/p>\n\n\n\n<p>2. fumatori, amanti del caff\u00e8, necessit\u00e0 di prendersi cura in modo particolare dei denti della gente; <\/p>\n\n\n\n<p>3. bambini e adolescenti, per prevenire la carie dentale e per formare fin dall&#039;infanzia buone abitudini orali; <\/p>\n\n\n\n<p>4. Le persone che amano la bellezza della ricerca della salute, l&#039;alito fresco, mostrano un sorriso sicuro.<\/p>\n\n\n\n<p><\/p>\n\n\n\n<h2 class=\"wp-block-heading\">Processo di produzione del dentifricio all&#039;idrossiapatite<\/h2>\n\n\n\n<p>Per garantire la qualit\u00e0 del dentifricio all&#039;idrossiapatite, adottiamo il seguente speciale processo di produzione: <\/p>\n\n\n\n<p>1. rigorosa selezione delle materie prime per garantire elevata purezza e attivit\u00e0 dell&#039;idrossiapatite; <\/p>\n\n\n\n<p>2. dosaggio preciso, affinch\u00e9 i principi attivi svolgano appieno il loro ruolo; <\/p>\n\n\n\n<p>3. miscelazione ad alta velocit\u00e0, in modo che l&#039;idrossiapatite e la silice idrata siano completamente fuse per migliorare l&#039;effetto pulente; <\/p>\n\n\n\n<p>4. riempimento asettico, per garantire la sicurezza e l&#039;igiene del prodotto; <\/p>\n\n\n\n<p>L&#039;intero processo di controllo qualit\u00e0 garantisce che ogni dentifricio rispetti gli standard nazionali.<\/p>","protected":false},"excerpt":{"rendered":"Hydroxyapatite Toothpaste Manufacturing Common Formulas Hydroxyapatite, the core ingredient of Hydroxyapatite Toothpaste, is a biologically active mineral that can effectively enhance the hardness of tooth enamel and improve the resistance of teeth to acid and alkali corrosion. As a leading Hydroxyapatite Toothpaste manufacturer, we understand the significance of this ingredient in promoting oral health. Hydroxyapatite [&hellip;]","protected":false},"featured_media":596,"menu_order":0,"template":"","meta":[],"product-tag":[],"products":[71],"class_list":["post-591","product","type-product","status-publish","has-post-thumbnail","hentry","products-toothpaste"],"acf":[],"_links":{"self":[{"href":"https:\/\/www.ruiqigo.com\/it\/wp-json\/wp\/v2\/product\/591","targetHints":{"allow":["GET"]}}],"collection":[{"href":"https:\/\/www.ruiqigo.com\/it\/wp-json\/wp\/v2\/product"}],"about":[{"href":"https:\/\/www.ruiqigo.com\/it\/wp-json\/wp\/v2\/types\/product"}],"version-history":[{"count":0,"href":"https:\/\/www.ruiqigo.com\/it\/wp-json\/wp\/v2\/product\/591\/revisions"}],"wp:featuredmedia":[{"embeddable":true,"href":"https:\/\/www.ruiqigo.com\/it\/wp-json\/wp\/v2\/media\/596"}],"wp:attachment":[{"href":"https:\/\/www.ruiqigo.com\/it\/wp-json\/wp\/v2\/media?parent=591"}],"wp:term":[{"taxonomy":"product-tag","embeddable":true,"href":"https:\/\/www.ruiqigo.com\/it\/wp-json\/wp\/v2\/product-tag?post=591"},{"taxonomy":"products","embeddable":true,"href":"https:\/\/www.ruiqigo.com\/it\/wp-json\/wp\/v2\/products?post=591"}],"curies":[{"name":"parola chiave","href":"https:\/\/api.w.org\/{rel}","templated":true}]}}