{"id":606,"date":"2024-07-24T16:29:40","date_gmt":"2024-07-24T08:29:40","guid":{"rendered":"https:\/\/ruiqigo.com\/?post_type=product&#038;p=606"},"modified":"2024-11-01T10:36:30","modified_gmt":"2024-11-01T02:36:30","slug":"charcoal-toothpaste","status":"publish","type":"product","link":"https:\/\/www.ruiqigo.com\/it\/product\/charcoal-toothpaste","title":{"rendered":"Dentifricio al carbone"},"content":{"rendered":"<h2 class=\"wp-block-heading\">Formule comuni per la produzione di dentifricio al carbone<\/h2>\n\n\n\n<p>L&#039;ingrediente principale del dentifricio al carbone \u00e8 il carbone naturale, la cui struttura porosa conferisce al prodotto un&#039;eccellente capacit\u00e0 di assorbimento, che pu\u00f2 assorbire efficacemente pigmenti, impurit\u00e0 e odori nella bocca. Il polietilenglicole-400 ha un buon effetto lubrificante, che rende il dentifricio pi\u00f9 facile da distribuire durante lo spazzolamento e migliora l&#039;effetto pulente. La glicerina ha una funzione idratante e pu\u00f2 formare una pellicola protettiva durante lo spazzolamento per prevenire la sensibilit\u00e0 dei denti e la secchezza orale.<\/p>\n\n\n\n<h2 class=\"wp-block-heading\">Scenari applicabili del dentifricio al carbone<\/h2>\n\n\n\n<p>Il dentifricio al carbone \u00e8 adatto per l&#039;igiene orale quotidiana, soprattutto nei seguenti casi: dopo il risveglio mattutino, aiuta a rimuovere l&#039;odore orale e a ripristinare un alito fresco; dopo i pasti, pulisce efficacemente i residui di cibo e protegge i denti; dopo essere rimasti alzati fino a tardi, aver fumato e bevuto, migliora rapidamente l&#039;ambiente orale e riduce il disagio orale.<\/p>\n\n\n\n<h2 class=\"wp-block-heading\">Per chi \u00e8 adatto il dentifricio al carbone?<\/h2>\n\n\n\n<p>Il dentifricio al carbone \u00e8 adatto a un&#039;ampia gamma di persone, in particolare \u00e8 consigliato ai seguenti consumatori: <\/p>\n\n\n\n<p>1. persone che soffrono di alito cattivo, come i fumatori o chi resta spesso sveglio fino a tardi; <\/p>\n\n\n\n<p>2. persone con pigmentazione dei denti, che necessitano di una pulizia profonda; <\/p>\n\n\n\n<p>3. bambini e adolescenti, per coltivare buone abitudini di igiene orale; <\/p>\n\n\n\n<p>4. ambientalisti, che ricercano prodotti per l&#039;igiene orale naturali e innocui.<\/p>\n\n\n\n<h2 class=\"wp-block-heading\">Processo di produzione del dentifricio al carbone<\/h2>\n\n\n\n<p>In qualit\u00e0 di degni produttori di dentifricio al carbone, adottiamo il seguente speciale processo di produzione: <\/p>\n\n\n\n<p>1. rigorosa selezione del carbone naturale per garantirne la purezza e le propriet\u00e0 di adsorbimento; <\/p>\n\n\n\n<p>2. dosaggio preciso, in modo che i principi attivi svolgano appieno il loro ruolo per ottenere il miglior effetto detergente; <\/p>\n\n\n\n<p>3. tecnologia di macinazione a bassa temperatura, per liberare completamente la capacit\u00e0 di adsorbimento del carbone; <\/p>\n\n\n\n<p>4. riempimento asettico, per garantire la sicurezza e l&#039;igiene del prodotto; <\/p>\n\n\n\n<p>5. come produttore leader di dentifricio al carbone, l&#039;intero processo di controllo qualit\u00e0, per garantire che ogni dentifricio soddisfi gli standard nazionali. Rispettare lo standard nazionale.<\/p>","protected":false},"excerpt":{"rendered":"Charcoal toothpaste manufacturing common formulas The core ingredient of charcoal toothpaste is natural charcoal, whose porous structure gives the product excellent adsorption ability, which can effectively adsorb pigments, impurities and odors in the mouth. Polyethylene Glycol-400 has a good lubricating effect, which makes the toothpaste easier to spread when brushing and enhances the cleaning effect. [&hellip;]","protected":false},"featured_media":607,"menu_order":0,"template":"","meta":[],"product-tag":[],"products":[71],"class_list":["post-606","product","type-product","status-publish","has-post-thumbnail","hentry","products-toothpaste"],"acf":[],"_links":{"self":[{"href":"https:\/\/www.ruiqigo.com\/it\/wp-json\/wp\/v2\/product\/606","targetHints":{"allow":["GET"]}}],"collection":[{"href":"https:\/\/www.ruiqigo.com\/it\/wp-json\/wp\/v2\/product"}],"about":[{"href":"https:\/\/www.ruiqigo.com\/it\/wp-json\/wp\/v2\/types\/product"}],"version-history":[{"count":0,"href":"https:\/\/www.ruiqigo.com\/it\/wp-json\/wp\/v2\/product\/606\/revisions"}],"wp:featuredmedia":[{"embeddable":true,"href":"https:\/\/www.ruiqigo.com\/it\/wp-json\/wp\/v2\/media\/607"}],"wp:attachment":[{"href":"https:\/\/www.ruiqigo.com\/it\/wp-json\/wp\/v2\/media?parent=606"}],"wp:term":[{"taxonomy":"product-tag","embeddable":true,"href":"https:\/\/www.ruiqigo.com\/it\/wp-json\/wp\/v2\/product-tag?post=606"},{"taxonomy":"products","embeddable":true,"href":"https:\/\/www.ruiqigo.com\/it\/wp-json\/wp\/v2\/products?post=606"}],"curies":[{"name":"parola chiave","href":"https:\/\/api.w.org\/{rel}","templated":true}]}}