{"id":615,"date":"2024-07-24T16:52:04","date_gmt":"2024-07-24T08:52:04","guid":{"rendered":"https:\/\/ruiqigo.com\/?post_type=product&#038;p=615"},"modified":"2024-11-01T10:33:36","modified_gmt":"2024-11-01T02:33:36","slug":"baking-soda-toothpaste","status":"publish","type":"product","link":"https:\/\/www.ruiqigo.com\/it\/product\/baking-soda-toothpaste","title":{"rendered":"Dentifricio al bicarbonato di sodio"},"content":{"rendered":"<h2 class=\"wp-block-heading\">Formule comuni per la produzione di dentifricio al bicarbonato di sodio<\/h2>\n\n\n\n<p>L&#039;ingrediente principale del dentifricio al bicarbonato di sodio, il bicarbonato di sodio, comunemente noto come bicarbonato di sodio, ha un leggero effetto abrasivo, che rimuove efficacemente macchie e placca dalla superficie dei denti. Il bicarbonato di sodio pu\u00f2 anche neutralizzare gli acidi orali e migliorare l&#039;ambiente orale, contribuendo a prevenire la carie e la malattia parodontale. Inoltre, il bicarbonato di sodio \u00e8 innocuo per l&#039;organismo umano e adatto all&#039;uso a lungo termine.<\/p>\n\n\n\n<h2 class=\"wp-block-heading\">Scenari applicabili del dentifricio al bicarbonato di sodio<\/h2>\n\n\n\n<p>Il dentifricio al bicarbonato di sodio \u00e8 adatto a diversi scenari, in particolare nelle seguenti occasioni: dopo il risveglio mattutino, aiuta a rimuovere l&#039;odore del cavo orale e a ripristinare l&#039;alito fresco; dopo i pasti, pulisce efficacemente i residui di cibo e protegge i denti; dopo essere rimasti svegli tutta la notte a fumare, riduce l&#039;odore del cavo orale e si prende cura della salute dei denti.<\/p>\n\n\n\n<h2 class=\"wp-block-heading\">Per chi \u00e8 adatto il dentifricio al bicarbonato di sodio?<\/h2>\n\n\n\n<p>Il dentifricio al bicarbonato di sodio \u00e8 adatto a un&#039;ampia gamma di persone, in particolare \u00e8 consigliato ai seguenti consumatori: <\/p>\n\n\n\n<p>1. persone con macchie sulla superficie dei denti, necessit\u00e0 di una decontaminazione delicata; <\/p>\n\n\n\n<p>2. persone con elevata acidit\u00e0 orale, necessit\u00e0 di migliorare l&#039;ambiente orale; <\/p>\n\n\n\n<p>3. gli anziani, la necessit\u00e0 di una pulizia delicata dei denti, la prevenzione della malattia parodontale; <\/p>\n\n\n\n<p>4. bambini e adolescenti, per coltivare buone abitudini di igiene orale.<\/p>\n\n\n\n<h2 class=\"wp-block-heading\">Processo di produzione del dentifricio al bicarbonato di sodio<\/h2>\n\n\n\n<p>In qualit\u00e0 di produttore affidabile di dentifricio al bicarbonato di sodio, adottiamo il seguente speciale processo di produzione: <\/p>\n\n\n\n<p>1. rigoroso screening delle materie prime di bicarbonato di sodio per garantirne la purezza e la qualit\u00e0; <\/p>\n\n\n\n<p>2. controllo preciso della quantit\u00e0 di bicarbonato di sodio aggiunto per garantire un prodotto delicato e un effetto decontaminatore; <\/p>\n\n\n\n<p>3. La tecnologia di macinazione a bassa temperatura viene utilizzata per liberare completamente l&#039;attivit\u00e0 del bicarbonato di sodio; <\/p>\n\n\n\n<p>4. riempimento asettico, per garantire la sicurezza e l&#039;igiene del prodotto; <\/p>\n\n\n\n<p>5. L&#039;intero processo di controllo qualit\u00e0, per garantire che ogni dentifricio sia conforme agli standard nazionali. In qualit\u00e0 di produttore leader di dentifricio al bicarbonato di sodio, ogni dentifricio \u00e8 conforme agli standard nazionali.<\/p>","protected":false},"excerpt":{"rendered":"Baking soda toothpaste manufacturing common formulas The core ingredient of baking soda toothpaste, sodium bicarbonate, commonly known as baking soda, has a slight abrasive effect, which effectively removes stains and plaque from the surface of teeth. Sodium bicarbonate can also neutralize oral acids and improve the oral environment, helping to prevent tooth decay and periodontal [&hellip;]","protected":false},"featured_media":620,"menu_order":0,"template":"","meta":[],"product-tag":[],"products":[71],"class_list":["post-615","product","type-product","status-publish","has-post-thumbnail","hentry","products-toothpaste"],"acf":[],"_links":{"self":[{"href":"https:\/\/www.ruiqigo.com\/it\/wp-json\/wp\/v2\/product\/615","targetHints":{"allow":["GET"]}}],"collection":[{"href":"https:\/\/www.ruiqigo.com\/it\/wp-json\/wp\/v2\/product"}],"about":[{"href":"https:\/\/www.ruiqigo.com\/it\/wp-json\/wp\/v2\/types\/product"}],"version-history":[{"count":0,"href":"https:\/\/www.ruiqigo.com\/it\/wp-json\/wp\/v2\/product\/615\/revisions"}],"wp:featuredmedia":[{"embeddable":true,"href":"https:\/\/www.ruiqigo.com\/it\/wp-json\/wp\/v2\/media\/620"}],"wp:attachment":[{"href":"https:\/\/www.ruiqigo.com\/it\/wp-json\/wp\/v2\/media?parent=615"}],"wp:term":[{"taxonomy":"product-tag","embeddable":true,"href":"https:\/\/www.ruiqigo.com\/it\/wp-json\/wp\/v2\/product-tag?post=615"},{"taxonomy":"products","embeddable":true,"href":"https:\/\/www.ruiqigo.com\/it\/wp-json\/wp\/v2\/products?post=615"}],"curies":[{"name":"parola chiave","href":"https:\/\/api.w.org\/{rel}","templated":true}]}}