{"id":625,"date":"2024-07-24T17:02:08","date_gmt":"2024-07-24T09:02:08","guid":{"rendered":"https:\/\/ruiqigo.com\/?post_type=product&#038;p=625"},"modified":"2024-11-01T10:33:26","modified_gmt":"2024-11-01T02:33:26","slug":"mint-toothpaste","status":"publish","type":"product","link":"https:\/\/www.ruiqigo.com\/it\/product\/mint-toothpaste","title":{"rendered":"Dentifricio alla menta"},"content":{"rendered":"<h2 class=\"wp-block-heading\">Formule comuni per la produzione di dentifricio alla menta<\/h2>\n\n\n\n<p>Il mentolo, ingrediente principale del dentifricio alla menta, \u00e8 un composto naturale estratto dalla pianta della menta, che ha una sensazione di freschezza e un aroma unici. Il mentolo stimola la mucosa orale e favorisce la circolazione sanguigna, aiutando ad alleviare l&#039;infiammazione e il dolore orale. Inoltre, il mentolo ha un effetto battericida, che pu\u00f2 ridurre efficacemente i batteri nella bocca e prevenire la malattia parodontale e la carie.<\/p>\n\n\n\n<h2 class=\"wp-block-heading\">Dentifricio alla menta scenari applicabili<\/h2>\n\n\n\n<p>Il dentifricio alla menta \u00e8 adatto a diversi scenari, in particolare nelle seguenti occasioni: dopo il risveglio mattutino, aiuta a rimuovere l&#039;odore orale e a rinfrescarsi; dopo i pasti, pulisce efficacemente i residui di cibo e mantiene l&#039;alito fresco; quando si \u00e8 stanchi per il lavoro o lo studio, lavarsi i denti pu\u00f2 rinfrescare la mente e alleviare la stanchezza; dopo essere rimasti alzati fino a tardi o aver fumato, pu\u00f2 ridurre il cattivo sapore in bocca e prendersi cura della salute orale.<\/p>\n\n\n\n<h2 class=\"wp-block-heading\">Per chi \u00e8 adatto il dentifricio alla menta?<\/h2>\n\n\n\n<p>Il dentifricio alla menta \u00e8 adatto a un&#039;ampia gamma di persone, in particolare \u00e8 consigliato ai seguenti consumatori: <\/p>\n\n\n\n<p>1. persone che vogliono mantenere l&#039;alito fresco; <\/p>\n\n\n\n<p>2. persone che soffrono di alito cattivo, come i fumatori o chi resta spesso sveglio fino a tardi; <\/p>\n\n\n\n<p>3. persone che hanno bisogno di rinfrescarsi la mente, come impiegati, studenti; <\/p>\n\n\n\n<p>4. Le persone che preferiscono il sapore della menta, per un&#039;esperienza di spazzolatura fresca e confortevole.<\/p>\n\n\n\n<h2 class=\"wp-block-heading\">Processo di produzione del dentifricio alla menta<\/h2>\n\n\n\n<p>In qualit\u00e0 di produttore affidabile di dentifricio alla menta, adottiamo il seguente speciale processo di produzione:<\/p>\n\n\n\n<p>1) Selezionare rigorosamente le materie prime del mentolo per garantirne la purezza e la qualit\u00e0; <\/p>\n\n\n\n<p>2) Controllare con precisione la quantit\u00e0 di mentolo aggiunta per garantire la freschezza e l&#039;aroma moderato del prodotto; <\/p>\n\n\n\n<p>3) Adottare la tecnologia di macinazione a bassa temperatura per liberare completamente l&#039;attivit\u00e0 del mentolo; <\/p>\n\n\n\n<p>4) Riempimento asettico, per garantire la sicurezza e l&#039;igiene del prodotto; <\/p>\n\n\n\n<p>5) Controllo di qualit\u00e0 completo per garantire che ogni dentifricio soddisfi gli standard nazionali.<\/p>","protected":false},"excerpt":{"rendered":"Mint toothpaste manufacturing common formulas Menthol, the core ingredient of Mint Toothpaste, is a natural compound extracted from the mint plant, which has a unique cooling sensation and aroma. Menthol stimulates the oral mucosa and promotes blood circulation, helping to relieve oral inflammation and pain. In addition, menthol has a bactericidal effect, which can effectively [&hellip;]","protected":false},"featured_media":626,"menu_order":0,"template":"","meta":[],"product-tag":[],"products":[71],"class_list":["post-625","product","type-product","status-publish","has-post-thumbnail","hentry","products-toothpaste"],"acf":[],"_links":{"self":[{"href":"https:\/\/www.ruiqigo.com\/it\/wp-json\/wp\/v2\/product\/625","targetHints":{"allow":["GET"]}}],"collection":[{"href":"https:\/\/www.ruiqigo.com\/it\/wp-json\/wp\/v2\/product"}],"about":[{"href":"https:\/\/www.ruiqigo.com\/it\/wp-json\/wp\/v2\/types\/product"}],"version-history":[{"count":0,"href":"https:\/\/www.ruiqigo.com\/it\/wp-json\/wp\/v2\/product\/625\/revisions"}],"wp:featuredmedia":[{"embeddable":true,"href":"https:\/\/www.ruiqigo.com\/it\/wp-json\/wp\/v2\/media\/626"}],"wp:attachment":[{"href":"https:\/\/www.ruiqigo.com\/it\/wp-json\/wp\/v2\/media?parent=625"}],"wp:term":[{"taxonomy":"product-tag","embeddable":true,"href":"https:\/\/www.ruiqigo.com\/it\/wp-json\/wp\/v2\/product-tag?post=625"},{"taxonomy":"products","embeddable":true,"href":"https:\/\/www.ruiqigo.com\/it\/wp-json\/wp\/v2\/products?post=625"}],"curies":[{"name":"parola chiave","href":"https:\/\/api.w.org\/{rel}","templated":true}]}}