{"id":630,"date":"2024-07-24T17:29:38","date_gmt":"2024-07-24T09:29:38","guid":{"rendered":"https:\/\/ruiqigo.com\/?post_type=product&#038;p=630"},"modified":"2024-11-01T10:33:12","modified_gmt":"2024-11-01T02:33:12","slug":"tea-tree-oil-toothpaste","status":"publish","type":"product","link":"https:\/\/www.ruiqigo.com\/it\/product\/tea-tree-oil-toothpaste","title":{"rendered":"Dentifricio all&#039;olio di melaleuca"},"content":{"rendered":"<h2 class=\"wp-block-heading\">Formule comuni per la produzione di dentifricio all&#039;olio di melaleuca<\/h2>\n\n\n\n<p>L&#039;ingrediente principale del dentifricio all&#039;olio di tea tree, l&#039;estratto di semi di Camellia Sinensis, \u00e8 un olio naturale estratto dai semi di Camellia Sinensis, dalle propriet\u00e0 antinfiammatorie e antibatteriche. L&#039;estratto di semi di tea tree pu\u00f2 inibire efficacemente la crescita di batteri nocivi nel cavo orale, ridurre la formazione di placca e quindi l&#039;incidenza della carie. Inoltre, l&#039;estratto di semi di tea tree ha anche una fragranza naturale, che pu\u00f2 rimuovere efficacemente l&#039;odore orale e migliorare l&#039;ambiente orale.<\/p>\n\n\n\n<h2 class=\"wp-block-heading\">Scenari di applicazione del dentifricio all&#039;olio di melaleuca<\/h2>\n\n\n\n<p>Il dentifricio all&#039;olio di melaleuca \u00e8 adatto a diversi scenari, in particolare nelle seguenti occasioni: dopo il risveglio mattutino, per aiutare a rimuovere l&#039;alito cattivo e ripristinare l&#039;alito fresco; dopo i pasti, per pulire efficacemente i residui di cibo e proteggere i denti; dopo essere rimasti svegli tutta la notte a fumare, per alleviare l&#039;alito cattivo e prendersi cura della salute dei denti.<\/p>\n\n\n\n<h2 class=\"wp-block-heading\">Per chi \u00e8 adatto il dentifricio all&#039;olio di tea tree?<\/h2>\n\n\n\n<p>Il dentifricio all&#039;olio di melaleuca \u00e8 adatto a un&#039;ampia gamma di persone, in particolare \u00e8 consigliato ai seguenti consumatori: <\/p>\n\n\n\n<p>1. le persone che soffrono di cattivo odore orale, come i fumatori, spesso restano alzate fino a tardi; <\/p>\n\n\n\n<p>2. Le persone con denti sensibili hanno bisogno di pulire delicatamente la folla; <\/p>\n\n\n\n<p>3. I pazienti diabetici, a causa dell&#039;elevato rischio di malattia parodontale, devono prestare particolare attenzione alla cura orale; <\/p>\n\n\n\n<p>4. Vorrei provare un nuovo tipo di prodotti per l&#039;igiene orale per i consumatori, per godere della salute orale apportata dall&#039;olio di melaleuca.<\/p>\n\n\n\n<h2 class=\"wp-block-heading\">Processo di produzione del dentifricio all&#039;olio di melaleuca<\/h2>\n\n\n\n<p>Come produttori di dentifricio all&#039;olio di melaleuca di qualit\u00e0, utilizziamo il seguente speciale processo di produzione: <\/p>\n\n\n\n<p>1. rigoroso screening delle materie prime dell&#039;estratto di semi di Camellia sinensis per garantirne la purezza e la qualit\u00e0; <\/p>\n\n\n\n<p>2. controllo preciso della quantit\u00e0 di estratto di semi di Camellia sinensis aggiunto per garantire che il prodotto sia sicuro ed efficace; <\/p>\n\n\n\n<p>3. La tecnologia di macinazione a bassa temperatura viene utilizzata per liberare completamente l&#039;attivit\u00e0 dell&#039;estratto di semi di Camellia sinensis; <\/p>\n\n\n\n<p>4. riempimento asettico per garantire la sicurezza e l&#039;igiene del prodotto;<\/p>\n\n\n\n<p>5. L&#039;intero processo di controllo qualit\u00e0 garantisce che ogni dentifricio soddisfi gli standard nazionali. In qualit\u00e0 di produttore di dentifricio all&#039;olio di tea tree di qualit\u00e0, ogni dentifricio soddisfa gli standard nazionali.<\/p>","protected":false},"excerpt":{"rendered":"Tea tree oil toothpaste manufacturing common formulas The core ingredient of Tea Tree Oil Toothpaste, Camellia Sinensis Seed Extract, is a natural oil extracted from Camellia Sinensis seeds, which has anti-inflammatory and antibacterial effects. Oil tea seed extract can effectively inhibit the growth of harmful bacteria in the oral cavity, reduce the formation of plaque, [&hellip;]","protected":false},"featured_media":631,"menu_order":0,"template":"","meta":[],"product-tag":[],"products":[71],"class_list":["post-630","product","type-product","status-publish","has-post-thumbnail","hentry","products-toothpaste"],"acf":[],"_links":{"self":[{"href":"https:\/\/www.ruiqigo.com\/it\/wp-json\/wp\/v2\/product\/630","targetHints":{"allow":["GET"]}}],"collection":[{"href":"https:\/\/www.ruiqigo.com\/it\/wp-json\/wp\/v2\/product"}],"about":[{"href":"https:\/\/www.ruiqigo.com\/it\/wp-json\/wp\/v2\/types\/product"}],"version-history":[{"count":0,"href":"https:\/\/www.ruiqigo.com\/it\/wp-json\/wp\/v2\/product\/630\/revisions"}],"wp:featuredmedia":[{"embeddable":true,"href":"https:\/\/www.ruiqigo.com\/it\/wp-json\/wp\/v2\/media\/631"}],"wp:attachment":[{"href":"https:\/\/www.ruiqigo.com\/it\/wp-json\/wp\/v2\/media?parent=630"}],"wp:term":[{"taxonomy":"product-tag","embeddable":true,"href":"https:\/\/www.ruiqigo.com\/it\/wp-json\/wp\/v2\/product-tag?post=630"},{"taxonomy":"products","embeddable":true,"href":"https:\/\/www.ruiqigo.com\/it\/wp-json\/wp\/v2\/products?post=630"}],"curies":[{"name":"parola chiave","href":"https:\/\/api.w.org\/{rel}","templated":true}]}}