{"id":635,"date":"2024-07-25T15:47:07","date_gmt":"2024-07-25T07:47:07","guid":{"rendered":"https:\/\/ruiqigo.com\/?post_type=product&#038;p=635"},"modified":"2025-09-03T15:22:48","modified_gmt":"2025-09-03T07:22:48","slug":"fluoride-mouthwash","status":"publish","type":"product","link":"https:\/\/www.ruiqigo.com\/it\/product\/fluoride-mouthwash","title":{"rendered":"Collutorio al fluoro"},"content":{"rendered":"<h2 class=\"wp-block-heading\">Formule comuni<\/h2>\n\n\n\n<p><strong>Monofluorofosfato di sodio<\/strong>, l&#039;ingrediente principale del collutorio al fluoro, \u00e8 un tipo di fluoro ampiamente utilizzato nei prodotti per l&#039;igiene orale, che pu\u00f2 migliorare efficacemente la capacit\u00e0 antiacida dello smalto dei denti e ridurre l&#039;incidenza della carie. Il contenuto di fluoro 0,02% \u00e8 in linea con gli standard nazionali e internazionali, che possono svolgere un ruolo nel fluoro, ma anche per garantire la sicurezza dell&#039;uso. Inoltre, il monofluorofosfato di sodio pu\u00f2 anche promuovere la remineralizzazione dei denti e riparare la carie precoce.<\/p>\n\n\n\n<h2 class=\"wp-block-heading\">Scenari applicabili<\/h2>\n\n\n\n<p>Il collutorio al fluoro \u00e8 adatto a diversi scenari, in particolare nelle seguenti occasioni: <\/p>\n\n\n\n<p>1. dopo i pasti, pulizia efficace dei residui di cibo e protezione dei denti; <\/p>\n\n\n\n<p>2. dopo essere rimasti svegli tutta la notte e aver fumato, per ridurre il cattivo sapore in bocca e prendersi cura della salute dei denti; <\/p>\n\n\n\n<p>3. in occasioni speciali, come matrimoni, colloqui, ecc., per mantenere l&#039;alito fresco; <\/p>\n\n\n\n<p>4. dopo il trattamento delle malattie orali, per favorire la pulizia della cavit\u00e0 orale.<\/p>\n\n\n\n<h2 class=\"wp-block-heading\">Per chi \u00e8 indicato il collutorio al fluoro?<\/h2>\n\n\n\n<p>I collutori al fluoro sono adatti a un&#039;ampia gamma di persone, in particolare sono consigliati per i seguenti consumatori: <\/p>\n\n\n\n<p>1. bambini, adolescenti e adulti per prevenire la carie e mantenere la salute orale; <\/p>\n\n\n\n<p>2. persone con denti sensibili che hanno bisogno di aumentare la durezza dello smalto; <\/p>\n\n\n\n<p>3. pazienti diabetici ad alto rischio di malattia parodontale e che necessitano di particolare attenzione alla salute orale; <\/p>\n\n\n\n<p>4. consumatori che amano provare nuovi prodotti per la cura della salute orale per godere dei benefici del collutorio al fluoro. La salute orale portata dal collutorio al fluoro.<\/p>\n\n\n\n<h2 class=\"wp-block-heading\">Processo di produzione<\/h2>\n\n\n\n<p>Per garantire la qualit\u00e0 del collutorio al fluoro, adottiamo il seguente speciale processo di produzione: <\/p>\n\n\n\n<p>1. rigorosa selezione delle materie prime del monofluorofosfato di sodio per garantirne la purezza e la qualit\u00e0; <\/p>\n\n\n\n<p>2. controllo preciso della quantit\u00e0 di monofluorofosfato di sodio aggiunto per garantire la sicurezza e l&#039;efficacia del prodotto; <\/p>\n\n\n\n<p>3. la tecnologia di miscelazione a bassa temperatura viene utilizzata per liberare al massimo l&#039;attivit\u00e0 del monofluorofosfato di sodio; <\/p>\n\n\n\n<p>4. riempimento asettico, per garantire la sicurezza e l&#039;igiene del prodotto; <\/p>\n\n\n\n<p>5. controllo di qualit\u00e0 completo per garantire che ogni flacone di Fluoride Mouthwash sia sicuro e igienico. Controllo di qualit\u00e0 per garantire che ogni flacone di Fluoride Mouthwash soddisfi lo standard nazionale. <\/p>\n\n\n\n<p>Grazie al processo sopra descritto, ti offriamo un prodotto per l&#039;igiene orale affidabile e di alta qualit\u00e0.<\/p>","protected":false},"excerpt":{"rendered":"Common Formulas Sodium Monofluorophosphate, the core ingredient of Fluoride Mouthwash, is a kind of fluoride widely used in oral care products, which can effectively enhance the anti-acid ability of tooth enamel and reduce the incidence of tooth decay.0.02% fluorine content is in line with national and international standards, which can play a role in the [&hellip;]","protected":false},"featured_media":667,"menu_order":0,"template":"","meta":[],"product-tag":[201,206,207,208,212,213,214,216],"products":[72],"class_list":["post-635","product","type-product","status-publish","has-post-thumbnail","hentry","product-tag-mouthwash-manufacturer","product-tag-mouthwash-companies","product-tag-mouthwash-factory","product-tag-mouthwash-suppliers","product-tag-mouthwash-contract-manufacturer","product-tag-antiseptic-mouthwashes-manufacturer","product-tag-mouthwash-manufacturers-usa","product-tag-private-label-mouthwash-manufacturers","products-mouthwash"],"acf":[],"_links":{"self":[{"href":"https:\/\/www.ruiqigo.com\/it\/wp-json\/wp\/v2\/product\/635","targetHints":{"allow":["GET"]}}],"collection":[{"href":"https:\/\/www.ruiqigo.com\/it\/wp-json\/wp\/v2\/product"}],"about":[{"href":"https:\/\/www.ruiqigo.com\/it\/wp-json\/wp\/v2\/types\/product"}],"version-history":[{"count":0,"href":"https:\/\/www.ruiqigo.com\/it\/wp-json\/wp\/v2\/product\/635\/revisions"}],"wp:featuredmedia":[{"embeddable":true,"href":"https:\/\/www.ruiqigo.com\/it\/wp-json\/wp\/v2\/media\/667"}],"wp:attachment":[{"href":"https:\/\/www.ruiqigo.com\/it\/wp-json\/wp\/v2\/media?parent=635"}],"wp:term":[{"taxonomy":"product-tag","embeddable":true,"href":"https:\/\/www.ruiqigo.com\/it\/wp-json\/wp\/v2\/product-tag?post=635"},{"taxonomy":"products","embeddable":true,"href":"https:\/\/www.ruiqigo.com\/it\/wp-json\/wp\/v2\/products?post=635"}],"curies":[{"name":"parola chiave","href":"https:\/\/api.w.org\/{rel}","templated":true}]}}