{"id":652,"date":"2024-07-25T15:14:31","date_gmt":"2024-07-25T07:14:31","guid":{"rendered":"https:\/\/ruiqigo.com\/?post_type=product&#038;p=652"},"modified":"2024-11-01T14:14:59","modified_gmt":"2024-11-01T06:14:59","slug":"stannous-fluoride-toothpaste","status":"publish","type":"product","link":"https:\/\/www.ruiqigo.com\/it\/product\/stannous-fluoride-toothpaste","title":{"rendered":"Dentifricio al fluoro stannoso"},"content":{"rendered":"<h3 class=\"wp-block-heading\">Formule comuni per la produzione di dentifricio al fluoro stannoso<\/h3>\n\n\n\n<p>L&#039;ingrediente principale del dentifricio al fluoro stannoso, il fluoro stannoso, \u00e8 un fluoro ampiamente utilizzato nei prodotti per l&#039;igiene orale, che pu\u00f2 migliorare efficacemente la capacit\u00e0 dello smalto di resistere all&#039;acidit\u00e0 e ridurre l&#039;incidenza della carie. Il fluoro stannoso promuove anche la remineralizzazione dei denti e il ripristino delle carie precoci. Inoltre, il fluoro stannoso \u00e8 innocuo per il corpo umano e adatto all&#039;uso a lungo termine.<\/p>\n\n\n\n<h3 class=\"wp-block-heading\">Dentifricio al fluoro stannoso: scenari applicabili<\/h3>\n\n\n\n<p>Il dentifricio al fluoro stannoso \u00e8 adatto a diversi scenari, in particolare nelle seguenti occasioni: <\/p>\n\n\n\n<p>1. dopo i pasti, pulizia efficace dei residui di cibo e protezione dei denti; <\/p>\n\n\n\n<p>2. dopo essere rimasti svegli tutta la notte e aver fumato, per alleviare il cattivo sapore in bocca e prendersi cura della salute dei denti; <\/p>\n\n\n\n<p>3. occasioni speciali, come matrimoni, colloqui, ecc., per mantenere l&#039;alito fresco; <\/p>\n\n\n\n<p>4. dopo il trattamento delle malattie orali, per favorire la pulizia della cavit\u00e0 orale.<\/p>\n\n\n\n<h3 class=\"wp-block-heading\">Per chi \u00e8 adatto il dentifricio al fluoro stannoso?<\/h3>\n\n\n\n<p>Il dentifricio al fluoro stannoso \u00e8 adatto a un&#039;ampia gamma di persone, in particolare \u00e8 consigliato ai seguenti consumatori:<\/p>\n\n\n\n<p>1. bambini, adolescenti e adulti, per prevenire la carie e mantenere la salute orale; <\/p>\n\n\n\n<p>2. persone con denti sensibili, che hanno bisogno di aumentare la durezza dello smalto; <\/p>\n\n\n\n<p>3. I pazienti diabetici, a causa dell&#039;elevato rischio di malattia parodontale, devono prestare particolare attenzione alla cura orale; <\/p>\n\n\n\n<p>4. consumatori che amano provare nuovi prodotti per l&#039;igiene orale, apprezzano il dentifricio al fluoro stannoso e apprezzano il buon sapore del dentifricio al fluoro stannoso. Consumatori che amano provare nuovi prodotti per l&#039;igiene orale e apprezzano la salute orale offerta dal dentifricio al fluoro stannoso.<\/p>\n\n\n\n<h3 class=\"wp-block-heading\">Processo di produzione del dentifricio al fluoro stannoso<\/h3>\n\n\n\n<p>In qualit\u00e0 di produttori professionali di dentifricio al fluoro stannoso, adottiamo il seguente speciale processo di produzione: <\/p>\n\n\n\n<p>1) Esaminare rigorosamente le materie prime del fluoruro stannoso per garantirne la purezza e la qualit\u00e0; <\/p>\n\n\n\n<p>2) Controllo preciso della quantit\u00e0 di Fluoruro Stannoso aggiunto per garantire la sicurezza e l&#039;efficacia del prodotto; <\/p>\n\n\n\n<p>3) Adozione della tecnologia di macinazione a bassa temperatura per liberare al massimo l&#039;attivit\u00e0 del fluoruro stannoso; <\/p>\n\n\n\n<p>4) Riempimento asettico per garantire la sicurezza e l&#039;igiene del prodotto; <\/p>\n\n\n\n<p>5) Controllo di qualit\u00e0 completo per garantire la sicurezza e l&#039;igiene del prodotto. Come grande produttore di dentifricio al fluoro stannoso, l&#039;intero processo di controllo di qualit\u00e0 per garantire che ogni dentifricio al fluoro stannoso soddisfi lo standard nazionale. Attraverso il processo di cui sopra, ti offriamo un prodotto per l&#039;igiene orale affidabile e di alta qualit\u00e0.<\/p>","protected":false},"excerpt":{"rendered":"Stannous fluoride toothpaste manufacturing common formulas Stannous Fluoride Toothpaste&#8217;s core ingredient, Stannous Fluoride, is a fluoride widely used in oral care products, which can effectively enhance the enamel&#8217;s ability to resist acidity and reduce the incidence of tooth decay. Stannous fluoride also promotes remineralization of teeth and restoration of early cavities. In addition, stannous fluoride [&hellip;]","protected":false},"featured_media":657,"menu_order":0,"template":"","meta":[],"product-tag":[],"products":[71],"class_list":["post-652","product","type-product","status-publish","has-post-thumbnail","hentry","products-toothpaste"],"acf":[],"_links":{"self":[{"href":"https:\/\/www.ruiqigo.com\/it\/wp-json\/wp\/v2\/product\/652","targetHints":{"allow":["GET"]}}],"collection":[{"href":"https:\/\/www.ruiqigo.com\/it\/wp-json\/wp\/v2\/product"}],"about":[{"href":"https:\/\/www.ruiqigo.com\/it\/wp-json\/wp\/v2\/types\/product"}],"version-history":[{"count":0,"href":"https:\/\/www.ruiqigo.com\/it\/wp-json\/wp\/v2\/product\/652\/revisions"}],"wp:featuredmedia":[{"embeddable":true,"href":"https:\/\/www.ruiqigo.com\/it\/wp-json\/wp\/v2\/media\/657"}],"wp:attachment":[{"href":"https:\/\/www.ruiqigo.com\/it\/wp-json\/wp\/v2\/media?parent=652"}],"wp:term":[{"taxonomy":"product-tag","embeddable":true,"href":"https:\/\/www.ruiqigo.com\/it\/wp-json\/wp\/v2\/product-tag?post=652"},{"taxonomy":"products","embeddable":true,"href":"https:\/\/www.ruiqigo.com\/it\/wp-json\/wp\/v2\/products?post=652"}],"curies":[{"name":"parola chiave","href":"https:\/\/api.w.org\/{rel}","templated":true}]}}