{"id":666,"date":"2024-07-25T15:56:03","date_gmt":"2024-07-25T07:56:03","guid":{"rendered":"https:\/\/ruiqigo.com\/?post_type=product&#038;p=666"},"modified":"2025-09-03T15:22:37","modified_gmt":"2025-09-03T07:22:37","slug":"chlorhexidine-gluconate-mouthwash","status":"publish","type":"product","link":"https:\/\/www.ruiqigo.com\/it\/product\/chlorhexidine-gluconate-mouthwash","title":{"rendered":"Collutorio al gluconato di clorexidina"},"content":{"rendered":"<h2 class=\"wp-block-heading\">Formule comuni<\/h2>\n\n\n\n<p>L&#039;ingrediente principale del collutorio al gluconato di clorexidina, <strong>Clorexidina gluconato<\/strong>, \u00e8 un agente antimicrobico ad ampio spettro che pu\u00f2 inibire efficacemente la crescita dei batteri nella bocca e prevenire le malattie orali. Il gluconato di clorexidina \u00e8 innocuo e adatto per un uso a lungo termine. Inoltre, il gluconato di clorexidina ha un leggero effetto disinfettante, che pu\u00f2 rimuovere efficacemente l&#039;odore orale e migliorare l&#039;ambiente orale.<\/p>\n\n\n\n<h2 class=\"wp-block-heading\">Scenari applicabili<\/h2>\n\n\n\n<p>Il collutorio al gluconato di clorexidina \u00e8 adatto a diversi scenari, in particolare nelle seguenti occasioni: <\/p>\n\n\n\n<p>1. Utilizzare dopo i pasti per pulire efficacemente i residui di cibo e mantenere l&#039;alito fresco; <\/p>\n\n\n\n<p>2. Dopo essere rimasti alzati fino a tardi e aver fumato, per ridurre l&#039;odore orale e prendersi cura della salute dei denti; <\/p>\n\n\n\n<p>3. In occasioni speciali, come matrimoni, colloqui, ecc., per mantenere l&#039;alito fresco; <\/p>\n\n\n\n<p>4. Dopo il trattamento delle malattie orali, per aiutare a pulire la bocca. Pulire la cavit\u00e0 orale.<\/p>\n\n\n\n<h2 class=\"wp-block-heading\">Per chi \u00e8 indicato il collutorio al gluconato di clorexidina?<\/h2>\n\n\n\n<p>Il collutorio al gluconato di clorexidina \u00e8 adatto a un&#039;ampia gamma di persone, in particolare \u00e8 consigliato ai seguenti consumatori: <\/p>\n\n\n\n<p>1. persone che sono infastidite dall&#039;odore orale, come i fumatori o le persone che spesso restano alzate fino a tardi; <\/p>\n\n\n\n<p>2. persone con denti sensibili, che necessitano di una pulizia delicata; <\/p>\n\n\n\n<p>3. I pazienti diabetici, che presentano un rischio elevato di malattia parodontale, devono prestare particolare attenzione alla cura orale;<\/p>\n\n\n\n<p> 4. i consumatori che amano provare nuovi prodotti per l&#039;igiene orale apprezzano il collutorio alla clorexidina gluconato; <\/p>\n\n\n\n<p>5. consumatori che amano provare nuovi prodotti per l&#039;igiene orale. Consumatori che amano provare nuovi prodotti per l&#039;igiene orale e apprezzano la salute orale offerta dai collutori al gluconato di clorexidina.<\/p>\n\n\n\n<h2 class=\"wp-block-heading\">Processo di produzione<\/h2>\n\n\n\n<p>Per garantire la qualit\u00e0 del collutorio al gluconato di clorexidina, adottiamo il seguente speciale processo di produzione: <\/p>\n\n\n\n<p>1. Rigoroso screening delle materie prime di gluconato di clorexidina per garantirne la purezza e la qualit\u00e0; <\/p>\n\n\n\n<p>2. Controllo preciso della quantit\u00e0 di gluconato di clorexidina aggiunta per garantire la sicurezza e l&#039;efficacia del prodotto; <\/p>\n\n\n\n<p>3. Adozione della tecnologia di miscelazione a bassa temperatura per liberare completamente l&#039;attivit\u00e0 del gluconato di clorexidina; <\/p>\n\n\n\n<p>4. Riempimento asettico per garantire la sicurezza e l&#039;igiene del prodotto; <\/p>\n\n\n\n<p>5. Controllo di qualit\u00e0 completo per garantire che ogni flacone di collutorio al gluconato di clorexidina soddisfi gli standard nazionali. <\/p>\n\n\n\n<p>Grazie al processo sopra descritto, ti offriamo un prodotto per l&#039;igiene orale di alta qualit\u00e0 e garantito.<\/p>","protected":false},"excerpt":{"rendered":"Common Formulas Chlorhexidine Gluconate Mouthwash&#8217;s core ingredient, Chlorhexidine Gluconate, is a broad-spectrum antimicrobial agent that can effectively inhibit the growth of bacteria in the mouth and prevent oral diseases. Chlorhexidine Gluconate is harmless and suitable for long-term use. In addition, chlorhexidine gluconate has a mild disinfecting effect, which can effectively remove oral odor and improve [&hellip;]","protected":false},"featured_media":673,"menu_order":0,"template":"","meta":[],"product-tag":[201,206,208,209,212,213,215],"products":[72],"class_list":["post-666","product","type-product","status-publish","has-post-thumbnail","hentry","product-tag-mouthwash-manufacturer","product-tag-mouthwash-companies","product-tag-mouthwash-suppliers","product-tag-chlorhexidine-gluconate-mouthwash-manufacturer","product-tag-mouthwash-contract-manufacturer","product-tag-antiseptic-mouthwashes-manufacturer","product-tag-chlorhexidine-mouthwash-manufacturer","products-mouthwash"],"acf":[],"_links":{"self":[{"href":"https:\/\/www.ruiqigo.com\/it\/wp-json\/wp\/v2\/product\/666","targetHints":{"allow":["GET"]}}],"collection":[{"href":"https:\/\/www.ruiqigo.com\/it\/wp-json\/wp\/v2\/product"}],"about":[{"href":"https:\/\/www.ruiqigo.com\/it\/wp-json\/wp\/v2\/types\/product"}],"version-history":[{"count":0,"href":"https:\/\/www.ruiqigo.com\/it\/wp-json\/wp\/v2\/product\/666\/revisions"}],"wp:featuredmedia":[{"embeddable":true,"href":"https:\/\/www.ruiqigo.com\/it\/wp-json\/wp\/v2\/media\/673"}],"wp:attachment":[{"href":"https:\/\/www.ruiqigo.com\/it\/wp-json\/wp\/v2\/media?parent=666"}],"wp:term":[{"taxonomy":"product-tag","embeddable":true,"href":"https:\/\/www.ruiqigo.com\/it\/wp-json\/wp\/v2\/product-tag?post=666"},{"taxonomy":"products","embeddable":true,"href":"https:\/\/www.ruiqigo.com\/it\/wp-json\/wp\/v2\/products?post=666"}],"curies":[{"name":"parola chiave","href":"https:\/\/api.w.org\/{rel}","templated":true}]}}