{"id":683,"date":"2024-07-25T16:08:00","date_gmt":"2024-07-25T08:08:00","guid":{"rendered":"https:\/\/ruiqigo.com\/?post_type=product&#038;p=683"},"modified":"2025-09-03T15:22:21","modified_gmt":"2025-09-03T07:22:21","slug":"antibiotic-mouthwash","status":"publish","type":"product","link":"https:\/\/www.ruiqigo.com\/it\/product\/antibiotic-mouthwash","title":{"rendered":"Collutorio antibiotico"},"content":{"rendered":"<h2 class=\"wp-block-heading\">Formule comuni<\/h2>\n\n\n\n<p>Gli ingredienti principali del collutorio antibiotico, <strong>Olio di ricino idrogenato PEG-40<\/strong>, <strong>Olio di menta piperita<\/strong> E <strong>Cloruro di didecildimetilammonio<\/strong>, sono agenti antimicrobici ad ampio spettro che possono inibire efficacemente la crescita dei batteri nella cavit\u00e0 orale e prevenire le malattie orali. L&#039;olio di ricino idrogenato PEG-40 e l&#039;olio di menta piperita hanno un leggero effetto disinfettante, che pu\u00f2 rimuovere efficacemente i cattivi odori e migliorare l&#039;ambiente della cavit\u00e0 orale. Il cloruro di didecildimetilammonio \u00e8 innocuo per il corpo umano e adatto per un uso a lungo termine.<\/p>\n\n\n\n<h2 class=\"wp-block-heading\">Scenari applicabili<\/h2>\n\n\n\n<p>Il collutorio antibiotico \u00e8 adatto a diversi scenari, in particolare nelle seguenti occasioni: <\/p>\n\n\n\n<p>1. utilizzare dopo i pasti per pulire efficacemente i residui di cibo e mantenere l&#039;alito fresco; <\/p>\n\n\n\n<p>2. dopo essere rimasti svegli tutta la notte e aver fumato, per ridurre il cattivo sapore in bocca e prendersi cura della salute dei denti; <\/p>\n\n\n\n<p>3. in occasioni speciali, come matrimoni, colloqui, ecc., per mantenere l&#039;alito fresco; <\/p>\n\n\n\n<p>4. dopo il trattamento delle malattie orali, per favorire la pulizia della cavit\u00e0 orale.<\/p>\n\n\n\n<h2 class=\"wp-block-heading\">Per chi \u00e8 indicato il collutorio antibiotico?<\/h2>\n\n\n\n<p>Il collutorio antibiotico \u00e8 adatto a un&#039;ampia gamma di persone, in particolare \u00e8 consigliato ai seguenti consumatori: <\/p>\n\n\n\n<p>1. le persone che soffrono di cattivo odore orale, come i fumatori, spesso restano alzate fino a tardi; <\/p>\n\n\n\n<p>2. persone con denti sensibili, necessit\u00e0 di una pulizia delicata della bocca; <\/p>\n\n\n\n<p>3. I pazienti diabetici, a causa dell&#039;elevato rischio di malattia parodontale, devono prestare particolare attenzione alla cura della salute orale; <\/p>\n\n\n\n<p>4. Mi piacerebbe provare un nuovo tipo di prodotti per la cura della salute orale che i consumatori possano apprezzare! Il collutorio antibiotico porta la salute orale.<\/p>\n\n\n\n<h2 class=\"wp-block-heading\">Processo di produzione<\/h2>\n\n\n\n<p>Per garantire la qualit\u00e0 del collutorio antibiotico, adottiamo il seguente speciale processo di produzione: <\/p>\n\n\n\n<p>1. Esaminare rigorosamente le materie prime dell&#039;olio di ricino idrogenato PEG-40, dell&#039;olio di menta piperita e del cloruro di didecildimetilammonio, per garantirne la purezza e la qualit\u00e0; <\/p>\n\n\n\n<p>2. Controllo preciso della quantit\u00e0 di materie prime aggiunte, per garantire che il prodotto sia sicuro ed efficace; <\/p>\n\n\n\n<p>3. Adozione della tecnologia di miscelazione a bassa temperatura, per liberare al massimo l&#039;attivit\u00e0 delle materie prime; <\/p>\n\n\n\n<p>4. Riempimento asettico, per garantire che il prodotto sia sicuro e igienico;<\/p>\n\n\n\n<p>5. Controllo di qualit\u00e0 completo per garantire che ogni flacone di Antibiotic Mouthwash soddisfi gli standard nazionali. Attraverso il processo di cui sopra, ti offriamo un prodotto per l&#039;igiene orale affidabile e di alta qualit\u00e0.<\/p>","protected":false},"excerpt":{"rendered":"Common Formulas The core ingredients of Antibiotic Mouthwash, PEG-40 Hydrogenated Castor Oil, Peppermint Oil and Didecyldimethylammonium Chloride, are broad-spectrum antimicrobial agents that can effectively inhibit the growth of bacteria in the oral cavity and prevent oral diseases. PEG-40 Hydrogenated Castor Oil and Peppermint Oil have a mild disinfectant effect, which can effectively remove bad odors [&hellip;]","protected":false},"featured_media":684,"menu_order":0,"template":"","meta":[],"product-tag":[201,206,207,208,212,213,214],"products":[72],"class_list":["post-683","product","type-product","status-publish","has-post-thumbnail","hentry","product-tag-mouthwash-manufacturer","product-tag-mouthwash-companies","product-tag-mouthwash-factory","product-tag-mouthwash-suppliers","product-tag-mouthwash-contract-manufacturer","product-tag-antiseptic-mouthwashes-manufacturer","product-tag-mouthwash-manufacturers-usa","products-mouthwash"],"acf":[],"_links":{"self":[{"href":"https:\/\/www.ruiqigo.com\/it\/wp-json\/wp\/v2\/product\/683","targetHints":{"allow":["GET"]}}],"collection":[{"href":"https:\/\/www.ruiqigo.com\/it\/wp-json\/wp\/v2\/product"}],"about":[{"href":"https:\/\/www.ruiqigo.com\/it\/wp-json\/wp\/v2\/types\/product"}],"version-history":[{"count":0,"href":"https:\/\/www.ruiqigo.com\/it\/wp-json\/wp\/v2\/product\/683\/revisions"}],"wp:featuredmedia":[{"embeddable":true,"href":"https:\/\/www.ruiqigo.com\/it\/wp-json\/wp\/v2\/media\/684"}],"wp:attachment":[{"href":"https:\/\/www.ruiqigo.com\/it\/wp-json\/wp\/v2\/media?parent=683"}],"wp:term":[{"taxonomy":"product-tag","embeddable":true,"href":"https:\/\/www.ruiqigo.com\/it\/wp-json\/wp\/v2\/product-tag?post=683"},{"taxonomy":"products","embeddable":true,"href":"https:\/\/www.ruiqigo.com\/it\/wp-json\/wp\/v2\/products?post=683"}],"curies":[{"name":"parola chiave","href":"https:\/\/api.w.org\/{rel}","templated":true}]}}