{"id":702,"date":"2024-07-25T20:34:12","date_gmt":"2024-07-25T12:34:12","guid":{"rendered":"https:\/\/ruiqigo.com\/?post_type=product&#038;p=702"},"modified":"2025-09-03T15:21:59","modified_gmt":"2025-09-03T07:21:59","slug":"biotin-mouthwash","status":"publish","type":"product","link":"https:\/\/www.ruiqigo.com\/it\/product\/biotin-mouthwash","title":{"rendered":"Collutorio alla biotina"},"content":{"rendered":"<h2 class=\"wp-block-heading\">Formule comuni<\/h2>\n\n\n\n<p>L&#039;ingrediente principale del collutorio alla biotina, l&#039;olio di ricino idrogenato PEG-40, ha un leggero effetto disinfettante, in grado di rimuovere efficacemente gli odori orali e migliorare l&#039;ambiente orale. <\/p>\n\n\n\n<p>La biotina \u00e8 un complesso di vitamina B che pu\u00f2 favorire la riparazione della mucosa orale, migliorare l&#039;immunit\u00e0 orale e prevenire le malattie orali. <\/p>\n\n\n\n<p>Inoltre, fragola, arancia, cannella, t\u00e8 verde, menta e altri aromi possono conferire un sapore fresco e aiutare ad alleviare il disagio orale.<\/p>\n\n\n\n<h2 class=\"wp-block-heading\">Scenari applicabili<\/h2>\n\n\n\n<p>Il collutorio alla biotina pu\u00f2 essere utilizzato in diversi scenari, in particolare nelle seguenti occasioni: <\/p>\n\n\n\n<p>1. dopo i pasti, per pulire efficacemente i residui di cibo e mantenere l&#039;alito fresco; <\/p>\n\n\n\n<p>2. dopo essere rimasti svegli tutta la notte e aver fumato, per alleviare il cattivo sapore in bocca e prendersi cura della salute dei denti; <\/p>\n\n\n\n<p>3. in occasioni speciali come matrimoni, colloqui, ecc., per mantenere l&#039;alito fresco; <\/p>\n\n\n\n<p>4. dopo il trattamento di malattie orali, per favorire la pulizia della cavit\u00e0 orale.<\/p>\n\n\n\n<h2 class=\"wp-block-heading\">Per chi \u00e8 indicato il collutorio alla biotina?<\/h2>\n\n\n\n<p>Il collutorio alla biotina \u00e8 adatto a un&#039;ampia gamma di persone, in particolare \u00e8 consigliato ai seguenti consumatori: <\/p>\n\n\n\n<p>1. persone che sono infastidite dall&#039;odore orale, come i fumatori o le persone che spesso restano alzate fino a tardi; <\/p>\n\n\n\n<p>2. persone che hanno denti sensibili e necessitano di una pulizia delicata; <\/p>\n\n\n\n<p>3. persone affette da diabete, che presentano un rischio elevato di malattia parodontale e devono prestare particolare attenzione alla cura orale; <\/p>\n\n\n\n<p>4. consumatori che desiderano provare nuovi prodotti per l&#039;igiene orale per godere dei benefici per la salute orale apportati dal collutorio alla biotina; <\/p>\n\n\n\n<p>5. consumatori che amano provare nuovi prodotti per la cura orale per godere dei benefici per la salute orale apportati dal collutorio alla biotina. Il collutorio apporta salute orale.<\/p>\n\n\n\n<h2 class=\"wp-block-heading\">Processo di produzione<\/h2>\n\n\n\n<p>Per garantire la qualit\u00e0 del collutorio alla biotina, adottiamo il seguente speciale processo di produzione: <\/p>\n\n\n\n<p>1. Esaminare rigorosamente le materie prime dell&#039;olio di ricino idrogenato PEG-40 e della biotina per garantirne la purezza e la qualit\u00e0; <\/p>\n\n\n\n<p>2. Controllare con precisione la quantit\u00e0 di materie prime aggiunte per garantire che il prodotto sia sicuro ed efficace; <\/p>\n\n\n\n<p>3. Adottare la tecnologia di miscelazione a bassa temperatura per liberare completamente l&#039;attivit\u00e0 delle materie prime; <\/p>\n\n\n\n<p>4. Riempimento asettico, per garantire che il prodotto sia sicuro e igienico; <\/p>\n\n\n\n<p>5. Controllo di qualit\u00e0 completo per garantire che ogni flacone di Biotin Mouthwash soddisfi lo standard nazionale. Attraverso il processo di cui sopra, ti offriamo un prodotto per la cura orale affidabile e di alta qualit\u00e0.<\/p>","protected":false},"excerpt":{"rendered":"Common Formulas Biotin Mouthwash&#8217;s core ingredient, PEG-40 Hydrogenated Castor Oil, has a mild disinfecting effect, which can effectively remove oral odor and improve the oral environment. Biotin is a vitamin B complex, which can promote the repair of oral mucosa, improve oral immunity and prevent oral diseases. In addition, strawberry, orange, cinnamon, green tea, mint [&hellip;]","protected":false},"featured_media":703,"menu_order":0,"template":"","meta":[],"product-tag":[201,206,208,211,212,216],"products":[72],"class_list":["post-702","product","type-product","status-publish","has-post-thumbnail","hentry","product-tag-mouthwash-manufacturer","product-tag-mouthwash-companies","product-tag-mouthwash-suppliers","product-tag-alkaline-mouthwash-manufacturer","product-tag-mouthwash-contract-manufacturer","product-tag-private-label-mouthwash-manufacturers","products-mouthwash"],"acf":[],"_links":{"self":[{"href":"https:\/\/www.ruiqigo.com\/it\/wp-json\/wp\/v2\/product\/702","targetHints":{"allow":["GET"]}}],"collection":[{"href":"https:\/\/www.ruiqigo.com\/it\/wp-json\/wp\/v2\/product"}],"about":[{"href":"https:\/\/www.ruiqigo.com\/it\/wp-json\/wp\/v2\/types\/product"}],"version-history":[{"count":0,"href":"https:\/\/www.ruiqigo.com\/it\/wp-json\/wp\/v2\/product\/702\/revisions"}],"wp:featuredmedia":[{"embeddable":true,"href":"https:\/\/www.ruiqigo.com\/it\/wp-json\/wp\/v2\/media\/703"}],"wp:attachment":[{"href":"https:\/\/www.ruiqigo.com\/it\/wp-json\/wp\/v2\/media?parent=702"}],"wp:term":[{"taxonomy":"product-tag","embeddable":true,"href":"https:\/\/www.ruiqigo.com\/it\/wp-json\/wp\/v2\/product-tag?post=702"},{"taxonomy":"products","embeddable":true,"href":"https:\/\/www.ruiqigo.com\/it\/wp-json\/wp\/v2\/products?post=702"}],"curies":[{"name":"parola chiave","href":"https:\/\/api.w.org\/{rel}","templated":true}]}}