{"id":3187,"date":"2025-04-23T16:24:34","date_gmt":"2025-04-23T08:24:34","guid":{"rendered":"https:\/\/www.ruiqigo.com\/?page_id=3187"},"modified":"2025-06-28T17:20:43","modified_gmt":"2025-06-28T09:20:43","slug":"videos","status":"publish","type":"page","link":"https:\/\/www.ruiqigo.com\/nb\/videos","title":{"rendered":"Videoer"},"content":{"rendered":"<div data-elementor-type=\"wp-page\" data-elementor-id=\"3187\" class=\"elementor elementor-3187\" data-elementor-post-type=\"page\">\n\t\t\t\t<div class=\"elementor-element elementor-element-79743793 e-flex e-con-boxed e-con e-parent\" data-id=\"79743793\" data-element_type=\"container\" data-e-type=\"container\">\n\t\t\t\t\t<div class=\"e-con-inner\">\n\t\t\t\t<div class=\"elementor-element elementor-element-beddaac e-n-tabs-mobile elementor-widget elementor-widget-n-tabs\" data-id=\"beddaac\" data-element_type=\"widget\" data-e-type=\"widget\" data-settings=\"{&quot;horizontal_scroll&quot;:&quot;disable&quot;}\" data-widget_type=\"nested-tabs.default\">\n\t\t\t\t<div class=\"elementor-widget-container\">\n\t\t\t\t\t\t\t<div class=\"e-n-tabs\" data-widget-number=\"200137388\" aria-label=\"Faner. \u00c5pne elementer med Enter eller mellomrom, lukk med Escape og naviger med piltastene.\">\n\t\t\t<div class=\"e-n-tabs-heading\" role=\"tablist\">\n\t\t\t\t\t<button id=\"e-n-tab-title-2001373881\" data-tab-title-id=\"e-n-tab-title-2001373881\" class=\"e-n-tab-title\" aria-selected=\"true\" data-tab-index=\"1\" role=\"tab\" tabindex=\"0\" aria-controls=\"e-n-tab-content-2001373881\" style=\"--n-tabs-title-order: 1;\">\n\t\t\t\t\t\t<span class=\"e-n-tab-title-text\">\n\t\t\t\tVerksted\t\t\t<\/span>\n\t\t<\/button>\n\t\t\t\t<button id=\"e-n-tab-title-2001373882\" data-tab-title-id=\"e-n-tab-title-2001373882\" class=\"e-n-tab-title\" aria-selected=\"false\" data-tab-index=\"2\" role=\"tab\" tabindex=\"-1\" aria-controls=\"e-n-tab-content-2001373882\" style=\"--n-tabs-title-order: 2;\">\n\t\t\t\t\t\t<span class=\"e-n-tab-title-text\">\n\t\t\t\tHotte produkter\t\t\t<\/span>\n\t\t<\/button>\n\t\t\t\t\t<\/div>\n\t\t\t<div class=\"e-n-tabs-content\">\n\t\t\t\t<div id=\"e-n-tab-content-2001373881\" role=\"tabpanel\" aria-labelledby=\"e-n-tab-title-2001373881\" data-tab-index=\"1\" style=\"--n-tabs-title-order: 1;\" class=\"e-active elementor-element elementor-element-d7b0524 e-con-full e-flex e-con e-child\" data-id=\"d7b0524\" data-element_type=\"container\" data-e-type=\"container\">\n\t\t\t\t<div class=\"elementor-element elementor-element-1845b72 elementor-grid-3 elementor-grid-tablet-2 elementor-grid-mobile-1 elementor-posts--thumbnail-top elementor-widget elementor-widget-posts\" data-id=\"1845b72\" data-element_type=\"widget\" data-e-type=\"widget\" data-settings=\"{&quot;pagination_type&quot;:&quot;numbers&quot;,&quot;classic_row_gap&quot;:{&quot;unit&quot;:&quot;px&quot;,&quot;size&quot;:36,&quot;sizes&quot;:[]},&quot;classic_columns&quot;:&quot;3&quot;,&quot;classic_columns_tablet&quot;:&quot;2&quot;,&quot;classic_columns_mobile&quot;:&quot;1&quot;,&quot;classic_row_gap_tablet&quot;:{&quot;unit&quot;:&quot;px&quot;,&quot;size&quot;:&quot;&quot;,&quot;sizes&quot;:[]},&quot;classic_row_gap_mobile&quot;:{&quot;unit&quot;:&quot;px&quot;,&quot;size&quot;:&quot;&quot;,&quot;sizes&quot;:[]}}\" data-widget_type=\"posts.classic\">\n\t\t\t\t<div class=\"elementor-widget-container\">\n\t\t\t\t\t\t\t<div class=\"elementor-posts-container elementor-posts elementor-posts--skin-classic elementor-grid\" role=\"list\">\n\t\t\t\t<article class=\"elementor-post elementor-grid-item post-3428 video type-video status-publish has-post-thumbnail hentry video-category-workshop\" role=\"listitem\">\n\t\t\t\t<a class=\"elementor-post__thumbnail__link\" href=\"https:\/\/www.ruiqigo.com\/nb\/video\/automated-packaging-film-line-from-raw-material-to-roll-film\" tabindex=\"-1\" target=\"&quot;_blank&quot;\">\n\t\t\t<div class=\"elementor-post__thumbnail\"><img fetchpriority=\"high\" decoding=\"async\" width=\"1040\" height=\"1040\" src=\"https:\/\/www.ruiqigo.com\/wp-content\/uploads\/2025\/05\/image-11.webp\" class=\"attachment-full size-full wp-image-3430\" alt=\"produksjon av emballasjefilm\" srcset=\"https:\/\/www.ruiqigo.com\/wp-content\/uploads\/2025\/05\/image-11.webp 1040w, https:\/\/www.ruiqigo.com\/wp-content\/uploads\/2025\/05\/image-11-150x150.webp 150w, https:\/\/www.ruiqigo.com\/wp-content\/uploads\/2025\/05\/image-11-768x768.webp 768w, https:\/\/www.ruiqigo.com\/wp-content\/uploads\/2025\/05\/image-11-12x12.webp 12w\" sizes=\"(max-width: 1040px) 100vw, 1040px\" \/><\/div>\n\t\t<\/a>\n\t\t\t\t<div class=\"elementor-post__text\">\n\t\t\t\t<h2 class=\"elementor-post__title\">\n\t\t\t<a href=\"https:\/\/www.ruiqigo.com\/nb\/video\/automated-packaging-film-line-from-raw-material-to-roll-film\" target=\"&quot;_blank&quot;\">\n\t\t\t\tAutomatisert pakkefilmlinje \u2013 fra r\u00e5materiale til rullefilm\t\t\t<\/a>\n\t\t<\/h2>\n\t\t\t\t<\/div>\n\t\t\t\t<\/article>\n\t\t\t\t<article class=\"elementor-post elementor-grid-item post-3407 video type-video status-publish has-post-thumbnail hentry video-category-workshop\" role=\"listitem\">\n\t\t\t\t<a class=\"elementor-post__thumbnail__link\" href=\"https:\/\/www.ruiqigo.com\/nb\/video\/factory-to-container-efficient-export-operations\" tabindex=\"-1\" target=\"&quot;_blank&quot;\">\n\t\t\t<div class=\"elementor-post__thumbnail\"><img decoding=\"async\" width=\"1441\" height=\"415\" src=\"https:\/\/www.ruiqigo.com\/wp-content\/uploads\/2025\/05\/image.webp\" class=\"attachment-full size-full wp-image-3410\" alt=\"emballasje for eksportprodukter\" srcset=\"https:\/\/www.ruiqigo.com\/wp-content\/uploads\/2025\/05\/image.webp 1441w, https:\/\/www.ruiqigo.com\/wp-content\/uploads\/2025\/05\/image-768x221.webp 768w, https:\/\/www.ruiqigo.com\/wp-content\/uploads\/2025\/05\/image-18x5.webp 18w\" sizes=\"(max-width: 1441px) 100vw, 1441px\" \/><\/div>\n\t\t<\/a>\n\t\t\t\t<div class=\"elementor-post__text\">\n\t\t\t\t<h2 class=\"elementor-post__title\">\n\t\t\t<a href=\"https:\/\/www.ruiqigo.com\/nb\/video\/factory-to-container-efficient-export-operations\" target=\"&quot;_blank&quot;\">\n\t\t\t\tFabrikk til container: Effektiv eksportdrift\t\t\t<\/a>\n\t\t<\/h2>\n\t\t\t\t<\/div>\n\t\t\t\t<\/article>\n\t\t\t\t<article class=\"elementor-post elementor-grid-item post-3203 video type-video status-publish has-post-thumbnail hentry video-category-workshop\" role=\"listitem\">\n\t\t\t\t<a class=\"elementor-post__thumbnail__link\" href=\"https:\/\/www.ruiqigo.com\/nb\/video\/do-you-know-what-a-mouthwash-factory-looks-like\" tabindex=\"-1\" target=\"&quot;_blank&quot;\">\n\t\t\t<div class=\"elementor-post__thumbnail\"><img decoding=\"async\" width=\"996\" height=\"560\" src=\"https:\/\/www.ruiqigo.com\/wp-content\/uploads\/2025\/04\/1.webp\" class=\"attachment-full size-full wp-image-3257\" alt=\"Videoomslag 1\" srcset=\"https:\/\/www.ruiqigo.com\/wp-content\/uploads\/2025\/04\/1.webp 996w, https:\/\/www.ruiqigo.com\/wp-content\/uploads\/2025\/04\/1-768x432.webp 768w\" sizes=\"(max-width: 996px) 100vw, 996px\" \/><\/div>\n\t\t<\/a>\n\t\t\t\t<div class=\"elementor-post__text\">\n\t\t\t\t<h2 class=\"elementor-post__title\">\n\t\t\t<a href=\"https:\/\/www.ruiqigo.com\/nb\/video\/do-you-know-what-a-mouthwash-factory-looks-like\" target=\"&quot;_blank&quot;\">\n\t\t\t\tVet du hvordan en munnvannsfabrikk ser ut?\t\t\t<\/a>\n\t\t<\/h2>\n\t\t\t\t<\/div>\n\t\t\t\t<\/article>\n\t\t\t\t<article class=\"elementor-post elementor-grid-item post-3201 video type-video status-publish has-post-thumbnail hentry video-category-workshop\" role=\"listitem\">\n\t\t\t\t<a class=\"elementor-post__thumbnail__link\" href=\"https:\/\/www.ruiqigo.com\/nb\/video\/directly-hit-the-source-factory-of-body-lotion\" tabindex=\"-1\" target=\"&quot;_blank&quot;\">\n\t\t\t<div class=\"elementor-post__thumbnail\"><img loading=\"lazy\" decoding=\"async\" width=\"996\" height=\"560\" src=\"https:\/\/www.ruiqigo.com\/wp-content\/uploads\/2025\/04\/2.jpg\" class=\"attachment-full size-full wp-image-3258\" alt=\"Videoomslag 2\" srcset=\"https:\/\/www.ruiqigo.com\/wp-content\/uploads\/2025\/04\/2.jpg 996w, https:\/\/www.ruiqigo.com\/wp-content\/uploads\/2025\/04\/2-768x432.jpg 768w\" sizes=\"(max-width: 996px) 100vw, 996px\" \/><\/div>\n\t\t<\/a>\n\t\t\t\t<div class=\"elementor-post__text\">\n\t\t\t\t<h2 class=\"elementor-post__title\">\n\t\t\t<a href=\"https:\/\/www.ruiqigo.com\/nb\/video\/directly-hit-the-source-factory-of-body-lotion\" target=\"&quot;_blank&quot;\">\n\t\t\t\tG\u00e5 direkte til kildefabrikken for bodylotion\t\t\t<\/a>\n\t\t<\/h2>\n\t\t\t\t<\/div>\n\t\t\t\t<\/article>\n\t\t\t\t<article class=\"elementor-post elementor-grid-item post-3199 video type-video status-publish has-post-thumbnail hentry video-category-workshop\" role=\"listitem\">\n\t\t\t\t<a class=\"elementor-post__thumbnail__link\" href=\"https:\/\/www.ruiqigo.com\/nb\/video\/reveal-the-daily-life-of-the-mouthwash-factory\" tabindex=\"-1\" target=\"&quot;_blank&quot;\">\n\t\t\t<div class=\"elementor-post__thumbnail\"><img loading=\"lazy\" decoding=\"async\" width=\"996\" height=\"560\" src=\"https:\/\/www.ruiqigo.com\/wp-content\/uploads\/2025\/04\/\u5c01\u9762\u56fe.webp\" class=\"attachment-full size-full wp-image-3992\" alt=\"munnvann\" sizes=\"(max-width: 996px) 100vw, 996px\" \/><\/div>\n\t\t<\/a>\n\t\t\t\t<div class=\"elementor-post__text\">\n\t\t\t\t<h2 class=\"elementor-post__title\">\n\t\t\t<a href=\"https:\/\/www.ruiqigo.com\/nb\/video\/reveal-the-daily-life-of-the-mouthwash-factory\" target=\"&quot;_blank&quot;\">\n\t\t\t\tEkte bilder avsl\u00f8rer hverdagen p\u00e5 munnvannsfabrikken for deg\t\t\t<\/a>\n\t\t<\/h2>\n\t\t\t\t<\/div>\n\t\t\t\t<\/article>\n\t\t\t\t<article class=\"elementor-post elementor-grid-item post-3197 video type-video status-publish has-post-thumbnail hentry video-category-workshop\" role=\"listitem\">\n\t\t\t\t<a class=\"elementor-post__thumbnail__link\" href=\"https:\/\/www.ruiqigo.com\/nb\/video\/immerse-yourself-in-the-hand-cream-production-line\" tabindex=\"-1\" target=\"&quot;_blank&quot;\">\n\t\t\t<div class=\"elementor-post__thumbnail\"><img loading=\"lazy\" decoding=\"async\" width=\"1920\" height=\"1080\" src=\"https:\/\/www.ruiqigo.com\/wp-content\/uploads\/2025\/04\/test.jpg\" class=\"attachment-full size-full wp-image-3980\" alt=\"produksjonslinje for h\u00e5ndkrem\" srcset=\"https:\/\/www.ruiqigo.com\/wp-content\/uploads\/2025\/04\/test.jpg 1920w, https:\/\/www.ruiqigo.com\/wp-content\/uploads\/2025\/04\/test-768x432.jpg 768w, https:\/\/www.ruiqigo.com\/wp-content\/uploads\/2025\/04\/test-1536x864.jpg 1536w, https:\/\/www.ruiqigo.com\/wp-content\/uploads\/2025\/04\/test-18x10.jpg 18w\" sizes=\"(max-width: 1920px) 100vw, 1920px\" \/><\/div>\n\t\t<\/a>\n\t\t\t\t<div class=\"elementor-post__text\">\n\t\t\t\t<h2 class=\"elementor-post__title\">\n\t\t\t<a href=\"https:\/\/www.ruiqigo.com\/nb\/video\/immerse-yourself-in-the-hand-cream-production-line\" target=\"&quot;_blank&quot;\">\n\t\t\t\tFordyp deg i produksjonslinjen for h\u00e5ndkrem\t\t\t<\/a>\n\t\t<\/h2>\n\t\t\t\t<\/div>\n\t\t\t\t<\/article>\n\t\t\t\t<\/div>\n\t\t\n\t\t\t\t<div class=\"e-load-more-anchor\" data-page=\"1\" data-max-page=\"2\" data-next-page=\"https:\/\/www.ruiqigo.com\/nb\/wp-json\/wp\/v2\/pages\/3187\/page\/2\"><\/div>\n\t\t\t\t<nav class=\"elementor-pagination\" aria-label=\"Pagination\">\n\t\t\t<span aria-current=\"page\" class=\"page-numbers current\"><span class=\"elementor-screen-only\">Side<\/span>1<\/span>\n<a class=\"page-numbers\" href=\"https:\/\/www.ruiqigo.com\/nb\/wp-json\/wp\/v2\/pages\/3187\/page\/2\"><span class=\"elementor-screen-only\">Side<\/span>2<\/a>\t\t<\/nav>\n\t\t\t\t\t\t<\/div>\n\t\t\t\t<\/div>\n\t\t\t\t<\/div>\n\t\t<div id=\"e-n-tab-content-2001373882\" role=\"tabpanel\" aria-labelledby=\"e-n-tab-title-2001373882\" data-tab-index=\"2\" style=\"--n-tabs-title-order: 2;\" class=\"elementor-element elementor-element-792f6b6 e-con-full e-flex e-con e-child\" data-id=\"792f6b6\" data-element_type=\"container\" data-e-type=\"container\">\n\t\t\t\t<div class=\"elementor-element elementor-element-0f5722f elementor-grid-3 elementor-grid-tablet-2 elementor-grid-mobile-1 elementor-posts--thumbnail-top elementor-widget elementor-widget-posts\" data-id=\"0f5722f\" data-element_type=\"widget\" data-e-type=\"widget\" data-settings=\"{&quot;classic_columns&quot;:&quot;3&quot;,&quot;classic_columns_tablet&quot;:&quot;2&quot;,&quot;classic_columns_mobile&quot;:&quot;1&quot;,&quot;classic_row_gap&quot;:{&quot;unit&quot;:&quot;px&quot;,&quot;size&quot;:35,&quot;sizes&quot;:[]},&quot;classic_row_gap_tablet&quot;:{&quot;unit&quot;:&quot;px&quot;,&quot;size&quot;:&quot;&quot;,&quot;sizes&quot;:[]},&quot;classic_row_gap_mobile&quot;:{&quot;unit&quot;:&quot;px&quot;,&quot;size&quot;:&quot;&quot;,&quot;sizes&quot;:[]}}\" data-widget_type=\"posts.classic\">\n\t\t\t\t<div class=\"elementor-widget-container\">\n\t\t\t\t\t\t\t<div class=\"elementor-posts-container elementor-posts elementor-posts--skin-classic elementor-grid\" role=\"list\">\n\t\t\t\t<article class=\"elementor-post elementor-grid-item post-3779 video type-video status-publish has-post-thumbnail hentry video-category-hot-products\" role=\"listitem\">\n\t\t\t\t<a class=\"elementor-post__thumbnail__link\" href=\"https:\/\/www.ruiqigo.com\/nb\/video\/wont-buy-mouthwash-again-after-seeing-this\" tabindex=\"-1\" >\n\t\t\t<div class=\"elementor-post__thumbnail\"><img loading=\"lazy\" decoding=\"async\" width=\"600\" height=\"400\" src=\"https:\/\/www.ruiqigo.com\/wp-content\/uploads\/2024\/10\/Mouthwash-manufacturer-tells-you-about-the-safety-of-mouthwash.jpg\" class=\"attachment-full size-full wp-image-1711\" alt=\"Munnvann\" \/><\/div>\n\t\t<\/a>\n\t\t\t\t<div class=\"elementor-post__text\">\n\t\t\t\t<h2 class=\"elementor-post__title\">\n\t\t\t<a href=\"https:\/\/www.ruiqigo.com\/nb\/video\/wont-buy-mouthwash-again-after-seeing-this\" >\n\t\t\t\tDu kommer aldri til \u00e5 kj\u00f8pe munnvann igjen etter \u00e5 ha sett dette\t\t\t<\/a>\n\t\t<\/h2>\n\t\t\t\t<div class=\"elementor-post__excerpt\">\n\t\t\t\t\t<\/div>\n\t\t\t\t<\/div>\n\t\t\t\t<\/article>\n\t\t\t\t<article class=\"elementor-post elementor-grid-item post-3794 video type-video status-publish has-post-thumbnail hentry video-category-hot-products\" role=\"listitem\">\n\t\t\t\t<a class=\"elementor-post__thumbnail__link\" href=\"https:\/\/www.ruiqigo.com\/nb\/video\/my-honest-review-this-long-handle-bathbrush\" tabindex=\"-1\" >\n\t\t\t<div class=\"elementor-post__thumbnail\"><img loading=\"lazy\" decoding=\"async\" width=\"800\" height=\"800\" src=\"https:\/\/www.ruiqigo.com\/wp-content\/uploads\/2025\/05\/Long-Handle-Bath-Brush2.jpg\" class=\"attachment-full size-full wp-image-3495\" alt=\"Badeb\u00f8rste med langt skaft2\" srcset=\"https:\/\/www.ruiqigo.com\/wp-content\/uploads\/2025\/05\/Long-Handle-Bath-Brush2.jpg 800w, https:\/\/www.ruiqigo.com\/wp-content\/uploads\/2025\/05\/Long-Handle-Bath-Brush2-150x150.jpg 150w, https:\/\/www.ruiqigo.com\/wp-content\/uploads\/2025\/05\/Long-Handle-Bath-Brush2-768x768.jpg 768w, https:\/\/www.ruiqigo.com\/wp-content\/uploads\/2025\/05\/Long-Handle-Bath-Brush2-12x12.jpg 12w\" sizes=\"(max-width: 800px) 100vw, 800px\" \/><\/div>\n\t\t<\/a>\n\t\t\t\t<div class=\"elementor-post__text\">\n\t\t\t\t<h2 class=\"elementor-post__title\">\n\t\t\t<a href=\"https:\/\/www.ruiqigo.com\/nb\/video\/my-honest-review-this-long-handle-bathbrush\" >\n\t\t\t\tMin \u00e6rlige anmeldelse \u2013 Denne badeb\u00f8rsten med langt skaft fungerer virkelig\t\t\t<\/a>\n\t\t<\/h2>\n\t\t\t\t<div class=\"elementor-post__excerpt\">\n\t\t\t\t\t<\/div>\n\t\t\t\t<\/div>\n\t\t\t\t<\/article>\n\t\t\t\t<article class=\"elementor-post elementor-grid-item post-3722 video type-video status-publish has-post-thumbnail hentry video-category-hot-products\" role=\"listitem\">\n\t\t\t\t<a class=\"elementor-post__thumbnail__link\" href=\"https:\/\/www.ruiqigo.com\/nb\/video\/building-a-massage-oil-brand-in-3-steps\" tabindex=\"-1\" >\n\t\t\t<div class=\"elementor-post__thumbnail\"><img loading=\"lazy\" decoding=\"async\" width=\"601\" height=\"658\" src=\"https:\/\/www.ruiqigo.com\/wp-content\/uploads\/2025\/06\/11.webp\" class=\"attachment-full size-full wp-image-3725\" alt=\"Massasjeolje produksjonslinje\" srcset=\"https:\/\/www.ruiqigo.com\/wp-content\/uploads\/2025\/06\/11.webp 601w, https:\/\/www.ruiqigo.com\/wp-content\/uploads\/2025\/06\/11-11x12.webp 11w\" sizes=\"(max-width: 601px) 100vw, 601px\" \/><\/div>\n\t\t<\/a>\n\t\t\t\t<div class=\"elementor-post__text\">\n\t\t\t\t<h2 class=\"elementor-post__title\">\n\t\t\t<a href=\"https:\/\/www.ruiqigo.com\/nb\/video\/building-a-massage-oil-brand-in-3-steps\" >\n\t\t\t\tBygg et massasjeoljemerke i 3 trinn \u2013 det er enklere enn du tror\t\t\t<\/a>\n\t\t<\/h2>\n\t\t\t\t<div class=\"elementor-post__excerpt\">\n\t\t\t\t\t<\/div>\n\t\t\t\t<\/div>\n\t\t\t\t<\/article>\n\t\t\t\t<article class=\"elementor-post elementor-grid-item post-3726 video type-video status-publish has-post-thumbnail hentry video-category-hot-products\" role=\"listitem\">\n\t\t\t\t<a class=\"elementor-post__thumbnail__link\" href=\"https:\/\/www.ruiqigo.com\/nb\/video\/tired-of-bacne-try-salicylic-acid-body-wash\" tabindex=\"-1\" >\n\t\t\t<div class=\"elementor-post__thumbnail\"><img loading=\"lazy\" decoding=\"async\" width=\"604\" height=\"595\" src=\"https:\/\/www.ruiqigo.com\/wp-content\/uploads\/2025\/06\/22.webp\" class=\"attachment-full size-full wp-image-3728\" alt=\"Rens ryggen med salisylsyre dusjs\u00e5pe\" srcset=\"https:\/\/www.ruiqigo.com\/wp-content\/uploads\/2025\/06\/22.webp 604w, https:\/\/www.ruiqigo.com\/wp-content\/uploads\/2025\/06\/22-12x12.webp 12w\" sizes=\"(max-width: 604px) 100vw, 604px\" \/><\/div>\n\t\t<\/a>\n\t\t\t\t<div class=\"elementor-post__text\">\n\t\t\t\t<h2 class=\"elementor-post__title\">\n\t\t\t<a href=\"https:\/\/www.ruiqigo.com\/nb\/video\/tired-of-bacne-try-salicylic-acid-body-wash\" >\n\t\t\t\tLei av bakteriene som stadig kommer tilbake? Pr\u00f8v dette.\t\t\t<\/a>\n\t\t<\/h2>\n\t\t\t\t<div class=\"elementor-post__excerpt\">\n\t\t\t\t\t<\/div>\n\t\t\t\t<\/div>\n\t\t\t\t<\/article>\n\t\t\t\t<article class=\"elementor-post elementor-grid-item post-3696 video type-video status-publish has-post-thumbnail hentry video-category-hot-products\" role=\"listitem\">\n\t\t\t\t<a class=\"elementor-post__thumbnail__link\" href=\"https:\/\/www.ruiqigo.com\/nb\/video\/bubble-mask-review-skin-savior-or-just-trendy-foam\" tabindex=\"-1\" >\n\t\t\t<div class=\"elementor-post__thumbnail\"><img loading=\"lazy\" decoding=\"async\" width=\"604\" height=\"612\" src=\"https:\/\/www.ruiqigo.com\/wp-content\/uploads\/2025\/06\/12.webp\" class=\"attachment-full size-full wp-image-3700\" alt=\"boblemaske\" srcset=\"https:\/\/www.ruiqigo.com\/wp-content\/uploads\/2025\/06\/12.webp 604w, https:\/\/www.ruiqigo.com\/wp-content\/uploads\/2025\/06\/12-12x12.webp 12w\" sizes=\"(max-width: 604px) 100vw, 604px\" \/><\/div>\n\t\t<\/a>\n\t\t\t\t<div class=\"elementor-post__text\">\n\t\t\t\t<h2 class=\"elementor-post__title\">\n\t\t\t<a href=\"https:\/\/www.ruiqigo.com\/nb\/video\/bubble-mask-review-skin-savior-or-just-trendy-foam\" >\n\t\t\t\tAnmeldelse av boblemaske: Hudredning eller bare trendy skum?\t\t\t<\/a>\n\t\t<\/h2>\n\t\t\t\t<div class=\"elementor-post__excerpt\">\n\t\t\tEr denne boblemasken bare nok en hudpleierutine \u2013 eller fungerer den virkelig? I denne videoen gir 3TOP den en full test, og starter med en lapp.\t\t<\/div>\n\t\t\t\t<\/div>\n\t\t\t\t<\/article>\n\t\t\t\t<article class=\"elementor-post elementor-grid-item post-3701 video type-video status-publish has-post-thumbnail hentry video-category-hot-products\" role=\"listitem\">\n\t\t\t\t<a class=\"elementor-post__thumbnail__link\" href=\"https:\/\/www.ruiqigo.com\/nb\/video\/moisturizing-facial-lotion-formula\" tabindex=\"-1\" >\n\t\t\t<div class=\"elementor-post__thumbnail\"><img loading=\"lazy\" decoding=\"async\" width=\"589\" height=\"579\" src=\"https:\/\/www.ruiqigo.com\/wp-content\/uploads\/2025\/06\/13.webp\" class=\"attachment-full size-full wp-image-3703\" alt=\"Lage fuktighetsgivende ansiktslotion\" srcset=\"https:\/\/www.ruiqigo.com\/wp-content\/uploads\/2025\/06\/13.webp 589w, https:\/\/www.ruiqigo.com\/wp-content\/uploads\/2025\/06\/13-12x12.webp 12w\" sizes=\"(max-width: 589px) 100vw, 589px\" \/><\/div>\n\t\t<\/a>\n\t\t\t\t<div class=\"elementor-post__text\">\n\t\t\t\t<h2 class=\"elementor-post__title\">\n\t\t\t<a href=\"https:\/\/www.ruiqigo.com\/nb\/video\/moisturizing-facial-lotion-formula\" >\n\t\t\t\tFuktighetsgivende ansiktslotion-formel avsl\u00f8rt p\u00e5 bare 30 sekunder!\t\t\t<\/a>\n\t\t<\/h2>\n\t\t\t\t<div class=\"elementor-post__excerpt\">\n\t\t\tHar du noen gang lurt p\u00e5 hvordan en ansiktslotion egentlig lages? I denne korte videoen g\u00e5r 3TOP gjennom de grunnleggende trinnene for \u00e5 lage en fuktighetsgivende ansiktslotion.\t\t<\/div>\n\t\t\t\t<\/div>\n\t\t\t\t<\/article>\n\t\t\t\t<\/div>\n\t\t\n\t\t\t\t\t\t<\/div>\n\t\t\t\t<\/div>\n\t\t\t\t<\/div>\n\t\t\t\t\t<\/div>\n\t\t<\/div>\n\t\t\t\t\t\t<\/div>\n\t\t\t\t<\/div>\n\t\t\t\t\t<\/div>\n\t\t\t\t<\/div>\n\t\t\t\t<\/div>","protected":false},"excerpt":{"rendered":"Workshop Hot Products From Raw Material to Roll Film \u2013 How We Make High-Barrier Foil Packaging From Factory to Container: Busy Export Day for Body Lotion and Mouthwash Products Do you know what a mouthwash factory looks like? Directly Hit the Source Factory of Body Lotion Real shots reveal the daily life of the mouthwash [&hellip;]","protected":false},"author":9,"featured_media":0,"parent":0,"menu_order":0,"comment_status":"closed","ping_status":"closed","template":"","meta":{"footnotes":""},"class_list":["post-3187","page","type-page","status-publish","hentry"],"acf":[],"_links":{"self":[{"href":"https:\/\/www.ruiqigo.com\/nb\/wp-json\/wp\/v2\/pages\/3187","targetHints":{"allow":["GET"]}}],"collection":[{"href":"https:\/\/www.ruiqigo.com\/nb\/wp-json\/wp\/v2\/pages"}],"about":[{"href":"https:\/\/www.ruiqigo.com\/nb\/wp-json\/wp\/v2\/types\/page"}],"author":[{"embeddable":true,"href":"https:\/\/www.ruiqigo.com\/nb\/wp-json\/wp\/v2\/users\/9"}],"replies":[{"embeddable":true,"href":"https:\/\/www.ruiqigo.com\/nb\/wp-json\/wp\/v2\/comments?post=3187"}],"version-history":[{"count":0,"href":"https:\/\/www.ruiqigo.com\/nb\/wp-json\/wp\/v2\/pages\/3187\/revisions"}],"wp:attachment":[{"href":"https:\/\/www.ruiqigo.com\/nb\/wp-json\/wp\/v2\/media?parent=3187"}],"curies":[{"name":"wp","href":"https:\/\/api.w.org\/{rel}","templated":true}]}}