{"id":63,"date":"2024-04-26T00:53:00","date_gmt":"2024-04-25T16:53:00","guid":{"rendered":"https:\/\/ruiqigo.com\/?page_id=63"},"modified":"2024-12-24T10:13:44","modified_gmt":"2024-12-24T02:13:44","slug":"terms-conditions","status":"publish","type":"page","link":"https:\/\/www.ruiqigo.com\/nb\/terms-conditions","title":{"rendered":"Vilk\u00e5r og betingelser"},"content":{"rendered":"<p>Disse bruksvilk\u00e5rene (heretter kalt \u00abbruksvilk\u00e5r\u00bb) gjelder for nettstedene \u2013 www.ruiqigo.com \u2013 (samlet kalt \u00ab3TOP-nettstedet\u00bb), som eies og drives av 3TOP, Inc. (heretter kalt \u00ab3TOP\u00bb). Disse bruksvilk\u00e5rene, sammen med v\u00e5r personvernerkl\u00e6ring og informasjonskapsler, danner samlet en avtale (heretter kalt \u00abavtale\u00bb) mellom deg, sluttbrukeren, og 3TOP.<\/p>\n\n\n\n<p>Din bruk av 3TOP-nettstedet er betinget av at du aksepterer vilk\u00e5rene, betingelsene og merknadene i denne avtalen uten endringer. Ved \u00e5 f\u00e5 tilgang til, bruke, laste ned, vise og\/eller installere nettstedsinnhold som finnes p\u00e5 3TOP-nettstedet eller nettstedstjenester som tilbys p\u00e5 3TOP-nettstedet, bekrefter du at du har lest denne avtalen i sin helhet, at du forst\u00e5r den, og at du samtykker i bruksvilk\u00e5rene, personvernerkl\u00e6ringen og informasjonskapselpolicyen som finnes i denne avtalen.<\/p>\n\n\n\n<p>Du samtykker ogs\u00e5 i at ingen skriftlig eller muntlig fremstilling fra 3TOP og dets distribut\u00f8rer, agenter eller ansatte skal \u00f8ke omfanget av delene om begrenset garanti og ansvarsbegrensninger som er angitt nedenfor i denne avtalen.<\/p>\n\n\n\n<p>Din bruk av 3TOP-nettstedet utgj\u00f8r din samtykke til vilk\u00e5rene og betingelsene i denne avtalen. Hvis du ikke godtar vilk\u00e5rene og betingelsene i denne avtalen, m\u00e5 du ikke g\u00e5 inn p\u00e5 3TOP-nettstedet eller bruke, laste ned, lagre, vise eller installere noe nettstedsinnhold eller nettstedstjenester.<\/p>\n\n\n\n<p>I. Definisjoner<br>\u00abDigital informasjon\u00bb betyr alle data som er tilgjengelige fra 3TOP-nettstedet, som inkluderer, men ikke er begrenset til, tekst, tabeller, regneark, grafer, dokumenter, bilder eller fotografier, eller programvare som finnes i digitale filer.<\/p>\n\n\n\n<p>\u00abNettstedsinnhold\u00bb betyr digital informasjon som kan innhentes ved \u00e5 laste ned, lagre eller kopiere fra 3TOP-nettstedet, som deretter lagres, installeres, kj\u00f8res, brukes, vises, redigeres eller manipuleres av deg, sluttbrukeren. Slikt nettstedsinnhold kan inneholde ytterligere vilk\u00e5r og betingelser som angitt i en separat avtale som f\u00f8lger med disse delene.<\/p>\n\n\n\n<p>\u00abNettstedstjenester\u00bb betyr digital informasjon som er gjort tilgjengelig for deg, sluttbrukeren, for nedlasting, lagring eller kopiering fra 3TOP-nettstedet.<\/p>\n\n\n\n<p>II. Modifikasjon<br>3TOP forbeholder seg retten til \u00e5 endre og modifisere disse bruksvilk\u00e5rene n\u00e5r som helst med eller uten varsel. Din fortsatte tilgang til eller bruk av nettstedsinnholdet eller nettstedstjenestene betyr at du godtar eventuelle nye vilk\u00e5r og betingelser. Hvis du protesterer mot nye vilk\u00e5r eller betingelser: (a) avbryt tilgang til og bruk av 3TOP-nettstedet og alt nettstedsinnhold og nettstedstjenester; og (b) returner alt nettstedsinnhold til 3TOP eller \u00f8delegg alt nettstedsinnhold i din besittelse eller under din kontroll.<\/p>\n\n\n\n<p>3TOP kan n\u00e5r som helst gj\u00f8re endringer i nettstedsinnholdet, nettstedstjenesten eller i elementer som det refereres til der uten varsel, og er ikke forpliktet til \u00e5 st\u00f8tte eller oppdatere nettstedsinnholdet eller nettstedstjenestene.<\/p>\n\n\n\n<p>III. Forbudt oppf\u00f8rsel<br>Tilgang til og bruk av 3TOP-nettstedet og nettstedsinnholdet gis som en lisens, ikke en overf\u00f8ring av eierskap, og er strengt begrenset til kun informasjonsform\u00e5l og ikke til andre form\u00e5l. Alle rettigheter som ikke uttrykkelig er gitt her, er uttrykkelig forbeholdt 3TOP, og ingen andre rettigheter skal v\u00e6re underforst\u00e5tte. Uten \u00e5 begrense det foreg\u00e5ende, og med mindre annet er skriftlig avtalt med 3TOP, erkjenner du f\u00f8lgende spesifikke begrensninger p\u00e5 din bruk av 3TOP-nettstedet og nettstedsinnholdet:<\/p>\n\n\n\n<p>Du har ikke lov til \u00e5 kopiere, modifisere, endre, tilpasse, leie ut, selge, distribuere, offentlig vise, fremf\u00f8re eller overf\u00f8re noen del av nettstedsinnholdet eller den digitale informasjonen, lage avledede verk basert p\u00e5 noen del av nettstedsinnholdet eller den digitale informasjonen, eller bruke noen del av nettstedsinnholdet eller den digitale informasjonen til noe kommersielt form\u00e5l, med unntak av det som er angitt ovenfor;<br>Du har ikke lov til \u00e5 innhente eller fors\u00f8ke \u00e5 innhente materiale eller informasjon p\u00e5 noen m\u00e5te som ikke med vilje er gjort tilgjengelig eller levert gjennom 3TOP-nettstedet;<br>Du har ikke lov til \u00e5 fors\u00f8ke \u00e5 reversere, dekompilere eller demontere noe nettstedsinnhold, digital informasjon eller deler av 3TOP-nettstedet, eller introdusere enheter eller materialer som ville v\u00e6re skadelige eller teknologisk skadelige for 3TOP-nettstedet, nettstedsinnholdet eller den digitale informasjonen, slik som, men ikke begrenset til, virus, trojanske hester, ormer og logiske bomber;<br>Du har ikke lov til \u00e5 innlemme noe nettstedsinnhold, digital informasjon eller deler av dette i noe annet materiale, produkter eller tjenester, eller bruke nettstedsinnholdet eller den digitale informasjonen til produksjonsform\u00e5l;<br>Du har ikke lov til \u00e5 fjerne, endre eller skjule noen form for propriet\u00e6r forklaring, patent, varemerke eller opphavsrettserkl\u00e6ring som finnes p\u00e5 3TOP-nettstedet, nettstedsinnholdet eller den digitale informasjonen;<br>Du har ikke lov til \u00e5 bruke 3TOP-nettstedet p\u00e5 noen m\u00e5te som kan skade, deaktivere, overbelaste eller svekke 3TOP-nettstedet eller forstyrre andre parters bruk og glede av 3TOP-nettstedet;<br>Du har ikke lov til \u00e5 fors\u00f8ke \u00e5 f\u00e5 uautorisert tilgang til, forstyrre, skade eller avbryte noen del av 3TOP-nettstedet, serverne som 3TOP-nettstedet er lagret p\u00e5, eller noen server, datamaskin eller database som er koblet til 3TOP-nettstedet, eller p\u00e5 annen m\u00e5te fors\u00f8ke \u00e5 forstyrre 3TOP-nettstedets normale drift.<br>Du har ikke lov til \u00e5 bruke 3TOP-nettstedet, nettstedsinnholdet eller den digitale informasjonen til noe form\u00e5l som p\u00e5 noen m\u00e5te bryter med gjeldende f\u00f8derale, statlige, lokale eller internasjonale lover eller forskrifter (inkludert, uten begrensning, lover ang\u00e5ende eksport av data eller programvare til og fra USA eller andre land), eller som er forbudt i henhold til denne avtalen.<br>Du samtykker ogs\u00e5 i \u00e5 gj\u00f8re rimelige anstrengelser for \u00e5 forhindre uautorisert bruk, reproduksjon, distribusjon eller publisering av nettstedsinnhold eller digital informasjon. All uautorisert bruk, reproduksjon, distribusjon eller publisering av nettstedsinnhold eller digital informasjon er forbudt og utgj\u00f8r et brudd p\u00e5 denne avtalen.<\/p>\n\n\n\n<p>IV. Materialer levert til 3TOP<br>3TOP gj\u00f8r ikke krav p\u00e5 eierskap til materialene du gir til 3TOP (inkludert tilbakemeldinger og forslag) eller legger ut, laster opp, legger inn eller sender inn til noe 3TOP-nettsted eller dets tilknyttede tjenester (samlet kalt \u00abinnsendinger\u00bb). Ved \u00e5 legge ut, laste opp, legge inn, levere eller sende inn ditt innsendingsmateriale gir du imidlertid 3TOP, dets tilknyttede selskaper og n\u00f8dvendige underlisensinnehavere tillatelse til \u00e5 bruke ditt innsendingsmateriale i forbindelse med driften av deres internettvirksomhet, inkludert, uten begrensning, rettighetene til \u00e5: kopiere, distribuere, overf\u00f8re, offentlig vise, offentlig fremf\u00f8re, reprodusere, redigere, oversette og formatere ditt innsendingsmateriale; og \u00e5 publisere navnet ditt i forbindelse med ditt innsendingsmateriale.<\/p>\n\n\n\n<p>Det vil ikke bli utbetalt noen kompensasjon for bruken av ditt bidrag, som angitt heri. 3TOP er ikke forpliktet til \u00e5 legge ut eller bruke noe bidrag du m\u00e5tte levere, og kan n\u00e5r som helst fjerne ethvert bidrag etter 3TOPs eget skj\u00f8nn.<\/p>\n\n\n\n<p>Ved \u00e5 legge ut, laste opp, legge inn, levere eller sende inn ditt bidrag, garanterer og erkl\u00e6rer du at du eier eller p\u00e5 annen m\u00e5te kontrollerer alle rettighetene til ditt bidrag som beskrevet i denne delen, inkludert, uten begrensning, opphavsrett og alle rettigheter som er n\u00f8dvendige for at du skal kunne levere, legge ut, laste opp, legge inn eller sende inn bidragene.<\/p>\n\n\n\n<p>V. Immateriell eiendom og eierskap<br>Du har ingen eierskapsrettigheter til 3TOP-nettstedet, noe nettstedsinnhold eller digital informasjon. Du kan bruke nettstedsinnholdet og den digitale informasjonen s\u00e5 lenge du godtar og overholder vilk\u00e5rene i denne avtalen. 3TOP forbeholder seg alle rettigheter, eierskap og interesser i og til nettstedsinnholdet og den digitale informasjonen, inkludert alle immaterielle rettigheter derav. Med mindre annet er uttrykkelig angitt, gir 3TOP ingen uttrykkelige eller underforst\u00e5tte rettigheter under noen 3TOP-patenter, opphavsrettigheter, varemerker eller andre immaterielle rettigheter i henhold til denne avtalen. Alle rettigheter som ikke er uttrykkelig gitt i denne avtalen, er forbeholdt 3TOP for deres eneste og fullstendige bruk og eierskap.<\/p>\n\n\n\n<p>Alt innhold og digital informasjon p\u00e5 nettstedet er underlagt opphavsrettsbeskyttelse i henhold til lovene i USA og andre land, samt bestemmelser i internasjonale traktater. Nedlasting, kopiering og endring av opphavsrettsbeskyttet materiale uten riktig tillatelse kan v\u00e6re et brudd p\u00e5 opphavsrettsloven.<\/p>\n\n\n\n<p>3TOP\u00ae og diverse produktnavn, handelsnavn, tjenestenavn, slagord og logoer som vises p\u00e5 3TOPs nettsted er varemerker for 3TOP, enten registrerte eller uregistrerte. 3TOPs varemerker og vareuttrykk kan ikke brukes i forbindelse med produkter eller tjenester som ikke er relatert til 3TOP, p\u00e5 noen m\u00e5te som sannsynligvis vil for\u00e5rsake forvirring blant kunder, eller p\u00e5 noen m\u00e5te som nedsetter eller miskrediterer 3TOP. Du m\u00e5 ikke bruke slike merker uten skriftlig forh\u00e5ndstillatelse fra 3TOP, et slikt samtykke kan nektes av 3TOP utelukkende i egen regi.<\/p>\n\n\n\n<p>VI. Skadesl\u00f8sholdelse<br>DU SAMTYKKER I \u00c5 SKADESL\u00d8SE, FORSVARE OG HOLDE 3TOP SKADESL\u00d8S, INKLUDERT DENS LEDERE, STYREMEDLEMMER, ANSATTE, TILKNYTTEDE SELSKAPER, LISENSGIVERE, LEVERAND\u00d8RER, INFORMASJONSLEVAND\u00d8RER OG AGENTER SKADESL\u00d8S, FRA OG MOT ALLE TAP, KRAV, MOTKRAV, S\u00d8KS\u00d8KSM\u00c5L, RETTSF\u00d8RSLER, ANSVAR, ERSTATNING, DOMMER, TAP, UTGIFTER, KOSTNADER OG GEBYRER, INKLUDERT MEN IKKE BEGRENSET TIL RIMELIGE ADVOKATHONARER OG RELATERTE UTGIFT, KNYTTET TIL ELLER SOM OPPST\u00c5R FRA: DIN BRUK ELLER MANGLENDE EVNE TIL \u00c5 BRUKE 3TOP-NETTSTEDET, NETTSTEDETS INNHOLD OG DIGITAL INFORMASJON; ENHVER INNSENDING GJORT AV DEG; ETHVERT BRUDD P\u00c5 VILK\u00c5RENE I DENNE AVTALEN ELLER RETTIGHETENE TIL EN TREDJEPART FRA DEG; ELLER BRUDD P\u00c5 GJELDENDE LOVER, REGLER ELLER FORSKRIFTER FRA DEG, INKLUDERT UAKTSOM ELLER FEILAKTIG OPPF\u00d8RSEL.<\/p>\n\n\n\n<p>VII. Ansvarsfraskrivelse og begrenset garanti<br>ANSVARSFRASKRIVELSE VEDR\u00d8RENDE NETTSTEDINNHOLD, DIGITAL INFORMASJON OG NETTSTEDTJENESTER: MED UNNTAK AV DET SOM ER ANGITT I DENNE AVTALEN, SKAL 3TOP UNDER INGEN OMSTENDIGHETER V\u00c6RE ANSVARLIG FOR KRAV AV NOEN ART, UNDER NOEN JURIDISK TEORI, VERKEN DIREKTE ELLER INDIREKTE, SOM OPPST\u00c5R FRA ELLER ER RELATERT TIL:<\/p>\n\n\n\n<p>NETTSTEDINNHOLD, DIGITAL INFORMASJON ELLER NETTSTEDTJENESTER GJ\u00d8RT TILGJENGELIG P\u00c5 ELLER GJENNOM 3TOP-NETTSTEDET, INKLUDERT FEIL ELLER UTELATELSER I SLIKT NETTSTEDINNHOLD, DIGITAL INFORMASJON ELLER NETTSTEDTJENESTER; ELLER<br>TAP ELLER SKADE SOM F\u00d8LGE AV TILGANG TIL ELLER BRUK AV NETTSTEDETS INNHOLD, DIGITAL INFORMASJON ELLER NETTSTEDTJENESTER.<br>I DEN GRAD GJELDENDE LOV TILLATER DET, LEVERES NETTSTEDETS INNHOLD, DIGITAL INFORMASJON OG NETTSTEDSTJENESTER \u00abSOM DE ER\u00bb, OG 3TOP FRASKRIVER SEG UTTRYKKELIG ALLE GARANTIER AV ENHVER SLAG, B\u00c5DE UTTRYKKELIGE ELLER INDIREKTE, INKLUDERT INDIREKTE GARANTIER OM SALGBARHET, TILFREDSSTILLENDE KVALITET, EGNETHET FOR ET S\u00c6RSKILT FORM\u00c5L, EIENDOMSRETT OG IKKE-KRENKELSE. SOM EKSEMPEL, OG IKKE BEGRENSET, GARANTERER IKKE 3TOP AT:<\/p>\n\n\n\n<p>NETTSTEDETS INNHOLD, DIGITAL INFORMASJON ELLER NETTSTEDETJENESTER LEVERES ELLER VIL BLI LEVERT P\u00c5 EN M\u00c5TE SOM ER UFORSTYRRET, RETTIDIG, SIKKER ELLER FEILFRI;<br>NETTSTEDETS INNHOLD, DIGITAL INFORMASJON ELLER NETTSTEDETJENESTER ER ELLER VIL V\u00c6RE FULLSTENDIGE, N\u00d8YAKTIGE, SIKRE ELLER P\u00c5LITELIGE;<br>NETTSTEDETS INNHOLD, DIGITAL INFORMASJON ELLER NETTSTEDETJENESTER ER ELLER VIL V\u00c6RE FRI FOR VIRUS ELLER ANDRE SKADELIGE KOMPONENTER; ELLER<br>NETTSTEDETS INNHOLD, DIGITAL INFORMASJON ELLER NETTSTEDETJENESTER VIL OPPFYLLE ALLE DINE KRAV.<br>DENNE ANSVARSFRASKRIVELSEN ER MENT AV PARTENE \u00c5 HA FORRANGANG FOR ENHVER STATLIG, UCC ELLER LIGNENDE UNDERFORST\u00c5TT GARANTIBESTEMMELSE.<\/p>\n\n\n\n<p>VIII. Ansvarsbegrensninger<br>I DEN GRAD DET ER TILLATT I HENHOLD TIL LOVEN, VIL 3TOP IKKE HA NOEN FORPLIKTELSE ELLER ANSVAR OVERFOR DEG FOR 3TOPS NETTSTED, NETTSTEDINNHOLD, DIGITAL INFORMASJON ELLER NETTSTEDSTJENESTER (ENTEN DE OPPST\u00c5R FRA KONTRAKT, GARANTI, ERSTATNINGSANSVAR, INKLUDERT UAKTSOMHET, PRODUKTANSVAR, OPPHAVSRETT ELLER ANDRE HANDLINGER I HENHOLD TIL LOV ELLER BILLIGHET) FOR NOEN DIREKTE, TILFELDIGE, INDIREKTE, SPESIELLE, F\u00d8LGESKADER ELLER STRAFFEMATTE ERSTATNINGER ELLER ANSVAR (INKLUDERT, UTEN BEGRENSNING, TAP AV DATA, TAP AV INNTEKTER, TAP AV FORTJENESTE, TAP AV VIRKSOMHET ELLER FORVENTET BESPARELSE, TAP AV BRUK, TAP AV GOODWILL ELLER ANNET) SOM OPPST\u00c5R FRA ELLER I FORBINDELSE MED DIN BRUK ELLER TILGANG TIL (ELLER MANGLENDE EVNE TIL \u00c5 BRUKE ELLER F\u00c5 TILGANG TIL) 3TOPS NETTSTED, NETTSTED INNHOLD, DIGITAL INFORMASJON ELLER NETTSTEDTJENESTER. DENNE BEGRENSNINGEN GJELDER SKADER SOM OPPST\u00c5R FRA, UTEN BEGRENSNING:<\/p>\n\n\n\n<p>BRUK ELLER MANGLENDE EVNE TIL \u00c5 F\u00c5 TILGANG TIL ELLER BRUKE NETTSTEDETS INNHOLD, DIGITAL INFORMASJON ELLER NETTSTEDETJENESTER;<br>KOSTNADER VED ANSKAFFELSE AV ERSTATNINGSVARER OG -TJENESTER;<br>UAUTORISERT TILGANG TIL ELLER ENDRING AV DINE OVERF\u00d8RINGER AV TREDJEPARTER;<br>TREDJEPARTSINNHOLD GJ\u00d8RT TILGJENGELIG FOR DEG GJENNOM 3TOP-NETTSTEDET; ELLER<br>ANDRE FORHOLD KNYTTET TIL NETTSTEDETS INNHOLD, DIGITAL INFORMASJON ELLER NETTSTEDTJENESTER.<br>NOEN STATER TILLATER IKKE FRASKRIVELSE ELLER BEGRENSNING AV TILFELDIGE SKADER ELLER F\u00d8LGESKADER, S\u00c5 OVENST\u00c5ENDE BEGRENSNING ELLER FRASKRIVELSE GJELDER MULIGVIS IKKE FOR DEG. DENNE GARANTIEN GIR DEG SPESIFIKKE JURIDISKE RETTIGHETER, OG DU KAN HA ANDRE RETTIGHETER SOM VARIERER FRA STAT TIL STAT.<\/p>\n\n\n\n<p>IX. Oppsigelse<br>3TOP kan, etter eget skj\u00f8nn, avslutte din bruk av eller tilgang til nettstedsinnholdet, den digitale informasjonen eller nettstedstjenestene, og fjerne og forkaste nettstedsinnhold, digital informasjon eller nettstedstjenester n\u00e5r som helst, uten varsel, uansett \u00e5rsak, inkludert, men ikke begrenset til, oppf\u00f8rsel som bryter med disse bruksvilk\u00e5rene eller andre retningslinjer angitt av 3TOP andre steder innenfor nettstedstjenestene, den digitale informasjonen eller nettstedsinnholdet. 3TOP vil ikke under noen omstendigheter v\u00e6re ansvarlig overfor deg eller noen tredjepart for noen oppsigelse av din bruk av eller tilgang til nettstedsinnholdet, den digitale informasjonen eller nettstedstjenestene.<\/p>\n\n\n\n<p>X. Valg av lov<br>Enhver tvist som oppst\u00e5r fra eller i forbindelse med denne avtalen skal reguleres av loven i delstaten Pennsylvania, med unntak av dens lovvalgsregler. Stats- og f\u00f8derale domstoler i Pennsylvania er det eksklusive forumet og vernetinget for \u00e5 l\u00f8se enhver tvist som oppst\u00e5r fra eller p\u00e5 annen m\u00e5te er relatert til disse bruksvilk\u00e5rene eller denne avtalen. Ditt samtykke til personlig jurisdiksjon og verneting for statlige og f\u00f8derale domstoler i Pennsylvania gis ved din bruk eller tilgang til nettstedsinnholdet, den digitale informasjonen eller nettstedstjenestene.<\/p>\n\n\n\n<p>XI. Adskillelighet<br>Dersom noen bestemmelse i denne avtalen anses som ugyldig, ikke-h\u00e5ndhevbar eller ulovlig, skal denne bestemmelsen anses erstattet av en gyldig, h\u00e5ndhevbar bestemmelse som best samsvarer med intensjonen til den opprinnelige bestemmelsen, og skal p\u00e5 ingen m\u00e5te p\u00e5virke gyldigheten eller h\u00e5ndhevbarheten av de gjenv\u00e6rende bestemmelsene.<\/p>","protected":false},"excerpt":{"rendered":"These Terms and Conditions of Use (hereinafter \u201cTerms of Use\u201d) apply to the websites \u2014 www.ruiqigo.com \u2014 (collectively, the \u201c3TOP Website\u201d), which are owned and operated by 3TOP, Inc. (hereinafter \u201c3TOP\u201d). These Terms of Use, together with our Privacy Policy and Cookie Policy, collectively form an agreement (hereinafter \u201cAgreement\u201d) between you, the end user, and [&hellip;]","protected":false},"author":9,"featured_media":0,"parent":0,"menu_order":0,"comment_status":"closed","ping_status":"closed","template":"","meta":{"footnotes":""},"class_list":["post-63","page","type-page","status-publish","hentry"],"acf":[],"_links":{"self":[{"href":"https:\/\/www.ruiqigo.com\/nb\/wp-json\/wp\/v2\/pages\/63","targetHints":{"allow":["GET"]}}],"collection":[{"href":"https:\/\/www.ruiqigo.com\/nb\/wp-json\/wp\/v2\/pages"}],"about":[{"href":"https:\/\/www.ruiqigo.com\/nb\/wp-json\/wp\/v2\/types\/page"}],"author":[{"embeddable":true,"href":"https:\/\/www.ruiqigo.com\/nb\/wp-json\/wp\/v2\/users\/9"}],"replies":[{"embeddable":true,"href":"https:\/\/www.ruiqigo.com\/nb\/wp-json\/wp\/v2\/comments?post=63"}],"version-history":[{"count":0,"href":"https:\/\/www.ruiqigo.com\/nb\/wp-json\/wp\/v2\/pages\/63\/revisions"}],"wp:attachment":[{"href":"https:\/\/www.ruiqigo.com\/nb\/wp-json\/wp\/v2\/media?parent=63"}],"curies":[{"name":"wp","href":"https:\/\/api.w.org\/{rel}","templated":true}]}}