{"id":64,"date":"2024-04-26T00:55:27","date_gmt":"2024-04-25T16:55:27","guid":{"rendered":"https:\/\/ruiqigo.com\/?page_id=64"},"modified":"2024-12-24T10:07:42","modified_gmt":"2024-12-24T02:07:42","slug":"privacy-policy","status":"publish","type":"page","link":"https:\/\/www.ruiqigo.com\/nb\/privacy-policy","title":{"rendered":"Personvernerkl\u00e6ring"},"content":{"rendered":"<h3 class=\"wp-block-heading\">Hvilken informasjon samler vi inn?<\/h3>\n\n\n\n<p>Vi samler inn informasjon fra deg n\u00e5r du registrerer deg p\u00e5 nettstedet, legger inn en bestilling, deltar i en konkurranse eller trekning, svarer p\u00e5 en unders\u00f8kelse eller kommunikasjon som e-post, eller deltar i en annen funksjon p\u00e5 nettstedet. N\u00e5r du bestiller eller registrerer deg, kan vi be deg om navn, e-postadresse, postadresse, telefonnummer, kredittkortinformasjon eller annen informasjon. Du kan imidlertid bes\u00f8ke nettstedet v\u00e5rt anonymt. Vi samler ogs\u00e5 inn informasjon om gavemottakere slik at vi kan gjennomf\u00f8re gavekj\u00f8pet. Informasjonen vi samler inn om gavemottakere brukes ikke til markedsf\u00f8ringsform\u00e5l. Som mange nettsteder bruker vi \u00abinformasjonskapsler\u00bb for \u00e5 forbedre opplevelsen din og samle inn informasjon om bes\u00f8kende og bes\u00f8k p\u00e5 nettstedene v\u00e5re. Se avsnittet \u00abBruker vi informasjonskapsler?\u00bb nedenfor for informasjon om informasjonskapsler og hvordan vi bruker dem.<\/p>\n\n\n\n<h3 class=\"wp-block-heading\">Hvordan bruker vi informasjonen din?<\/h3>\n\n\n\n<p>Vi kan bruke informasjonen vi samler inn fra deg n\u00e5r du registrerer deg, kj\u00f8per produkter, deltar i en konkurranse eller kampanje, svarer p\u00e5 en unders\u00f8kelse eller markedsf\u00f8ringskommunikasjon, surfer p\u00e5 nettstedet eller bruker visse andre nettstedsfunksjoner p\u00e5 f\u00f8lgende m\u00e5ter: For \u00e5 tilpasse nettstedsopplevelsen din og for \u00e5 la oss levere den typen innhold og produkttilbud du er mest interessert i. For \u00e5 la oss bedre kunne betjene deg ved \u00e5 svare p\u00e5 dine kundeserviceforesp\u00f8rsler. For \u00e5 raskt behandle transaksjonene dine. For \u00e5 administrere en konkurranse, kampanje, unders\u00f8kelse eller annen nettstedsfunksjon. Hvis du har valgt \u00e5 motta v\u00e5rt nyhetsbrev p\u00e5 e-post, kan vi sende deg regelmessige e-poster. Hvis du ikke lenger \u00f8nsker \u00e5 motta reklame-e-poster fra oss, kan du se delen \u00abTilbaketrekking av samtykket ditt\u00bb nedenfor. Hvis du ikke har valgt \u00e5 motta nyhetsbrev p\u00e5 e-post, vil du ikke motta disse e-postene. Bes\u00f8kende som registrerer seg eller deltar i andre nettstedsfunksjoner, for eksempel markedsf\u00f8ringsprogrammer og innhold kun for medlemmer, vil f\u00e5 valget om de \u00f8nsker \u00e5 v\u00e6re p\u00e5 e-postlisten v\u00e5r og motta e-postkommunikasjon fra oss.<\/p>\n\n\n\n<h3 class=\"wp-block-heading\">Hvordan beskytter vi informasjon om bes\u00f8kende?<\/h3>\n\n\n\n<p>Vi implementerer en rekke sikkerhetstiltak for \u00e5 ivareta sikkerheten til dine personopplysninger. Dine personopplysninger lagres i sikre nettverk og er kun tilgjengelige for et begrenset antall personer som har spesielle tilgangsrettigheter til slike systemer, og som er p\u00e5lagt \u00e5 holde informasjonen konfidensiell. N\u00e5r du legger inn bestillinger eller f\u00e5r tilgang til dine personopplysninger, tilbyr vi bruk av en sikker server. All sensitiv informasjon\/kredittinformasjon du oppgir overf\u00f8res via Secure Socket Layer (SSL)-teknologi og krypteres deretter inn i v\u00e5re databaser, slik at de kun er tilgjengelige som angitt ovenfor.<\/p>\n\n\n\n<h3 class=\"wp-block-heading\">Bruker vi \u00abinformasjonskapsler\u00bb?<\/h3>\n\n\n\n<p>Ja. Informasjonskapsler er sm\u00e5 filer som et nettsted eller dets tjenesteleverand\u00f8r overf\u00f8rer til datamaskinens harddisk via nettleseren din (hvis du tillater det), som gj\u00f8r at nettstedets eller tjenesteleverand\u00f8rens systemer kan gjenkjenne nettleseren din og registrere og huske bestemt informasjon. Vi bruker for eksempel informasjonskapsler for \u00e5 hjelpe oss med \u00e5 huske og behandle varene i handlekurven din. De brukes ogs\u00e5 til \u00e5 hjelpe oss med \u00e5 forst\u00e5 preferansene dine basert p\u00e5 tidligere eller n\u00e5v\u00e6rende nettstedsaktivitet, noe som gj\u00f8r at vi kan gi deg forbedrede tjenester. Vi bruker ogs\u00e5 informasjonskapsler for \u00e5 hjelpe oss med \u00e5 samle inn samlede data om nettstedstrafikk og nettstedsinteraksjon, slik at vi kan tilby bedre nettstedsopplevelser og verkt\u00f8y i fremtiden. Vi kan inng\u00e5 avtaler med tredjeparts tjenesteleverand\u00f8rer for \u00e5 hjelpe oss med \u00e5 bedre forst\u00e5 v\u00e5re bes\u00f8kende p\u00e5 nettstedet. Disse tjenesteleverand\u00f8rene har ikke tillatelse til \u00e5 bruke informasjonen som samles inn p\u00e5 v\u00e5re vegne, bortsett fra for \u00e5 hjelpe oss med \u00e5 drive og forbedre virksomheten v\u00e5r. Du kan velge \u00e5 f\u00e5 datamaskinen til \u00e5 varsle deg hver gang en informasjonskapsel sendes, eller du kan velge \u00e5 sl\u00e5 av alle informasjonskapsler. Du gj\u00f8r dette via nettleserinnstillingene dine (som Google Chrome, Microsoft Edge eller Safari). Hver nettleser er litt forskjellig, s\u00e5 se p\u00e5 nettleserens \u00abHjelp\u00bb-meny for \u00e5 l\u00e6re den riktige m\u00e5ten \u00e5 endre informasjonskapslene dine p\u00e5. Hvis du sl\u00e5r av informasjonskapsler, vil du ikke ha tilgang til mange funksjoner som gj\u00f8r nettstedopplevelsen din mer effektiv, og noen av tjenestene v\u00e5re vil ikke fungere som de skal. Du kan imidlertid fortsatt legge inn bestillinger over telefon ved \u00e5 kontakte kundeservice.<\/p>\n\n\n\n<h3 class=\"wp-block-heading\">Avsl\u00f8rer vi informasjonen vi samler inn til eksterne parter?<\/h3>\n\n\n\n<p>Vi verken selger, bytter eller overf\u00f8rer din personlige informasjon til eksterne parter med mindre vi gir deg beskjed p\u00e5 forh\u00e5nd, med unntak av det som er beskrevet nedenfor. Begrepet \u00abeksterne parter\u00bb inkluderer ikke v\u00e5r virksomhet. Det inkluderer heller ikke nettstedshotellpartnere og andre parter som hjelper oss med \u00e5 drifte nettstedet v\u00e5rt, drive virksomheten v\u00e5r eller betjene deg, s\u00e5 lenge disse partene samtykker i \u00e5 holde denne informasjonen konfidensiell. Vi kan ogs\u00e5 utlevere informasjonen din n\u00e5r vi mener at utlevering er passende for \u00e5 overholde loven, h\u00e5ndheve v\u00e5re nettstedsregler eller beskytte v\u00e5re eller andres rettigheter, eiendom eller sikkerhet. Imidlertid kan ikke-personlig identifiserbar bes\u00f8ksinformasjon gis til andre parter for markedsf\u00f8ring, reklame eller annen bruk. Hvordan kan du melde deg av, fjerne eller endre informasjon du har gitt oss? For \u00e5 endre e-postabonnementene dine, vennligst gi oss beskjed ved \u00e5 endre preferansene dine i delen \u00abMin konto\u00bb. V\u00e6r oppmerksom p\u00e5 at p\u00e5 grunn av tidsplaner for e-postproduksjon kan du motta e-poster som allerede er under produksjon. For \u00e5 slette all din online kontoinformasjon fra databasen v\u00e5r, logg inn p\u00e5 delen \u00abMin konto\u00bb p\u00e5 nettstedet v\u00e5rt og fjern leveringsadresser, faktureringsadresser og betalingsinformasjon. V\u00e6r oppmerksom p\u00e5 at vi kan lagre informasjon om en individuell salgstransaksjon for \u00e5 betjene den transaksjonen og for journalf\u00f8ring. Tredjepartslenker I et fors\u00f8k p\u00e5 \u00e5 gi deg \u00f8kt verdi kan vi inkludere tredjepartslenker p\u00e5 nettstedet v\u00e5rt. Disse lenkede nettstedene har separate og uavhengige personvernregler. Vi har derfor intet ansvar for innholdet og aktivitetene p\u00e5 disse lenkede nettstedene. Likevel s\u00f8ker vi \u00e5 beskytte integriteten til nettstedet v\u00e5rt og \u00f8nsker tilbakemeldinger om disse lenkede nettstedene velkommen (inkludert hvis en spesifikk lenke ikke fungerer). Endringer i retningslinjene v\u00e5re, hvis vi bestemmer oss for \u00e5 endre personvernreglene v\u00e5re, vil bli publisert p\u00e5 denne siden. Endringer i retningslinjene gjelder kun for informasjon som er samlet inn etter endringsdatoen. Disse retningslinjene ble sist endret 25. mai 2018.<\/p>\n\n\n\n<h3 class=\"wp-block-heading\">Sp\u00f8rsm\u00e5l og tilbakemeldinger<\/h3>\n\n\n\n<p>Vi tar gjerne imot sp\u00f8rsm\u00e5l, kommentarer og bekymringer ang\u00e5ende personvern. Send oss gjerne tilbakemeldinger om personvern eller andre problemer. Kun retningslinjer for personvern p\u00e5 nett. Disse retningslinjene for personvern p\u00e5 nett gjelder kun informasjon som samles inn via nettstedet v\u00e5rt, og ikke informasjon som samles inn offline.<\/p>\n\n\n\n<h3 class=\"wp-block-heading\">Ditt samtykke<\/h3>\n\n\n\n<p>Ved \u00e5 foreta et kj\u00f8p via nettstedet v\u00e5rt eller sende inn en foresp\u00f8rsel med personlig eller forretningsmessig informasjon for \u00e5 f\u00e5 et tilbud eller betale for en bestilling p\u00e5 noen m\u00e5te, eller avtale levering, samtykker du i at vi samler inn, lagrer og bruker denne informasjonen til din fordel og\/eller for \u00e5 forbedre tjenestene og tilbudene v\u00e5re. Ved \u00e5 gj\u00f8re dette samtykker du ogs\u00e5 i at vi opplyser om at du er en MugFactory-kunde, og samtykker ogs\u00e5 i at vi bruker navnet p\u00e5 bedriften din, logoen og emballasjen din for \u00e5 vise frem v\u00e5re produkter og tjenester, med mindre annet er spesifisert.<\/p>\n\n\n\n<h3 class=\"wp-block-heading\">Tilbaketrekking av samtykket ditt<\/h3>\n\n\n\n<p>Du kan n\u00e5r som helst velge \u00e5 trekke tilbake ditt samtykke til MugFactorys innsamling, bruk eller utlevering av din informasjon ved \u00e5 kontakte oss. MugFactory forbeholder seg retten til \u00e5 beholde all informasjon som tidligere er samlet inn for \u00e5 oppfylle bestillinger eller l\u00f8se tvister eller unders\u00f8kelser. N\u00e5r du bes\u00f8ker nettstedet v\u00e5rt, mottar vi automatisk enhetens IP-adresse (internetprotokoll), omtrentlig geografisk region og annen grunnleggende informasjon om nettleseren og operativsystemet ditt for \u00e5 bedre kunne hjelpe og gi kundene v\u00e5re en bedre og mer tilpasset opplevelse.<\/p>","protected":false},"excerpt":{"rendered":"What information do we collect? We collect information from you when you register on the site, place an order, enter a contest or sweepstakes, respond to a survey or communication such as e-mail, or participate in another site feature. When ordering or registering, we may ask you for your name, e-mail address, mailing address, phone [&hellip;]","protected":false},"author":9,"featured_media":0,"parent":0,"menu_order":0,"comment_status":"closed","ping_status":"closed","template":"","meta":{"footnotes":""},"class_list":["post-64","page","type-page","status-publish","hentry"],"acf":[],"_links":{"self":[{"href":"https:\/\/www.ruiqigo.com\/nb\/wp-json\/wp\/v2\/pages\/64","targetHints":{"allow":["GET"]}}],"collection":[{"href":"https:\/\/www.ruiqigo.com\/nb\/wp-json\/wp\/v2\/pages"}],"about":[{"href":"https:\/\/www.ruiqigo.com\/nb\/wp-json\/wp\/v2\/types\/page"}],"author":[{"embeddable":true,"href":"https:\/\/www.ruiqigo.com\/nb\/wp-json\/wp\/v2\/users\/9"}],"replies":[{"embeddable":true,"href":"https:\/\/www.ruiqigo.com\/nb\/wp-json\/wp\/v2\/comments?post=64"}],"version-history":[{"count":0,"href":"https:\/\/www.ruiqigo.com\/nb\/wp-json\/wp\/v2\/pages\/64\/revisions"}],"wp:attachment":[{"href":"https:\/\/www.ruiqigo.com\/nb\/wp-json\/wp\/v2\/media?parent=64"}],"curies":[{"name":"wp","href":"https:\/\/api.w.org\/{rel}","templated":true}]}}