{"id":7,"date":"2024-04-24T15:36:45","date_gmt":"2024-04-24T07:36:45","guid":{"rendered":"https:\/\/ruiqigo.com\/?page_id=7"},"modified":"2026-03-18T11:16:16","modified_gmt":"2026-03-18T03:16:16","slug":"about","status":"publish","type":"page","link":"https:\/\/www.ruiqigo.com\/nb\/about","title":{"rendered":"Om oss"},"content":{"rendered":"<div data-elementor-type=\"wp-page\" data-elementor-id=\"7\" class=\"elementor elementor-7\" data-elementor-post-type=\"page\">\n\t\t\t\t<div class=\"elementor-element elementor-element-d10c7eb e-flex e-con-boxed e-con e-parent\" data-id=\"d10c7eb\" data-element_type=\"container\" data-e-type=\"container\">\n\t\t\t\t\t<div class=\"e-con-inner\">\n\t\t<div class=\"elementor-element elementor-element-9b6fcdb e-con-full e-flex e-con e-child\" data-id=\"9b6fcdb\" data-element_type=\"container\" data-e-type=\"container\">\n\t\t\t\t<div class=\"elementor-element elementor-element-4b5b7e6 elementor-widget__width-inherit elementor-widget elementor-widget-heading\" data-id=\"4b5b7e6\" data-element_type=\"widget\" data-e-type=\"widget\" data-widget_type=\"heading.default\">\n\t\t\t\t<div class=\"elementor-widget-container\">\n\t\t\t\t\t<h2 class=\"elementor-heading-title elementor-size-default\">Hvem vi er<\/h2>\t\t\t\t<\/div>\n\t\t\t\t<\/div>\n\t\t\t\t<div class=\"elementor-element elementor-element-59e7b52 elementor-widget__width-inherit elementor-widget elementor-widget-text-editor\" data-id=\"59e7b52\" data-element_type=\"widget\" data-e-type=\"widget\" data-widget_type=\"text-editor.default\">\n\t\t\t\t<div class=\"elementor-widget-container\">\n\t\t\t\t\t\t\t\t\t<p>En kvalitets-, kostnadseffektiv og resultatorientert partner for deg.<\/p>\t\t\t\t\t\t\t\t<\/div>\n\t\t\t\t<\/div>\n\t\t\t\t<div class=\"elementor-element elementor-element-baf9d12 elementor-widget__width-initial elementor-widget-tablet__width-inherit elementor-widget elementor-widget-text-editor\" data-id=\"baf9d12\" data-element_type=\"widget\" data-e-type=\"widget\" data-widget_type=\"text-editor.default\">\n\t\t\t\t<div class=\"elementor-widget-container\">\n\t\t\t\t\t\t\t\t\t<p>3TOP er et propriet\u00e6rt merke tilh\u00f8rende RuiqiGO, et datterselskap av Sanzhuangyuan Biotechnology, som har v\u00e6rt ledende innen skj\u00f8nnhets- og personlig pleiebransjen i over 20 \u00e5r. N\u00e5 har de en storstilt, fullt utstyrt daglig kjemisk fabrikk som spesialiserer seg p\u00e5 prosessering av alle typer daglige kjemiske produkter.<\/p>\n<!-- \/wp:paragraph --><!-- wp:paragraph -->\n<p>De viktigste daglige kjemiske prosesseringstjenestene til 3TOP inkluderer alle typer\u00a0<a href=\"https:\/\/www.ruiqigo.com\/nb\/products\/hair-care\/\" target=\"_blank\" rel=\"noopener\">produksjon av h\u00e5rpleieprodukter<\/a>,\u00a0<a href=\"https:\/\/www.ruiqigo.com\/nb\/products\/body-care\/\" target=\"_blank\" rel=\"noopener\">produksjon av kropps- og hudpleieprodukter<\/a>,\u00a0<a href=\"https:\/\/www.ruiqigo.com\/nb\/products\/oral-care\/\" target=\"_blank\" rel=\"noopener\">produksjon av munnpleieprodukter<\/a>, og\u00a0<a href=\"https:\/\/www.ruiqigo.com\/nb\/products\/facial-care\/\" target=\"_blank\" rel=\"noopener\">produksjon av ansiktspleieprodukter<\/a>Som en profesjonell fabrikk for daglige kjemikalier kan 3TOP ikke bare tilby alle typer produksjon av daglige kjemikalier under private label, men ogs\u00e5 tilby\u00a0<a href=\"https:\/\/www.ruiqigo.com\/nb\/service\/\" target=\"_blank\" rel=\"noopener\">daglige kjemikalier OEM og ODM-tjenester<\/a>\u00a0for daglige kjemikalier, og kan hjelpe kunder med \u00e5 utvikle sin egen daglige kjemikalievirksomhet, fra design av daglige kjemikalieformler, produksjon av daglige kjemikalier og design av emballasje for daglige kjemikalier.<\/p>\n<p>For dedikerte produksjonsprogrammer for munnskyll og pustespray, driver vi ogs\u00e5 en spesialisert plattform for munnpleie: <a href=\"https:\/\/oralabx.com\/mouthwash-oem-manufacturer\/\" target=\"_blank\" rel=\"noopener\">Produsent av munnvann med privat etikett<\/a>.<\/p>\t\t\t\t\t\t\t\t<\/div>\n\t\t\t\t<\/div>\n\t\t\t\t<div class=\"elementor-element elementor-element-7d98755 elementor-widget__width-initial elementor-widget-tablet__width-inherit elementor-widget elementor-widget-image\" data-id=\"7d98755\" data-element_type=\"widget\" data-e-type=\"widget\" data-widget_type=\"image.default\">\n\t\t\t\t<div class=\"elementor-widget-container\">\n\t\t\t\t\t\t\t\t\t\t\t\t\t\t\t<img fetchpriority=\"high\" decoding=\"async\" width=\"900\" height=\"500\" src=\"https:\/\/www.ruiqigo.com\/wp-content\/uploads\/2024\/08\/About-Us.jpg\" class=\"attachment-full size-full wp-image-941\" alt=\"daglig kjemisk prosessering\" srcset=\"https:\/\/www.ruiqigo.com\/wp-content\/uploads\/2024\/08\/About-Us.jpg 900w, https:\/\/www.ruiqigo.com\/wp-content\/uploads\/2024\/08\/About-Us-768x427.jpg 768w\" sizes=\"(max-width: 900px) 100vw, 900px\" \/>\t\t\t\t\t\t\t\t\t\t\t\t\t\t\t<\/div>\n\t\t\t\t<\/div>\n\t\t\t\t<div class=\"elementor-element elementor-element-f228ce6 elementor-widget__width-initial elementor-widget-tablet__width-inherit elementor-widget elementor-widget-video\" data-id=\"f228ce6\" data-element_type=\"widget\" data-e-type=\"widget\" data-settings=\"{&quot;youtube_url&quot;:&quot;https:\\\/\\\/youtu.be\\\/t-G1J8qjwMY&quot;,&quot;autoplay&quot;:&quot;yes&quot;,&quot;loop&quot;:&quot;yes&quot;,&quot;video_type&quot;:&quot;youtube&quot;,&quot;controls&quot;:&quot;yes&quot;}\" data-widget_type=\"video.default\">\n\t\t\t\t<div class=\"elementor-widget-container\">\n\t\t\t\t\t\t\t<div class=\"elementor-wrapper elementor-open-inline\">\n\t\t\t<div class=\"elementor-video\"><\/div>\t\t<\/div>\n\t\t\t\t\t\t<\/div>\n\t\t\t\t<\/div>\n\t\t\t\t<div class=\"elementor-element elementor-element-df1cfca elementor-widget__width-initial elementor-widget-tablet__width-inherit elementor-widget elementor-widget-text-editor\" data-id=\"df1cfca\" data-element_type=\"widget\" data-e-type=\"widget\" data-widget_type=\"text-editor.default\">\n\t\t\t\t<div class=\"elementor-widget-container\">\n\t\t\t\t\t\t\t\t\t<p>Med en sterk forpliktelse til kvalitet og kundetilfredshet har 3TOPs fabrikk en m\u00e5nedlig produksjonskapasitet p\u00e5 over 200 000 tonn sjampo og dusjs\u00e5pe, og et \u00e5rlig eksportvolum p\u00e5 over 250 tonn. Fabrikken er utstyrt med avanserte produksjonslinjer, inkludert steriliseringsrom, r\u00e5varelager, batchingrom, dispenseringsrom, fyllelinje og pakkelinje. Fabrikken har ogs\u00e5 et omfattende kvalitetsstyringssystem, med streng kvalitetstesting fra valg av r\u00e5materiale til ferdig produktemballasje. I tillegg har fabrikken en storskala produksjonskapasitet og rask responskapasitet, noe som gj\u00f8r det mulig \u00e5 raskt tilpasse seg endringer i markedet.<\/p>\t\t\t\t\t\t\t\t<\/div>\n\t\t\t\t<\/div>\n\t\t\t\t<\/div>\n\t\t\t\t<div class=\"elementor-element elementor-element-4eb5aaf6 elementor-widget elementor-widget-text-editor\" data-id=\"4eb5aaf6\" data-element_type=\"widget\" data-e-type=\"widget\" data-widget_type=\"text-editor.default\">\n\t\t\t\t<div class=\"elementor-widget-container\">\n\t\t\t\t\t\t\t\t\t<!-- wp:heading {\"textAlign\":\"center\",\"style\":{\"color\":{\"text\":\"#007f44\"},\"elements\":{\"link\":{\"color\":{\"text\":\"#007f44\"}}}},\"fontSize\":\"x-large\"} -->\n<div class=\"wp-block-columns are-vertically-aligned-center mb-40\">\n<div class=\"wp-block-column is-vertically-aligned-center\"><!-- \/wp:paragraph --><\/div>\n<!-- \/wp:column --><\/div>\n<!-- \/wp:columns --><!-- wp:columns {\"className\":\"pt-60 pb-60 mb-60\",\"style\":{\"color\":{\"background\":\"#eaeff2\"},\"elements\":{\"link\":{\"color\":{\"text\":\"var:preset|color|black\"}}}},\"textColor\":\"black\"} -->\n<div class=\"wp-block-columns pt-60 pb-60 mb-60 has-black-color has-text-color has-background has-link-color\" style=\"background-color: #eaeff2;\"><!-- wp:column -->\n<div class=\"wp-block-column\"><!-- wp:heading {\"textAlign\":\"center\",\"level\":3} -->\n<h3 class=\"wp-block-heading has-text-align-center\"><strong>20+ \u00e5r<\/strong><\/h3>\n<!-- \/wp:heading --><!-- wp:paragraph {\"align\":\"center\"} -->\n<p class=\"has-text-align-center\">20 \u00e5rs erfaring med dyrking av teolje<\/p>\n<!-- \/wp:paragraph --><\/div>\n<!-- \/wp:column --><!-- wp:column -->\n<div class=\"wp-block-column\"><!-- wp:heading {\"textAlign\":\"center\",\"level\":3} -->\n<h3 class=\"wp-block-heading has-text-align-center\"><strong>10,000<\/strong>m<sup>2<\/sup><\/h3>\n<!-- \/wp:heading --><!-- wp:paragraph {\"align\":\"center\"} -->\n<p class=\"has-text-align-center\">10 000 hektar med te-oljeplantasje<\/p>\n<!-- \/wp:paragraph --><\/div>\n<!-- \/wp:column --><!-- wp:column -->\n<div class=\"wp-block-column\"><!-- wp:heading {\"textAlign\":\"center\",\"level\":3} -->\n<h3 class=\"wp-block-heading has-text-align-center\"><strong>200,000<\/strong><\/h3>\n<!-- \/wp:heading --><!-- wp:paragraph {\"align\":\"center\"} -->\n<p class=\"has-text-align-center\">200 000 tonn m\u00e5nedlig produksjon<\/p>\n<!-- \/wp:paragraph --><\/div>\n<!-- \/wp:column --><\/div>\n<!-- \/wp:columns --><!-- wp:paragraph {\"align\":\"center\",\"style\":{\"color\":{\"text\":\"#007f44\"},\"elements\":{\"link\":{\"color\":{\"text\":\"#007f44\"}}}},\"fontSize\":\"x-large\"} -->\n<p class=\"has-text-align-center has-text-color has-link-color has-x-large-font-size\" style=\"color: #007f44;\"><strong>Hva vi gj\u00f8r<\/strong><\/p>\n<!-- \/wp:paragraph --><!-- wp:paragraph {\"align\":\"center\",\"style\":{\"color\":{\"text\":\"#6c757d\"},\"elements\":{\"link\":{\"color\":{\"text\":\"#6c757d\"}}}}} -->\n<p class=\"has-text-align-center has-text-color has-link-color\" style=\"color: #6c757d;\">Vi tilbyr tjenester dedikert til \u00e5 oppfylle din visjon<\/p>\n<!-- \/wp:paragraph --><!-- wp:columns {\"className\":\"mb-60\"} -->\n<div class=\"wp-block-columns mb-60\"><!-- wp:column {\"style\":{\"color\":{\"background\":\"#eaeff2\"}}} -->\n<div class=\"wp-block-column has-background\" style=\"background-color: #eaeff2;\"><!-- wp:image {\"id\":953,\"sizeSlug\":\"full\",\"linkDestination\":\"none\"} -->\n<figure class=\"wp-block-image size-full\"><img decoding=\"async\" width=\"600\" height=\"400\" class=\"wp-image-953\" src=\"https:\/\/ruiqigo.com\/wp-content\/uploads\/2024\/08\/Customized-formulas.jpg\" alt=\"Tilpass formler for daglig bruk\" \/><\/figure>\n<!-- \/wp:image --><!-- wp:group {\"className\":\"pl-20 pr-20 pt-30 pb-30\",\"layout\":{\"type\":\"constrained\"}} -->\n<div class=\"wp-block-group pl-20 pr-20 pt-30 pb-30\"><!-- wp:heading {\"textAlign\":\"center\",\"level\":3} -->\n<h3 class=\"wp-block-heading has-text-align-center\"><strong>Tilpassede formler<\/strong><\/h3>\n<!-- \/wp:heading --><!-- wp:paragraph -->\n<p>Har du ikke en oppskrift \u00e5 lage, men \u00f8nsker \u00e5 starte ditt eget merke? Ta kontakt med oss! Vi vil pr\u00f8ve \u00e5 forst\u00e5 form\u00e5let med merkevaren din, samarbeide med deg for \u00e5 tilpasse formelen og produsere produktene du \u00f8nsker p\u00e5 ett stopp!<\/p>\n<!-- \/wp:paragraph --><\/div>\n<!-- \/wp:group --><\/div>\n<!-- \/wp:column --><!-- wp:column {\"style\":{\"color\":{\"background\":\"#eaeff2\"}}} -->\n<div class=\"wp-block-column has-background\" style=\"background-color: #eaeff2;\"><!-- wp:image {\"id\":954,\"sizeSlug\":\"full\",\"linkDestination\":\"none\"} -->\n<figure class=\"wp-block-image size-full\"><img decoding=\"async\" width=\"600\" height=\"400\" class=\"wp-image-954\" src=\"https:\/\/ruiqigo.com\/wp-content\/uploads\/2024\/08\/Ready-made-recipes.jpg\" alt=\"Ferdige oppskrifter\" \/><\/figure>\n<!-- \/wp:image --><!-- wp:group {\"className\":\"pl-20 pr-20 pt-30 pb-30\",\"layout\":{\"type\":\"constrained\"}} -->\n<div class=\"wp-block-group pl-20 pr-20 pt-30 pb-30\"><!-- wp:heading {\"textAlign\":\"center\",\"level\":3} -->\n<h3 class=\"wp-block-heading has-text-align-center\"><strong>Ferdige oppskrifter<\/strong><\/h3>\n<!-- \/wp:heading --><!-- wp:paragraph -->\n<p>\u00d8nsker du \u00e5 produsere en spesifikk vare, men vet ikke oppskriften? Har du noen ideer, men ingen fornuftig oppskrift? Samarbeid med oss for \u00e5 l\u00f8se dine formulerings- og produksjonsproblemer. Velg blant oppskriftene vi har, og gj\u00f8r noen justeringer for \u00e5 realisere produktet ditt.<\/p>\n<!-- \/wp:paragraph --><\/div>\n<!-- \/wp:group --><\/div>\n<!-- \/wp:column --><!-- wp:column {\"style\":{\"color\":{\"background\":\"#eaeff2\"}}} -->\n<div class=\"wp-block-column has-background\" style=\"background-color: #eaeff2;\"><!-- wp:image {\"id\":956,\"sizeSlug\":\"full\",\"linkDestination\":\"none\"} -->\n<figure class=\"wp-block-image size-full\"><img loading=\"lazy\" decoding=\"async\" width=\"600\" height=\"400\" class=\"wp-image-956\" src=\"https:\/\/ruiqigo.com\/wp-content\/uploads\/2024\/08\/Customizable-packaging.jpg\" alt=\"Tilpass emballasje for daglig bruk\" \/><\/figure>\n<!-- \/wp:image --><!-- wp:group {\"className\":\"pl-20 pr-20 pt-30 pb-30\",\"layout\":{\"type\":\"constrained\"}} -->\n<div class=\"wp-block-group pl-20 pr-20 pt-30 pb-30\"><!-- wp:heading {\"textAlign\":\"center\",\"level\":3} -->\n<h3 class=\"wp-block-heading has-text-align-center\"><strong>Tilpassbar emballasje<\/strong><\/h3>\n<!-- \/wp:heading --><!-- wp:paragraph -->\n<p>For dagligpleieprodukter er vakker emballasje et symbol p\u00e5 h\u00f8y kvalitet og gode ingredienser. Vi har erfaring med \u00e5 designe emballasje for produkter, s\u00e5 samarbeid med oss, s\u00e5 kan vi designe en emballasje som setter prikken over i-en.<\/p>\n<!-- \/wp:paragraph --><\/div>\n<!-- \/wp:group --><\/div>\n<!-- \/wp:column --><!-- wp:column {\"style\":{\"color\":{\"background\":\"#eaeff2\"}}} -->\n<div class=\"wp-block-column has-background\" style=\"background-color: #eaeff2;\"><!-- wp:image {\"id\":957,\"sizeSlug\":\"full\",\"linkDestination\":\"none\"} -->\n<figure class=\"wp-block-image size-full\"><img decoding=\"async\" class=\"wp-image-957\" src=\"https:\/\/ruiqigo.com\/wp-content\/uploads\/2024\/08\/Sustainable-manner.jpg\" alt=\"B\u00e6rekraftig m\u00e5te\" \/><\/figure>\n<!-- \/wp:image --><!-- wp:group {\"className\":\"pl-20 pr-20 pt-30 pb-30\",\"layout\":{\"type\":\"constrained\"}} -->\n<div class=\"wp-block-group pl-20 pr-20 pt-30 pb-30\"><!-- wp:heading {\"textAlign\":\"center\",\"level\":3} -->\n<h3 class=\"wp-block-heading has-text-align-center\"><strong>B\u00e6rekraftig m\u00e5te<\/strong><\/h3>\n<!-- \/wp:heading --><!-- wp:paragraph -->\n<p>Tenker du p\u00e5 b\u00e6rekraft? Fabrikkene v\u00e5re er forpliktet til en b\u00e6rekraftig produksjonsfilosofi, og produktene v\u00e5re er fulle av b\u00e6rekraftige farger. Et samarbeid med oss kan bidra til din b\u00e6rekraftige visjon.<\/p>\n<!-- \/wp:paragraph --><\/div>\n<!-- \/wp:group --><\/div>\n<!-- \/wp:column --><\/div>\n<!-- \/wp:columns --><!-- wp:paragraph {\"align\":\"center\",\"style\":{\"color\":{\"text\":\"#007f44\"},\"elements\":{\"link\":{\"color\":{\"text\":\"#007f44\"}}}},\"fontSize\":\"x-large\"} -->\n<p class=\"has-text-align-center has-text-color has-link-color has-x-large-font-size\" style=\"color: #007f44;\"><strong>Vi hjelper deg<\/strong><\/p>\n<!-- \/wp:paragraph --><!-- wp:columns {\"className\":\"mb-60\"} -->\n<div class=\"wp-block-columns mb-60\"><!-- wp:column -->\n<div class=\"wp-block-column\"><!-- wp:cover {\"url\":\"https:\/\/ruiqigo.com\/wp-content\/uploads\/2024\/08\/1.-Help-you-build-your-own-brand.jpg\",\"id\":959,\"dimRatio\":30,\"overlayColor\":\"black\",\"isUserOverlayColor\":true,\"isDark\":false,\"layout\":{\"type\":\"constrained\"}} -->\n<div class=\"wp-block-cover is-light\"><img loading=\"lazy\" decoding=\"async\" width=\"600\" height=\"400\" class=\"wp-block-cover__image-background wp-image-959\" src=\"https:\/\/ruiqigo.com\/wp-content\/uploads\/2024\/08\/1.-Help-you-build-your-own-brand.jpg\" alt=\"\" data-object-fit=\"cover\" \/>\n<div class=\"wp-block-cover__inner-container\"><!-- wp:paragraph {\"align\":\"center\",\"style\":{\"elements\":{\"link\":{\"color\":{\"text\":\"var:preset|color|white\"}}},\"typography\":{\"fontSize\":\"24px\"}},\"textColor\":\"white\"} -->\n<p class=\"has-text-align-center has-white-color has-text-color has-link-color\" style=\"font-size: 24px;\">1. Hjelp deg med \u00e5 bygge ditt eget merke<\/p>\n<!-- \/wp:paragraph --><\/div>\n<\/div>\n<!-- \/wp:cover --><\/div>\n<!-- \/wp:column --><!-- wp:column -->\n<div class=\"wp-block-column\"><!-- wp:cover {\"url\":\"https:\/\/ruiqigo.com\/wp-content\/uploads\/2024\/08\/2.-Help-you-produce-products-that-meet-the-specific-needs-of-beauty-salons.jpg\",\"id\":960,\"dimRatio\":30,\"overlayColor\":\"black\",\"isUserOverlayColor\":true,\"isDark\":false,\"layout\":{\"type\":\"constrained\"}} -->\n<div class=\"wp-block-cover is-light\"><img loading=\"lazy\" decoding=\"async\" width=\"600\" height=\"400\" class=\"wp-block-cover__image-background wp-image-960\" src=\"https:\/\/ruiqigo.com\/wp-content\/uploads\/2024\/08\/2.-Help-you-produce-products-that-meet-the-specific-needs-of-beauty-salons.jpg\" alt=\"\" data-object-fit=\"cover\" \/>\n<div class=\"wp-block-cover__inner-container\"><!-- wp:paragraph {\"align\":\"center\",\"placeholder\":\"\u7f16\u5199\u6807\u9898\u2026\",\"style\":{\"elements\":{\"link\":{\"color\":{\"text\":\"var:preset|color|white\"}}},\"typography\":{\"fontSize\":\"24px\"}},\"textColor\":\"white\"} -->\n<p class=\"has-text-align-center has-white-color has-text-color has-link-color\" style=\"font-size: 24px;\">2. Hjelpe deg med \u00e5 produsere produkter som oppfyller de spesifikke behovene til skj\u00f8nnhetssalonger<\/p>\n<!-- \/wp:paragraph --><\/div>\n<\/div>\n<!-- \/wp:cover --><\/div>\n<!-- \/wp:column --><!-- wp:column -->\n<div class=\"wp-block-column\"><!-- wp:cover {\"url\":\"https:\/\/ruiqigo.com\/wp-content\/uploads\/2024\/08\/3.-Producing-products-with-established-formulations-and-packaging-in-large-quantities-for-you.jpg\",\"id\":961,\"dimRatio\":30,\"overlayColor\":\"black\",\"isUserOverlayColor\":true,\"isDark\":false,\"layout\":{\"type\":\"constrained\"}} -->\n<div class=\"wp-block-cover is-light\"><img loading=\"lazy\" decoding=\"async\" width=\"600\" height=\"400\" class=\"wp-block-cover__image-background wp-image-961\" src=\"https:\/\/ruiqigo.com\/wp-content\/uploads\/2024\/08\/3.-Producing-products-with-established-formulations-and-packaging-in-large-quantities-for-you.jpg\" alt=\"\" data-object-fit=\"cover\" \/>\n<div class=\"wp-block-cover__inner-container\"><!-- wp:paragraph {\"align\":\"center\",\"placeholder\":\"\u7f16\u5199\u6807\u9898\u2026\",\"style\":{\"elements\":{\"link\":{\"color\":{\"text\":\"var:preset|color|white\"}}},\"typography\":{\"fontSize\":\"24px\"}},\"textColor\":\"white\"} -->\n<p class=\"has-text-align-center has-white-color has-text-color has-link-color\" style=\"font-size: 24px;\">3. Produsere produkter med etablerte formuleringer og emballasje i store mengder for deg<\/p>\n<!-- \/wp:paragraph --><\/div>\n<\/div>\n<!-- \/wp:cover --><\/div>\n<!-- \/wp:column --><\/div>\n<!-- \/wp:columns --><!-- wp:paragraph {\"align\":\"center\",\"style\":{\"color\":{\"text\":\"#007f44\"},\"elements\":{\"link\":{\"color\":{\"text\":\"#007f44\"}}}},\"fontSize\":\"x-large\"} -->\n<p class=\"has-text-align-center has-text-color has-link-color has-x-large-font-size\" style=\"color: #007f44;\"><strong>Hvorfor velge oss<\/strong><\/p>\n<!-- \/wp:paragraph --><!-- wp:paragraph {\"align\":\"center\",\"style\":{\"color\":{\"text\":\"#6c757d\"},\"elements\":{\"link\":{\"color\":{\"text\":\"#6c757d\"}}}}} -->\n<p class=\"has-text-align-center has-text-color has-link-color\" style=\"color: #6c757d;\">V\u00e5re fordeler er viktigheten av ditt riktige valg<\/p>\n<!-- \/wp:paragraph --><!-- wp:list {\"ordered\":true,\"className\":\"mb-60\"} -->\n<ol class=\"wp-block-list mb-60\"><!-- wp:list-item -->\n<li><strong>H\u00d8YKVALITETSPRODUKTER<\/strong>Avanserte daglige kjemikalieproduksjonsanlegg og strenge kvalitetskontrollsystemer sikrer at produktene oppfyller internasjonale standarder. H\u00f8ykvalitets r\u00e5varer og streng kontroll av produksjonsprosessen sikrer produktenes sikkerhet og effektivitet.<\/li>\n<!-- \/wp:list-item --><!-- wp:list-item -->\n<li><strong>TILPASNING:<\/strong>\u00a0Vi kan tilpasse daglige kjemiske produkter for \u00e5 m\u00f8te kundenes behov i henhold til deres merkevarekonsept, m\u00e5lmarked og produktposisjonering.<\/li>\n<!-- \/wp:list-item --><!-- wp:list-item -->\n<li><strong>RASK RESPONS: <\/strong>En effektiv produksjonsprosess kan raskt im\u00f8tekomme dine behov. Vi kan fleksibelt justere produksjonsplanen i henhold til bestillingsmengde og leveringstid for \u00e5 sikre rettidig levering av produkter.<\/li>\n<!-- \/wp:list-item --><!-- wp:list-item -->\n<li><strong>PRISFOORDEL: <\/strong>3TOP har en kostnadsfordel og kan tilby konkurransedyktige priser til kundene. Vi kan effektivt kontrollere produksjonskostnadene og gi deg en gunstig pris.<\/li>\n<!-- \/wp:list-item --><!-- wp:list-item -->\n<li><strong>MILJ\u00d8VENNLIG EMBALLASJE:<\/strong>\u00a0Vi bruker biologisk nedbrytbare og resirkulerbare emballasjematerialer for daglig bruk av kjemikalier, og tar aktivt i bruk milj\u00f8vennlige produksjonsprosesser for \u00e5 minimere milj\u00f8p\u00e5virkningen.<\/li>\n<!-- \/wp:list-item --><!-- wp:list-item -->\n<li><strong>PROFESJONELT TEAM:<\/strong>\u00a0Med et erfarent FoU-team kan vi tilby deg profesjonell teknisk st\u00f8tte. Vi kan tilby formeldesign, emballasjedesign, produkttesting og andre tjenester i henhold til dine behov.<\/li>\n<!-- \/wp:list-item --><\/ol>\n<!-- \/wp:list --><!-- wp:paragraph {\"align\":\"center\",\"style\":{\"color\":{\"text\":\"#007f44\"},\"elements\":{\"link\":{\"color\":{\"text\":\"#007f44\"}}}},\"fontSize\":\"x-large\"} -->\n<p class=\"has-text-align-center has-text-color has-link-color has-x-large-font-size\" style=\"color: #007f44;\"><strong>Sertifikat<\/strong><\/p>\n<!-- \/wp:paragraph --><!-- wp:columns -->\n<div class=\"wp-block-columns\"><!-- wp:column -->\n<div class=\"wp-block-column\"><!-- wp:image {\"id\":211,\"sizeSlug\":\"full\",\"linkDestination\":\"none\"} -->\n<figure class=\"wp-block-image size-full\"><img loading=\"lazy\" decoding=\"async\" width=\"1200\" height=\"1600\" class=\"wp-image-211\" src=\"https:\/\/ruiqigo.com\/wp-content\/uploads\/2024\/06\/GMP.jpg\" alt=\"Sertifikat\" srcset=\"https:\/\/www.ruiqigo.com\/wp-content\/uploads\/2024\/06\/GMP.jpg 1200w, https:\/\/www.ruiqigo.com\/wp-content\/uploads\/2024\/06\/GMP-768x1024.jpg 768w, https:\/\/www.ruiqigo.com\/wp-content\/uploads\/2024\/06\/GMP-1152x1536.jpg 1152w\" sizes=\"(max-width: 1200px) 100vw, 1200px\" \/><\/figure>\n<!-- \/wp:image --><\/div>\n<!-- \/wp:column --><!-- wp:column -->\n<div class=\"wp-block-column\"><!-- wp:image {\"id\":210,\"sizeSlug\":\"full\",\"linkDestination\":\"none\"} -->\n<figure class=\"wp-block-image size-full\"><img loading=\"lazy\" decoding=\"async\" width=\"1200\" height=\"1600\" class=\"wp-image-210\" src=\"https:\/\/ruiqigo.com\/wp-content\/uploads\/2024\/06\/FDA.jpg\" alt=\"Sertifikat\" srcset=\"https:\/\/www.ruiqigo.com\/wp-content\/uploads\/2024\/06\/FDA.jpg 1200w, https:\/\/www.ruiqigo.com\/wp-content\/uploads\/2024\/06\/FDA-768x1024.jpg 768w, https:\/\/www.ruiqigo.com\/wp-content\/uploads\/2024\/06\/FDA-1152x1536.jpg 1152w\" sizes=\"(max-width: 1200px) 100vw, 1200px\" \/><\/figure>\n<!-- \/wp:image --><\/div>\n<!-- \/wp:column --><!-- wp:column -->\n<div class=\"wp-block-column\"><!-- wp:image {\"id\":208,\"sizeSlug\":\"full\",\"linkDestination\":\"none\"} -->\n<figure class=\"wp-block-image size-full\"><img loading=\"lazy\" decoding=\"async\" width=\"1200\" height=\"1600\" class=\"wp-image-208\" src=\"https:\/\/ruiqigo.com\/wp-content\/uploads\/2024\/06\/ISO22716.jpg\" alt=\"Sertifikat\" srcset=\"https:\/\/www.ruiqigo.com\/wp-content\/uploads\/2024\/06\/ISO22716.jpg 1200w, https:\/\/www.ruiqigo.com\/wp-content\/uploads\/2024\/06\/ISO22716-768x1024.jpg 768w, https:\/\/www.ruiqigo.com\/wp-content\/uploads\/2024\/06\/ISO22716-1152x1536.jpg 1152w\" sizes=\"(max-width: 1200px) 100vw, 1200px\" \/><\/figure>\n<!-- \/wp:image --><\/div>\n<!-- \/wp:column --><!-- wp:column -->\n<div class=\"wp-block-column\"><!-- wp:image {\"id\":209,\"sizeSlug\":\"full\",\"linkDestination\":\"none\"} -->\n<figure class=\"wp-block-image size-full\"><img loading=\"lazy\" decoding=\"async\" width=\"1200\" height=\"1600\" class=\"wp-image-209\" src=\"https:\/\/ruiqigo.com\/wp-content\/uploads\/2024\/06\/WALMART.jpg\" alt=\"Sertifikat\" srcset=\"https:\/\/www.ruiqigo.com\/wp-content\/uploads\/2024\/06\/WALMART.jpg 1200w, https:\/\/www.ruiqigo.com\/wp-content\/uploads\/2024\/06\/WALMART-768x1024.jpg 768w, https:\/\/www.ruiqigo.com\/wp-content\/uploads\/2024\/06\/WALMART-1152x1536.jpg 1152w\" sizes=\"(max-width: 1200px) 100vw, 1200px\" \/><\/figure>\n<!-- \/wp:image --><\/div>\n<!-- \/wp:column --><!-- wp:column -->\n<div class=\"wp-block-column\"><!-- wp:image {\"id\":207,\"sizeSlug\":\"full\",\"linkDestination\":\"none\"} -->\n<figure class=\"wp-block-image size-full\"><img loading=\"lazy\" decoding=\"async\" width=\"1200\" height=\"1600\" class=\"wp-image-207\" src=\"https:\/\/ruiqigo.com\/wp-content\/uploads\/2024\/06\/ISO9001.jpg\" alt=\"Sertifikat\" srcset=\"https:\/\/www.ruiqigo.com\/wp-content\/uploads\/2024\/06\/ISO9001.jpg 1200w, https:\/\/www.ruiqigo.com\/wp-content\/uploads\/2024\/06\/ISO9001-768x1024.jpg 768w, https:\/\/www.ruiqigo.com\/wp-content\/uploads\/2024\/06\/ISO9001-1152x1536.jpg 1152w\" sizes=\"(max-width: 1200px) 100vw, 1200px\" \/><\/figure>\n<!-- \/wp:image --><\/div>\n<!-- \/wp:column --><\/div>\n<!-- \/wp:columns -->\t\t\t\t\t\t\t\t<\/div>\n\t\t\t\t<\/div>\n\t\t\t\t\t<\/div>\n\t\t\t\t<\/div>\n\t\t\t\t<\/div>","protected":false},"excerpt":{"rendered":"Who We Are A quality, cost-effective and result-oriented partner for you. 3TOP is the proprietary brand of RuiqiGO, a subsidiary of Sanzhuangyuan Biotechnology, which has been a leader in the beauty and personal care industry for over 20 years. By now, it has a large-scale, fully equipped daily chemical factory specializing in the processing of [&hellip;]","protected":false},"author":9,"featured_media":764,"parent":0,"menu_order":0,"comment_status":"closed","ping_status":"closed","template":"","meta":{"footnotes":""},"class_list":["post-7","page","type-page","status-publish","has-post-thumbnail","hentry"],"acf":[],"_links":{"self":[{"href":"https:\/\/www.ruiqigo.com\/nb\/wp-json\/wp\/v2\/pages\/7","targetHints":{"allow":["GET"]}}],"collection":[{"href":"https:\/\/www.ruiqigo.com\/nb\/wp-json\/wp\/v2\/pages"}],"about":[{"href":"https:\/\/www.ruiqigo.com\/nb\/wp-json\/wp\/v2\/types\/page"}],"author":[{"embeddable":true,"href":"https:\/\/www.ruiqigo.com\/nb\/wp-json\/wp\/v2\/users\/9"}],"replies":[{"embeddable":true,"href":"https:\/\/www.ruiqigo.com\/nb\/wp-json\/wp\/v2\/comments?post=7"}],"version-history":[{"count":0,"href":"https:\/\/www.ruiqigo.com\/nb\/wp-json\/wp\/v2\/pages\/7\/revisions"}],"wp:featuredmedia":[{"embeddable":true,"href":"https:\/\/www.ruiqigo.com\/nb\/wp-json\/wp\/v2\/media\/764"}],"wp:attachment":[{"href":"https:\/\/www.ruiqigo.com\/nb\/wp-json\/wp\/v2\/media?parent=7"}],"curies":[{"name":"wp","href":"https:\/\/api.w.org\/{rel}","templated":true}]}}