{"id":835,"date":"2024-07-30T15:57:32","date_gmt":"2024-07-30T07:57:32","guid":{"rendered":"https:\/\/ruiqigo.com\/?page_id=835"},"modified":"2026-04-21T15:53:57","modified_gmt":"2026-04-21T07:53:57","slug":"cookie-policy","status":"publish","type":"page","link":"https:\/\/www.ruiqigo.com\/nb\/cookie-policy","title":{"rendered":"Informasjonskapsler"},"content":{"rendered":"<h3 class=\"wp-block-heading\">Hva er informasjonskapsler?<\/h3>\n\n\n\n<p>En informasjonskapselfil gir oss ikke tilgang til enheten din eller noen annen informasjon om deg enn dataene du velger \u00e5 dele med oss, og den kan inneholde en anonym unik identifikator.<\/p>\n\n\n\n<h3 class=\"wp-block-heading\">Hvordan bruker vi informasjonskapsler?<\/h3>\n\n\n\n<p>Vi bruker informasjonskapsler for \u00e5 spore aktiviteten p\u00e5 Aerotechs nettsted og lagre spesifikk informasjon.<\/p>\n\n\n\n<p>Eksempler p\u00e5 informasjonskapsler vi kan bruke og hvordan vi kan bruke dem inkluderer:<\/p>\n\n\n\n<ul class=\"wp-block-list\">\n<li>\u00d8ktinformasjonskapsler: Disse informasjonskapslene brukes til \u00e5 drifte nettstedet og fjernes fra enheten din n\u00e5r nettleser\u00f8kten er over.<\/li>\n\n\n\n<li>Preferanseinformasjonskapsler: Disse informasjonskapslene brukes til \u00e5 huske preferansene dine og diverse innstillinger.<\/li>\n\n\n\n<li>Sikkerhetsinformasjonskapsler: Disse informasjonskapslene aktiverer og st\u00f8tter sikkerhetsfunksjonene v\u00e5re og hjelper oss med \u00e5 oppdage ondsinnet aktivitet.<\/li>\n\n\n\n<li>Statistikkinformasjonskapsler: Disse informasjonskapslene brukes til \u00e5 identifisere hvilke sider p\u00e5 nettstedet v\u00e5rt som bes\u00f8kes og brukes. Dette hjelper oss med \u00e5 analysere data om nettsidetrafikk, for eksempel med Google Analytics, for \u00e5 forbedre nettstedet v\u00e5rt. Vi bruker kun denne informasjonen til statistiske analyseform\u00e5l, og deretter fjernes dataene fra systemet.<\/li>\n<\/ul>\n\n\n\n<h3 class=\"wp-block-heading\">Kontroll av informasjonskapsler<\/h3>\n\n\n\n<p>Du kan velge \u00e5 godta eller avsl\u00e5 informasjonskapsler. Hvis du ikke \u00f8nsker \u00e5 bruke informasjonskapsler p\u00e5 nettstedet v\u00e5rt, kan du kontrollere eller velge bort bruken av disse p\u00e5 f\u00f8lgende m\u00e5ter:<\/p>\n\n\n\n<ul class=\"wp-block-list\">\n<li>Du kan ogs\u00e5 konfigurere nettleserinnstillingene dine til \u00e5 avvise informasjonskapsler. Du kan ogs\u00e5 slette alle informasjonskapsler som allerede er p\u00e5 datamaskinens harddisk ved \u00e5 s\u00f8ke etter og slette filer som inneholder \u00abinformasjonskapsel\u00bb.<\/li>\n\n\n\n<li>For \u00e5 kontrollere innsamlingen av data til analytiske form\u00e5l av Google Analytics, kan du bes\u00f8ke denne siden.<\/li>\n<\/ul>\n\n\n\n<p>V\u00e6r oppmerksom p\u00e5 at det \u00e5 avsl\u00e5 eller deaktivere informasjonskapsler kan bety at du ikke har tilgang til visse funksjoner p\u00e5 nettstedet. Hvis du fjerner alle informasjonskapsler fra datamaskinen din, kan det ogs\u00e5 p\u00e5virke dine senere bes\u00f8k p\u00e5 visse nettsteder, inkludert MugFactory-nettstedet, ved at du m\u00e5 oppgi bestemt informasjon p\u00e5 nytt n\u00e5r du kommer tilbake.<\/p>\n\n\n\n<p>For informasjon om hvordan annen personlig informasjon kan samles inn og brukes av RuiqiGO, kan du se v\u00e5r personvernerkl\u00e6ring.<\/p>","protected":false},"excerpt":{"rendered":"What are cookies? A cookie file does not give us access to your device or any information about you other than the data you choose to share with us, and it may include an anonymous unique identifier. How do we use cookies? We use cookies to track the activity on the Aerotech Website and hold [&hellip;]","protected":false},"author":9,"featured_media":0,"parent":0,"menu_order":0,"comment_status":"closed","ping_status":"closed","template":"","meta":{"footnotes":""},"class_list":["post-835","page","type-page","status-publish","hentry"],"acf":[],"_links":{"self":[{"href":"https:\/\/www.ruiqigo.com\/nb\/wp-json\/wp\/v2\/pages\/835","targetHints":{"allow":["GET"]}}],"collection":[{"href":"https:\/\/www.ruiqigo.com\/nb\/wp-json\/wp\/v2\/pages"}],"about":[{"href":"https:\/\/www.ruiqigo.com\/nb\/wp-json\/wp\/v2\/types\/page"}],"author":[{"embeddable":true,"href":"https:\/\/www.ruiqigo.com\/nb\/wp-json\/wp\/v2\/users\/9"}],"replies":[{"embeddable":true,"href":"https:\/\/www.ruiqigo.com\/nb\/wp-json\/wp\/v2\/comments?post=835"}],"version-history":[{"count":0,"href":"https:\/\/www.ruiqigo.com\/nb\/wp-json\/wp\/v2\/pages\/835\/revisions"}],"wp:attachment":[{"href":"https:\/\/www.ruiqigo.com\/nb\/wp-json\/wp\/v2\/media?parent=835"}],"curies":[{"name":"wp","href":"https:\/\/api.w.org\/{rel}","templated":true}]}}