{"id":1034,"date":"2024-09-04T15:51:06","date_gmt":"2024-09-04T07:51:06","guid":{"rendered":"https:\/\/ruiqigo.com\/?post_type=product&#038;p=1034"},"modified":"2025-09-03T15:21:47","modified_gmt":"2025-09-03T07:21:47","slug":"alkaline-mouthwash","status":"publish","type":"product","link":"https:\/\/www.ruiqigo.com\/nb\/product\/alkaline-mouthwash","title":{"rendered":"Alkalisk munnskyll"},"content":{"rendered":"<h2 class=\"wp-block-heading\">TOPP 5 fordeler med alkalisk munnskyll<\/h2>\n\n\n\n<p>Alkalisk munnskyll hjelper oss med \u00e5 rengj\u00f8re omr\u00e5der som tannb\u00f8rster og tanntr\u00e5d ikke n\u00e5r, s\u00e5 det er ogs\u00e5 en viktig del av \u00e5 holde tannkj\u00f8ttet sunt. Her er 5 viktige fordeler med v\u00e5r alkaliske munnskyll:<\/p>\n\n\n\n<h3 class=\"wp-block-heading\">TOPP 1: Oppretthold syre-base-balansen i munnen<\/h3>\n\n\n\n<p>Innsiden av den menneskelige munnen er vanligvis et surt milj\u00f8, og det sure milj\u00f8et er ogs\u00e5 en av \u00e5rsakene til bakterievekst og plakkdannelse.<\/p>\n\n\n\n<p>De vanligste merkene med munnvann p\u00e5 markedet er surt munnvann. Surt munnvann har sterk bakteriedrepende evne, men det er mer stimulerende n\u00e5r det brukes, og er ikke egnet for folk flest. Langvarig og hyppig bruk kan ogs\u00e5 \u00f8delegge syre-base-balansen i munnen, forverre erosjonen av tannemaljen og for\u00e5rsake munnsykdommer. Sammenlignet med tradisjonelle munnvann er det alkaliske munnvannet vi har utviklet mer fokusert p\u00e5 \u00e5 balansere oral pH, sk\u00e5nsomt og ikke-irriterende, og er mer egnet for de fleste grupper for \u00e5 beskytte v\u00e5r munnhelse.<\/p>\n\n\n\n<h3 class=\"wp-block-heading\">TOPP 2: Lindre sensitivitet i munnen<\/h3>\n\n\n\n<p>Fluor er et effektivt stoff for \u00e5 forebygge karies. Det kan trenge inn i tannoverflaten og kombineres med mineralene i tannen for \u00e5 danne en beskyttende film som forbedrer tannens anti-karies evne. Denne beskyttende filmen kan forhindre ytre irritasjon, og dermed lindre symptomene p\u00e5 tannf\u00f8lsomhet, og kan ytterligere forbedre s\u00e5rhet og svakhet i tennene. Dessuten kan alkalisk munnskyll ogs\u00e5 hemme veksten av skadelige bakterier, redusere dannelsen av plakk og oppn\u00e5 effektiv forebygging og tilleggsbehandling.<\/p>\n\n\n\n<h3 class=\"wp-block-heading\">TOPP 3: Frisk pust<\/h3>\n\n\n\n<p>Teamet v\u00e5rt tilsatte mynte og andre ingredienser som forfrisker \u00e5nde for \u00e5 forbedre d\u00e5rlig \u00e5nde. Disse ingrediensene fjerner raskt lukt fra munnen og gir en frisk f\u00f8lelse. Ikke bare det, de fuktighetsgivende ingrediensene i v\u00e5r alkaliske munnskyll kan ogs\u00e5 fukte munnslimhinnen og lindre symptomene p\u00e5 munnt\u00f8rrhet, og dermed redusere forekomsten av d\u00e5rlig \u00e5nde. Sammenlignet med vanlig munnskyll har det alkaliske milj\u00f8et en bakteriostatisk effekt p\u00e5 mange bakterier, kan balansere floraen og rense munnen, slik at den forfriskende effekten vil v\u00e6re mer langvarig og bidra til \u00e5 holde munnen frisk og behagelig i lang tid.<\/p>\n\n\n\n<p>Som en del av den daglige munnhygienen dekker alkalisk munnskyll tannkj\u00f8ttet bedre enn tannb\u00f8rster og tanntr\u00e5d for \u00e5 fjerne matrester og bakterier, og emballasjen v\u00e5r er designet for \u00e5 v\u00e6re enkel \u00e5 b\u00e6re, s\u00e5 jeg tror at v\u00e5r alkaliske munnskyll er et p\u00e5litelig valg for deg, spesielt de som lider av d\u00e5rlig \u00e5nde.<\/p>\n\n\n\n<h3 class=\"wp-block-heading\">TOPP 4: Fremmer oral reparasjon og helbredelse<\/h3>\n\n\n\n<p>Natriumbikarbonat, som en av ingrediensene i alkalisk munnskyll, kan n\u00f8ytralisere de sure stoffene p\u00e5 overflaten av mages\u00e5r, og dermed redusere irritasjon i munnslimhinnen. Dette oppn\u00e5r antibakterielle og betennelsesdempende effekter som kan lindre smerte og fremme helbredelse. Dessuten kan munnskyll trenge inn i alle hj\u00f8rner og kroker i munnen, og kan dypt rense sm\u00e5 smussrester som matrester for \u00e5 opprettholde et sunt og rent munnmilj\u00f8. Dette bidrar ogs\u00e5 til \u00e5 redusere bakterievekst og skape et godt milj\u00f8 for helbredelse av munns\u00e5r. Vi har ogs\u00e5 lagt til noen ingredienser som fremmer reparasjon av munnslimhinnen, noe som ikke bare fremmer helbredelse av s\u00e5roverflaten, men ogs\u00e5 forbedrer barrierefunksjonen og reduserer risikoen for munns\u00e5r. N\u00e5r du bruker det, anbefales det imidlertid \u00e5 bruke det riktig i henhold til instruksjonene, og unng\u00e5 \u00e5 ta for mye eller for ofte, for \u00e5 komme seg mer effektivt.<\/p>\n\n\n\n<h3 class=\"wp-block-heading\">TOPP 5: Fremme munnhelse<\/h3>\n\n\n\n<p>I den daglige pleieprosessen bruker vi vanligvis tannb\u00f8rster og tanntr\u00e5d for \u00e5 rengj\u00f8re munnen etter m\u00e5ltider, og den ekstra rengj\u00f8ringen med munnskyll kan g\u00e5 dypt inn i omr\u00e5der som ikke kan rengj\u00f8res for \u00e5 sikre en grundig rengj\u00f8ring av munnen. Alkalisk munnskyll kan effektivt drepe bakterier og hemme bakterier, og danne en beskyttende film i munnen, forbedre barrieren, redusere bakterievekst og forhindre munnsykdommer. Ikke bare det, men vi har tilsatt mintfaktoren som ogs\u00e5 kan friske opp pusten, brukt til kontoret og andre anledninger. Vi har utviklet en alkalisk munnskyll som er enkel \u00e5 b\u00e6re og praktisk for deg \u00e5 bruke. Jeg h\u00e5per du kan utvikle gode vaner for munnpleie og fremme din munnhelse.<\/p>\n\n\n\n<h2 class=\"wp-block-heading\">Noen forslag til bruk<\/h2>\n\n\n\n<p>Riktig bruk av munnvann er sv\u00e6rt viktig for v\u00e5r munnhelse, her er noen retningslinjer for bruk:<\/p>\n\n\n\n<p>1. Bruk alkalisk munnskyll etter morgen- og kveldsvask for \u00e5 hjelpe med \u00e5 rengj\u00f8re tennene. Det kan ogs\u00e5 brukes etter m\u00e5ltider for \u00e5 n\u00f8ytralisere de sure stoffene som matrester bringer med seg og opprettholde syre-base-balansen i munnen.<\/p>\n\n\n\n<p>2. Ta riktig mengde munnskyll og hell det i munnen i henhold til instruksjonene. Noen produkter m\u00e5 kanskje fortynnes.<\/p>\n\n\n\n<p>3. Gurgle forsiktig 5 ganger hver fra venstre til h\u00f8yre, v\u00e6r oppmerksom p\u00e5 over- og undertennene, tungesiden og leppesiden, og til slutt g\u00e5 tilbake til tungen for \u00e5 gurgle frem og tilbake. Spytt ut munnvannet etter gurgling. Hele prosessen tar omtrent 30 sekunder til 1 minutt, for \u00e5 sikre at munnvannet ber\u00f8rer hele munnen fullstendig.<\/p>\n\n\n\n<p>4. Ikke drikk eller spis i en halvtime etter gurgling for \u00e5 opprettholde effekten av munnskyllevannet.<\/p>\n\n\n\n<p>5. Hyppigheten av bruk av munnskyll avhenger av personens munntilstand. Hvis det er ubehag under gurglingen, m\u00e5 du slutte \u00e5 bruke det umiddelbart og kontakte lege.<\/p>\n\n\n\n<h2 class=\"wp-block-heading\">Konklusjon<\/h2>\n\n\n\n<p>Alkalisk munnskyll spiller en viktig hjelperolle i pleien av munnhelsen, og riktig bruk av alkalisk munnskyll kan effektivt beskytte munnhelsen. V\u00e6r imidlertid oppmerksom p\u00e5 \u00e5 f\u00f8lge produktinstruksjonene og legens anbefalinger n\u00e5r du bruker det, du kan regelmessig gjennomf\u00f8re en munnunders\u00f8kelse n\u00e5r det er n\u00f8dvendig, og v\u00e6r oppmerksom p\u00e5 et sunt kosthold og god hvile og hvile i hverdagen, for bedre \u00e5 forebygge munnsykdommer.<\/p>\n\n\n\n<p><\/p>","protected":false},"excerpt":{"rendered":"TOP 5 benefits of Alkaline Mouthwash Alkaline mouthwash helps us clean areas that our toothbrushes and floss fail to reach, so it&#8217;s also an important part of keeping your gums healthy. Here are 5 key benefits of our alkaline mouthwash: TOP 1: Maintain acid-base balance in the mouth The inside of the human mouth is [&hellip;]","protected":false},"featured_media":1035,"menu_order":0,"template":"","meta":[],"product-tag":[201,206,207,208,211,212,216],"products":[72],"class_list":["post-1034","product","type-product","status-publish","has-post-thumbnail","hentry","product-tag-mouthwash-manufacturer","product-tag-mouthwash-companies","product-tag-mouthwash-factory","product-tag-mouthwash-suppliers","product-tag-alkaline-mouthwash-manufacturer","product-tag-mouthwash-contract-manufacturer","product-tag-private-label-mouthwash-manufacturers","products-mouthwash"],"acf":[],"_links":{"self":[{"href":"https:\/\/www.ruiqigo.com\/nb\/wp-json\/wp\/v2\/product\/1034","targetHints":{"allow":["GET"]}}],"collection":[{"href":"https:\/\/www.ruiqigo.com\/nb\/wp-json\/wp\/v2\/product"}],"about":[{"href":"https:\/\/www.ruiqigo.com\/nb\/wp-json\/wp\/v2\/types\/product"}],"version-history":[{"count":0,"href":"https:\/\/www.ruiqigo.com\/nb\/wp-json\/wp\/v2\/product\/1034\/revisions"}],"wp:featuredmedia":[{"embeddable":true,"href":"https:\/\/www.ruiqigo.com\/nb\/wp-json\/wp\/v2\/media\/1035"}],"wp:attachment":[{"href":"https:\/\/www.ruiqigo.com\/nb\/wp-json\/wp\/v2\/media?parent=1034"}],"wp:term":[{"taxonomy":"product-tag","embeddable":true,"href":"https:\/\/www.ruiqigo.com\/nb\/wp-json\/wp\/v2\/product-tag?post=1034"},{"taxonomy":"products","embeddable":true,"href":"https:\/\/www.ruiqigo.com\/nb\/wp-json\/wp\/v2\/products?post=1034"}],"curies":[{"name":"wp","href":"https:\/\/api.w.org\/{rel}","templated":true}]}}