{"id":1080,"date":"2024-09-14T14:55:04","date_gmt":"2024-09-14T06:55:04","guid":{"rendered":"https:\/\/ruiqigo.com\/?post_type=product&#038;p=1080"},"modified":"2024-11-14T22:16:48","modified_gmt":"2024-11-14T14:16:48","slug":"batana-oil","status":"publish","type":"product","link":"https:\/\/www.ruiqigo.com\/nb\/product\/batana-oil","title":{"rendered":"Batana-olje\u00a0"},"content":{"rendered":"<h2 class=\"wp-block-heading\">Hvordan formulere en h\u00e5rpleieserie med Batana-olje<\/h2>\n\n\n\n<p>Som en ledende produsent av Batana-olje har Batana-olje en betydelig effekt p\u00e5 h\u00e5rpleie takket v\u00e6re de viktigste n\u00e6ringsstoffene som gir n\u00e6ring til h\u00e5ret, forbedrer h\u00e5rets seighet, forsinker aldring og tar vare p\u00e5 h\u00e5rets helse.<\/p>\n\n\n\n<p>Fettsyrer: Fettsyrer kan gi h\u00e5ret dyp n\u00e6ring, noe som gj\u00f8r det sunnere og mer skinnende. Dessuten kan fettsyrer ogs\u00e5 forbedre h\u00e5rets elastisitet og seighet og redusere brudd.<\/p>\n\n\n\n<p>Vitamin E: Vitamin E er en naturlig antioksidant, den har en viss reparasjonseffekt, kan forbedre skadet h\u00e5r og reduserer skader fra splittet h\u00e5r og brudd. Ikke bare det, vitamin E kan ogs\u00e5 fremme blodsirkulasjonen til hodebunnen, gi mer n\u00e6ringsstoffer til h\u00e5ret og fremme vekst.<\/p>\n\n\n\n<p>Antioksidanter: Antioksidanter kan bekjempe frie radikaler for \u00e5 bremse oksidasjonsprosessen i h\u00e5r og hodebunn, bidra til \u00e5 bremse aldringsprosessen i h\u00e5ret og beskytte h\u00e5ret mot UV-str\u00e5ler, og dermed gj\u00f8re h\u00e5ret lysere og sunnere.<\/p>\n\n\n\n<h2 class=\"wp-block-heading\">Funksjoner<\/h2>\n\n\n\n<p>1. Naturlig og forurensningsfri: V\u00e5r eteriske olje fra Batana utvinnes uten \u00e5 tilsette andre kjemiske komponenter under produksjonsprosessen. Ingrediensene er rene, inneholder ingen irriterende ingredienser og kan brukes trygt.<\/p>\n\n\n\n<p>2. Lett absorpsjon: Sammenlignet med vanlige essensielle h\u00e5rpleieoljer, kan v\u00e5re Batana essensielle oljer trenge inn og absorberes raskere og bedre, og de vil ikke v\u00e6re fete, slik at opplevelsen blir mer behagelig, og kan brukes med andre produkter, ikke tunge.<\/p>\n\n\n\n<p>3. Hele huden: De n\u00e6rende, fuktighetsgivende og lettabsorberende egenskapene til Batana-olje viser ogs\u00e5 at den er egnet for en rekke h\u00e5rtyper. Den kan ikke bare gi kraftig fuktighet til t\u00f8rt h\u00e5r og oppn\u00e5 en fuktighetsgivende effekt, men ogs\u00e5 balansere oljeutskillelsen og redusere den fete f\u00f8lelsen av fett h\u00e5r. For blandet h\u00e5r kan den selvf\u00f8lgelig forbedre h\u00e5rets generelle helse og er et lurt alternativ \u00e5 kj\u00f8pe.<\/p>\n\n\n\n<h2 class=\"wp-block-heading\">Fordelene med Batana-olje<\/h2>\n\n\n\n<p>1. Dyptg\u00e5ende n\u00e6rende og fuktighetsgivende: Batana eterisk olje kan g\u00e5 dypt inn i hodebunnen, mykgj\u00f8re og berolige hodebunnen, og gi en n\u00e6rende og fuktighetsgivende effekt for h\u00e5ret. Dette er en god h\u00e5rpleieolje for personer med t\u00f8rt og skadet h\u00e5r, som kan forbedre h\u00e5rkvaliteten og bli kvitt problemene med t\u00f8rt h\u00e5r.<\/p>\n\n\n\n<p>2. Naturlig glans: Batana-olje kan ikke bare glatte ut h\u00e5ret, men ogs\u00e5 gjenopprette h\u00e5rets glans. Gj\u00f8r h\u00e5ret glattere og forbedrer det generelle utseendet.<\/p>\n\n\n\n<p>3. Reparer skader: Antioksidantene i batanaolje kan reparere skadet h\u00e5r i dybden, og dermed redusere h\u00e5rsplitting og -brudd. Skader for\u00e5rsaket av hyppig stryking og farging, samt alvorlige bifurkasjoner, kan ogs\u00e5 v\u00e6re riktig medisin. Langvarig bruk kan forbedre h\u00e5rets seighet, slik at det blir sunnere og ikke lett splitter og knekker.<\/p>\n\n\n\n<p>4. Fremmer vekst: Som en presisjonsprodusent er en sunn hodebunn gunstig for h\u00e5rvekst, og n\u00e6ringsstoffene som Batana eterisk olje gir kan fremme hodebunnshelse og gi et godt vekstmilj\u00f8 for h\u00e5rsekkene. Massering av Batana-olje inn i hodebunnen stimulerer blodsirkulasjonen og fremmer h\u00e5rets generelle helse, og reduserer dermed h\u00e5rtap og h\u00e5rbrudd, samtidig som det hjelper h\u00e5ret \u00e5 vokse naturlig.<\/p>\n\n\n\n<p>5. Beroligende hud: I tillegg til h\u00e5rpleie kan Batana ogs\u00e5 brukes til andre aspekter, som \u00e5 forbedre ujevn hudtone, gi en fuktighetsgivende effekt p\u00e5 huden, bremse hudens aldring og andre effekter. Ved langvarig bruk vil du oppdage endringer i huden.<\/p>\n\n\n\n<h2 class=\"wp-block-heading\">Hvordan bruke Batana-olje p\u00e5 h\u00e5ret?<\/h2>\n\n\n\n<p>Som en profesjonell produsent av Batana-olje, finnes det mange m\u00e5ter \u00e5 bruke Batana-olje p\u00e5, og du kan velge \u00e9n eller flere som passer best for deg basert p\u00e5 h\u00e5rtypen din:<\/p>\n\n\n\n<p>1. F\u00f8r sjampo: Ta en passende mengde eterisk olje og gni den inn i h\u00e5ndflaten for \u00e5 varme den opp. Masser den varme eteriske oljen inn i hodebunnen og h\u00e5ret, spesielt den t\u00f8rre og skadede delen, og fiks deretter h\u00e5ret med en dusjhette eller plastfolie. Vent en halvtime f\u00f8r du vasker h\u00e5ret eller neste morgen. Denne prosessen hjelper Batana eterisk olje med \u00e5 trenge dypere inn i h\u00e5rstr\u00e5ene, emulgerer oljer og smuss og gir n\u00e6ring til hodebunnen.<\/p>\n\n\n\n<p>2. Under sjamponering: Du kan massere en liten mengde eterisk olje inn i hodebunnen og h\u00e5ret under sjamponering. Du kan ogs\u00e5 blande den med sjampo eller balsam. \u00c5 dekke hele hodebunnen med eterisk olje og massere den forsiktig i 3\u20135 minutter kan rense og avslappe hodebunnen, fremme blodsirkulasjonen og dermed stimulere h\u00e5rsekkene. Skyll av med vann etter massasjen. Denne prosessen hjelper den eteriske oljen med \u00e5 gi h\u00e5ret bedre n\u00e6ring og gj\u00f8re det glattere og mer skinnende.<\/p>\n\n\n\n<p>3. Etter sjamponering, etter h\u00e5rvask, t\u00f8rk av vannet med et h\u00e5ndkle og hold det litt v\u00e5tt. Ta deretter en passende mengde eterisk olje, gni og varm den opp, og p\u00e5f\u00f8r den i h\u00e5ret, spesielt der h\u00e5rtuppene lett kl\u00f8yver seg. Etter p\u00e5f\u00f8ring, la h\u00e5ret luftt\u00f8rke eller f\u00f8n det med en h\u00e5rf\u00f8ner, og pass p\u00e5 at det ikke blir for varmt. P\u00e5 denne m\u00e5ten vil h\u00e5ret ditt v\u00e6re fuktet og beskyttet.<\/p>\n\n\n\n<h2 class=\"wp-block-heading\">Forsiktighet<\/h2>\n\n\n\n<p>1. For f\u00f8rste gang anbefales det \u00e5 utf\u00f8re en hudtest for \u00e5 forhindre allergier<\/p>\n\n\n\n<p>2. Det anbefales at barn bruker under tilsyn av foreldrene sine<\/p>\n\n\n\n<p>3. Ved kontakt med \u00f8ynene under bruk, skyll straks med rent vann.<\/p>\n\n\n\n<p>4. Oppbevares kj\u00f8lig og t\u00f8rt, unna direkte sollys<\/p>\n\n\n\n<p>5. Brukshyppigheten av fint h\u00e5r b\u00f8r ikke v\u00e6re for h\u00f8y<\/p>\n\n\n\n<h2 class=\"wp-block-heading\">Konklusjon<\/h2>\n\n\n\n<p>Batana eterisk olje er allsidig, sk\u00e5nsom og ikke-irriterende for et bredt spekter av h\u00e5rtyper. Effektive l\u00f8sninger mot t\u00f8rt, flisete tupper, h\u00e5rtap osv. spiller en viktig rolle i h\u00e5rpleien v\u00e5r. Som en utmerket produsent av Batana-olje har vi et bredt utvalg for \u00e5 sikre h\u00f8y kvalitet og naturlige r\u00e5varer, og gjennom en rekke produksjonsprosesser er Batana eterisk olje ogs\u00e5 et p\u00e5litelig produkt.<\/p>\n\n\n\n<p><\/p>","protected":false},"excerpt":{"rendered":"How To Formulate A Batana Oil Hair Care Line As a leading Batana Oil manufacturer, Batana oil has a significant effect on hair care thanks to its key nutrients, which nourish hair, enhance hair toughness, delay aging, and care for your hair health. Fatty acids: Fatty acids can deeply nourish hair, making hair more healthy [&hellip;]","protected":false},"featured_media":1081,"menu_order":0,"template":"","meta":[],"product-tag":[],"products":[49,53],"class_list":["post-1080","product","type-product","status-publish","has-post-thumbnail","hentry","products-hair-care","products-essential-oil"],"acf":[],"_links":{"self":[{"href":"https:\/\/www.ruiqigo.com\/nb\/wp-json\/wp\/v2\/product\/1080","targetHints":{"allow":["GET"]}}],"collection":[{"href":"https:\/\/www.ruiqigo.com\/nb\/wp-json\/wp\/v2\/product"}],"about":[{"href":"https:\/\/www.ruiqigo.com\/nb\/wp-json\/wp\/v2\/types\/product"}],"version-history":[{"count":0,"href":"https:\/\/www.ruiqigo.com\/nb\/wp-json\/wp\/v2\/product\/1080\/revisions"}],"wp:featuredmedia":[{"embeddable":true,"href":"https:\/\/www.ruiqigo.com\/nb\/wp-json\/wp\/v2\/media\/1081"}],"wp:attachment":[{"href":"https:\/\/www.ruiqigo.com\/nb\/wp-json\/wp\/v2\/media?parent=1080"}],"wp:term":[{"taxonomy":"product-tag","embeddable":true,"href":"https:\/\/www.ruiqigo.com\/nb\/wp-json\/wp\/v2\/product-tag?post=1080"},{"taxonomy":"products","embeddable":true,"href":"https:\/\/www.ruiqigo.com\/nb\/wp-json\/wp\/v2\/products?post=1080"}],"curies":[{"name":"wp","href":"https:\/\/api.w.org\/{rel}","templated":true}]}}