{"id":1101,"date":"2024-09-20T13:55:29","date_gmt":"2024-09-20T05:55:29","guid":{"rendered":"https:\/\/ruiqigo.com\/?post_type=product&#038;p=1101"},"modified":"2024-09-20T13:55:29","modified_gmt":"2024-09-20T05:55:29","slug":"minoxidil-hair-growth-solution","status":"publish","type":"product","link":"https:\/\/www.ruiqigo.com\/nb\/product\/minoxidil-hair-growth-solution","title":{"rendered":"Minoxidil h\u00e5rvekstl\u00f8sning"},"content":{"rendered":"<h2 class=\"wp-block-heading\">Minoxidil h\u00e5rvekstl\u00f8sning produksjon Vanlige formler<\/h2>\n\n\n\n<p>Produksjonsprosessen v\u00e5r omfatter hovedsakelig r\u00e5vareforberedelse, reaksjonssyntese, rensing, forberedelse og fylling. Kvalitetskontrollen g\u00e5r gjennom hele prosessen for \u00e5 sikre at produktkvaliteten oppfyller relevante standarder og krav. Hovedformlene er:<\/p>\n\n\n\n<p>1. Minoxidil: Den viktigste aktive ingrediensen kan utvide blod\u00e5rene, fremme blodsirkulasjonen, gi h\u00e5ret mer oksygen og n\u00e6ringsstoffer og stimulere h\u00e5rvekst.<\/p>\n\n\n\n<p>2. Propylenglykol: Som l\u00f8semiddel spiller det hovedsakelig en rolle i oppl\u00f8sning og korrosjonshemmende effekt, og har ogs\u00e5 en fuktighetsgivende effekt p\u00e5 huden.<\/p>\n\n\n\n<p>3. Etanol: Hjelpevirkning som hjelper minoksidil med \u00e5 oppl\u00f8ses og forbli stabil.<\/p>\n\n\n\n<p>4. Glyserin: som fuktighetskrem kan det \u00f8ke produktets komfort.<\/p>\n\n\n\n<p>5. Rent vann: fortynning<\/p>\n\n\n\n<h2 class=\"wp-block-heading\">Fordelene med Minoxidil h\u00e5rvekstl\u00f8sning<\/h2>\n\n\n\n<p>1. Fremme h\u00e5rvekst: Minoxidil h\u00e5rvekstl\u00f8sning kan stimulere spredning og differensiering av h\u00e5rsekkceller, og dermed fremme h\u00e5rvekst og bidra til \u00e5 gjenopprette funksjonen til skadede h\u00e5rsekker.<\/p>\n\n\n\n<p>2. Forbedre hodebunnsmilj\u00f8et: Minoxidil h\u00e5rvekstl\u00f8sning fremmer blodsirkulasjonen ved \u00e5 utvide blod\u00e5rene, og dermed bringe mer oksygen og n\u00e6ringsstoffer til h\u00e5rsekkene. Langvarig bruk kan forbedre hodebunnsmilj\u00f8et.<\/p>\n\n\n\n<p>3. Forbedre h\u00e5rtap: Minoxidil h\u00e5rvekstl\u00f8sning kan redusere h\u00e5rtap, spesielt for personer med androgen alopecia og seboreisk alopecia.<\/p>\n\n\n\n<p>4. \u00d8k h\u00e5rets tykkelse og tetthet: Langvarig bruk av produktene v\u00e5re kan ikke bare redusere h\u00e5rtap og fremme h\u00e5rvekst, men h\u00e5ret absorberer ogs\u00e5 n\u00e6ringsstoffer kontinuerlig, noe som vil bli sunnere og tykkere.<\/p>\n\n\n\n<p>5. Forleng den sovende h\u00e5rsekksyklusen: Minoxidil h\u00e5rvekstl\u00f8sning kan regulere vekstsyklusen til h\u00e5rsekkene, slik at de sovende h\u00e5rsekkene g\u00e5r inn i vekstfasen p\u00e5 forh\u00e5nd, og dermed forlenger h\u00e5rets livssyklus.<\/p>\n\n\n\n<p>6. Reparer hodebunnens barrierefunksjon: Minoxidil har ogs\u00e5 betennelsesdempende effekter, og betennelse i hodebunnen for\u00e5rsaker vanligvis skade p\u00e5 barrierefunksjonen. Langvarig bruk kan derfor bidra til \u00e5 redusere denne skaden og fremme reparasjon av hodebunnens barriere.<\/p>\n\n\n\n<h2 class=\"wp-block-heading\">Hvordan bruke Minoxidil h\u00e5rvekstl\u00f8sning?<\/h2>\n\n\n\n<p>1. Rengj\u00f8r hodebunnen: F\u00f8r du bruker minoxidil h\u00e5rvekstl\u00f8sning, s\u00f8rg for at hodebunnen er ren og t\u00f8rr for \u00e5 sikre at legemidlet absorberes bedre.<\/p>\n\n\n\n<p>2. P\u00e5f\u00f8r eller spray: H\u00e5ret kan deles inn i fire deler, og deretter p\u00e5f\u00f8res vekstl\u00f8sningen jevnt p\u00e5 h\u00e5rtapomr\u00e5det, eller spray dysen mot hodebunnen for \u00e5 sikre at v\u00e6sken dekkes jevnt over hodebunnen, og deretter masseres forsiktig med fingermagen i 3\u20135 minutter til den er fullstendig absorbert.<\/p>\n\n\n\n<p>3. Vask hendene umiddelbart etter massasje, slik at du ikke ber\u00f8rer andre deler av v\u00e6sken. Samtidig m\u00e5 du ikke vaske h\u00e5ret umiddelbart etter p\u00e5f\u00f8ring. Det anbefales \u00e5 vente i mer enn 1 time og bruke \u00e9n gang hver morgen og kveld.<\/p>\n\n\n\n<h2 class=\"wp-block-heading\">Forsiktighet<\/h2>\n\n\n\n<p>1. Unng\u00e5 \u00e5 blande med andre legemidler. N\u00e5r du bruker dette produktet, b\u00f8r du r\u00e5df\u00f8re deg med legen din om andre legemidler som brukes kan blandes med Minoxidil h\u00e5rvekstl\u00f8sningsprodukter.<\/p>\n\n\n\n<p>2. Gravide kvinner, barn, ammende kvinner og pasienter med hjertesykdom eller en historie med hjertesykdom b\u00f8r brukes med forsiktighet under veiledning av lege.<\/p>\n\n\n\n<p>3. Det anbefales en allergisk test f\u00f8r bruk av minoxidil h\u00e5rvekstl\u00f8sning.<\/p>\n\n\n\n<p>4. Brukssyklusen for dette produktet er vanligvis 4 m\u00e5neder. Hvis du slutter \u00e5 bruke det i l\u00f8pet av denne perioden, kan h\u00e5rtapet starte igjen, og du mister h\u00e5ret raskere.<\/p>\n\n\n\n<p>5. Dette produktet passer for folk flest, behandlingseffekten er best for personer i alderen 18\u201340 \u00e5r.<\/p>\n\n\n\n<p>6. Dette produktet er egnet for tidlige og midtre stadier av h\u00e5rtap, et klart omr\u00e5de med h\u00e5rtap og andre scenarier, men s\u00f8rg for \u00e5 f\u00f8lge legens r\u00e5d f\u00f8r bruk.<\/p>\n\n\n\n<p>7. Etter bruk av dette produktet er huden mer f\u00f8lsom for solen, s\u00e5 v\u00e6r oppmerksom p\u00e5 solbeskyttelse.<\/p>\n\n\n\n<p>7. Hvis det oppst\u00e5r ubehag under bruk, m\u00e5 du stoppe bruken umiddelbart og rengj\u00f8re med vann.<\/p>\n\n\n\n<p>8. Minoxidil-h\u00e5rl\u00f8sning b\u00f8r oppbevares kj\u00f8lig og t\u00f8rt, unna direkte sollys.<\/p>\n\n\n\n<h2 class=\"wp-block-heading\">Konklusjon<\/h2>\n\n\n\n<p>Minoxidil h\u00e5rvekstl\u00f8sning er foretrukket av personer med h\u00e5rtap og h\u00e5rtap, spesielt androgen alopecia, p\u00e5 grunn av dens egenskaper med \u00e5 forbedre h\u00e5rtap, utvide h\u00e5rsekkene, fremme vekst og reparere barrierer. Fabrikken v\u00e5r forbedrer den eksisterende formelen gjennom lag med kvalitetskontroll, samt teknisk personells forskning og utviklingsinnovasjon, og forbedrer kontinuerlig brukervennligheten til produktene. Samtidig s\u00f8rger vi for at produktenes kvalitet og sikkerhet er opp til de h\u00f8yeste standardene og oppfyller dine behov. Dessuten har vi merket bruksanvisningen p\u00e5 produktets emballasje i detalj. Vi h\u00e5per du kan lese bruksanvisningen n\u00f8ye f\u00f8r bruk og justere den i henhold til din hudtype for \u00e5 oppn\u00e5 best mulig resultat.<\/p>\n\n\n\n<p><\/p>","protected":false},"excerpt":{"rendered":"Minoxidil Hair Growth Solution Manufacturing Common Formulas Our production process mainly includes raw material preparation, reaction synthesis, purification, preparation, and filling. The quality inspection runs through the whole process to ensure that the product quality meets the relevant standards and requirements. The main formulas are: 1. Minoxidil: The core active ingredient can dilate blood vessels, [&hellip;]","protected":false},"featured_media":1102,"menu_order":0,"template":"","meta":[],"product-tag":[],"products":[49],"class_list":["post-1101","product","type-product","status-publish","has-post-thumbnail","hentry","products-hair-care"],"acf":[],"_links":{"self":[{"href":"https:\/\/www.ruiqigo.com\/nb\/wp-json\/wp\/v2\/product\/1101","targetHints":{"allow":["GET"]}}],"collection":[{"href":"https:\/\/www.ruiqigo.com\/nb\/wp-json\/wp\/v2\/product"}],"about":[{"href":"https:\/\/www.ruiqigo.com\/nb\/wp-json\/wp\/v2\/types\/product"}],"version-history":[{"count":0,"href":"https:\/\/www.ruiqigo.com\/nb\/wp-json\/wp\/v2\/product\/1101\/revisions"}],"wp:featuredmedia":[{"embeddable":true,"href":"https:\/\/www.ruiqigo.com\/nb\/wp-json\/wp\/v2\/media\/1102"}],"wp:attachment":[{"href":"https:\/\/www.ruiqigo.com\/nb\/wp-json\/wp\/v2\/media?parent=1101"}],"wp:term":[{"taxonomy":"product-tag","embeddable":true,"href":"https:\/\/www.ruiqigo.com\/nb\/wp-json\/wp\/v2\/product-tag?post=1101"},{"taxonomy":"products","embeddable":true,"href":"https:\/\/www.ruiqigo.com\/nb\/wp-json\/wp\/v2\/products?post=1101"}],"curies":[{"name":"wp","href":"https:\/\/api.w.org\/{rel}","templated":true}]}}