{"id":1121,"date":"2024-09-20T17:27:59","date_gmt":"2024-09-20T09:27:59","guid":{"rendered":"https:\/\/ruiqigo.com\/?post_type=product&#038;p=1121"},"modified":"2024-11-14T17:27:54","modified_gmt":"2024-11-14T09:27:54","slug":"pumpkin-seed-oil","status":"publish","type":"product","link":"https:\/\/www.ruiqigo.com\/nb\/product\/pumpkin-seed-oil","title":{"rendered":"Gresskarfr\u00f8olje\u00a0\u00a0"},"content":{"rendered":"<h2 class=\"wp-block-heading\">Vanlige formler for produksjon av gresskarfr\u00f8olje<\/h2>\n\n\n\n<p>Vi legger stor vekt p\u00e5 kvaliteten p\u00e5 gresskarfr\u00f8olje, s\u00e5 hver produksjonsprosess er strengt kontrollert. F\u00f8rst og fremst velger vi gresskarfr\u00f8 av h\u00f8y kvalitet som forurensningsfrie r\u00e5varer, og bruker kaldpresseteknologi for \u00e5 utvinne dem, noe som kan sikre n\u00e6ringsstoffenes integritet og aktivitet. Som en p\u00e5litelig produsent av gresskarfr\u00f8olje er gresskarfr\u00f8 kjerneingrediensen i formelen for gresskarfr\u00f8olje, og disse blandes i proporsjon med andre antioksidanter. F\u00f8lgende er hovedformuleringene av produktene v\u00e5re:<\/p>\n\n\n\n<p>1. Gresskarkjerner: De forskjellige fettsyrene i gresskarkjerner har betennelsesdempende egenskaper, som kan forbedre skadet h\u00e5r. N\u00e6ringsstoffene i dem kan ogs\u00e5 fremme h\u00e5rhelse og -vekst.<\/p>\n\n\n\n<p>2. Vitamin E: Vitamin E er en kraftig antioksidant som bekjemper frie radikaler i hodebunnen, og dermed forsinker aldring og beskytter cellene mot skade.<\/p>\n\n\n\n<h2 class=\"wp-block-heading\">Fordelene med gresskarfr\u00f8olje<\/h2>\n\n\n\n<p>1. Gi h\u00e5ret n\u00e6ring: Gresskarfr\u00f8olje kan gi h\u00e5ret rik n\u00e6ring og forbedre t\u00f8rt h\u00e5r, gult h\u00e5r og andre problemer.<\/p>\n\n\n\n<p>2. Reparer skader: Vitamin E og andre antioksidanter i gresskarfr\u00f8olje bekjemper frie radikaler, og kan ogs\u00e5 bekjempe flassrelaterte symptomer og hodebunnsinfeksjoner, reparere i dybden og forbedre h\u00e5rkvaliteten.<\/p>\n\n\n\n<p>3. Fuktighetsbindende vann: Produktet v\u00e5rt er en olje av middels kvalitet, egnet for p\u00e5f\u00f8ring i hodebunnen, kan binde vann godt og forbedre h\u00e5rproblemer med splittet, \u00f8delagt og andre h\u00e5rproblemer.<\/p>\n\n\n\n<p>4. Forbedre h\u00e5rtap: N\u00e5r kroppens DHT (dihydrotestosteron) er for h\u00f8yt, vil det f\u00f8re til h\u00e5rtapproblemer, og gresskarfr\u00f8olje kan redusere produksjonen av DHT, og dermed beskytte helsen til h\u00e5rsekkene og redusere h\u00e5rtap.<\/p>\n\n\n\n<p>5. Fremmer vekst: Noen komponenter i gresskarfr\u00f8olje kan fremme blodsirkulasjonen, gi mer n\u00e6ringsstoffer og oksygen til h\u00e5rsekkene og hjelpe h\u00e5ret med \u00e5 vokse naturlig.<\/p>\n\n\n\n<p>6. Forbedre huden: Gresskarfr\u00f8olje har ikke bare en bemerkelsesverdig effekt p\u00e5 h\u00e5rpleie, men er ogs\u00e5 et naturlig hudpleieprodukt som kan v\u00e6re antioksidant, antialdring, n\u00e6rende og fuktighetsgivende, og kan forbedre hudkvaliteten og gj\u00f8re huden sunnere ved langvarig bruk.<\/p>\n\n\n\n<h2 class=\"wp-block-heading\">Hvordan bruke gresskarfr\u00f8olje for h\u00e5rvekst?<\/h2>\n\n\n\n<p>Som en p\u00e5litelig produsent av gresskarfr\u00f8olje velger vi n\u00f8ye gresskarfr\u00f8 av h\u00f8y kvalitet, og hver produksjonsprosess kontrolleres av profesjonelle teknikere for \u00e5 sikre at de er renhet og trygge. Det finnes mange m\u00e5ter \u00e5 bruke gresskarfr\u00f8olje p\u00e5 i h\u00e5rpleie. Du kan velge en som passer for deg i henhold til den faktiske foresp\u00f8rselen og langvarig bruk, og jeg tror at h\u00e5ret ditt vil bli sunnere, tykkere og skinnende. F\u00f8lgende er flere bruksmetoder som kan refereres til:<\/p>\n\n\n\n<p>1. F\u00f8r sjamponering: Gre h\u00e5ret f\u00f8r sjamponering og p\u00e5f\u00f8r produktet i h\u00e5ndflaten for \u00e5 varme det opp. P\u00e5f\u00f8r deretter jevnt i hodebunnen og h\u00e5ret. Masser forsiktig med fingeren p\u00e5 magen i 3\u20135 minutter og vent i 10 minutter for \u00e5 fremme absorpsjon. Vask h\u00e5ret til slutt, og s\u00f8rg for \u00e5 rense det grundig n\u00e5r du vasker det.<\/p>\n\n\n\n<p>2. Sjampo: I sjampoprosessen kan du dryppe to dr\u00e5per gresskarkjernolje i sjampo eller balsam. I henhold til vanlig sjampoprosess kan du bruke mer tid p\u00e5 \u00e5 massere hodebunnen med fingeren og magen for \u00e5 fremme blodsirkulasjonen og absorpsjonen av essensiell olje. Skyll med varmt vann for \u00e5 sikre at det ikke er noen rester.<\/p>\n\n\n\n<p>3. Etter h\u00e5rvask: Etter h\u00e5rvask, t\u00f8rk h\u00e5ret med vann og et h\u00e5ndkle for \u00e5 holde det halvt\u00f8rt. Ta deretter en liten mengde gresskarkjernolje, gni og varm det opp, og p\u00e5f\u00f8r jevnt fra h\u00e5rtuppene til h\u00e5rtuppene, spesielt p\u00e5 t\u00f8rre og skadede omr\u00e5der. V\u00e6r forsiktig s\u00e5 du ikke p\u00e5f\u00f8rer i hodebunnen for \u00e5 unng\u00e5 fett h\u00e5r. Etter p\u00e5f\u00f8ring kan du t\u00f8rke det med en h\u00e5rf\u00f8ner p\u00e5 lav temperatur eller luftt\u00f8rke.<\/p>\n\n\n\n<h2 class=\"wp-block-heading\">Forsiktighet<\/h2>\n\n\n\n<p>1. Det b\u00f8r utf\u00f8res en allergitest ved f\u00f8rste gangs bruk for \u00e5 sikre at det ikke er noen allergisk reaksjon f\u00f8r bruk.<\/p>\n\n\n\n<p>2. Pasienter med erytems\u00e5r eller sv\u00e6rt fete h\u00e5rr\u00f8tter anbefales \u00e5 bruke under veiledning av lege.<\/p>\n\n\n\n<p>3. Gresskarfr\u00f8olje passer for folk flest, spesielt de med skadet h\u00e5r, skallet h\u00e5r, t\u00f8rt h\u00e5r og s\u00e5 videre.<\/p>\n\n\n\n<p>4. Produktet v\u00e5rt passer for enhver situasjon, enten det brukes f\u00f8r, under og etter h\u00e5rvask eller daglig h\u00e5rpleie.<\/p>\n\n\n\n<p>5, n\u00e5r den brukes til \u00e5 kontrollere mengden, for \u00e5 unng\u00e5 at h\u00e5ret blir for fett og vanskelig \u00e5 rengj\u00f8re.<\/p>\n\n\n\n<p>6. Hvis r\u00f8dhet i huden, kl\u00f8e i hodebunnen eller andre symptomer oppst\u00e5r under bruk, m\u00e5 du stoppe bruken umiddelbart og rengj\u00f8re med vann.<\/p>\n\n\n\n<p>7. Dette produktet skal oppbevares kj\u00f8lig og t\u00f8rt, unna direkte sollys.<\/p>\n\n\n\n<h2 class=\"wp-block-heading\">Konklusjon<\/h2>\n\n\n\n<p>Hvis du er ute etter en helt naturlig, ufarlig eterisk olje for h\u00e5rpleie, er v\u00e5r gresskarkjernolje det beste valget. Vi legger stor vekt p\u00e5 produktkvalitet og -sikkerhet. Kvalitetskontroll, milj\u00f8vern og energisparing er v\u00e5re prioriteringer i hele produksjonsprosessen. Fra r\u00e5varescreening til prosessering og emballasje, er det forskjellige kvalitetstester, inkludert sensoriske indikatorer, funksjonelle indikatorer, hudirritasjonstester osv., for \u00e5 sikre stabiliteten og sikkerheten til essensielle oljer. Som en effektiv produsent av gresskarkjernolje blir produktene samtidig ogs\u00e5 verifisert av tredjeparts profesjonelle testinstitusjoner for \u00e5 oppfylle relevante standarder. Jeg h\u00e5per det kan gi deg en god h\u00e5rpleieopplevelse, og jeg tror at h\u00e5ret ditt garantert vil endre seg betydelig under vedvarende bruk.<\/p>","protected":false},"excerpt":{"rendered":"Pumpkin Seed Oil Manufacturing Common Formulas We attach great importance to the quality of pumpkin seed oil, so every process of production is strictly controlled. First of all, we will select high-quality, pollution-free pumpkin seeds as raw materials, and use cold-pressing technology to extract them which can ensure the integrity and activity of nutrients. As [&hellip;]","protected":false},"featured_media":1122,"menu_order":0,"template":"","meta":[],"product-tag":[],"products":[53],"class_list":["post-1121","product","type-product","status-publish","has-post-thumbnail","hentry","products-essential-oil"],"acf":[],"_links":{"self":[{"href":"https:\/\/www.ruiqigo.com\/nb\/wp-json\/wp\/v2\/product\/1121","targetHints":{"allow":["GET"]}}],"collection":[{"href":"https:\/\/www.ruiqigo.com\/nb\/wp-json\/wp\/v2\/product"}],"about":[{"href":"https:\/\/www.ruiqigo.com\/nb\/wp-json\/wp\/v2\/types\/product"}],"version-history":[{"count":0,"href":"https:\/\/www.ruiqigo.com\/nb\/wp-json\/wp\/v2\/product\/1121\/revisions"}],"wp:featuredmedia":[{"embeddable":true,"href":"https:\/\/www.ruiqigo.com\/nb\/wp-json\/wp\/v2\/media\/1122"}],"wp:attachment":[{"href":"https:\/\/www.ruiqigo.com\/nb\/wp-json\/wp\/v2\/media?parent=1121"}],"wp:term":[{"taxonomy":"product-tag","embeddable":true,"href":"https:\/\/www.ruiqigo.com\/nb\/wp-json\/wp\/v2\/product-tag?post=1121"},{"taxonomy":"products","embeddable":true,"href":"https:\/\/www.ruiqigo.com\/nb\/wp-json\/wp\/v2\/products?post=1121"}],"curies":[{"name":"wp","href":"https:\/\/api.w.org\/{rel}","templated":true}]}}